{"id":1118,"date":"2020-06-26T10:03:14","date_gmt":"2020-06-26T08:03:14","guid":{"rendered":"https:\/\/www.mycamelbak.ch\/?page_id=1118"},"modified":"2026-03-13T16:08:33","modified_gmt":"2026-03-13T15:08:33","slug":"agb","status":"publish","type":"page","link":"https:\/\/www.mycamelbak.ch\/de\/agb\/","title":{"rendered":"AGB"},"content":{"rendered":"\n<h1 class=\"wp-block-heading\">Allgemeine Gesch\u00e4ftsbedingungen<\/h1>\n\n\n\n<h2 class=\"wp-block-heading\">1. Allgemeines, Geltungsbereich<\/h2>\n\n\n\n<p>a) Die folgenden Allgemeinen Gesch\u00e4ftsbedingungen (nachfolgend \u201eAGB&#8221;) regeln das Vertrags-verh\u00e4ltnis zwischen der intercycle ag (nachfolgend \u201emycamelbak&#8221;) und s\u00e4mtlichen Personen, nat\u00fcrlichen und juristischen, welche das Internetangebot der intercycle ag nutzen (nachfolgend \u201eK\u00e4ufer&#8221;). Entgegenstehende oder abweichende Bedingungen des K\u00e4ufers sind nur dann verbindlich, wenn intercycle ag diese schriftlich anerkannt hat.<\/p>\n\n\n\n<p>b) Diese AGB gelten f\u00fcr alle Bestellungen des K\u00e4ufers. Der K\u00e4ufer erkl\u00e4rt sich mit den nachstehenden AGB einverstanden, indem er digitale Daten, Datentr\u00e4ger oder Filme an die intercycle ag versendet, an unserem Gesch\u00e4ftssitz in Sursee abgibt oder in unserer Bestellsoftware das entsprechenden beschriftete Feld \u201egelesen&#8221; (Ich erkenne hiermit die allgemeinen Gesch\u00e4ftsbedingungen an.) oder \u00e4hnliches anklickt.<\/p>\n\n\n\n<p>c) Die AGB gelten f\u00fcr die Nutzung der Website www.mycamelbak.ch sowie alle zu dieser Domain geh\u00f6renden Subdomains.<\/p>\n\n\n\n<p>d) intercycle ag beh\u00e4lt sich das Recht vor, die AGB jederzeit abzu\u00e4ndern. Massgebend ist stets die zum Zeitpunkt des Vertragsschlusses g\u00fcltige Fassung.<\/p>\n\n\n\n<h2 class=\"wp-block-heading\">2. Vertragsschluss<\/h2>\n\n\n\n<p>a) Durch das Anklicken des Bestellbuttons gibt der K\u00e4ufer eine verbindliche Bestellung der im Warenkorb enthaltenen Waren ab. Vor dem endg\u00fcltigen Absenden hat der K\u00e4ufer auf einer \u00dcbersichtsseite die M\u00f6glichkeit, die Richtigkeit seiner Eingaben zu pr\u00fcfen und gegebenenfalls zu korrigieren.<\/p>\n\n\n\n<p>b) Intercycle ag ist berechtigt, dieses Angebot durch Zusendung einer Bestellbest\u00e4tigung anzunehmen. Die Bestellbest\u00e4tigung wird per E-Mail \u00fcbermittelt. intercycle beh\u00e4lt sich vor, eingegangene Bestellungen innerhalb von 48 Stunden abzulehnen, wenn der Verdacht entsteht, dass durch ein Druckmotiv Rechte Dritter oder gesetzliche Vorschriften verletzt werden.<br>In der Regel erfolgt die Bearbeitung einer Bestellung am selben oder am darauffolgenden Werktag.<\/p>\n\n\n\n<h2 class=\"wp-block-heading\">3. Lieferung und Versand<\/h2>\n\n\n\n<p>a) Die Lieferung erfolgt durch Sendung der Ware an die vom K\u00e4ufer mitgeteilte Adresse. Die Rechnungsadresse und die Lieferadresse k\u00f6nnen unterschiedlich sein.<br>Der Versand (1 \u2013 50 St\u00fcck) erfolgt in der Regel innert 3 bis 5 Werktagen ab Eingang der Bestellbest\u00e4tigung beim K\u00e4ufer. Ab 50 St\u00fcck ist der Liefertermin auf Anfrage. Lieferfristen und \u2013Termine sind nur verbindlich, wenn sie von intercycle ag ausdr\u00fccklich und schriftlich als solche best\u00e4tigt wurden.<\/p>\n\n\n\n<p>b) Sollte es vorkommen, dass ein Produkt derzeit nicht lieferbar ist, wird der K\u00e4ufer per E-Mail benachrichtigt.<\/p>\n\n\n\n<p>c) Geliefert wird durch einen von intercycle ag zu w\u00e4hlenden Versanddienstleister. Die Kosten f\u00fcr Verpackung und Transportversicherung sind in den Versandkosten enthalten, welche gleichzeitig mit Bezahlung der Ware im Bestellvorgang zu zahlen sind.<\/p>\n\n\n\n<p>Auslieferungen erfolgen nur innerhalb der Schweiz und Lichtenstein.<\/p>\n\n\n\n<p>d) Aus technischen Gr\u00fcnden kann es vorkommen, dass eine Bestellung auf mehrere Pakete aufgeteilt werden muss. Die gelieferte Ware ist vom K\u00e4ufer gleich nach deren Eingang auf Sch\u00e4den zu untersuchen. Etwaige M\u00e4ngel sind sofort schriftlich (per E-Mail an custom@intercycle.com, oder per Brief) geltend zu machen, anderenfalls gilt die Ware als angenommen.<\/p>\n\n\n\n<h2 class=\"wp-block-heading\">4. Sortiment und Preise<\/h2>\n\n\n\n<p>a) Das Sortiment wird st\u00e4ndig den technischen Entwicklungen angepasst.<\/p>\n\n\n\n<p>b) Die Preise werden als Bruttopreise, d.h. inkl. Mehrwertsteuer und Versandkosten, angezeigt.<\/p>\n\n\n\n<h2 class=\"wp-block-heading\">5. Zahlung, F\u00e4lligkeit, Zahlungsverzug<\/h2>\n\n\n\n<p>a) Die Bezahlung erfolgt im Voraus nach Wahl des K\u00e4ufers per Kreditkarte, Kauf auf Rechnung, Twint, Postcard oder PayPal. Intercycle ag beh\u00e4lt sich vor, die Auswahl der Zahlungsarten abh\u00e4ngig vom Bestellwert, Versandregion oder anderen sachlichen Kriterien abzu\u00e4ndern.<\/p>\n\n\n\n<p>F\u00fcr die einzelnen Zahlungsarten gilt Folgendes:<\/p>\n\n\n\n<p>PayPal:<\/p>\n\n\n\n<p>Der K\u00e4ufer bezahlt den Rechnungsbetrag \u00fcber den Online-Anbieter PayPal. Er muss grund-s\u00e4tzlich dort registriert sein bzw. sich erst registrieren, mit seinen Zahlungsdaten legitimieren und die Zahlungsanweisung an intercycle ag best\u00e4tigen.<\/p>\n\n\n\n<h3 class=\"wp-block-heading\">5.1. Eigentumsvorbehalt<\/h3>\n\n\n\n<p>Die Ware bleibt bis zur vollst\u00e4ndigen Bezahlung Eigentum der intercycle ag.<\/p>\n\n\n\n<h2 class=\"wp-block-heading\">6. R\u00fccktrittsrecht<\/h2>\n\n\n\n<p>Intercycle ag ist berechtigt, jederzeit vom Vertrag ohne Angabe von Gr\u00fcnden zur\u00fcckzutreten. Intercycle ag kann auch hinsichtlich eines noch offenen Teils der Lieferung oder Leistung zur\u00fcckzutreten, wenn falsche Angaben \u00fcber die Kreditw\u00fcrdigkeit des K\u00e4ufers gemacht wurden oder objektive Gr\u00fcnde hinsichtlich der Zahlungsunf\u00e4higkeit des K\u00e4ufers entstanden sind. Dem K\u00e4ufer wird vor R\u00fccktritt die M\u00f6glichkeit einger\u00e4umt, eine Vorauszahlung zu leisten oder eine taugliche Sicherheit zu erbringen.<\/p>\n\n\n\n<p>Unbeschadet etwaiger Schadenersatzanspr\u00fcche sind im Falle eines Teilr\u00fccktritts bereits erbrachte Leistungen vertragsgem\u00e4ss abzurechnen und zu bezahlen.<\/p>\n\n\n\n<h2 class=\"wp-block-heading\">7. Gew\u00e4hrleistung<\/h2>\n\n\n\n<p>a) Angaben, Abbildungen, technische Daten und Masse, die auf der Website, in Katalogen oder auf Preislisten enthalten sind, haben rein informativen Charakter. intercycle \u00fcbernimmt keine Gew\u00e4hr f\u00fcr die Richtigkeit dieser Angaben. Hinsichtlich der Art und des Umfangs der Leistung sind allein die in der Auftragsbest\u00e4tigung enthaltenen Angaben massgebend.<\/p>\n\n\n\n<p>b) Ist die Ware bei Empfang mangelhaft, so hat der K\u00e4ufer die Wahl, ob die Nacherf\u00fcllung durch Ersatzlieferung oder Preisr\u00fcckerstattung erfolgen soll. In jedem Fall hat der K\u00e4ufer die mangelhafte Ware an intercycle ag zur\u00fcckzusenden, wobei die Versandkosten von intercycle ag \u00fcbernommen werden.<\/p>\n\n\n\n<p>c) Von jeglicher Gew\u00e4hr ausgenommen sind vom K\u00e4ufer eingegebene Schreibfehler, qualitativ unzureichende Bilder (bspw. durch zu geringe Aufl\u00f6sung von Digitalbildern), selbst verschuldete Gestaltungsfehler (bspw. durch Nichtbeachtung von Warnhinweisen bei der Gestaltung von Fotoprodukten) sowie falsche Produktauswahl, falsche Bestellmengen oder andere durch Fehler bei der Bestelleingabe entstandene M\u00e4ngel.<\/p>\n\n\n\n<h2 class=\"wp-block-heading\">8. Haftungsbeschr\u00e4nkung<\/h2>\n\n\n\n<p>a) Die Haftung von intercycle ag richtet sich im \u00dcbrigen nach den gesetzlichen Bestimmungen soweit diese AGB nichts anderes regeln. Grunds\u00e4tzlich haftet INTERCYCLE AG, gleich aus welchem Rechtsgrund, nur f\u00fcr Vorsatz und grobe Fahrl\u00e4ssigkeit. F\u00fcr leichte Fahrl\u00e4ssigkeit haftet intercycle ag lediglich im Fall von Personenschaden.<\/p>\n\n\n\n<p>Die Haftungsbeschr\u00e4nkungen dieser AGB gelten auch f\u00fcr die pers\u00f6nliche Haftpflicht der Mitarbeitenden und Erf\u00fcllungsgehilfen von intercycle ag.<\/p>\n\n\n\n<p>b) Nach dem jetzigen Stand der Technik kann die Datenkommunikation \u00fcber das Internet nicht fehlerfrei und\/oder jederzeit verf\u00fcgbar gew\u00e4hrleistet werden. Intercycle ag haftet daher nicht f\u00fcr die jederzeitige Verf\u00fcgbarkeit des Internetshops.<\/p>\n\n\n\n<h3 class=\"wp-block-heading\">8.1. Transportsch\u00e4den<\/h3>\n\n\n\n<p>a) Werden Waren mit offensichtlichen Transportsch\u00e4den angeliefert, so reklamiert der K\u00e4ufer solche Fehler bitte m\u00f6glichst sofort beim Zusteller und nimmt bitte unverz\u00fcglich Kontakt mit intercycle ag auf (per E-Mail an custom@intercycle.com oder telefonisch unter +41 41 926 61 11.<\/p>\n\n\n\n<p>b) Die Gefahr des zuf\u00e4lligen Untergangs, der zuf\u00e4lligen Besch\u00e4digung oder des zuf\u00e4lligen Verlusts der gelieferten Ware geht mit deren Auslieferung an den Versanddienstleister auf den K\u00e4ufer \u00fcber. <\/p>\n\n\n\n<h2 class=\"wp-block-heading\">9. Widerrufsrecht<\/h2>\n\n\n\n<p>a) Der K\u00e4ufer hat das Recht, binnen vierzehn Tagen ab Empfang der Ware ohne Angabe von Gr\u00fcnden den Vertrag mit intercycle ag zu widerrufen.<\/p>\n\n\n\n<p>b) Will der K\u00e4ufer von seinem Widerrufsrecht Gebrauch machen, so hat er dies intercycle ag schriftlich (per E-Mail an custom@intercycle.com) innert der Widerrufsfrist eindeutig mitzuteilen. Der Vertrag wird in diesem Fall r\u00fcckabgewickelt, wobei die Kosten f\u00fcr die R\u00fccksendung der Ware vom K\u00e4ufer zu tragen sind. Nach R\u00fcckerhalt der Ware wird intercycle ag die erhaltenen Zahlungen dem K\u00e4ufer zur\u00fcckerstatten.<\/p>\n\n\n\n<p>c) Ein Widerrufsrecht besteht nicht bei Vertr\u00e4gen zur Lieferung von Waren, die nicht vorgefertigt sind und f\u00fcr deren Herstellung eine individuelle Auswahl oder Bestimmung durch den K\u00e4ufer massgeblich ist oder eindeutig auf die pers\u00f6nlichen Bed\u00fcrfnisse des K\u00e4ufers zugeschnitten sind.<\/p>\n\n\n\n<h2 class=\"wp-block-heading\">10. Software<\/h2>\n\n\n\n<p>a) S\u00e4mtliche im Online-Bereich der intercycle ag zug\u00e4nglichen oder von intercycle ag bereitgestellten oder mit intercycle ag-Kennzeichnung versehene heruntergeladene Software sowie die auf den intercycle ag Foto-CD-ROM enthaltenen Programme sind Eigentum der intercycle ag oder ihrer Lieferanten und urheberrechtlich gesch\u00fctzt. Der K\u00e4ufer darf lediglich diejenige Software auf seinen Computer oder mobiles Endger\u00e4t (bspw. Tablet, Mobiltelefon) herunterladen, die er f\u00fcr die Ausf\u00fchrung der Bestellung ben\u00f6tigt, und diese nur zum Abwickeln der Bestellung benutzen.<\/p>\n\n\n\n<p>b) Das vollst\u00e4ndige oder teilweise Herunterladen von nicht explizit zum Download frei gegebenem Inhalt der Website ist ohne ausdr\u00fcckliche Genehmigung seitens intercycle ag unzul\u00e4ssig.<\/p>\n\n\n\n<h2 class=\"wp-block-heading\">11. Urheberrechte an Druckdesigns, Haftungsfreistellung<\/h2>\n\n\n\n<p>a) \u00dcbermittelt der K\u00e4ufer ein eigenes Motiv oder nimmt sonstigen Einfluss auf die Ware (Indiviudalisierung), versichert er gegen\u00fcber intercycle ag, dass Text und Motiv frei von Rechten Dritter sind. Etwaige Urheber-, Pers\u00f6nlichkeits- oder Namensrechtsverletzungen gehen in diesem Fall vollumf\u00e4nglich zu Lasten des K\u00e4ufers. Auch versichert der K\u00e4ufer, dass er durch die Individualisierung der Ware keine sonstigen Rechte Dritter verletzt.<\/p>\n\n\n\n<p>b) Der K\u00e4ufer h\u00e4lt intercycle ag von allen Forderungen und Anspr\u00fcchen, die wegen der Verletzung von derartigen Rechten Dritter geltend gemacht werden, vollumf\u00e4nglich schad- und klaglos.<\/p>\n\n\n\n<h2 class=\"wp-block-heading\">12. Technische und gestalterische Abweichungen<\/h2>\n\n\n\n<p>Intercycle ag beh\u00e4lt sich bei der Vertragserf\u00fcllung ausdr\u00fccklich Abweichungen vor gegen\u00fcber den Beschreibungen und Angaben auf der Website, in Katalogen und der Preisliste hinsichtlich Materialbeschaffenheit, Farbe, Massen und Gestaltung, soweit diese f\u00fcr den K\u00e4ufer zumutbar sind.<br>Aufgrund der neuen Bedruckungstechniken, kann intercycle ag auch keine Gew\u00e4hr f\u00fcr die Best\u00e4ndigkeit des Aufdrucks beim Gebrauch der Ware auf bestimmten Oberfl\u00e4chen (Asphalt, Hartplatzgummi usw.) \u00fcbernehmen.<\/p>\n\n\n\n<h2 class=\"wp-block-heading\">13. Datenschutz<\/h2>\n\n\n\n<p>a) intercycle ag verarbeitet personenbezogene Daten des K\u00e4ufers zweckgebunden und gem\u00e4ss den gesetzlichen Bestimmungen. Die zum Zwecke der Bestellung von Waren angegebenen pers\u00f6nlichen Daten werden von intercycle ag zur Erf\u00fcllung und Abwicklung des Vertrags verwendet. Diese Daten werden von intercycle ag vertraulich behandelt und nicht an Dritte weitergegeben, die nicht am Bestell-, Auslieferungs- oder Zahlungsvorgang beteiligt sind. Der K\u00e4ufer hat das Recht, auf Antrag unentgeltlich Auskunft zu erhalten \u00fcber die personenbezogenen Daten, die von intercycle ag \u00fcber ihn gespeichert wurden. Zus\u00e4tzlich hat er das Recht auf Berichtigung unrichtiger Daten, Sperrung und L\u00f6schung seiner personenbezogenen Daten, soweit keine gesetzliche Aufbewahrungs-pflicht entgegensteht.<\/p>\n\n\n\n<p>b) Das Einverst\u00e4ndnis mit diesen AGB schliesst das Einverst\u00e4ndnis f\u00fcr die Bearbeitung der personenbezogenen Daten des K\u00e4ufers mit ein.<\/p>\n\n\n\n<p>c) Die Website www.mycamelbak.ch benutzt Google Analytics, einen Webanalysedienst der Google Inc. (nachfolgend \u201eGoogle&#8221;). Google Analytics verwendet sog. \u201eCookies&#8221;, Textdateien, die auf dem Computer des K\u00e4ufers gespeichert werden und die eine Analyse der Benutzung der Website durch den K\u00e4ufer erm\u00f6glichen. Die durch den Cookie erzeugten Informationen \u00fcber die Benutzung dieser Website durch den K\u00e4ufer werden in der Regel an einen Server von Google in den USA \u00fcbertragen und dort gespeichert. Im Falle der Aktivierung der IP-Anonymisierung auf dieser Website wird die IP-Adresse des K\u00e4ufers von Google jedoch innerhalb von Mitgliedstaaten der Europ\u00e4ischen Union oder anderen Vertragsstaaten des Europ\u00e4ischen Wirtschaftsraums zuvor gek\u00fcrzt.<\/p>\n\n\n\n<p>Nur in Ausnahmef\u00e4llen wird die volle IP-Adresse an einen Server von Google in den USA \u00fcbertragen und dort gek\u00fcrzt. Im Auftrag des Betreibers dieser Website wird Google diese Informationen benutzen, um die Nutzung der Website durch den K\u00e4ufer auszuwerten, um Reports \u00fcber die Websiteaktivit\u00e4ten zusammenzustellen und um weitere mit der Websitenutzung und der Internetnutzung verbundene Dienstleistungen gegen\u00fcber dem Websitebetreiber zu erbringen. Die im Rahmen von Google Analytics vom Browser des K\u00e4ufers \u00fcbermittelte IP-Adresse wird nicht mit anderen Daten von Google zusammengef\u00fchrt.<\/p>\n\n\n\n<p>Der K\u00e4ufer kann die Speicherung der Cookies durch eine entsprechende Einstellung seiner Browser-Software verhindern; intercycle ag weist den K\u00e4ufer jedoch darauf hin, dass der K\u00e4ufer in diesem Fall gegebenenfalls nicht s\u00e4mtliche Funktionen dieser Website vollumf\u00e4nglich wird n\u00fctzen k\u00f6nnen. Der K\u00e4ufer kann dar\u00fcber hinaus die Erfassung der durch das Cookie erzeugten und auf seine Nutzung der Website bezogene Daten (inkl. der IP-Adresse des K\u00e4ufers) an Google sowie die Verarbeitung dieser Daten durch Google verhindern, in der K\u00e4ufer das unter dem folgenden Link verf\u00fcgbare Browser-Plugin herunterladet und installiert: http:\/\/tools.google.com\/dlpage\/gaoptout?hl=de. (n\u00e4here Informationen hierzu unter http:\/\/tools.google.com\/dlpage\/gaoptout?hl=de bzw. https:\/\/goolge.li\/intl.\/de\/policies)<\/p>\n\n\n\n<h2 class=\"wp-block-heading\">14. Originaltext<\/h2>\n\n\n\n<p>Die AGB sind in deutscher Sprache abgefasst. F\u00fcr den Fall, das hiervon \u00dcbersetzungen in anderer Sprache erstellt werden, ist im Fall von Widerspr\u00fcchen die deutsche Fassung massgebend. 6<\/p>\n\n\n\n<h2 class=\"wp-block-heading\">15. Erf\u00fcllungsort, Rechtswahl, Gerichtsstand<\/h2>\n\n\n\n<p>a) Erf\u00fcllungsort f\u00fcr s\u00e4mtliche Leistungen ist der Gesch\u00e4ftssitz von intercycle ag in Sursee, Schweiz.<\/p>\n\n\n\n<p>b) Alle Streitigkeiten aus diesem Rechtsverh\u00e4ltnis unterliegen dem Schweizer Recht. Bei Verbrauchern gilt diese Rechtswahl nur insoweit, als nicht der gew\u00e4hrte Schutz durch zwingende Bestimmungen des Rechts des Staates, in dem der Verbraucher seinen per-s\u00f6nlichen Aufenthalt hat, entzogen wird. Die Geltung von UN-Kaufrecht ist ausgeschlossen.<\/p>\n\n\n\n<p>c) F\u00fcr s\u00e4mtliche Streitigkeiten aus diesem Vertrag ist der Gerichtsstand grunds\u00e4tzlich am Sitz von intercycle ag in Sursee, Schweiz. Intercycle ag beh\u00e4lt sich aber das Recht vor, den K\u00e4ufer nach Wahl an dessen Wohnsitz- bzw. Sitzgericht zu klagen. Bei Verbrauchern gilt diese Gerichtsstandsklausel nur insoweit, als nicht zwingende Bestimmungen des Rechts des Staates, in dem der Verbraucher seinen pers\u00f6nlichen Aufenthalt hat, einen anderen Gerichtsstand zwingend vorsehen.<\/p>\n\n\n\n<p>d) Sollte eine Bestimmung dieser AGB ung\u00fcltig oder nicht durchsetzbar sein oder werden, so bleiben die \u00fcbrigen Bestimmungen dieser AGB hiervon unber\u00fchrt, es sei denn, dass durch den Wegfall einzelner Klauseln eine Vertragspartei so unzumutbar benachteiligt w\u00fcrde, dass ihr ein Festhalten am Vertrag nicht mehr zugemutet werden kann.<\/p>\n\n\n\n<p>Diese Allgemeinen Gesch\u00e4ftsbedingungen&nbsp;treten am 28. Juni 2020&nbsp;&nbsp;in Kraft.<\/p>\n\n\n\n<p><\/p>\n","protected":false},"excerpt":{"rendered":"<p>Allgemeine Gesch\u00e4ftsbedingungen 1. Allgemeines, Geltungsbereich a) Die folgenden Allgemeinen Gesch\u00e4ftsbedingungen (nachfolgend \u201eAGB&#8221;) regeln das Vertrags-verh\u00e4ltnis zwischen der intercycle ag (nachfolgend \u201emycamelbak&#8221;) und s\u00e4mtlichen Personen, nat\u00fcrlichen und juristischen, welche das Internetangebot der intercycle ag nutzen (nachfolgend \u201eK\u00e4ufer&#8221;). Entgegenstehende oder abweichende Bedingungen des K\u00e4ufers sind nur dann verbindlich, wenn intercycle ag diese schriftlich anerkannt hat. b) Diese &hellip; <a href=\"https:\/\/www.mycamelbak.ch\/de\/agb\/\">Fortgesetzt<\/a><\/p>\n","protected":false},"author":1,"featured_media":0,"parent":0,"menu_order":10,"comment_status":"closed","ping_status":"closed","template":"","meta":{"_mi_skip_tracking":false,"_monsterinsights_sitenote_active":false,"_monsterinsights_sitenote_note":"","_monsterinsights_sitenote_category":0,"footnotes":""},"yoast_head":"<!-- This site is optimized with the Yoast SEO plugin v21.5 - https:\/\/yoast.com\/wordpress\/plugins\/seo\/ -->\n<title>AGB - MyCamelBak<\/title>\n<meta name=\"robots\" content=\"index, follow, max-snippet:-1, max-image-preview:large, max-video-preview:-1\" \/>\n<link rel=\"canonical\" href=\"https:\/\/www.mycamelbak.ch\/de\/agb\/\" \/>\n<meta property=\"og:locale\" content=\"de_DE\" \/>\n<meta property=\"og:type\" content=\"article\" \/>\n<meta property=\"og:title\" content=\"AGB - MyCamelBak\" \/>\n<meta property=\"og:description\" content=\"Allgemeine Gesch\u00e4ftsbedingungen 1. Allgemeines, Geltungsbereich a) Die folgenden Allgemeinen Gesch\u00e4ftsbedingungen (nachfolgend \u201eAGB&#8221;) regeln das Vertrags-verh\u00e4ltnis zwischen der intercycle ag (nachfolgend \u201emycamelbak&#8221;) und s\u00e4mtlichen Personen, nat\u00fcrlichen und juristischen, welche das Internetangebot der intercycle ag nutzen (nachfolgend \u201eK\u00e4ufer&#8221;). Entgegenstehende oder abweichende Bedingungen des K\u00e4ufers sind nur dann verbindlich, wenn intercycle ag diese schriftlich anerkannt hat. b) Diese &hellip; Fortgesetzt\" \/>\n<meta property=\"og:url\" content=\"https:\/\/www.mycamelbak.ch\/de\/agb\/\" \/>\n<meta property=\"og:site_name\" content=\"MyCamelBak\" \/>\n<meta property=\"article:publisher\" content=\"https:\/\/www.facebook.com\/CamelBak-CH-105592114526163\/\" \/>\n<meta property=\"article:modified_time\" content=\"2026-03-13T15:08:33+00:00\" \/>\n<meta name=\"twitter:card\" content=\"summary_large_image\" \/>\n<meta name=\"twitter:label1\" content=\"Gesch\u00e4tzte Lesezeit\" \/>\n\t<meta name=\"twitter:data1\" content=\"11 Minuten\" \/>\n<script type=\"application\/ld+json\" class=\"yoast-schema-graph\">{\"@context\":\"https:\/\/schema.org\",\"@graph\":[{\"@type\":\"WebPage\",\"@id\":\"https:\/\/www.mycamelbak.ch\/de\/agb\/\",\"url\":\"https:\/\/www.mycamelbak.ch\/de\/agb\/\",\"name\":\"AGB - MyCamelBak\",\"isPartOf\":{\"@id\":\"https:\/\/www.mycamelbak.ch\/de\/#website\"},\"datePublished\":\"2020-06-26T08:03:14+00:00\",\"dateModified\":\"2026-03-13T15:08:33+00:00\",\"breadcrumb\":{\"@id\":\"https:\/\/www.mycamelbak.ch\/de\/agb\/#breadcrumb\"},\"inLanguage\":\"de-CH\",\"potentialAction\":[{\"@type\":\"ReadAction\",\"target\":[\"https:\/\/www.mycamelbak.ch\/de\/agb\/\"]}]},{\"@type\":\"BreadcrumbList\",\"@id\":\"https:\/\/www.mycamelbak.ch\/de\/agb\/#breadcrumb\",\"itemListElement\":[{\"@type\":\"ListItem\",\"position\":1,\"name\":\"Home\",\"item\":\"https:\/\/www.mycamelbak.ch\/de\/\"},{\"@type\":\"ListItem\",\"position\":2,\"name\":\"AGB\"}]},{\"@type\":\"WebSite\",\"@id\":\"https:\/\/www.mycamelbak.ch\/de\/#website\",\"url\":\"https:\/\/www.mycamelbak.ch\/de\/\",\"name\":\"MyCamelBak\",\"description\":\"\",\"publisher\":{\"@id\":\"https:\/\/www.mycamelbak.ch\/de\/#organization\"},\"potentialAction\":[{\"@type\":\"SearchAction\",\"target\":{\"@type\":\"EntryPoint\",\"urlTemplate\":\"https:\/\/www.mycamelbak.ch\/de\/?s={search_term_string}\"},\"query-input\":\"required name=search_term_string\"}],\"inLanguage\":\"de-CH\"},{\"@type\":\"Organization\",\"@id\":\"https:\/\/www.mycamelbak.ch\/de\/#organization\",\"name\":\"Vetrieb CamelBak Schweiz\",\"url\":\"https:\/\/www.mycamelbak.ch\/de\/\",\"logo\":{\"@type\":\"ImageObject\",\"inLanguage\":\"de-CH\",\"@id\":\"https:\/\/www.mycamelbak.ch\/de\/#\/schema\/logo\/image\/\",\"url\":\"https:\/\/www.mycamelbak.ch\/wp-content\/uploads\/2020\/06\/logo.svg\",\"contentUrl\":\"https:\/\/www.mycamelbak.ch\/wp-content\/uploads\/2020\/06\/logo.svg\",\"width\":300,\"height\":82,\"caption\":\"Vetrieb CamelBak Schweiz\"},\"image\":{\"@id\":\"https:\/\/www.mycamelbak.ch\/de\/#\/schema\/logo\/image\/\"},\"sameAs\":[\"https:\/\/www.facebook.com\/CamelBak-CH-105592114526163\/\",\"https:\/\/www.instagram.com\/camelbakch\/\",\"https:\/\/www.linkedin.com\/company\/camelbak-ch\/\"]}]}<\/script>\n<!-- \/ Yoast SEO plugin. -->","yoast_head_json":{"title":"AGB - MyCamelBak","robots":{"index":"index","follow":"follow","max-snippet":"max-snippet:-1","max-image-preview":"max-image-preview:large","max-video-preview":"max-video-preview:-1"},"canonical":"https:\/\/www.mycamelbak.ch\/de\/agb\/","og_locale":"de_DE","og_type":"article","og_title":"AGB - MyCamelBak","og_description":"Allgemeine Gesch\u00e4ftsbedingungen 1. Allgemeines, Geltungsbereich a) Die folgenden Allgemeinen Gesch\u00e4ftsbedingungen (nachfolgend \u201eAGB&#8221;) regeln das Vertrags-verh\u00e4ltnis zwischen der intercycle ag (nachfolgend \u201emycamelbak&#8221;) und s\u00e4mtlichen Personen, nat\u00fcrlichen und juristischen, welche das Internetangebot der intercycle ag nutzen (nachfolgend \u201eK\u00e4ufer&#8221;). Entgegenstehende oder abweichende Bedingungen des K\u00e4ufers sind nur dann verbindlich, wenn intercycle ag diese schriftlich anerkannt hat. b) Diese &hellip; Fortgesetzt","og_url":"https:\/\/www.mycamelbak.ch\/de\/agb\/","og_site_name":"MyCamelBak","article_publisher":"https:\/\/www.facebook.com\/CamelBak-CH-105592114526163\/","article_modified_time":"2026-03-13T15:08:33+00:00","twitter_card":"summary_large_image","twitter_misc":{"Gesch\u00e4tzte Lesezeit":"11 Minuten"},"schema":{"@context":"https:\/\/schema.org","@graph":[{"@type":"WebPage","@id":"https:\/\/www.mycamelbak.ch\/de\/agb\/","url":"https:\/\/www.mycamelbak.ch\/de\/agb\/","name":"AGB - MyCamelBak","isPartOf":{"@id":"https:\/\/www.mycamelbak.ch\/de\/#website"},"datePublished":"2020-06-26T08:03:14+00:00","dateModified":"2026-03-13T15:08:33+00:00","breadcrumb":{"@id":"https:\/\/www.mycamelbak.ch\/de\/agb\/#breadcrumb"},"inLanguage":"de-CH","potentialAction":[{"@type":"ReadAction","target":["https:\/\/www.mycamelbak.ch\/de\/agb\/"]}]},{"@type":"BreadcrumbList","@id":"https:\/\/www.mycamelbak.ch\/de\/agb\/#breadcrumb","itemListElement":[{"@type":"ListItem","position":1,"name":"Home","item":"https:\/\/www.mycamelbak.ch\/de\/"},{"@type":"ListItem","position":2,"name":"AGB"}]},{"@type":"WebSite","@id":"https:\/\/www.mycamelbak.ch\/de\/#website","url":"https:\/\/www.mycamelbak.ch\/de\/","name":"MyCamelBak","description":"","publisher":{"@id":"https:\/\/www.mycamelbak.ch\/de\/#organization"},"potentialAction":[{"@type":"SearchAction","target":{"@type":"EntryPoint","urlTemplate":"https:\/\/www.mycamelbak.ch\/de\/?s={search_term_string}"},"query-input":"required name=search_term_string"}],"inLanguage":"de-CH"},{"@type":"Organization","@id":"https:\/\/www.mycamelbak.ch\/de\/#organization","name":"Vetrieb CamelBak Schweiz","url":"https:\/\/www.mycamelbak.ch\/de\/","logo":{"@type":"ImageObject","inLanguage":"de-CH","@id":"https:\/\/www.mycamelbak.ch\/de\/#\/schema\/logo\/image\/","url":"https:\/\/www.mycamelbak.ch\/wp-content\/uploads\/2020\/06\/logo.svg","contentUrl":"https:\/\/www.mycamelbak.ch\/wp-content\/uploads\/2020\/06\/logo.svg","width":300,"height":82,"caption":"Vetrieb CamelBak Schweiz"},"image":{"@id":"https:\/\/www.mycamelbak.ch\/de\/#\/schema\/logo\/image\/"},"sameAs":["https:\/\/www.facebook.com\/CamelBak-CH-105592114526163\/","https:\/\/www.instagram.com\/camelbakch\/","https:\/\/www.linkedin.com\/company\/camelbak-ch\/"]}]}},"_links":{"self":[{"href":"https:\/\/www.mycamelbak.ch\/de\/wp-json\/wp\/v2\/pages\/1118"}],"collection":[{"href":"https:\/\/www.mycamelbak.ch\/de\/wp-json\/wp\/v2\/pages"}],"about":[{"href":"https:\/\/www.mycamelbak.ch\/de\/wp-json\/wp\/v2\/types\/page"}],"author":[{"embeddable":true,"href":"https:\/\/www.mycamelbak.ch\/de\/wp-json\/wp\/v2\/users\/1"}],"replies":[{"embeddable":true,"href":"https:\/\/www.mycamelbak.ch\/de\/wp-json\/wp\/v2\/comments?post=1118"}],"version-history":[{"count":2,"href":"https:\/\/www.mycamelbak.ch\/de\/wp-json\/wp\/v2\/pages\/1118\/revisions"}],"predecessor-version":[{"id":1151,"href":"https:\/\/www.mycamelbak.ch\/de\/wp-json\/wp\/v2\/pages\/1118\/revisions\/1151"}],"wp:attachment":[{"href":"https:\/\/www.mycamelbak.ch\/de\/wp-json\/wp\/v2\/media?parent=1118"}],"curies":[{"name":"wp","href":"https:\/\/api.w.org\/{rel}","templated":true}]}}