{"id":26973,"date":"2026-03-04T15:08:57","date_gmt":"2026-03-04T14:08:57","guid":{"rendered":"https:\/\/www.mycamelbak.ch\/?page_id=26973"},"modified":"2026-03-26T07:12:57","modified_gmt":"2026-03-26T06:12:57","slug":"home","status":"publish","type":"page","link":"https:\/\/www.mycamelbak.ch\/de\/","title":{"rendered":"Startseite"},"content":{"rendered":"\n<div class=\"wp-block-columns editorial is-layout-flex wp-container-6 wp-block-columns-is-layout-flex\">\n<div class=\"wp-block-column is-layout-flow wp-block-column-is-layout-flow\">\n<figure class=\"wp-block-gallery has-nested-images columns-default is-cropped home-gallery wp-block-gallery-1 is-layout-flex wp-block-gallery-is-layout-flex\">\n<figure class=\"wp-block-image size-full\"><img decoding=\"async\" loading=\"lazy\" width=\"768\" height=\"1024\" src=\"https:\/\/www.mycamelbak.ch\/wp-content\/uploads\/2026\/03\/slider_06.png\" alt=\"\" class=\"wp-image-27024\" srcset=\"https:\/\/www.mycamelbak.ch\/wp-content\/uploads\/2026\/03\/slider_06.png 768w, https:\/\/www.mycamelbak.ch\/wp-content\/uploads\/2026\/03\/slider_06-225x300.png 225w, https:\/\/www.mycamelbak.ch\/wp-content\/uploads\/2026\/03\/slider_06-405x540.png 405w, https:\/\/www.mycamelbak.ch\/wp-content\/uploads\/2026\/03\/slider_06-240x320.png 240w\" sizes=\"(max-width: 768px) 100vw, 768px\" \/><\/figure>\n\n\n\n<figure class=\"wp-block-image size-full\"><img decoding=\"async\" loading=\"lazy\" width=\"768\" height=\"1024\" src=\"https:\/\/www.mycamelbak.ch\/wp-content\/uploads\/2026\/03\/slider_01.png\" alt=\"\" class=\"wp-image-27009\" srcset=\"https:\/\/www.mycamelbak.ch\/wp-content\/uploads\/2026\/03\/slider_01.png 768w, https:\/\/www.mycamelbak.ch\/wp-content\/uploads\/2026\/03\/slider_01-225x300.png 225w, https:\/\/www.mycamelbak.ch\/wp-content\/uploads\/2026\/03\/slider_01-405x540.png 405w, https:\/\/www.mycamelbak.ch\/wp-content\/uploads\/2026\/03\/slider_01-240x320.png 240w\" sizes=\"(max-width: 768px) 100vw, 768px\" \/><\/figure>\n\n\n\n<figure class=\"wp-block-image size-full\"><img decoding=\"async\" loading=\"lazy\" width=\"768\" height=\"1024\" src=\"https:\/\/www.mycamelbak.ch\/wp-content\/uploads\/2026\/03\/slider_02.png\" alt=\"\" class=\"wp-image-27012\" srcset=\"https:\/\/www.mycamelbak.ch\/wp-content\/uploads\/2026\/03\/slider_02.png 768w, https:\/\/www.mycamelbak.ch\/wp-content\/uploads\/2026\/03\/slider_02-225x300.png 225w, https:\/\/www.mycamelbak.ch\/wp-content\/uploads\/2026\/03\/slider_02-405x540.png 405w, https:\/\/www.mycamelbak.ch\/wp-content\/uploads\/2026\/03\/slider_02-240x320.png 240w\" sizes=\"(max-width: 768px) 100vw, 768px\" \/><\/figure>\n\n\n\n<figure class=\"wp-block-image size-full\"><img decoding=\"async\" loading=\"lazy\" width=\"768\" height=\"1024\" src=\"https:\/\/www.mycamelbak.ch\/wp-content\/uploads\/2026\/03\/slider_03.png\" alt=\"\" class=\"wp-image-27015\" srcset=\"https:\/\/www.mycamelbak.ch\/wp-content\/uploads\/2026\/03\/slider_03.png 768w, https:\/\/www.mycamelbak.ch\/wp-content\/uploads\/2026\/03\/slider_03-225x300.png 225w, https:\/\/www.mycamelbak.ch\/wp-content\/uploads\/2026\/03\/slider_03-405x540.png 405w, https:\/\/www.mycamelbak.ch\/wp-content\/uploads\/2026\/03\/slider_03-240x320.png 240w\" sizes=\"(max-width: 768px) 100vw, 768px\" \/><\/figure>\n\n\n\n<figure class=\"wp-block-image size-full\"><img decoding=\"async\" loading=\"lazy\" width=\"768\" height=\"1024\" src=\"https:\/\/www.mycamelbak.ch\/wp-content\/uploads\/2026\/03\/slider_04.png\" alt=\"\" class=\"wp-image-27018\" srcset=\"https:\/\/www.mycamelbak.ch\/wp-content\/uploads\/2026\/03\/slider_04.png 768w, https:\/\/www.mycamelbak.ch\/wp-content\/uploads\/2026\/03\/slider_04-225x300.png 225w, https:\/\/www.mycamelbak.ch\/wp-content\/uploads\/2026\/03\/slider_04-405x540.png 405w, https:\/\/www.mycamelbak.ch\/wp-content\/uploads\/2026\/03\/slider_04-240x320.png 240w\" sizes=\"(max-width: 768px) 100vw, 768px\" \/><\/figure>\n\n\n\n<figure class=\"wp-block-image size-full\"><img decoding=\"async\" loading=\"lazy\" width=\"768\" height=\"1024\" src=\"https:\/\/www.mycamelbak.ch\/wp-content\/uploads\/2026\/03\/slider_05.png\" alt=\"\" class=\"wp-image-27021\" srcset=\"https:\/\/www.mycamelbak.ch\/wp-content\/uploads\/2026\/03\/slider_05.png 768w, https:\/\/www.mycamelbak.ch\/wp-content\/uploads\/2026\/03\/slider_05-225x300.png 225w, https:\/\/www.mycamelbak.ch\/wp-content\/uploads\/2026\/03\/slider_05-405x540.png 405w, https:\/\/www.mycamelbak.ch\/wp-content\/uploads\/2026\/03\/slider_05-240x320.png 240w\" sizes=\"(max-width: 768px) 100vw, 768px\" \/><\/figure>\n<\/figure>\n<\/div>\n\n\n\n<div class=\"wp-block-column is-layout-flow wp-block-column-is-layout-flow\">\n<h1 class=\"wp-block-heading\">HOLE DIR JETZT DEINE personalisierte CAMELBAK TRINKFLASCHE<\/h1>\n\n\n\n<p>Jetzt kannst du deine ganz individuelle CamelBak Flasche konfigurieren. In wenigen Schritten kommst du zu deiner pers\u00f6nlichen CamelBak Flasche. Probiere es gleich aus und rocke deinen Alltag.<\/p>\n\n\n\n<div class=\"wp-block-buttons is-layout-flex wp-block-buttons-is-layout-flex\">\n<div class=\"wp-block-button\"><a class=\"wp-block-button__link wp-element-button\" href=\"\/de\/druckverfahren\/digitaldruck-kleinmenge\/\">Konfiguriere deine Flasche<\/a><\/div>\n<\/div>\n<\/div>\n<\/div>\n\n\n\n<h2 class=\"wp-block-heading\">Aktuell<\/h2>\n\n\n\n<div class=\"wp-block-columns is-layout-flex wp-container-10 wp-block-columns-is-layout-flex\">\n<div class=\"wp-block-column is-layout-flow wp-block-column-is-layout-flow\">\n<h3 class=\"wp-block-heading has-text-align-left\"><strong>Neue Trinkflaschen 2026<\/strong><\/h3>\n\n\n\n<p>Egal welche Aktivit\u00e4t \u2013 wir haben die passende Trinkflasche. Von der isolierten Podium f\u00fcr kalte Bike-Rides bis zur vakuumisolierten Chug Edelstahlflasche f\u00fcr dein n\u00e4chstes Bergabenteuer. Auch die Kleinsten sind mit der Thrive Kids bestens ausgestattet.<\/p>\n\n\n\n<p>Mach sie zu deiner: Mit unserem Konfigurator gestaltest du jede Flasche ganz individuell \u2013 so einzigartig wie dein Abenteuer.<\/p>\n\n\n\n<div class=\"wp-block-buttons is-layout-flex wp-block-buttons-is-layout-flex\">\n<div class=\"wp-block-button\"><a class=\"wp-block-button__link wp-element-button\" href=\"https:\/\/www.mycamelbak.ch\/de\/flasche\/camelbak-eddy-kids-bottle-0-4l-wildlife-edition\/\">Konfiguriere deine Flasche<\/a><\/div>\n<\/div>\n<\/div>\n\n\n\n<div class=\"wp-block-column is-layout-flow wp-block-column-is-layout-flow\">\n<figure class=\"wp-block-image size-large\"><img decoding=\"async\" loading=\"lazy\" width=\"1024\" height=\"683\" src=\"https:\/\/www.mycamelbak.ch\/wp-content\/uploads\/2026\/03\/mycamelbak_aktuell-1024x683.jpg\" alt=\"\" class=\"wp-image-27032\" srcset=\"https:\/\/www.mycamelbak.ch\/wp-content\/uploads\/2026\/03\/mycamelbak_aktuell-1024x683.jpg 1024w, https:\/\/www.mycamelbak.ch\/wp-content\/uploads\/2026\/03\/mycamelbak_aktuell-300x200.jpg 300w, https:\/\/www.mycamelbak.ch\/wp-content\/uploads\/2026\/03\/mycamelbak_aktuell-768x512.jpg 768w, https:\/\/www.mycamelbak.ch\/wp-content\/uploads\/2026\/03\/mycamelbak_aktuell-540x360.jpg 540w, https:\/\/www.mycamelbak.ch\/wp-content\/uploads\/2026\/03\/mycamelbak_aktuell-800x533.jpg 800w, https:\/\/www.mycamelbak.ch\/wp-content\/uploads\/2026\/03\/mycamelbak_aktuell-240x160.jpg 240w, https:\/\/www.mycamelbak.ch\/wp-content\/uploads\/2026\/03\/mycamelbak_aktuell.jpg 1536w\" sizes=\"(max-width: 1024px) 100vw, 1024px\" \/><\/figure>\n<\/div>\n<\/div>\n\n\n\n<h2 class=\"wp-block-heading\">Kategorien<\/h2>\n\n\n\n<div class=\"wp-block-columns is-layout-flex wp-container-19 wp-block-columns-is-layout-flex\">\n<div class=\"wp-block-column is-layout-flow wp-block-column-is-layout-flow\">\n<div class=\"wp-block-columns is-layout-flex wp-container-13 wp-block-columns-is-layout-flex\">\n<div class=\"wp-block-column is-layout-flow wp-block-column-is-layout-flow\" style=\"flex-basis:100%\">\n<figure class=\"wp-block-image size-large is-style-default\"><a href=\"https:\/\/www.mycamelbak.ch\/de\/lifestyle\/\"><img decoding=\"async\" loading=\"lazy\" width=\"1024\" height=\"1024\" src=\"https:\/\/www.mycamelbak.ch\/wp-content\/uploads\/2026\/03\/category_01_lifestyle_square-1024x1024.jpg\" alt=\"\" class=\"wp-image-27128\" srcset=\"https:\/\/www.mycamelbak.ch\/wp-content\/uploads\/2026\/03\/category_01_lifestyle_square-1024x1024.jpg 1024w, https:\/\/www.mycamelbak.ch\/wp-content\/uploads\/2026\/03\/category_01_lifestyle_square-300x300.jpg 300w, https:\/\/www.mycamelbak.ch\/wp-content\/uploads\/2026\/03\/category_01_lifestyle_square-150x150.jpg 150w, https:\/\/www.mycamelbak.ch\/wp-content\/uploads\/2026\/03\/category_01_lifestyle_square-768x768.jpg 768w, https:\/\/www.mycamelbak.ch\/wp-content\/uploads\/2026\/03\/category_01_lifestyle_square-540x540.jpg 540w, https:\/\/www.mycamelbak.ch\/wp-content\/uploads\/2026\/03\/category_01_lifestyle_square-800x800.jpg 800w, https:\/\/www.mycamelbak.ch\/wp-content\/uploads\/2026\/03\/category_01_lifestyle_square-240x240.jpg 240w, https:\/\/www.mycamelbak.ch\/wp-content\/uploads\/2026\/03\/category_01_lifestyle_square.jpg 1340w\" sizes=\"(max-width: 1024px) 100vw, 1024px\" \/><\/a><\/figure>\n\n\n\n<div class=\"wp-block-buttons is-layout-flex wp-block-buttons-is-layout-flex\">\n<div class=\"wp-block-button\"><a class=\"wp-block-button__link wp-element-button\" href=\"https:\/\/www.mycamelbak.ch\/de\/lifestyle\/\">Lifestyle<\/a><\/div>\n<\/div>\n\n\n\n<p> <\/p>\n\n\n\n<p>Mit deiner personalisierten CamelBak Trinkflasche kannst du in jeder Alltagssituation deinen ganz pers\u00f6nlichen Lifestyle ausleben. Egal ob im B\u00fcro, in der Natur, in der Uni oder im Fitnesscenter: CamelBak ist Lifestyle!<\/p>\n<\/div>\n<\/div>\n<\/div>\n\n\n\n<div class=\"wp-block-column is-layout-flow wp-block-column-is-layout-flow\">\n<figure class=\"wp-block-image size-large is-style-default\"><a href=\"https:\/\/www.mycamelbak.ch\/de\/sport\/\"><img decoding=\"async\" loading=\"lazy\" width=\"1024\" height=\"1024\" src=\"https:\/\/www.mycamelbak.ch\/wp-content\/uploads\/2026\/03\/category_02_sport_square-1024x1024.jpg\" alt=\"\" class=\"wp-image-27131\" srcset=\"https:\/\/www.mycamelbak.ch\/wp-content\/uploads\/2026\/03\/category_02_sport_square-1024x1024.jpg 1024w, https:\/\/www.mycamelbak.ch\/wp-content\/uploads\/2026\/03\/category_02_sport_square-300x300.jpg 300w, https:\/\/www.mycamelbak.ch\/wp-content\/uploads\/2026\/03\/category_02_sport_square-150x150.jpg 150w, https:\/\/www.mycamelbak.ch\/wp-content\/uploads\/2026\/03\/category_02_sport_square-768x768.jpg 768w, https:\/\/www.mycamelbak.ch\/wp-content\/uploads\/2026\/03\/category_02_sport_square-540x540.jpg 540w, https:\/\/www.mycamelbak.ch\/wp-content\/uploads\/2026\/03\/category_02_sport_square-800x800.jpg 800w, https:\/\/www.mycamelbak.ch\/wp-content\/uploads\/2026\/03\/category_02_sport_square-240x240.jpg 240w, https:\/\/www.mycamelbak.ch\/wp-content\/uploads\/2026\/03\/category_02_sport_square.jpg 1340w\" sizes=\"(max-width: 1024px) 100vw, 1024px\" \/><\/a><\/figure>\n\n\n\n<div class=\"wp-block-buttons is-layout-flex wp-block-buttons-is-layout-flex\">\n<div class=\"wp-block-button\"><a class=\"wp-block-button__link wp-element-button\" href=\"https:\/\/www.mycamelbak.ch\/de\/sport\/\">Sport<\/a><\/div>\n<\/div>\n\n\n\n<p> <\/p>\n\n\n\n<p>Die innovativen Sportflaschen von CamelBak weisen eine breite Funktionalit\u00e4t auf \u2013 auslaufsicher, leicht zu tragen, einfache Reinigung und vieles mehr. Egal ob Indoor oder Outdoor: CamelBak ist Sport!<\/p>\n<\/div>\n\n\n\n<div class=\"wp-block-column is-layout-flow wp-block-column-is-layout-flow\">\n<figure class=\"wp-block-image size-large\"><a href=\"https:\/\/www.mycamelbak.ch\/de\/kids\/\"><img decoding=\"async\" loading=\"lazy\" width=\"1024\" height=\"1024\" src=\"https:\/\/www.mycamelbak.ch\/wp-content\/uploads\/2026\/03\/category_03_kids_square-1024x1024.jpg\" alt=\"\" class=\"wp-image-27134\" srcset=\"https:\/\/www.mycamelbak.ch\/wp-content\/uploads\/2026\/03\/category_03_kids_square-1024x1024.jpg 1024w, https:\/\/www.mycamelbak.ch\/wp-content\/uploads\/2026\/03\/category_03_kids_square-300x300.jpg 300w, https:\/\/www.mycamelbak.ch\/wp-content\/uploads\/2026\/03\/category_03_kids_square-150x150.jpg 150w, https:\/\/www.mycamelbak.ch\/wp-content\/uploads\/2026\/03\/category_03_kids_square-768x768.jpg 768w, https:\/\/www.mycamelbak.ch\/wp-content\/uploads\/2026\/03\/category_03_kids_square-540x540.jpg 540w, https:\/\/www.mycamelbak.ch\/wp-content\/uploads\/2026\/03\/category_03_kids_square-800x800.jpg 800w, https:\/\/www.mycamelbak.ch\/wp-content\/uploads\/2026\/03\/category_03_kids_square-240x240.jpg 240w, https:\/\/www.mycamelbak.ch\/wp-content\/uploads\/2026\/03\/category_03_kids_square.jpg 1340w\" sizes=\"(max-width: 1024px) 100vw, 1024px\" \/><\/a><\/figure>\n\n\n\n<div class=\"wp-block-buttons is-layout-flex wp-block-buttons-is-layout-flex\">\n<div class=\"wp-block-button\"><a class=\"wp-block-button__link wp-element-button\" href=\"https:\/\/www.mycamelbak.ch\/de\/kids\/\">Kids<\/a><\/div>\n<\/div>\n\n\n\n<p> <\/p>\n\n\n\n<p>Auch die Kleinen k\u00f6nnen auf CamelBak setzen. Trinken, ohne die Flasche zu kippen, da macht jedes Abenteuer grossen Spass. Egal ob in der Schule oder auf dem Spielplatz: CamelBak ist f\u00fcr Kids!<\/p>\n<\/div>\n<\/div>\n\n\n\n<div class=\"wp-block-columns inv-mobile-order editorial has-2202-blue-background-color has-background is-layout-flex wp-container-23 wp-block-columns-is-layout-flex\">\n<div class=\"wp-block-column is-layout-flow wp-block-column-is-layout-flow\">\n<h3 class=\"wp-block-heading\">B2B<\/h3>\n\n\n\n<p>\u00dcberrasche deine Kunden, dein Team oder deine Mitarbeitenden mit einer individualisierten Trinkflasche. Platziere deine Message als wirksame Markenbotschaft auf der Flasche. CamelBak ist B2B!<\/p>\n\n\n\n<div class=\"wp-block-buttons is-layout-flex wp-block-buttons-is-layout-flex\">\n<div class=\"wp-block-button\"><a class=\"wp-block-button__link wp-element-button\" href=\"https:\/\/www.mycamelbak.ch\/de\/organisationen\/\">Mehr Erfahren<\/a><\/div>\n<\/div>\n\n\n\n<p><\/p>\n<\/div>\n\n\n\n<div class=\"wp-block-column is-layout-flow wp-block-column-is-layout-flow\">\n<figure class=\"wp-block-image size-large\"><img decoding=\"async\" loading=\"lazy\" width=\"1024\" height=\"683\" src=\"https:\/\/www.mycamelbak.ch\/wp-content\/uploads\/2026\/03\/b2b_teaser_image-1024x683.png\" alt=\"\" class=\"wp-image-26994\" srcset=\"https:\/\/www.mycamelbak.ch\/wp-content\/uploads\/2026\/03\/b2b_teaser_image-1024x683.png 1024w, https:\/\/www.mycamelbak.ch\/wp-content\/uploads\/2026\/03\/b2b_teaser_image-300x200.png 300w, https:\/\/www.mycamelbak.ch\/wp-content\/uploads\/2026\/03\/b2b_teaser_image-768x512.png 768w, https:\/\/www.mycamelbak.ch\/wp-content\/uploads\/2026\/03\/b2b_teaser_image-540x360.png 540w, https:\/\/www.mycamelbak.ch\/wp-content\/uploads\/2026\/03\/b2b_teaser_image-800x533.png 800w, https:\/\/www.mycamelbak.ch\/wp-content\/uploads\/2026\/03\/b2b_teaser_image-240x160.png 240w, https:\/\/www.mycamelbak.ch\/wp-content\/uploads\/2026\/03\/b2b_teaser_image.png 1536w\" sizes=\"(max-width: 1024px) 100vw, 1024px\" \/><\/figure>\n<\/div>\n<\/div>\n","protected":false},"excerpt":{"rendered":"<p>HOLE DIR JETZT DEINE personalisierte CAMELBAK TRINKFLASCHE Jetzt kannst du deine ganz individuelle CamelBak Flasche konfigurieren. In wenigen Schritten kommst du zu deiner pers\u00f6nlichen CamelBak Flasche. Probiere es gleich aus und rocke deinen Alltag. Aktuell Neue Trinkflaschen 2026 Egal welche Aktivit\u00e4t \u2013 wir haben die passende Trinkflasche. Von der isolierten Podium f\u00fcr kalte Bike-Rides bis &hellip; <a href=\"https:\/\/www.mycamelbak.ch\/de\/\">Fortgesetzt<\/a><\/p>\n","protected":false},"author":2,"featured_media":0,"parent":0,"menu_order":1,"comment_status":"closed","ping_status":"closed","template":"","meta":{"_mi_skip_tracking":false,"_monsterinsights_sitenote_active":false,"_monsterinsights_sitenote_note":"","_monsterinsights_sitenote_category":0,"footnotes":""},"yoast_head":"<!-- This site is optimized with the Yoast SEO plugin v21.5 - https:\/\/yoast.com\/wordpress\/plugins\/seo\/ -->\n<title>Hole dir jetzt deine pers\u00f6nliche CamelBak Trinkflasche #MYCAMELBAK<\/title>\n<meta name=\"description\" content=\"Jetzt kannst du deine ganz individuelle CamelBak Flasche konfigurieren. In wenigen Schritten kommst du zu deiner pers\u00f6nlichen CamelBak Flasche.\" \/>\n<meta name=\"robots\" content=\"index, follow, max-snippet:-1, max-image-preview:large, max-video-preview:-1\" \/>\n<link rel=\"canonical\" href=\"https:\/\/www.mycamelbak.ch\/de\/\" \/>\n<meta property=\"og:locale\" content=\"de_DE\" \/>\n<meta property=\"og:type\" content=\"article\" \/>\n<meta property=\"og:title\" content=\"Hole dir jetzt deine pers\u00f6nliche CamelBak Trinkflasche #MYCAMELBAK\" \/>\n<meta property=\"og:description\" content=\"Jetzt kannst du deine ganz individuelle CamelBak Flasche konfigurieren. In wenigen Schritten kommst du zu deiner pers\u00f6nlichen CamelBak Flasche.\" \/>\n<meta property=\"og:url\" content=\"https:\/\/www.mycamelbak.ch\/de\/\" \/>\n<meta property=\"og:site_name\" content=\"MyCamelBak\" \/>\n<meta property=\"article:publisher\" content=\"https:\/\/www.facebook.com\/CamelBak-CH-105592114526163\/\" \/>\n<meta property=\"article:modified_time\" content=\"2026-03-26T06:12:57+00:00\" \/>\n<meta property=\"og:image\" content=\"https:\/\/www.mycamelbak.ch\/wp-content\/uploads\/2026\/03\/slider_06.png\" \/>\n<meta name=\"twitter:card\" content=\"summary_large_image\" \/>\n<meta name=\"twitter:label1\" content=\"Gesch\u00e4tzte Lesezeit\" \/>\n\t<meta name=\"twitter:data1\" content=\"4 Minuten\" \/>\n<script type=\"application\/ld+json\" class=\"yoast-schema-graph\">{\"@context\":\"https:\/\/schema.org\",\"@graph\":[{\"@type\":\"WebPage\",\"@id\":\"https:\/\/www.mycamelbak.ch\/de\/\",\"url\":\"https:\/\/www.mycamelbak.ch\/de\/\",\"name\":\"Hole dir jetzt deine pers\u00f6nliche CamelBak Trinkflasche #MYCAMELBAK\",\"isPartOf\":{\"@id\":\"https:\/\/www.mycamelbak.ch\/de\/#website\"},\"datePublished\":\"2026-03-04T14:08:57+00:00\",\"dateModified\":\"2026-03-26T06:12:57+00:00\",\"description\":\"Jetzt kannst du deine ganz individuelle CamelBak Flasche konfigurieren. In wenigen Schritten kommst du zu deiner pers\u00f6nlichen CamelBak Flasche.\",\"breadcrumb\":{\"@id\":\"https:\/\/www.mycamelbak.ch\/de\/#breadcrumb\"},\"inLanguage\":\"de-CH\",\"potentialAction\":[{\"@type\":\"ReadAction\",\"target\":[\"https:\/\/www.mycamelbak.ch\/de\/\"]}]},{\"@type\":\"BreadcrumbList\",\"@id\":\"https:\/\/www.mycamelbak.ch\/de\/#breadcrumb\",\"itemListElement\":[{\"@type\":\"ListItem\",\"position\":1,\"name\":\"Home\",\"item\":\"https:\/\/www.mycamelbak.ch\/de\/\"},{\"@type\":\"ListItem\",\"position\":2,\"name\":\"Startseite\"}]},{\"@type\":\"WebSite\",\"@id\":\"https:\/\/www.mycamelbak.ch\/de\/#website\",\"url\":\"https:\/\/www.mycamelbak.ch\/de\/\",\"name\":\"MyCamelBak\",\"description\":\"\",\"publisher\":{\"@id\":\"https:\/\/www.mycamelbak.ch\/de\/#organization\"},\"potentialAction\":[{\"@type\":\"SearchAction\",\"target\":{\"@type\":\"EntryPoint\",\"urlTemplate\":\"https:\/\/www.mycamelbak.ch\/de\/?s={search_term_string}\"},\"query-input\":\"required name=search_term_string\"}],\"inLanguage\":\"de-CH\"},{\"@type\":\"Organization\",\"@id\":\"https:\/\/www.mycamelbak.ch\/de\/#organization\",\"name\":\"Vetrieb CamelBak Schweiz\",\"url\":\"https:\/\/www.mycamelbak.ch\/de\/\",\"logo\":{\"@type\":\"ImageObject\",\"inLanguage\":\"de-CH\",\"@id\":\"https:\/\/www.mycamelbak.ch\/de\/#\/schema\/logo\/image\/\",\"url\":\"https:\/\/www.mycamelbak.ch\/wp-content\/uploads\/2020\/06\/logo.svg\",\"contentUrl\":\"https:\/\/www.mycamelbak.ch\/wp-content\/uploads\/2020\/06\/logo.svg\",\"width\":300,\"height\":82,\"caption\":\"Vetrieb CamelBak Schweiz\"},\"image\":{\"@id\":\"https:\/\/www.mycamelbak.ch\/de\/#\/schema\/logo\/image\/\"},\"sameAs\":[\"https:\/\/www.facebook.com\/CamelBak-CH-105592114526163\/\",\"https:\/\/www.instagram.com\/camelbakch\/\",\"https:\/\/www.linkedin.com\/company\/camelbak-ch\/\"]}]}<\/script>\n<!-- \/ Yoast SEO plugin. -->","yoast_head_json":{"title":"Hole dir jetzt deine pers\u00f6nliche CamelBak Trinkflasche #MYCAMELBAK","description":"Jetzt kannst du deine ganz individuelle CamelBak Flasche konfigurieren. In wenigen Schritten kommst du zu deiner pers\u00f6nlichen CamelBak Flasche.","robots":{"index":"index","follow":"follow","max-snippet":"max-snippet:-1","max-image-preview":"max-image-preview:large","max-video-preview":"max-video-preview:-1"},"canonical":"https:\/\/www.mycamelbak.ch\/de\/","og_locale":"de_DE","og_type":"article","og_title":"Hole dir jetzt deine pers\u00f6nliche CamelBak Trinkflasche #MYCAMELBAK","og_description":"Jetzt kannst du deine ganz individuelle CamelBak Flasche konfigurieren. In wenigen Schritten kommst du zu deiner pers\u00f6nlichen CamelBak Flasche.","og_url":"https:\/\/www.mycamelbak.ch\/de\/","og_site_name":"MyCamelBak","article_publisher":"https:\/\/www.facebook.com\/CamelBak-CH-105592114526163\/","article_modified_time":"2026-03-26T06:12:57+00:00","og_image":[{"url":"https:\/\/www.mycamelbak.ch\/wp-content\/uploads\/2026\/03\/slider_06.png"}],"twitter_card":"summary_large_image","twitter_misc":{"Gesch\u00e4tzte Lesezeit":"4 Minuten"},"schema":{"@context":"https:\/\/schema.org","@graph":[{"@type":"WebPage","@id":"https:\/\/www.mycamelbak.ch\/de\/","url":"https:\/\/www.mycamelbak.ch\/de\/","name":"Hole dir jetzt deine pers\u00f6nliche CamelBak Trinkflasche #MYCAMELBAK","isPartOf":{"@id":"https:\/\/www.mycamelbak.ch\/de\/#website"},"datePublished":"2026-03-04T14:08:57+00:00","dateModified":"2026-03-26T06:12:57+00:00","description":"Jetzt kannst du deine ganz individuelle CamelBak Flasche konfigurieren. In wenigen Schritten kommst du zu deiner pers\u00f6nlichen CamelBak Flasche.","breadcrumb":{"@id":"https:\/\/www.mycamelbak.ch\/de\/#breadcrumb"},"inLanguage":"de-CH","potentialAction":[{"@type":"ReadAction","target":["https:\/\/www.mycamelbak.ch\/de\/"]}]},{"@type":"BreadcrumbList","@id":"https:\/\/www.mycamelbak.ch\/de\/#breadcrumb","itemListElement":[{"@type":"ListItem","position":1,"name":"Home","item":"https:\/\/www.mycamelbak.ch\/de\/"},{"@type":"ListItem","position":2,"name":"Startseite"}]},{"@type":"WebSite","@id":"https:\/\/www.mycamelbak.ch\/de\/#website","url":"https:\/\/www.mycamelbak.ch\/de\/","name":"MyCamelBak","description":"","publisher":{"@id":"https:\/\/www.mycamelbak.ch\/de\/#organization"},"potentialAction":[{"@type":"SearchAction","target":{"@type":"EntryPoint","urlTemplate":"https:\/\/www.mycamelbak.ch\/de\/?s={search_term_string}"},"query-input":"required name=search_term_string"}],"inLanguage":"de-CH"},{"@type":"Organization","@id":"https:\/\/www.mycamelbak.ch\/de\/#organization","name":"Vetrieb CamelBak Schweiz","url":"https:\/\/www.mycamelbak.ch\/de\/","logo":{"@type":"ImageObject","inLanguage":"de-CH","@id":"https:\/\/www.mycamelbak.ch\/de\/#\/schema\/logo\/image\/","url":"https:\/\/www.mycamelbak.ch\/wp-content\/uploads\/2020\/06\/logo.svg","contentUrl":"https:\/\/www.mycamelbak.ch\/wp-content\/uploads\/2020\/06\/logo.svg","width":300,"height":82,"caption":"Vetrieb CamelBak Schweiz"},"image":{"@id":"https:\/\/www.mycamelbak.ch\/de\/#\/schema\/logo\/image\/"},"sameAs":["https:\/\/www.facebook.com\/CamelBak-CH-105592114526163\/","https:\/\/www.instagram.com\/camelbakch\/","https:\/\/www.linkedin.com\/company\/camelbak-ch\/"]}]}},"_links":{"self":[{"href":"https:\/\/www.mycamelbak.ch\/de\/wp-json\/wp\/v2\/pages\/26973"}],"collection":[{"href":"https:\/\/www.mycamelbak.ch\/de\/wp-json\/wp\/v2\/pages"}],"about":[{"href":"https:\/\/www.mycamelbak.ch\/de\/wp-json\/wp\/v2\/types\/page"}],"author":[{"embeddable":true,"href":"https:\/\/www.mycamelbak.ch\/de\/wp-json\/wp\/v2\/users\/2"}],"replies":[{"embeddable":true,"href":"https:\/\/www.mycamelbak.ch\/de\/wp-json\/wp\/v2\/comments?post=26973"}],"version-history":[{"count":21,"href":"https:\/\/www.mycamelbak.ch\/de\/wp-json\/wp\/v2\/pages\/26973\/revisions"}],"predecessor-version":[{"id":27571,"href":"https:\/\/www.mycamelbak.ch\/de\/wp-json\/wp\/v2\/pages\/26973\/revisions\/27571"}],"wp:attachment":[{"href":"https:\/\/www.mycamelbak.ch\/de\/wp-json\/wp\/v2\/media?parent=26973"}],"curies":[{"name":"wp","href":"https:\/\/api.w.org\/{rel}","templated":true}]}}