{"id":27346,"date":"2026-03-13T14:04:02","date_gmt":"2026-03-13T13:04:02","guid":{"rendered":"https:\/\/www.mycamelbak.ch\/?page_id=27346"},"modified":"2026-03-13T16:05:14","modified_gmt":"2026-03-13T15:05:14","slug":"faq","status":"publish","type":"page","link":"https:\/\/www.mycamelbak.ch\/de\/faq\/","title":{"rendered":"FAQ"},"content":{"rendered":"\n<div class=\"wp-block-columns is-layout-flex wp-container-2 wp-block-columns-is-layout-flex\">\n<div class=\"wp-block-column is-layout-flow wp-block-column-is-layout-flow\"><div class=\"nvlb-faq\">\n  <h2>FAQ<\/h2>\n  <div class=\"faq-items\">\n            <div class=\"faq-item\">\n      <div class=\"item-question\">Versandkosten<span class=\"chevron\"><svg clip-rule=\"evenodd\" fill-rule=\"evenodd\" stroke-linejoin=\"round\" stroke-miterlimit=\"2\" viewBox=\"0 0 60 60\" xmlns=\"http:\/\/www.w3.org\/2000\/svg\"><path d=\"m0-.027-14.913-14.913-2.036 2.034 12.871 12.869-12.871 12.916 2.036 2.034 14.913-14.913-.013-.014z\" fill=\"#221e1f\" fill-rule=\"nonzero\" transform=\"matrix(2.00985 0 0 2.00985 47.0325 30.0271)\"\/><\/svg><\/span><\/div>\n      <div class=\"item-answer\">Die Versandkosten sind bereits in deiner konfigurierten Bestellung enthalten. Bei Zubeh\u00f6r und Ersatzteilen betr\u00e4gt die Basisgeb\u00fchr CHF 9.90.<\/div>\n    <\/div>\n            <div class=\"faq-item\">\n      <div class=\"item-question\">Lieferzeiten<span class=\"chevron\"><svg clip-rule=\"evenodd\" fill-rule=\"evenodd\" stroke-linejoin=\"round\" stroke-miterlimit=\"2\" viewBox=\"0 0 60 60\" xmlns=\"http:\/\/www.w3.org\/2000\/svg\"><path d=\"m0-.027-14.913-14.913-2.036 2.034 12.871 12.869-12.871 12.916 2.036 2.034 14.913-14.913-.013-.014z\" fill=\"#221e1f\" fill-rule=\"nonzero\" transform=\"matrix(2.00985 0 0 2.00985 47.0325 30.0271)\"\/><\/svg><\/span><\/div>\n      <div class=\"item-answer\">Bis 49 Flaschen: Ausschliesslich Digitaldruck, Lieferzeit 3\u20135 Arbeitstage.\r\n\r\nB2B (ab 50 Flaschen): Siebdruck, Digitaldruck oder Lasergravur. Lieferzeit ca. 3\u20134 Wochen (in Einzelf\u00e4llen l\u00e4nger).<\/div>\n    <\/div>\n            <div class=\"faq-item\">\n      <div class=\"item-question\">Zahlungsmethoden<span class=\"chevron\"><svg clip-rule=\"evenodd\" fill-rule=\"evenodd\" stroke-linejoin=\"round\" stroke-miterlimit=\"2\" viewBox=\"0 0 60 60\" xmlns=\"http:\/\/www.w3.org\/2000\/svg\"><path d=\"m0-.027-14.913-14.913-2.036 2.034 12.871 12.869-12.871 12.916 2.036 2.034 14.913-14.913-.013-.014z\" fill=\"#221e1f\" fill-rule=\"nonzero\" transform=\"matrix(2.00985 0 0 2.00985 47.0325 30.0271)\"\/><\/svg><\/span><\/div>\n      <div class=\"item-answer\">Kauf auf Rechnung, Kreditkarte (Visa &amp; Mastercard), PayPal, Twint und PostFinance.<\/div>\n    <\/div>\n            <div class=\"faq-item\">\n      <div class=\"item-question\">R\u00fcckgabe und Umtausch<span class=\"chevron\"><svg clip-rule=\"evenodd\" fill-rule=\"evenodd\" stroke-linejoin=\"round\" stroke-miterlimit=\"2\" viewBox=\"0 0 60 60\" xmlns=\"http:\/\/www.w3.org\/2000\/svg\"><path d=\"m0-.027-14.913-14.913-2.036 2.034 12.871 12.869-12.871 12.916 2.036 2.034 14.913-14.913-.013-.014z\" fill=\"#221e1f\" fill-rule=\"nonzero\" transform=\"matrix(2.00985 0 0 2.00985 47.0325 30.0271)\"\/><\/svg><\/span><\/div>\n      <div class=\"item-answer\">Da die Flaschen individuell f\u00fcr dich produziert werden, ist ein Umtausch grunds\u00e4tzlich ausgeschlossen. Beachte, dass die Darstellung auf den Bildern sowie im Konfigurator zum Endprodukt leichte Abweichungen aufweisen kann. Eine R\u00fcckgabe oder ein Ersatz ist nur m\u00f6glich, wenn ein Produktions- oder Materialfehler vorliegt. Wende dich in diesem Fall umgehend an uns.<\/div>\n    <\/div>\n            <div class=\"faq-item\">\n      <div class=\"item-question\">In welche L\u00e4nder wird geliefert?<span class=\"chevron\"><svg clip-rule=\"evenodd\" fill-rule=\"evenodd\" stroke-linejoin=\"round\" stroke-miterlimit=\"2\" viewBox=\"0 0 60 60\" xmlns=\"http:\/\/www.w3.org\/2000\/svg\"><path d=\"m0-.027-14.913-14.913-2.036 2.034 12.871 12.869-12.871 12.916 2.036 2.034 14.913-14.913-.013-.014z\" fill=\"#221e1f\" fill-rule=\"nonzero\" transform=\"matrix(2.00985 0 0 2.00985 47.0325 30.0271)\"\/><\/svg><\/span><\/div>\n      <div class=\"item-answer\">Wir liefern ausschliesslich in die Schweiz und nach Liechtenstein. Alle Preise verstehen sich inklusive MwSt. sowie Versand- und Verpackungskosten.<\/div>\n    <\/div>\n            <div class=\"faq-item\">\n      <div class=\"item-question\">Was ist B2B?<span class=\"chevron\"><svg clip-rule=\"evenodd\" fill-rule=\"evenodd\" stroke-linejoin=\"round\" stroke-miterlimit=\"2\" viewBox=\"0 0 60 60\" xmlns=\"http:\/\/www.w3.org\/2000\/svg\"><path d=\"m0-.027-14.913-14.913-2.036 2.034 12.871 12.869-12.871 12.916 2.036 2.034 14.913-14.913-.013-.014z\" fill=\"#221e1f\" fill-rule=\"nonzero\" transform=\"matrix(2.00985 0 0 2.00985 47.0325 30.0271)\"\/><\/svg><\/span><\/div>\n      <div class=\"item-answer\">B2B (kurz f\u00fcr Business to Business) bieten wir ab 50 Flaschen an. Wir erstellen ein individuelles Angebot inklusive Gestaltungsservice. Es kommen Druckverfahren wie Siebdruck, Digitaldruck oder Lasergravur zum Einsatz. Lieferzeit ca. 3\u20134 Wochen (in Einzelf\u00e4llen l\u00e4nger).\r\n\r\nF\u00fcr B2B-Bestellungen ben\u00f6tigen wir Ihr Logo als vektorisierte Datei (EPS oder AI) sowie spezifische Farbangaben Ihrer Grafik falls vorhanden (Pantone \/ CMYK). Unser B2B-Angebot finden Sie unter \u201e<a href=\"https:\/\/www.mycamelbak.ch\/de\/organisationen\/\">B2B<\/a>\u201c. Weitere Informationen erhalten Sie von unserem Kundendienst unter <a href=\"https:\/\/www.mycamelbak.ch\/de\/kontakt\/\">custom@intercycle.com<\/a>.<\/div>\n    <\/div>\n            <div class=\"faq-item\">\n      <div class=\"item-question\">Ist der Aufdruck langlebig?<span class=\"chevron\"><svg clip-rule=\"evenodd\" fill-rule=\"evenodd\" stroke-linejoin=\"round\" stroke-miterlimit=\"2\" viewBox=\"0 0 60 60\" xmlns=\"http:\/\/www.w3.org\/2000\/svg\"><path d=\"m0-.027-14.913-14.913-2.036 2.034 12.871 12.869-12.871 12.916 2.036 2.034 14.913-14.913-.013-.014z\" fill=\"#221e1f\" fill-rule=\"nonzero\" transform=\"matrix(2.00985 0 0 2.00985 47.0325 30.0271)\"\/><\/svg><\/span><\/div>\n      <div class=\"item-answer\">Durch den t\u00e4glichen Gebrauch kann es zu normalen Abnutzungserscheinungen kommen. Unsere Drucke sind qualitativ hochwertig, langlebig und ausgiebig getestet.<\/div>\n    <\/div>\n            <div class=\"faq-item\">\n      <div class=\"item-question\">Kann man Zubeh\u00f6r- und Ersatzartikel beziehen?<span class=\"chevron\"><svg clip-rule=\"evenodd\" fill-rule=\"evenodd\" stroke-linejoin=\"round\" stroke-miterlimit=\"2\" viewBox=\"0 0 60 60\" xmlns=\"http:\/\/www.w3.org\/2000\/svg\"><path d=\"m0-.027-14.913-14.913-2.036 2.034 12.871 12.869-12.871 12.916 2.036 2.034 14.913-14.913-.013-.014z\" fill=\"#221e1f\" fill-rule=\"nonzero\" transform=\"matrix(2.00985 0 0 2.00985 47.0325 30.0271)\"\/><\/svg><\/span><\/div>\n      <div class=\"item-answer\">Wir empfehlen Zubeh\u00f6r &amp; Ersatzteile im Handel zu beziehen. Falls dennoch Interesse besteht, wende dich bitte an unseren Kundenservice unter <a href=\"https:\/\/www.mycamelbak.ch\/de\/kontakt\/\">custom@intercycle.com<\/a>. Es fallen Versandkosten von CHF 9.90 pro Paket an.<\/div>\n    <\/div>\n            <div class=\"faq-item\">\n      <div class=\"item-question\">Kann man unbedruckte Flaschen bestellen?<span class=\"chevron\"><svg clip-rule=\"evenodd\" fill-rule=\"evenodd\" stroke-linejoin=\"round\" stroke-miterlimit=\"2\" viewBox=\"0 0 60 60\" xmlns=\"http:\/\/www.w3.org\/2000\/svg\"><path d=\"m0-.027-14.913-14.913-2.036 2.034 12.871 12.869-12.871 12.916 2.036 2.034 14.913-14.913-.013-.014z\" fill=\"#221e1f\" fill-rule=\"nonzero\" transform=\"matrix(2.00985 0 0 2.00985 47.0325 30.0271)\"\/><\/svg><\/span><\/div>\n      <div class=\"item-answer\">Wir empfehlen, unbedruckte Produkte direkt im Handel oder bei unseren Partnern zu beziehen. Falls dennoch Interesse besteht, wende dich bitte an unseren Kundenservice unter <a href=\"https:\/\/www.mycamelbak.ch\/de\/kontakt\/\">custom@intercycle.com<\/a><\/div>\n    <\/div>\n            <div class=\"faq-item\">\n      <div class=\"item-question\">Ich ben\u00f6tige Unterst\u00fctzung bei der Gestaltung<span class=\"chevron\"><svg clip-rule=\"evenodd\" fill-rule=\"evenodd\" stroke-linejoin=\"round\" stroke-miterlimit=\"2\" viewBox=\"0 0 60 60\" xmlns=\"http:\/\/www.w3.org\/2000\/svg\"><path d=\"m0-.027-14.913-14.913-2.036 2.034 12.871 12.869-12.871 12.916 2.036 2.034 14.913-14.913-.013-.014z\" fill=\"#221e1f\" fill-rule=\"nonzero\" transform=\"matrix(2.00985 0 0 2.00985 47.0325 30.0271)\"\/><\/svg><\/span><\/div>\n      <div class=\"item-answer\">Wir helfen die gerne weiter, sei es bei technischen Schwierigkeiten oder bei der Gestaltung deiner Flasche. Melde dich unter <a href=\"https:\/\/www.mycamelbak.ch\/de\/kontakt\/\">custom@intercycle.com<\/a>.<\/div>\n    <\/div>\n      <\/div>\n<\/div>\n\n<\/div>\n<\/div>\n","protected":false},"excerpt":{"rendered":"","protected":false},"author":2,"featured_media":0,"parent":0,"menu_order":6,"comment_status":"closed","ping_status":"closed","template":"","meta":{"_mi_skip_tracking":false,"_monsterinsights_sitenote_active":false,"_monsterinsights_sitenote_note":"","_monsterinsights_sitenote_category":0,"footnotes":""},"yoast_head":"<!-- This site is optimized with the Yoast SEO plugin v21.5 - https:\/\/yoast.com\/wordpress\/plugins\/seo\/ -->\n<title>CamelBak Trinkflaschen - H\u00e4ufig gestellte Fragen<\/title>\n<meta name=\"description\" content=\"Hier findest du alle relevanten Informationen zu unseren CamelBak Trinkflaschen. Wenn du weiterf\u00fchrende Fragen hast, dann melde dich bei uns.\" \/>\n<meta name=\"robots\" content=\"index, follow, max-snippet:-1, max-image-preview:large, max-video-preview:-1\" \/>\n<link rel=\"canonical\" href=\"https:\/\/www.mycamelbak.ch\/de\/faq\/\" \/>\n<meta property=\"og:locale\" content=\"de_DE\" \/>\n<meta property=\"og:type\" content=\"article\" \/>\n<meta property=\"og:title\" content=\"CamelBak Trinkflaschen - H\u00e4ufig gestellte Fragen\" \/>\n<meta property=\"og:description\" content=\"Hier findest du alle relevanten Informationen zu unseren CamelBak Trinkflaschen. Wenn du weiterf\u00fchrende Fragen hast, dann melde dich bei uns.\" \/>\n<meta property=\"og:url\" content=\"https:\/\/www.mycamelbak.ch\/de\/faq\/\" \/>\n<meta property=\"og:site_name\" content=\"MyCamelBak\" \/>\n<meta property=\"article:publisher\" content=\"https:\/\/www.facebook.com\/CamelBak-CH-105592114526163\/\" \/>\n<meta property=\"article:modified_time\" content=\"2026-03-13T15:05:14+00:00\" \/>\n<meta name=\"twitter:card\" content=\"summary_large_image\" \/>\n<meta name=\"twitter:label1\" content=\"Gesch\u00e4tzte Lesezeit\" \/>\n\t<meta name=\"twitter:data1\" content=\"1 Minute\" \/>\n<script type=\"application\/ld+json\" class=\"yoast-schema-graph\">{\"@context\":\"https:\/\/schema.org\",\"@graph\":[{\"@type\":\"WebPage\",\"@id\":\"https:\/\/www.mycamelbak.ch\/de\/faq\/\",\"url\":\"https:\/\/www.mycamelbak.ch\/de\/faq\/\",\"name\":\"CamelBak Trinkflaschen - H\u00e4ufig gestellte Fragen\",\"isPartOf\":{\"@id\":\"https:\/\/www.mycamelbak.ch\/de\/#website\"},\"datePublished\":\"2026-03-13T13:04:02+00:00\",\"dateModified\":\"2026-03-13T15:05:14+00:00\",\"description\":\"Hier findest du alle relevanten Informationen zu unseren CamelBak Trinkflaschen. Wenn du weiterf\u00fchrende Fragen hast, dann melde dich bei uns.\",\"breadcrumb\":{\"@id\":\"https:\/\/www.mycamelbak.ch\/de\/faq\/#breadcrumb\"},\"inLanguage\":\"de-CH\",\"potentialAction\":[{\"@type\":\"ReadAction\",\"target\":[\"https:\/\/www.mycamelbak.ch\/de\/faq\/\"]}]},{\"@type\":\"BreadcrumbList\",\"@id\":\"https:\/\/www.mycamelbak.ch\/de\/faq\/#breadcrumb\",\"itemListElement\":[{\"@type\":\"ListItem\",\"position\":1,\"name\":\"Home\",\"item\":\"https:\/\/www.mycamelbak.ch\/de\/\"},{\"@type\":\"ListItem\",\"position\":2,\"name\":\"FAQ\"}]},{\"@type\":\"WebSite\",\"@id\":\"https:\/\/www.mycamelbak.ch\/de\/#website\",\"url\":\"https:\/\/www.mycamelbak.ch\/de\/\",\"name\":\"MyCamelBak\",\"description\":\"\",\"publisher\":{\"@id\":\"https:\/\/www.mycamelbak.ch\/de\/#organization\"},\"potentialAction\":[{\"@type\":\"SearchAction\",\"target\":{\"@type\":\"EntryPoint\",\"urlTemplate\":\"https:\/\/www.mycamelbak.ch\/de\/?s={search_term_string}\"},\"query-input\":\"required name=search_term_string\"}],\"inLanguage\":\"de-CH\"},{\"@type\":\"Organization\",\"@id\":\"https:\/\/www.mycamelbak.ch\/de\/#organization\",\"name\":\"Vetrieb CamelBak Schweiz\",\"url\":\"https:\/\/www.mycamelbak.ch\/de\/\",\"logo\":{\"@type\":\"ImageObject\",\"inLanguage\":\"de-CH\",\"@id\":\"https:\/\/www.mycamelbak.ch\/de\/#\/schema\/logo\/image\/\",\"url\":\"https:\/\/www.mycamelbak.ch\/wp-content\/uploads\/2020\/06\/logo.svg\",\"contentUrl\":\"https:\/\/www.mycamelbak.ch\/wp-content\/uploads\/2020\/06\/logo.svg\",\"width\":300,\"height\":82,\"caption\":\"Vetrieb CamelBak Schweiz\"},\"image\":{\"@id\":\"https:\/\/www.mycamelbak.ch\/de\/#\/schema\/logo\/image\/\"},\"sameAs\":[\"https:\/\/www.facebook.com\/CamelBak-CH-105592114526163\/\",\"https:\/\/www.instagram.com\/camelbakch\/\",\"https:\/\/www.linkedin.com\/company\/camelbak-ch\/\"]}]}<\/script>\n<!-- \/ Yoast SEO plugin. -->","yoast_head_json":{"title":"CamelBak Trinkflaschen - H\u00e4ufig gestellte Fragen","description":"Hier findest du alle relevanten Informationen zu unseren CamelBak Trinkflaschen. Wenn du weiterf\u00fchrende Fragen hast, dann melde dich bei uns.","robots":{"index":"index","follow":"follow","max-snippet":"max-snippet:-1","max-image-preview":"max-image-preview:large","max-video-preview":"max-video-preview:-1"},"canonical":"https:\/\/www.mycamelbak.ch\/de\/faq\/","og_locale":"de_DE","og_type":"article","og_title":"CamelBak Trinkflaschen - H\u00e4ufig gestellte Fragen","og_description":"Hier findest du alle relevanten Informationen zu unseren CamelBak Trinkflaschen. Wenn du weiterf\u00fchrende Fragen hast, dann melde dich bei uns.","og_url":"https:\/\/www.mycamelbak.ch\/de\/faq\/","og_site_name":"MyCamelBak","article_publisher":"https:\/\/www.facebook.com\/CamelBak-CH-105592114526163\/","article_modified_time":"2026-03-13T15:05:14+00:00","twitter_card":"summary_large_image","twitter_misc":{"Gesch\u00e4tzte Lesezeit":"1 Minute"},"schema":{"@context":"https:\/\/schema.org","@graph":[{"@type":"WebPage","@id":"https:\/\/www.mycamelbak.ch\/de\/faq\/","url":"https:\/\/www.mycamelbak.ch\/de\/faq\/","name":"CamelBak Trinkflaschen - H\u00e4ufig gestellte Fragen","isPartOf":{"@id":"https:\/\/www.mycamelbak.ch\/de\/#website"},"datePublished":"2026-03-13T13:04:02+00:00","dateModified":"2026-03-13T15:05:14+00:00","description":"Hier findest du alle relevanten Informationen zu unseren CamelBak Trinkflaschen. Wenn du weiterf\u00fchrende Fragen hast, dann melde dich bei uns.","breadcrumb":{"@id":"https:\/\/www.mycamelbak.ch\/de\/faq\/#breadcrumb"},"inLanguage":"de-CH","potentialAction":[{"@type":"ReadAction","target":["https:\/\/www.mycamelbak.ch\/de\/faq\/"]}]},{"@type":"BreadcrumbList","@id":"https:\/\/www.mycamelbak.ch\/de\/faq\/#breadcrumb","itemListElement":[{"@type":"ListItem","position":1,"name":"Home","item":"https:\/\/www.mycamelbak.ch\/de\/"},{"@type":"ListItem","position":2,"name":"FAQ"}]},{"@type":"WebSite","@id":"https:\/\/www.mycamelbak.ch\/de\/#website","url":"https:\/\/www.mycamelbak.ch\/de\/","name":"MyCamelBak","description":"","publisher":{"@id":"https:\/\/www.mycamelbak.ch\/de\/#organization"},"potentialAction":[{"@type":"SearchAction","target":{"@type":"EntryPoint","urlTemplate":"https:\/\/www.mycamelbak.ch\/de\/?s={search_term_string}"},"query-input":"required name=search_term_string"}],"inLanguage":"de-CH"},{"@type":"Organization","@id":"https:\/\/www.mycamelbak.ch\/de\/#organization","name":"Vetrieb CamelBak Schweiz","url":"https:\/\/www.mycamelbak.ch\/de\/","logo":{"@type":"ImageObject","inLanguage":"de-CH","@id":"https:\/\/www.mycamelbak.ch\/de\/#\/schema\/logo\/image\/","url":"https:\/\/www.mycamelbak.ch\/wp-content\/uploads\/2020\/06\/logo.svg","contentUrl":"https:\/\/www.mycamelbak.ch\/wp-content\/uploads\/2020\/06\/logo.svg","width":300,"height":82,"caption":"Vetrieb CamelBak Schweiz"},"image":{"@id":"https:\/\/www.mycamelbak.ch\/de\/#\/schema\/logo\/image\/"},"sameAs":["https:\/\/www.facebook.com\/CamelBak-CH-105592114526163\/","https:\/\/www.instagram.com\/camelbakch\/","https:\/\/www.linkedin.com\/company\/camelbak-ch\/"]}]}},"_links":{"self":[{"href":"https:\/\/www.mycamelbak.ch\/de\/wp-json\/wp\/v2\/pages\/27346"}],"collection":[{"href":"https:\/\/www.mycamelbak.ch\/de\/wp-json\/wp\/v2\/pages"}],"about":[{"href":"https:\/\/www.mycamelbak.ch\/de\/wp-json\/wp\/v2\/types\/page"}],"author":[{"embeddable":true,"href":"https:\/\/www.mycamelbak.ch\/de\/wp-json\/wp\/v2\/users\/2"}],"replies":[{"embeddable":true,"href":"https:\/\/www.mycamelbak.ch\/de\/wp-json\/wp\/v2\/comments?post=27346"}],"version-history":[{"count":6,"href":"https:\/\/www.mycamelbak.ch\/de\/wp-json\/wp\/v2\/pages\/27346\/revisions"}],"predecessor-version":[{"id":27421,"href":"https:\/\/www.mycamelbak.ch\/de\/wp-json\/wp\/v2\/pages\/27346\/revisions\/27421"}],"wp:attachment":[{"href":"https:\/\/www.mycamelbak.ch\/de\/wp-json\/wp\/v2\/media?parent=27346"}],"curies":[{"name":"wp","href":"https:\/\/api.w.org\/{rel}","templated":true}]}}