{"id":13973,"date":"2023-03-31T14:18:32","date_gmt":"2023-03-31T12:18:32","guid":{"rendered":"https:\/\/www.mycamelbak.ch\/?post_type=product&#038;p=13973"},"modified":"2025-02-20T14:57:18","modified_gmt":"2025-02-20T13:57:18","slug":"camelbak-chute-mag-bottle-0-75l-raiffeisen","status":"publish","type":"product","link":"https:\/\/www.mycamelbak.ch\/de\/flasche\/camelbak-chute-mag-bottle-0-75l-raiffeisen\/","title":{"rendered":"CamelBak Chute Mag Bottle 0.75l Raiffeisen"},"content":{"rendered":"","protected":false},"excerpt":{"rendered":"<div class=\"woocommerce-product-details__short-description\">\n<p>Die Camelbak Chute Mag Trinkflasche ist immer dabei, egal ob im B\u00fcro, im Fitnesscenter oder beim Wandern in den Bergen. Die neue Chute Mag Flasche von Camelbak bietet einen perfekten Wasserfluss bei einfachster Bedienung. Ein Magnet sorgt daf\u00fcr, dass die Verschlusskappe beim Trinken nicht im Gesicht st\u00f6rt.<\/p>\n<p>Features:<\/p>\n<ul>\n<li>Komfortabler-Tragegriff, absolut dichter Verschluss<\/li>\n<li>Eine halbe Drehung der Trinkkappe gen\u00fcgt, um diese abzuschrauben<\/li>\n<li>Ergonomisch geformtes Mundst\u00fcck f\u00fcr schnelles trinken<\/li>\n<li>Alle Teile sind sp\u00fclmaschinenfest, Langlebig und widerstandsf\u00e4hig<\/li>\n<\/ul>\n<\/div>\n<div class=\"delivery-time\"><\/div>\n","protected":false},"featured_media":537,"comment_status":"closed","ping_status":"closed","template":"","meta":{"_mi_skip_tracking":false,"_monsterinsights_sitenote_active":false,"_monsterinsights_sitenote_note":"","_monsterinsights_sitenote_category":0},"product_cat":[93],"product_tag":[],"tiered_pricing_type":"fixed","tiered_pricing_fixed_rules":[],"yoast_head":"<!-- This site is optimized with the Yoast SEO plugin v21.5 - https:\/\/yoast.com\/wordpress\/plugins\/seo\/ -->\n<title>CamelBak Chute Mag Bottle 0.75l Raiffeisen - MyCamelBak<\/title>\n<meta name=\"robots\" content=\"index, follow, max-snippet:-1, max-image-preview:large, max-video-preview:-1\" \/>\n<link rel=\"canonical\" href=\"https:\/\/www.mycamelbak.ch\/de\/flasche\/camelbak-chute-mag-bottle-0-75l-raiffeisen\/\" \/>\n<meta property=\"og:locale\" content=\"de_DE\" \/>\n<meta property=\"og:type\" content=\"article\" \/>\n<meta property=\"og:title\" content=\"CamelBak Chute Mag Bottle 0.75l Raiffeisen - MyCamelBak\" \/>\n<meta property=\"og:description\" content=\"Die Camelbak Chute Mag Trinkflasche ist immer dabei, egal ob im B\u00fcro, im Fitnesscenter oder beim Wandern in den Bergen. Die neue Chute Mag Flasche von Camelbak bietet einen perfekten Wasserfluss bei einfachster Bedienung. Ein Magnet sorgt daf\u00fcr, dass die Verschlusskappe beim Trinken nicht im Gesicht st\u00f6rt.  Features:   Komfortabler-Tragegriff, absolut dichter Verschluss  Eine halbe Drehung der Trinkkappe gen\u00fcgt, um diese abzuschrauben  Ergonomisch geformtes Mundst\u00fcck f\u00fcr schnelles trinken  Alle Teile sind sp\u00fclmaschinenfest, Langlebig und widerstandsf\u00e4hig\" \/>\n<meta property=\"og:url\" content=\"https:\/\/www.mycamelbak.ch\/de\/flasche\/camelbak-chute-mag-bottle-0-75l-raiffeisen\/\" \/>\n<meta property=\"og:site_name\" content=\"MyCamelBak\" \/>\n<meta property=\"article:publisher\" content=\"https:\/\/www.facebook.com\/CamelBak-CH-105592114526163\/\" \/>\n<meta property=\"article:modified_time\" content=\"2025-02-20T13:57:18+00:00\" \/>\n<meta property=\"og:image\" content=\"https:\/\/www.mycamelbak.ch\/wp-content\/uploads\/2020\/06\/CamelBak_Chute_Mag_Bottle_0.75l_charcoal.jpg\" \/>\n\t<meta property=\"og:image:width\" content=\"1080\" \/>\n\t<meta property=\"og:image:height\" content=\"1080\" \/>\n\t<meta property=\"og:image:type\" content=\"image\/jpeg\" \/>\n<meta name=\"twitter:card\" content=\"summary_large_image\" \/>\n<script type=\"application\/ld+json\" class=\"yoast-schema-graph\">{\"@context\":\"https:\/\/schema.org\",\"@graph\":[{\"@type\":\"WebPage\",\"@id\":\"https:\/\/www.mycamelbak.ch\/de\/flasche\/camelbak-chute-mag-bottle-0-75l-raiffeisen\/\",\"url\":\"https:\/\/www.mycamelbak.ch\/de\/flasche\/camelbak-chute-mag-bottle-0-75l-raiffeisen\/\",\"name\":\"CamelBak Chute Mag Bottle 0.75l Raiffeisen - MyCamelBak\",\"isPartOf\":{\"@id\":\"https:\/\/www.mycamelbak.ch\/de\/#website\"},\"datePublished\":\"2023-03-31T12:18:32+00:00\",\"dateModified\":\"2025-02-20T13:57:18+00:00\",\"breadcrumb\":{\"@id\":\"https:\/\/www.mycamelbak.ch\/de\/flasche\/camelbak-chute-mag-bottle-0-75l-raiffeisen\/#breadcrumb\"},\"inLanguage\":\"de-CH\",\"potentialAction\":[{\"@type\":\"ReadAction\",\"target\":[\"https:\/\/www.mycamelbak.ch\/de\/flasche\/camelbak-chute-mag-bottle-0-75l-raiffeisen\/\"]}]},{\"@type\":\"BreadcrumbList\",\"@id\":\"https:\/\/www.mycamelbak.ch\/de\/flasche\/camelbak-chute-mag-bottle-0-75l-raiffeisen\/#breadcrumb\",\"itemListElement\":[{\"@type\":\"ListItem\",\"position\":1,\"name\":\"Home\",\"item\":\"https:\/\/www.mycamelbak.ch\/de\/\"},{\"@type\":\"ListItem\",\"position\":2,\"name\":\"Shop\",\"item\":\"https:\/\/www.mycamelbak.ch\/de\/shop\/\"},{\"@type\":\"ListItem\",\"position\":3,\"name\":\"CamelBak Chute Mag Bottle 0.75l Raiffeisen\"}]},{\"@type\":\"WebSite\",\"@id\":\"https:\/\/www.mycamelbak.ch\/de\/#website\",\"url\":\"https:\/\/www.mycamelbak.ch\/de\/\",\"name\":\"MyCamelBak\",\"description\":\"\",\"publisher\":{\"@id\":\"https:\/\/www.mycamelbak.ch\/de\/#organization\"},\"potentialAction\":[{\"@type\":\"SearchAction\",\"target\":{\"@type\":\"EntryPoint\",\"urlTemplate\":\"https:\/\/www.mycamelbak.ch\/de\/?s={search_term_string}\"},\"query-input\":\"required name=search_term_string\"}],\"inLanguage\":\"de-CH\"},{\"@type\":\"Organization\",\"@id\":\"https:\/\/www.mycamelbak.ch\/de\/#organization\",\"name\":\"Vetrieb CamelBak Schweiz\",\"url\":\"https:\/\/www.mycamelbak.ch\/de\/\",\"logo\":{\"@type\":\"ImageObject\",\"inLanguage\":\"de-CH\",\"@id\":\"https:\/\/www.mycamelbak.ch\/de\/#\/schema\/logo\/image\/\",\"url\":\"https:\/\/www.mycamelbak.ch\/wp-content\/uploads\/2020\/06\/logo.svg\",\"contentUrl\":\"https:\/\/www.mycamelbak.ch\/wp-content\/uploads\/2020\/06\/logo.svg\",\"width\":300,\"height\":82,\"caption\":\"Vetrieb CamelBak Schweiz\"},\"image\":{\"@id\":\"https:\/\/www.mycamelbak.ch\/de\/#\/schema\/logo\/image\/\"},\"sameAs\":[\"https:\/\/www.facebook.com\/CamelBak-CH-105592114526163\/\",\"https:\/\/www.instagram.com\/camelbakch\/\",\"https:\/\/www.linkedin.com\/company\/camelbak-ch\/\"]}]}<\/script>\n<!-- \/ Yoast SEO plugin. -->","yoast_head_json":{"title":"CamelBak Chute Mag Bottle 0.75l Raiffeisen - MyCamelBak","robots":{"index":"index","follow":"follow","max-snippet":"max-snippet:-1","max-image-preview":"max-image-preview:large","max-video-preview":"max-video-preview:-1"},"canonical":"https:\/\/www.mycamelbak.ch\/de\/flasche\/camelbak-chute-mag-bottle-0-75l-raiffeisen\/","og_locale":"de_DE","og_type":"article","og_title":"CamelBak Chute Mag Bottle 0.75l Raiffeisen - MyCamelBak","og_description":"Die Camelbak Chute Mag Trinkflasche ist immer dabei, egal ob im B\u00fcro, im Fitnesscenter oder beim Wandern in den Bergen. Die neue Chute Mag Flasche von Camelbak bietet einen perfekten Wasserfluss bei einfachster Bedienung. Ein Magnet sorgt daf\u00fcr, dass die Verschlusskappe beim Trinken nicht im Gesicht st\u00f6rt.  Features:   Komfortabler-Tragegriff, absolut dichter Verschluss  Eine halbe Drehung der Trinkkappe gen\u00fcgt, um diese abzuschrauben  Ergonomisch geformtes Mundst\u00fcck f\u00fcr schnelles trinken  Alle Teile sind sp\u00fclmaschinenfest, Langlebig und widerstandsf\u00e4hig","og_url":"https:\/\/www.mycamelbak.ch\/de\/flasche\/camelbak-chute-mag-bottle-0-75l-raiffeisen\/","og_site_name":"MyCamelBak","article_publisher":"https:\/\/www.facebook.com\/CamelBak-CH-105592114526163\/","article_modified_time":"2025-02-20T13:57:18+00:00","og_image":[{"width":1080,"height":1080,"url":"https:\/\/www.mycamelbak.ch\/wp-content\/uploads\/2020\/06\/CamelBak_Chute_Mag_Bottle_0.75l_charcoal.jpg","type":"image\/jpeg"}],"twitter_card":"summary_large_image","schema":{"@context":"https:\/\/schema.org","@graph":[{"@type":"WebPage","@id":"https:\/\/www.mycamelbak.ch\/de\/flasche\/camelbak-chute-mag-bottle-0-75l-raiffeisen\/","url":"https:\/\/www.mycamelbak.ch\/de\/flasche\/camelbak-chute-mag-bottle-0-75l-raiffeisen\/","name":"CamelBak Chute Mag Bottle 0.75l Raiffeisen - MyCamelBak","isPartOf":{"@id":"https:\/\/www.mycamelbak.ch\/de\/#website"},"datePublished":"2023-03-31T12:18:32+00:00","dateModified":"2025-02-20T13:57:18+00:00","breadcrumb":{"@id":"https:\/\/www.mycamelbak.ch\/de\/flasche\/camelbak-chute-mag-bottle-0-75l-raiffeisen\/#breadcrumb"},"inLanguage":"de-CH","potentialAction":[{"@type":"ReadAction","target":["https:\/\/www.mycamelbak.ch\/de\/flasche\/camelbak-chute-mag-bottle-0-75l-raiffeisen\/"]}]},{"@type":"BreadcrumbList","@id":"https:\/\/www.mycamelbak.ch\/de\/flasche\/camelbak-chute-mag-bottle-0-75l-raiffeisen\/#breadcrumb","itemListElement":[{"@type":"ListItem","position":1,"name":"Home","item":"https:\/\/www.mycamelbak.ch\/de\/"},{"@type":"ListItem","position":2,"name":"Shop","item":"https:\/\/www.mycamelbak.ch\/de\/shop\/"},{"@type":"ListItem","position":3,"name":"CamelBak Chute Mag Bottle 0.75l Raiffeisen"}]},{"@type":"WebSite","@id":"https:\/\/www.mycamelbak.ch\/de\/#website","url":"https:\/\/www.mycamelbak.ch\/de\/","name":"MyCamelBak","description":"","publisher":{"@id":"https:\/\/www.mycamelbak.ch\/de\/#organization"},"potentialAction":[{"@type":"SearchAction","target":{"@type":"EntryPoint","urlTemplate":"https:\/\/www.mycamelbak.ch\/de\/?s={search_term_string}"},"query-input":"required name=search_term_string"}],"inLanguage":"de-CH"},{"@type":"Organization","@id":"https:\/\/www.mycamelbak.ch\/de\/#organization","name":"Vetrieb CamelBak Schweiz","url":"https:\/\/www.mycamelbak.ch\/de\/","logo":{"@type":"ImageObject","inLanguage":"de-CH","@id":"https:\/\/www.mycamelbak.ch\/de\/#\/schema\/logo\/image\/","url":"https:\/\/www.mycamelbak.ch\/wp-content\/uploads\/2020\/06\/logo.svg","contentUrl":"https:\/\/www.mycamelbak.ch\/wp-content\/uploads\/2020\/06\/logo.svg","width":300,"height":82,"caption":"Vetrieb CamelBak Schweiz"},"image":{"@id":"https:\/\/www.mycamelbak.ch\/de\/#\/schema\/logo\/image\/"},"sameAs":["https:\/\/www.facebook.com\/CamelBak-CH-105592114526163\/","https:\/\/www.instagram.com\/camelbakch\/","https:\/\/www.linkedin.com\/company\/camelbak-ch\/"]}]}},"_links":{"self":[{"href":"https:\/\/www.mycamelbak.ch\/de\/wp-json\/wp\/v2\/product\/13973"}],"collection":[{"href":"https:\/\/www.mycamelbak.ch\/de\/wp-json\/wp\/v2\/product"}],"about":[{"href":"https:\/\/www.mycamelbak.ch\/de\/wp-json\/wp\/v2\/types\/product"}],"replies":[{"embeddable":true,"href":"https:\/\/www.mycamelbak.ch\/de\/wp-json\/wp\/v2\/comments?post=13973"}],"wp:featuredmedia":[{"embeddable":true,"href":"https:\/\/www.mycamelbak.ch\/de\/wp-json\/wp\/v2\/media\/537"}],"wp:attachment":[{"href":"https:\/\/www.mycamelbak.ch\/de\/wp-json\/wp\/v2\/media?parent=13973"}],"wp:term":[{"taxonomy":"product_cat","embeddable":true,"href":"https:\/\/www.mycamelbak.ch\/de\/wp-json\/wp\/v2\/product_cat?post=13973"},{"taxonomy":"product_tag","embeddable":true,"href":"https:\/\/www.mycamelbak.ch\/de\/wp-json\/wp\/v2\/product_tag?post=13973"}],"curies":[{"name":"wp","href":"https:\/\/api.w.org\/{rel}","templated":true}]}}