{"id":15808,"date":"2023-07-25T20:56:12","date_gmt":"2023-07-25T18:56:12","guid":{"rendered":"https:\/\/www.mycamelbak.ch\/?post_type=product&#038;p=15808"},"modified":"2026-02-27T15:53:47","modified_gmt":"2026-02-27T14:53:47","slug":"camelbak-eddy-kids-bottle-0-4l-wildlife-edition","status":"publish","type":"product","link":"https:\/\/www.mycamelbak.ch\/de\/flasche\/camelbak-eddy-kids-bottle-0-4l-wildlife-edition\/","title":{"rendered":"CamelBak Eddy+ Kids Bottle 0.4l WILDLIFE Edition"},"content":{"rendered":"<p>&nbsp;<\/p>\n<p>&nbsp;<\/p>\n","protected":false},"excerpt":{"rendered":"<p><span style=\"color: #000000;\"><strong>UVP: CHF 42.90<\/strong><\/span><\/p>\n<p>Machen Sie Ihre Kinder gl\u00fccklich und sorgen Sie daf\u00fcr, dass sie genug trinken. Die Eddy\u00ae+-Kids-Wasserflasche ist aus Echo\u2122, einem zu 10 % erneuerbarem, pflanzlichen Material, hergestellt. Die leichte und haltbare Flasche verhindert im offenen Zustand Versch\u00fctten und ist im geschlossen Zustand auslaufsicher. Kein Kippen erforderlich \u2013 einfach aufklappen, bei\u00dfen und trinken Einfach zu reinigen und BPA-, BPS- und BPF-frei. Empfohlen ab drei Jahren. \u00d6ffnen, bei\u00dfen, trinken: Trinkstrohhalm.<\/p>\n<div><strong>Features:<\/strong><\/div>\n<ul>\n<li>Auslaufsicher: Im geschlossen Zustand auslaufsicher, im offenen Zustand kein Versch\u00fctten.<\/li>\n<li>Leicht zu tragen: Praktischer Tragegriff.<\/li>\n<li>Leicht und haltbar<\/li>\n<li>Geruchs- und schmutzabweisend<\/li>\n<li>Einfach zu reinigen: Im obersten Geschirrkorb sp\u00fclmaschinenfest.<\/li>\n<li>Sauberes Trinken: BPA-, BPS- und BPF-frei<\/li>\n<li>Passende Deckel: Kompatibel mit Chute\u00ae Mag &#8211; und Carry-Deckeln.<\/li>\n<li>Ab drei Jahren.<\/li>\n<\/ul>\n<p><strong>So funktioniert der Konfigurator:<\/strong><\/p>\n<ol>\n<li>Struktur: Eine der drei Flaschenfarben ausw\u00e4hlen.<\/li>\n<li>Text: Name oder pers\u00f6nlichen Text hinzuf\u00fcgen &amp; platzieren.<\/li>\n<li>Bild: Eine der acht Wildlife-Grafiken ausw\u00e4hlen &amp; platzieren.<\/li>\n<li>Menge: Anzahl ausw\u00e4hlen.<\/li>\n<li>Kontrollieren und Artikel in den Warenkorb legen.<\/li>\n<\/ol>\n<p><strong>Download Malvorlagen:<\/strong><\/p>\n<ul>\n<li><a href=\"https:\/\/www.mycamelbak.ch\/wp-content\/uploads\/2023\/07\/Afrika_Malvorlage-1.pdf\" target=\"_blank\" rel=\"noopener\">Malvorlage Afrika<\/a> (PDF)<\/li>\n<li><a href=\"https:\/\/www.mycamelbak.ch\/wp-content\/uploads\/2023\/07\/Antarktis_Malvorlage-1.pdf\" target=\"_blank\" rel=\"noopener\">Malvorlage Ant(Arktis)<\/a> (PDF)<\/li>\n<li><a href=\"https:\/\/www.mycamelbak.ch\/wp-content\/uploads\/2023\/07\/Asien_Malvorlage-1.pdf\" target=\"_blank\" rel=\"noopener\">Malvorlage Asien<\/a> (PDF)<\/li>\n<li><a href=\"https:\/\/www.mycamelbak.ch\/wp-content\/uploads\/2023\/07\/Australien_Malvorlage.pdf\" target=\"_blank\" rel=\"noopener\">Malvorlage Australien<\/a> (PDF)<\/li>\n<li><a href=\"https:\/\/www.mycamelbak.ch\/wp-content\/uploads\/2023\/07\/Europa_Malvorlage-1.pdf\" target=\"_blank\" rel=\"noopener\">Malvorlage Europa<\/a> (PDF)<\/li>\n<li><a href=\"https:\/\/www.mycamelbak.ch\/wp-content\/uploads\/2023\/07\/Nordamerika_Malvorlage-1.pdf\" target=\"_blank\" rel=\"noopener\">Malvorlage Nordamerika<\/a> (PDF)<\/li>\n<li><a href=\"https:\/\/www.mycamelbak.ch\/wp-content\/uploads\/2023\/07\/Ozean_Malvorlage-1.pdf\" target=\"_blank\" rel=\"noopener\">Malvorlage Ozean<\/a> (PDF)<\/li>\n<li><a href=\"https:\/\/www.mycamelbak.ch\/wp-content\/uploads\/2023\/07\/Suedamerika_Malvorlage-1.pdf\" target=\"_blank\" rel=\"noopener\">Malvorlage S\u00fcdamerika<\/a> (PDF)<\/li>\n<\/ul>\n","protected":false},"featured_media":26956,"comment_status":"closed","ping_status":"closed","template":"","meta":{"_mi_skip_tracking":false,"_monsterinsights_sitenote_active":false,"_monsterinsights_sitenote_note":"","_monsterinsights_sitenote_category":0},"product_cat":[34],"product_tag":[57],"tiered_pricing_type":"fixed","tiered_pricing_fixed_rules":[],"yoast_head":"<!-- This site is optimized with the Yoast SEO plugin v21.5 - https:\/\/yoast.com\/wordpress\/plugins\/seo\/ -->\n<title>CamelBak Eddy+ Kids Bottle 0.4l WILDLIFE Edition - MyCamelBak<\/title>\n<meta name=\"robots\" content=\"index, follow, max-snippet:-1, max-image-preview:large, max-video-preview:-1\" \/>\n<link rel=\"canonical\" href=\"https:\/\/www.mycamelbak.ch\/de\/flasche\/camelbak-eddy-kids-bottle-0-4l-wildlife-edition\/\" \/>\n<meta property=\"og:locale\" content=\"de_DE\" \/>\n<meta property=\"og:type\" content=\"article\" \/>\n<meta property=\"og:title\" content=\"CamelBak Eddy+ Kids Bottle 0.4l WILDLIFE Edition - MyCamelBak\" \/>\n<meta property=\"og:description\" content=\"UVP: CHF 42.90  Machen Sie Ihre Kinder gl\u00fccklich und sorgen Sie daf\u00fcr, dass sie genug trinken. Die Eddy\u00ae+-Kids-Wasserflasche ist aus Echo\u2122, einem zu 10 % erneuerbarem, pflanzlichen Material, hergestellt. Die leichte und haltbare Flasche verhindert im offenen Zustand Versch\u00fctten und ist im geschlossen Zustand auslaufsicher. Kein Kippen erforderlich \u2013 einfach aufklappen, bei\u00dfen und trinken Einfach zu reinigen und BPA-, BPS- und BPF-frei. Empfohlen ab drei Jahren. \u00d6ffnen, bei\u00dfen, trinken: Trinkstrohhalm. Features:   Auslaufsicher: Im geschlossen Zustand auslaufsicher, im offenen Zustand kein Versch\u00fctten.  Leicht zu tragen: Praktischer Tragegriff.  Leicht und haltbar  Geruchs- und schmutzabweisend  Einfach zu reinigen: Im obersten Geschirrkorb sp\u00fclmaschinenfest.  Sauberes Trinken: BPA-, BPS- und BPF-frei  Passende Deckel: Kompatibel mit Chute\u00ae Mag - und Carry-Deckeln.  Ab drei Jahren.  So funktioniert der Konfigurator:   Struktur: Eine der drei Flaschenfarben ausw\u00e4hlen.  Text: Name oder pers\u00f6nlichen Text hinzuf\u00fcgen &amp; platzieren.  Bild: Eine der acht Wildlife-Grafiken ausw\u00e4hlen &amp; platzieren.  Menge: Anzahl ausw\u00e4hlen.  Kontrollieren und Artikel in den Warenkorb legen.  Download Malvorlagen:   Malvorlage Afrika (PDF)  Malvorlage Ant(Arktis) (PDF)  Malvorlage Asien (PDF)  Malvorlage Australien (PDF)  Malvorlage Europa (PDF)  Malvorlage Nordamerika (PDF)  Malvorlage Ozean (PDF)  Malvorlage S\u00fcdamerika (PDF)\" \/>\n<meta property=\"og:url\" content=\"https:\/\/www.mycamelbak.ch\/de\/flasche\/camelbak-eddy-kids-bottle-0-4l-wildlife-edition\/\" \/>\n<meta property=\"og:site_name\" content=\"MyCamelBak\" \/>\n<meta property=\"article:publisher\" content=\"https:\/\/www.facebook.com\/CamelBak-CH-105592114526163\/\" \/>\n<meta property=\"article:modified_time\" content=\"2026-02-27T14:53:47+00:00\" \/>\n<meta property=\"og:image\" content=\"https:\/\/www.mycamelbak.ch\/wp-content\/uploads\/2025\/01\/flip_straw_kids_wildlife_04l-1.jpg\" \/>\n\t<meta property=\"og:image:width\" content=\"1080\" \/>\n\t<meta property=\"og:image:height\" content=\"1080\" \/>\n\t<meta property=\"og:image:type\" content=\"image\/jpeg\" \/>\n<meta name=\"twitter:card\" content=\"summary_large_image\" \/>\n<script type=\"application\/ld+json\" class=\"yoast-schema-graph\">{\"@context\":\"https:\/\/schema.org\",\"@graph\":[{\"@type\":\"WebPage\",\"@id\":\"https:\/\/www.mycamelbak.ch\/de\/flasche\/camelbak-eddy-kids-bottle-0-4l-wildlife-edition\/\",\"url\":\"https:\/\/www.mycamelbak.ch\/de\/flasche\/camelbak-eddy-kids-bottle-0-4l-wildlife-edition\/\",\"name\":\"CamelBak Eddy+ Kids Bottle 0.4l WILDLIFE Edition - MyCamelBak\",\"isPartOf\":{\"@id\":\"https:\/\/www.mycamelbak.ch\/de\/#website\"},\"datePublished\":\"2023-07-25T18:56:12+00:00\",\"dateModified\":\"2026-02-27T14:53:47+00:00\",\"breadcrumb\":{\"@id\":\"https:\/\/www.mycamelbak.ch\/de\/flasche\/camelbak-eddy-kids-bottle-0-4l-wildlife-edition\/#breadcrumb\"},\"inLanguage\":\"de-CH\",\"potentialAction\":[{\"@type\":\"ReadAction\",\"target\":[\"https:\/\/www.mycamelbak.ch\/de\/flasche\/camelbak-eddy-kids-bottle-0-4l-wildlife-edition\/\"]}]},{\"@type\":\"BreadcrumbList\",\"@id\":\"https:\/\/www.mycamelbak.ch\/de\/flasche\/camelbak-eddy-kids-bottle-0-4l-wildlife-edition\/#breadcrumb\",\"itemListElement\":[{\"@type\":\"ListItem\",\"position\":1,\"name\":\"Home\",\"item\":\"https:\/\/www.mycamelbak.ch\/de\/\"},{\"@type\":\"ListItem\",\"position\":2,\"name\":\"Shop\",\"item\":\"https:\/\/www.mycamelbak.ch\/de\/shop\/\"},{\"@type\":\"ListItem\",\"position\":3,\"name\":\"CamelBak Eddy+ Kids Bottle 0.4l WILDLIFE Edition\"}]},{\"@type\":\"WebSite\",\"@id\":\"https:\/\/www.mycamelbak.ch\/de\/#website\",\"url\":\"https:\/\/www.mycamelbak.ch\/de\/\",\"name\":\"MyCamelBak\",\"description\":\"\",\"publisher\":{\"@id\":\"https:\/\/www.mycamelbak.ch\/de\/#organization\"},\"potentialAction\":[{\"@type\":\"SearchAction\",\"target\":{\"@type\":\"EntryPoint\",\"urlTemplate\":\"https:\/\/www.mycamelbak.ch\/de\/?s={search_term_string}\"},\"query-input\":\"required name=search_term_string\"}],\"inLanguage\":\"de-CH\"},{\"@type\":\"Organization\",\"@id\":\"https:\/\/www.mycamelbak.ch\/de\/#organization\",\"name\":\"Vetrieb CamelBak Schweiz\",\"url\":\"https:\/\/www.mycamelbak.ch\/de\/\",\"logo\":{\"@type\":\"ImageObject\",\"inLanguage\":\"de-CH\",\"@id\":\"https:\/\/www.mycamelbak.ch\/de\/#\/schema\/logo\/image\/\",\"url\":\"https:\/\/www.mycamelbak.ch\/wp-content\/uploads\/2020\/06\/logo.svg\",\"contentUrl\":\"https:\/\/www.mycamelbak.ch\/wp-content\/uploads\/2020\/06\/logo.svg\",\"width\":300,\"height\":82,\"caption\":\"Vetrieb CamelBak Schweiz\"},\"image\":{\"@id\":\"https:\/\/www.mycamelbak.ch\/de\/#\/schema\/logo\/image\/\"},\"sameAs\":[\"https:\/\/www.facebook.com\/CamelBak-CH-105592114526163\/\",\"https:\/\/www.instagram.com\/camelbakch\/\",\"https:\/\/www.linkedin.com\/company\/camelbak-ch\/\"]}]}<\/script>\n<!-- \/ Yoast SEO plugin. -->","yoast_head_json":{"title":"CamelBak Eddy+ Kids Bottle 0.4l WILDLIFE Edition - MyCamelBak","robots":{"index":"index","follow":"follow","max-snippet":"max-snippet:-1","max-image-preview":"max-image-preview:large","max-video-preview":"max-video-preview:-1"},"canonical":"https:\/\/www.mycamelbak.ch\/de\/flasche\/camelbak-eddy-kids-bottle-0-4l-wildlife-edition\/","og_locale":"de_DE","og_type":"article","og_title":"CamelBak Eddy+ Kids Bottle 0.4l WILDLIFE Edition - MyCamelBak","og_description":"UVP: CHF 42.90  Machen Sie Ihre Kinder gl\u00fccklich und sorgen Sie daf\u00fcr, dass sie genug trinken. Die Eddy\u00ae+-Kids-Wasserflasche ist aus Echo\u2122, einem zu 10 % erneuerbarem, pflanzlichen Material, hergestellt. Die leichte und haltbare Flasche verhindert im offenen Zustand Versch\u00fctten und ist im geschlossen Zustand auslaufsicher. Kein Kippen erforderlich \u2013 einfach aufklappen, bei\u00dfen und trinken Einfach zu reinigen und BPA-, BPS- und BPF-frei. Empfohlen ab drei Jahren. \u00d6ffnen, bei\u00dfen, trinken: Trinkstrohhalm. Features:   Auslaufsicher: Im geschlossen Zustand auslaufsicher, im offenen Zustand kein Versch\u00fctten.  Leicht zu tragen: Praktischer Tragegriff.  Leicht und haltbar  Geruchs- und schmutzabweisend  Einfach zu reinigen: Im obersten Geschirrkorb sp\u00fclmaschinenfest.  Sauberes Trinken: BPA-, BPS- und BPF-frei  Passende Deckel: Kompatibel mit Chute\u00ae Mag - und Carry-Deckeln.  Ab drei Jahren.  So funktioniert der Konfigurator:   Struktur: Eine der drei Flaschenfarben ausw\u00e4hlen.  Text: Name oder pers\u00f6nlichen Text hinzuf\u00fcgen &amp; platzieren.  Bild: Eine der acht Wildlife-Grafiken ausw\u00e4hlen &amp; platzieren.  Menge: Anzahl ausw\u00e4hlen.  Kontrollieren und Artikel in den Warenkorb legen.  Download Malvorlagen:   Malvorlage Afrika (PDF)  Malvorlage Ant(Arktis) (PDF)  Malvorlage Asien (PDF)  Malvorlage Australien (PDF)  Malvorlage Europa (PDF)  Malvorlage Nordamerika (PDF)  Malvorlage Ozean (PDF)  Malvorlage S\u00fcdamerika (PDF)","og_url":"https:\/\/www.mycamelbak.ch\/de\/flasche\/camelbak-eddy-kids-bottle-0-4l-wildlife-edition\/","og_site_name":"MyCamelBak","article_publisher":"https:\/\/www.facebook.com\/CamelBak-CH-105592114526163\/","article_modified_time":"2026-02-27T14:53:47+00:00","og_image":[{"width":1080,"height":1080,"url":"https:\/\/www.mycamelbak.ch\/wp-content\/uploads\/2025\/01\/flip_straw_kids_wildlife_04l-1.jpg","type":"image\/jpeg"}],"twitter_card":"summary_large_image","schema":{"@context":"https:\/\/schema.org","@graph":[{"@type":"WebPage","@id":"https:\/\/www.mycamelbak.ch\/de\/flasche\/camelbak-eddy-kids-bottle-0-4l-wildlife-edition\/","url":"https:\/\/www.mycamelbak.ch\/de\/flasche\/camelbak-eddy-kids-bottle-0-4l-wildlife-edition\/","name":"CamelBak Eddy+ Kids Bottle 0.4l WILDLIFE Edition - MyCamelBak","isPartOf":{"@id":"https:\/\/www.mycamelbak.ch\/de\/#website"},"datePublished":"2023-07-25T18:56:12+00:00","dateModified":"2026-02-27T14:53:47+00:00","breadcrumb":{"@id":"https:\/\/www.mycamelbak.ch\/de\/flasche\/camelbak-eddy-kids-bottle-0-4l-wildlife-edition\/#breadcrumb"},"inLanguage":"de-CH","potentialAction":[{"@type":"ReadAction","target":["https:\/\/www.mycamelbak.ch\/de\/flasche\/camelbak-eddy-kids-bottle-0-4l-wildlife-edition\/"]}]},{"@type":"BreadcrumbList","@id":"https:\/\/www.mycamelbak.ch\/de\/flasche\/camelbak-eddy-kids-bottle-0-4l-wildlife-edition\/#breadcrumb","itemListElement":[{"@type":"ListItem","position":1,"name":"Home","item":"https:\/\/www.mycamelbak.ch\/de\/"},{"@type":"ListItem","position":2,"name":"Shop","item":"https:\/\/www.mycamelbak.ch\/de\/shop\/"},{"@type":"ListItem","position":3,"name":"CamelBak Eddy+ Kids Bottle 0.4l WILDLIFE Edition"}]},{"@type":"WebSite","@id":"https:\/\/www.mycamelbak.ch\/de\/#website","url":"https:\/\/www.mycamelbak.ch\/de\/","name":"MyCamelBak","description":"","publisher":{"@id":"https:\/\/www.mycamelbak.ch\/de\/#organization"},"potentialAction":[{"@type":"SearchAction","target":{"@type":"EntryPoint","urlTemplate":"https:\/\/www.mycamelbak.ch\/de\/?s={search_term_string}"},"query-input":"required name=search_term_string"}],"inLanguage":"de-CH"},{"@type":"Organization","@id":"https:\/\/www.mycamelbak.ch\/de\/#organization","name":"Vetrieb CamelBak Schweiz","url":"https:\/\/www.mycamelbak.ch\/de\/","logo":{"@type":"ImageObject","inLanguage":"de-CH","@id":"https:\/\/www.mycamelbak.ch\/de\/#\/schema\/logo\/image\/","url":"https:\/\/www.mycamelbak.ch\/wp-content\/uploads\/2020\/06\/logo.svg","contentUrl":"https:\/\/www.mycamelbak.ch\/wp-content\/uploads\/2020\/06\/logo.svg","width":300,"height":82,"caption":"Vetrieb CamelBak Schweiz"},"image":{"@id":"https:\/\/www.mycamelbak.ch\/de\/#\/schema\/logo\/image\/"},"sameAs":["https:\/\/www.facebook.com\/CamelBak-CH-105592114526163\/","https:\/\/www.instagram.com\/camelbakch\/","https:\/\/www.linkedin.com\/company\/camelbak-ch\/"]}]}},"_links":{"self":[{"href":"https:\/\/www.mycamelbak.ch\/de\/wp-json\/wp\/v2\/product\/15808"}],"collection":[{"href":"https:\/\/www.mycamelbak.ch\/de\/wp-json\/wp\/v2\/product"}],"about":[{"href":"https:\/\/www.mycamelbak.ch\/de\/wp-json\/wp\/v2\/types\/product"}],"replies":[{"embeddable":true,"href":"https:\/\/www.mycamelbak.ch\/de\/wp-json\/wp\/v2\/comments?post=15808"}],"wp:featuredmedia":[{"embeddable":true,"href":"https:\/\/www.mycamelbak.ch\/de\/wp-json\/wp\/v2\/media\/26956"}],"wp:attachment":[{"href":"https:\/\/www.mycamelbak.ch\/de\/wp-json\/wp\/v2\/media?parent=15808"}],"wp:term":[{"taxonomy":"product_cat","embeddable":true,"href":"https:\/\/www.mycamelbak.ch\/de\/wp-json\/wp\/v2\/product_cat?post=15808"},{"taxonomy":"product_tag","embeddable":true,"href":"https:\/\/www.mycamelbak.ch\/de\/wp-json\/wp\/v2\/product_tag?post=15808"}],"curies":[{"name":"wp","href":"https:\/\/api.w.org\/{rel}","templated":true}]}}