{"id":20869,"date":"2025-01-24T10:59:25","date_gmt":"2025-01-24T09:59:25","guid":{"rendered":"https:\/\/www.mycamelbak.ch\/?post_type=product&#038;p=20869"},"modified":"2026-02-27T15:46:12","modified_gmt":"2026-02-27T14:46:12","slug":"camelbak-thrive-flip-straw-vi-600ml","status":"publish","type":"product","link":"https:\/\/www.mycamelbak.ch\/de\/flasche\/camelbak-thrive-flip-straw-vi-600ml\/","title":{"rendered":"CamelBak Thrive Flip Straw V.I. 0.6l"},"content":{"rendered":"","protected":false},"excerpt":{"rendered":"<p>Flippen, bei\u00dfen und schl\u00fcrfen. Der Weg zu einer optimalen t\u00e4glichen Fl\u00fcssigkeitszufuhr ist gesichert. Die Thrive Flip Straw VSS Trinkflasche f\u00fcr den Alltag besteht aus doppelwandigem, vakuumisoliertem Edelstahl. Getr\u00e4nke bleiben darin hei\u00df oder kalt. Der Flip Straw-Verschluss und das Bei\u00dfventil sind auslaufsicher, wenn das System geschlossen und offen ist. Gleichzeitig ist ein hoher Durchfluss garantiert. Geruchs- und schmutzabweisend, sp\u00fclmaschinenfest und frei von BPA, BPS und BPF.<\/p>\n<ul>\n<li>Edelstahl<\/li>\n<li>Drehen, bei\u00dfen, schl\u00fcrfen: trinke durch den Strohhalm<\/li>\n<li>Leak-Proof: auslaufsicher im geschlossenen Zustand, auslaufsicher im ge\u00f6ffneten Zustand<\/li>\n<li>Leicht zu tragen: komfortabler Tragegriff<\/li>\n<li>Einfach zu reinigen<\/li>\n<li>Doppelwandiger, vakuumisolierter Edelstahl<\/li>\n<\/ul>\n","protected":false},"featured_media":26941,"comment_status":"closed","ping_status":"closed","template":"","meta":{"_mi_skip_tracking":false,"_monsterinsights_sitenote_active":false,"_monsterinsights_sitenote_note":"","_monsterinsights_sitenote_category":0},"product_cat":[35,34],"product_tag":[57],"tiered_pricing_type":"fixed","tiered_pricing_fixed_rules":{"10":"55.10","25":"53.90"},"yoast_head":"<!-- This site is optimized with the Yoast SEO plugin v21.5 - https:\/\/yoast.com\/wordpress\/plugins\/seo\/ -->\n<title>CamelBak Thrive Flip Straw V.I. 0.6l - MyCamelBak<\/title>\n<meta name=\"robots\" content=\"index, follow, max-snippet:-1, max-image-preview:large, max-video-preview:-1\" \/>\n<link rel=\"canonical\" href=\"https:\/\/www.mycamelbak.ch\/de\/flasche\/camelbak-thrive-flip-straw-vi-600ml\/\" \/>\n<meta property=\"og:locale\" content=\"de_DE\" \/>\n<meta property=\"og:type\" content=\"article\" \/>\n<meta property=\"og:title\" content=\"CamelBak Thrive Flip Straw V.I. 0.6l - MyCamelBak\" \/>\n<meta property=\"og:description\" content=\"Flippen, bei\u00dfen und schl\u00fcrfen. Der Weg zu einer optimalen t\u00e4glichen Fl\u00fcssigkeitszufuhr ist gesichert. Die Thrive Flip Straw VSS Trinkflasche f\u00fcr den Alltag besteht aus doppelwandigem, vakuumisoliertem Edelstahl. Getr\u00e4nke bleiben darin hei\u00df oder kalt. Der Flip Straw-Verschluss und das Bei\u00dfventil sind auslaufsicher, wenn das System geschlossen und offen ist. Gleichzeitig ist ein hoher Durchfluss garantiert. Geruchs- und schmutzabweisend, sp\u00fclmaschinenfest und frei von BPA, BPS und BPF.   Edelstahl  Drehen, bei\u00dfen, schl\u00fcrfen: trinke durch den Strohhalm  Leak-Proof: auslaufsicher im geschlossenen Zustand, auslaufsicher im ge\u00f6ffneten Zustand  Leicht zu tragen: komfortabler Tragegriff  Einfach zu reinigen  Doppelwandiger, vakuumisolierter Edelstahl\" \/>\n<meta property=\"og:url\" content=\"https:\/\/www.mycamelbak.ch\/de\/flasche\/camelbak-thrive-flip-straw-vi-600ml\/\" \/>\n<meta property=\"og:site_name\" content=\"MyCamelBak\" \/>\n<meta property=\"article:publisher\" content=\"https:\/\/www.facebook.com\/CamelBak-CH-105592114526163\/\" \/>\n<meta property=\"article:modified_time\" content=\"2026-02-27T14:46:12+00:00\" \/>\n<meta property=\"og:image\" content=\"https:\/\/www.mycamelbak.ch\/wp-content\/uploads\/2025\/01\/thrive_flip_straw_vi_06l-1.jpg\" \/>\n\t<meta property=\"og:image:width\" content=\"1080\" \/>\n\t<meta property=\"og:image:height\" content=\"1080\" \/>\n\t<meta property=\"og:image:type\" content=\"image\/jpeg\" \/>\n<meta name=\"twitter:card\" content=\"summary_large_image\" \/>\n<script type=\"application\/ld+json\" class=\"yoast-schema-graph\">{\"@context\":\"https:\/\/schema.org\",\"@graph\":[{\"@type\":\"WebPage\",\"@id\":\"https:\/\/www.mycamelbak.ch\/de\/flasche\/camelbak-thrive-flip-straw-vi-600ml\/\",\"url\":\"https:\/\/www.mycamelbak.ch\/de\/flasche\/camelbak-thrive-flip-straw-vi-600ml\/\",\"name\":\"CamelBak Thrive Flip Straw V.I. 0.6l - MyCamelBak\",\"isPartOf\":{\"@id\":\"https:\/\/www.mycamelbak.ch\/de\/#website\"},\"datePublished\":\"2025-01-24T09:59:25+00:00\",\"dateModified\":\"2026-02-27T14:46:12+00:00\",\"breadcrumb\":{\"@id\":\"https:\/\/www.mycamelbak.ch\/de\/flasche\/camelbak-thrive-flip-straw-vi-600ml\/#breadcrumb\"},\"inLanguage\":\"de-CH\",\"potentialAction\":[{\"@type\":\"ReadAction\",\"target\":[\"https:\/\/www.mycamelbak.ch\/de\/flasche\/camelbak-thrive-flip-straw-vi-600ml\/\"]}]},{\"@type\":\"BreadcrumbList\",\"@id\":\"https:\/\/www.mycamelbak.ch\/de\/flasche\/camelbak-thrive-flip-straw-vi-600ml\/#breadcrumb\",\"itemListElement\":[{\"@type\":\"ListItem\",\"position\":1,\"name\":\"Home\",\"item\":\"https:\/\/www.mycamelbak.ch\/de\/\"},{\"@type\":\"ListItem\",\"position\":2,\"name\":\"Shop\",\"item\":\"https:\/\/www.mycamelbak.ch\/de\/shop\/\"},{\"@type\":\"ListItem\",\"position\":3,\"name\":\"CamelBak Thrive Flip Straw V.I. 0.6l\"}]},{\"@type\":\"WebSite\",\"@id\":\"https:\/\/www.mycamelbak.ch\/de\/#website\",\"url\":\"https:\/\/www.mycamelbak.ch\/de\/\",\"name\":\"MyCamelBak\",\"description\":\"\",\"publisher\":{\"@id\":\"https:\/\/www.mycamelbak.ch\/de\/#organization\"},\"potentialAction\":[{\"@type\":\"SearchAction\",\"target\":{\"@type\":\"EntryPoint\",\"urlTemplate\":\"https:\/\/www.mycamelbak.ch\/de\/?s={search_term_string}\"},\"query-input\":\"required name=search_term_string\"}],\"inLanguage\":\"de-CH\"},{\"@type\":\"Organization\",\"@id\":\"https:\/\/www.mycamelbak.ch\/de\/#organization\",\"name\":\"Vetrieb CamelBak Schweiz\",\"url\":\"https:\/\/www.mycamelbak.ch\/de\/\",\"logo\":{\"@type\":\"ImageObject\",\"inLanguage\":\"de-CH\",\"@id\":\"https:\/\/www.mycamelbak.ch\/de\/#\/schema\/logo\/image\/\",\"url\":\"https:\/\/www.mycamelbak.ch\/wp-content\/uploads\/2020\/06\/logo.svg\",\"contentUrl\":\"https:\/\/www.mycamelbak.ch\/wp-content\/uploads\/2020\/06\/logo.svg\",\"width\":300,\"height\":82,\"caption\":\"Vetrieb CamelBak Schweiz\"},\"image\":{\"@id\":\"https:\/\/www.mycamelbak.ch\/de\/#\/schema\/logo\/image\/\"},\"sameAs\":[\"https:\/\/www.facebook.com\/CamelBak-CH-105592114526163\/\",\"https:\/\/www.instagram.com\/camelbakch\/\",\"https:\/\/www.linkedin.com\/company\/camelbak-ch\/\"]}]}<\/script>\n<!-- \/ Yoast SEO plugin. -->","yoast_head_json":{"title":"CamelBak Thrive Flip Straw V.I. 0.6l - MyCamelBak","robots":{"index":"index","follow":"follow","max-snippet":"max-snippet:-1","max-image-preview":"max-image-preview:large","max-video-preview":"max-video-preview:-1"},"canonical":"https:\/\/www.mycamelbak.ch\/de\/flasche\/camelbak-thrive-flip-straw-vi-600ml\/","og_locale":"de_DE","og_type":"article","og_title":"CamelBak Thrive Flip Straw V.I. 0.6l - MyCamelBak","og_description":"Flippen, bei\u00dfen und schl\u00fcrfen. Der Weg zu einer optimalen t\u00e4glichen Fl\u00fcssigkeitszufuhr ist gesichert. Die Thrive Flip Straw VSS Trinkflasche f\u00fcr den Alltag besteht aus doppelwandigem, vakuumisoliertem Edelstahl. Getr\u00e4nke bleiben darin hei\u00df oder kalt. Der Flip Straw-Verschluss und das Bei\u00dfventil sind auslaufsicher, wenn das System geschlossen und offen ist. Gleichzeitig ist ein hoher Durchfluss garantiert. Geruchs- und schmutzabweisend, sp\u00fclmaschinenfest und frei von BPA, BPS und BPF.   Edelstahl  Drehen, bei\u00dfen, schl\u00fcrfen: trinke durch den Strohhalm  Leak-Proof: auslaufsicher im geschlossenen Zustand, auslaufsicher im ge\u00f6ffneten Zustand  Leicht zu tragen: komfortabler Tragegriff  Einfach zu reinigen  Doppelwandiger, vakuumisolierter Edelstahl","og_url":"https:\/\/www.mycamelbak.ch\/de\/flasche\/camelbak-thrive-flip-straw-vi-600ml\/","og_site_name":"MyCamelBak","article_publisher":"https:\/\/www.facebook.com\/CamelBak-CH-105592114526163\/","article_modified_time":"2026-02-27T14:46:12+00:00","og_image":[{"width":1080,"height":1080,"url":"https:\/\/www.mycamelbak.ch\/wp-content\/uploads\/2025\/01\/thrive_flip_straw_vi_06l-1.jpg","type":"image\/jpeg"}],"twitter_card":"summary_large_image","schema":{"@context":"https:\/\/schema.org","@graph":[{"@type":"WebPage","@id":"https:\/\/www.mycamelbak.ch\/de\/flasche\/camelbak-thrive-flip-straw-vi-600ml\/","url":"https:\/\/www.mycamelbak.ch\/de\/flasche\/camelbak-thrive-flip-straw-vi-600ml\/","name":"CamelBak Thrive Flip Straw V.I. 0.6l - MyCamelBak","isPartOf":{"@id":"https:\/\/www.mycamelbak.ch\/de\/#website"},"datePublished":"2025-01-24T09:59:25+00:00","dateModified":"2026-02-27T14:46:12+00:00","breadcrumb":{"@id":"https:\/\/www.mycamelbak.ch\/de\/flasche\/camelbak-thrive-flip-straw-vi-600ml\/#breadcrumb"},"inLanguage":"de-CH","potentialAction":[{"@type":"ReadAction","target":["https:\/\/www.mycamelbak.ch\/de\/flasche\/camelbak-thrive-flip-straw-vi-600ml\/"]}]},{"@type":"BreadcrumbList","@id":"https:\/\/www.mycamelbak.ch\/de\/flasche\/camelbak-thrive-flip-straw-vi-600ml\/#breadcrumb","itemListElement":[{"@type":"ListItem","position":1,"name":"Home","item":"https:\/\/www.mycamelbak.ch\/de\/"},{"@type":"ListItem","position":2,"name":"Shop","item":"https:\/\/www.mycamelbak.ch\/de\/shop\/"},{"@type":"ListItem","position":3,"name":"CamelBak Thrive Flip Straw V.I. 0.6l"}]},{"@type":"WebSite","@id":"https:\/\/www.mycamelbak.ch\/de\/#website","url":"https:\/\/www.mycamelbak.ch\/de\/","name":"MyCamelBak","description":"","publisher":{"@id":"https:\/\/www.mycamelbak.ch\/de\/#organization"},"potentialAction":[{"@type":"SearchAction","target":{"@type":"EntryPoint","urlTemplate":"https:\/\/www.mycamelbak.ch\/de\/?s={search_term_string}"},"query-input":"required name=search_term_string"}],"inLanguage":"de-CH"},{"@type":"Organization","@id":"https:\/\/www.mycamelbak.ch\/de\/#organization","name":"Vetrieb CamelBak Schweiz","url":"https:\/\/www.mycamelbak.ch\/de\/","logo":{"@type":"ImageObject","inLanguage":"de-CH","@id":"https:\/\/www.mycamelbak.ch\/de\/#\/schema\/logo\/image\/","url":"https:\/\/www.mycamelbak.ch\/wp-content\/uploads\/2020\/06\/logo.svg","contentUrl":"https:\/\/www.mycamelbak.ch\/wp-content\/uploads\/2020\/06\/logo.svg","width":300,"height":82,"caption":"Vetrieb CamelBak Schweiz"},"image":{"@id":"https:\/\/www.mycamelbak.ch\/de\/#\/schema\/logo\/image\/"},"sameAs":["https:\/\/www.facebook.com\/CamelBak-CH-105592114526163\/","https:\/\/www.instagram.com\/camelbakch\/","https:\/\/www.linkedin.com\/company\/camelbak-ch\/"]}]}},"_links":{"self":[{"href":"https:\/\/www.mycamelbak.ch\/de\/wp-json\/wp\/v2\/product\/20869"}],"collection":[{"href":"https:\/\/www.mycamelbak.ch\/de\/wp-json\/wp\/v2\/product"}],"about":[{"href":"https:\/\/www.mycamelbak.ch\/de\/wp-json\/wp\/v2\/types\/product"}],"replies":[{"embeddable":true,"href":"https:\/\/www.mycamelbak.ch\/de\/wp-json\/wp\/v2\/comments?post=20869"}],"wp:featuredmedia":[{"embeddable":true,"href":"https:\/\/www.mycamelbak.ch\/de\/wp-json\/wp\/v2\/media\/26941"}],"wp:attachment":[{"href":"https:\/\/www.mycamelbak.ch\/de\/wp-json\/wp\/v2\/media?parent=20869"}],"wp:term":[{"taxonomy":"product_cat","embeddable":true,"href":"https:\/\/www.mycamelbak.ch\/de\/wp-json\/wp\/v2\/product_cat?post=20869"},{"taxonomy":"product_tag","embeddable":true,"href":"https:\/\/www.mycamelbak.ch\/de\/wp-json\/wp\/v2\/product_tag?post=20869"}],"curies":[{"name":"wp","href":"https:\/\/api.w.org\/{rel}","templated":true}]}}