{"id":20917,"date":"2025-01-24T15:18:43","date_gmt":"2025-01-24T14:18:43","guid":{"rendered":"https:\/\/www.mycamelbak.ch\/?post_type=product&#038;p=20917"},"modified":"2026-02-27T15:47:40","modified_gmt":"2026-02-27T14:47:40","slug":"camelbak-podium-vi-500ml","status":"publish","type":"product","link":"https:\/\/www.mycamelbak.ch\/de\/flasche\/camelbak-podium-vi-500ml\/","title":{"rendered":"CamelBak Podium V.I. 0.5l"},"content":{"rendered":"","protected":false},"excerpt":{"rendered":"<p>Wenn du an deine Grenzen gehst, brauchst du eine Flasche, die stark wie Stahl ist. Robust, zuverl\u00e4ssig, elegant und innovativ: das ist das High-Flow-Design. Damit ist die ideale Fl\u00fcssigkeitszufuhr zu jeder Zeit sichergestellt.<\/p>\n<ul>\n<li>Doppelwandige Vakuum-Isolierung: h\u00e4lt immer k\u00fchl<\/li>\n<li>Leichtes Design: So leicht, dass du vielleicht vergisst, dass sie da ist<\/li>\n<li>L\u00e4nge der K\u00e4ltegarantie: 14 Stunden<\/li>\n<li>Muss nicht zusammengedr\u00fcckt werden: einfach greifen, anheben und trinken<\/li>\n<li>18\/8-Edelstahl: Robust wie ein Nagel, schmeckt aber nicht so<\/li>\n<li>High-Flow Verschluss: Einfach trinken<\/li>\n<li>Auslaufsicherer Verschluss: Kein Versch\u00fctten beim Nervenkitzel<\/li>\n<li>Optimierte Flaschenhalter-Passform: Passt in die meisten Flaschenhalter<\/li>\n<li>BPA-frei: mach dich dreckig, dein Getr\u00e4nk bleibt sauber<\/li>\n<li>Leicht zu reinigen: auch nach der Tour komfortabel<\/li>\n<li>Kompatibilit\u00e4t: universelles Verschluss-System<\/li>\n<\/ul>\n","protected":false},"featured_media":26923,"comment_status":"closed","ping_status":"closed","template":"","meta":{"_mi_skip_tracking":false,"_monsterinsights_sitenote_active":false,"_monsterinsights_sitenote_note":"","_monsterinsights_sitenote_category":0},"product_cat":[35,34],"product_tag":[57],"tiered_pricing_type":"fixed","tiered_pricing_fixed_rules":{"10":"51.40","25":"50.30"},"yoast_head":"<!-- This site is optimized with the Yoast SEO plugin v21.5 - https:\/\/yoast.com\/wordpress\/plugins\/seo\/ -->\n<title>CamelBak Podium V.I. 0.5l - MyCamelBak<\/title>\n<meta name=\"robots\" content=\"index, follow, max-snippet:-1, max-image-preview:large, max-video-preview:-1\" \/>\n<link rel=\"canonical\" href=\"https:\/\/www.mycamelbak.ch\/de\/flasche\/camelbak-podium-vi-500ml\/\" \/>\n<meta property=\"og:locale\" content=\"de_DE\" \/>\n<meta property=\"og:type\" content=\"article\" \/>\n<meta property=\"og:title\" content=\"CamelBak Podium V.I. 0.5l - MyCamelBak\" \/>\n<meta property=\"og:description\" content=\"Wenn du an deine Grenzen gehst, brauchst du eine Flasche, die stark wie Stahl ist. Robust, zuverl\u00e4ssig, elegant und innovativ: das ist das High-Flow-Design. Damit ist die ideale Fl\u00fcssigkeitszufuhr zu jeder Zeit sichergestellt.   Doppelwandige Vakuum-Isolierung: h\u00e4lt immer k\u00fchl  Leichtes Design: So leicht, dass du vielleicht vergisst, dass sie da ist  L\u00e4nge der K\u00e4ltegarantie: 14 Stunden  Muss nicht zusammengedr\u00fcckt werden: einfach greifen, anheben und trinken  18\/8-Edelstahl: Robust wie ein Nagel, schmeckt aber nicht so  High-Flow Verschluss: Einfach trinken  Auslaufsicherer Verschluss: Kein Versch\u00fctten beim Nervenkitzel  Optimierte Flaschenhalter-Passform: Passt in die meisten Flaschenhalter  BPA-frei: mach dich dreckig, dein Getr\u00e4nk bleibt sauber  Leicht zu reinigen: auch nach der Tour komfortabel  Kompatibilit\u00e4t: universelles Verschluss-System\" \/>\n<meta property=\"og:url\" content=\"https:\/\/www.mycamelbak.ch\/de\/flasche\/camelbak-podium-vi-500ml\/\" \/>\n<meta property=\"og:site_name\" content=\"MyCamelBak\" \/>\n<meta property=\"article:publisher\" content=\"https:\/\/www.facebook.com\/CamelBak-CH-105592114526163\/\" \/>\n<meta property=\"article:modified_time\" content=\"2026-02-27T14:47:40+00:00\" \/>\n<meta property=\"og:image\" content=\"https:\/\/www.mycamelbak.ch\/wp-content\/uploads\/2025\/01\/podium_vi_05l-1.jpg\" \/>\n\t<meta property=\"og:image:width\" content=\"1080\" \/>\n\t<meta property=\"og:image:height\" content=\"1080\" \/>\n\t<meta property=\"og:image:type\" content=\"image\/jpeg\" \/>\n<meta name=\"twitter:card\" content=\"summary_large_image\" \/>\n<script type=\"application\/ld+json\" class=\"yoast-schema-graph\">{\"@context\":\"https:\/\/schema.org\",\"@graph\":[{\"@type\":\"WebPage\",\"@id\":\"https:\/\/www.mycamelbak.ch\/de\/flasche\/camelbak-podium-vi-500ml\/\",\"url\":\"https:\/\/www.mycamelbak.ch\/de\/flasche\/camelbak-podium-vi-500ml\/\",\"name\":\"CamelBak Podium V.I. 0.5l - MyCamelBak\",\"isPartOf\":{\"@id\":\"https:\/\/www.mycamelbak.ch\/de\/#website\"},\"datePublished\":\"2025-01-24T14:18:43+00:00\",\"dateModified\":\"2026-02-27T14:47:40+00:00\",\"breadcrumb\":{\"@id\":\"https:\/\/www.mycamelbak.ch\/de\/flasche\/camelbak-podium-vi-500ml\/#breadcrumb\"},\"inLanguage\":\"de-CH\",\"potentialAction\":[{\"@type\":\"ReadAction\",\"target\":[\"https:\/\/www.mycamelbak.ch\/de\/flasche\/camelbak-podium-vi-500ml\/\"]}]},{\"@type\":\"BreadcrumbList\",\"@id\":\"https:\/\/www.mycamelbak.ch\/de\/flasche\/camelbak-podium-vi-500ml\/#breadcrumb\",\"itemListElement\":[{\"@type\":\"ListItem\",\"position\":1,\"name\":\"Home\",\"item\":\"https:\/\/www.mycamelbak.ch\/de\/\"},{\"@type\":\"ListItem\",\"position\":2,\"name\":\"Shop\",\"item\":\"https:\/\/www.mycamelbak.ch\/de\/shop\/\"},{\"@type\":\"ListItem\",\"position\":3,\"name\":\"CamelBak Podium V.I. 0.5l\"}]},{\"@type\":\"WebSite\",\"@id\":\"https:\/\/www.mycamelbak.ch\/de\/#website\",\"url\":\"https:\/\/www.mycamelbak.ch\/de\/\",\"name\":\"MyCamelBak\",\"description\":\"\",\"publisher\":{\"@id\":\"https:\/\/www.mycamelbak.ch\/de\/#organization\"},\"potentialAction\":[{\"@type\":\"SearchAction\",\"target\":{\"@type\":\"EntryPoint\",\"urlTemplate\":\"https:\/\/www.mycamelbak.ch\/de\/?s={search_term_string}\"},\"query-input\":\"required name=search_term_string\"}],\"inLanguage\":\"de-CH\"},{\"@type\":\"Organization\",\"@id\":\"https:\/\/www.mycamelbak.ch\/de\/#organization\",\"name\":\"Vetrieb CamelBak Schweiz\",\"url\":\"https:\/\/www.mycamelbak.ch\/de\/\",\"logo\":{\"@type\":\"ImageObject\",\"inLanguage\":\"de-CH\",\"@id\":\"https:\/\/www.mycamelbak.ch\/de\/#\/schema\/logo\/image\/\",\"url\":\"https:\/\/www.mycamelbak.ch\/wp-content\/uploads\/2020\/06\/logo.svg\",\"contentUrl\":\"https:\/\/www.mycamelbak.ch\/wp-content\/uploads\/2020\/06\/logo.svg\",\"width\":300,\"height\":82,\"caption\":\"Vetrieb CamelBak Schweiz\"},\"image\":{\"@id\":\"https:\/\/www.mycamelbak.ch\/de\/#\/schema\/logo\/image\/\"},\"sameAs\":[\"https:\/\/www.facebook.com\/CamelBak-CH-105592114526163\/\",\"https:\/\/www.instagram.com\/camelbakch\/\",\"https:\/\/www.linkedin.com\/company\/camelbak-ch\/\"]}]}<\/script>\n<!-- \/ Yoast SEO plugin. -->","yoast_head_json":{"title":"CamelBak Podium V.I. 0.5l - MyCamelBak","robots":{"index":"index","follow":"follow","max-snippet":"max-snippet:-1","max-image-preview":"max-image-preview:large","max-video-preview":"max-video-preview:-1"},"canonical":"https:\/\/www.mycamelbak.ch\/de\/flasche\/camelbak-podium-vi-500ml\/","og_locale":"de_DE","og_type":"article","og_title":"CamelBak Podium V.I. 0.5l - MyCamelBak","og_description":"Wenn du an deine Grenzen gehst, brauchst du eine Flasche, die stark wie Stahl ist. Robust, zuverl\u00e4ssig, elegant und innovativ: das ist das High-Flow-Design. Damit ist die ideale Fl\u00fcssigkeitszufuhr zu jeder Zeit sichergestellt.   Doppelwandige Vakuum-Isolierung: h\u00e4lt immer k\u00fchl  Leichtes Design: So leicht, dass du vielleicht vergisst, dass sie da ist  L\u00e4nge der K\u00e4ltegarantie: 14 Stunden  Muss nicht zusammengedr\u00fcckt werden: einfach greifen, anheben und trinken  18\/8-Edelstahl: Robust wie ein Nagel, schmeckt aber nicht so  High-Flow Verschluss: Einfach trinken  Auslaufsicherer Verschluss: Kein Versch\u00fctten beim Nervenkitzel  Optimierte Flaschenhalter-Passform: Passt in die meisten Flaschenhalter  BPA-frei: mach dich dreckig, dein Getr\u00e4nk bleibt sauber  Leicht zu reinigen: auch nach der Tour komfortabel  Kompatibilit\u00e4t: universelles Verschluss-System","og_url":"https:\/\/www.mycamelbak.ch\/de\/flasche\/camelbak-podium-vi-500ml\/","og_site_name":"MyCamelBak","article_publisher":"https:\/\/www.facebook.com\/CamelBak-CH-105592114526163\/","article_modified_time":"2026-02-27T14:47:40+00:00","og_image":[{"width":1080,"height":1080,"url":"https:\/\/www.mycamelbak.ch\/wp-content\/uploads\/2025\/01\/podium_vi_05l-1.jpg","type":"image\/jpeg"}],"twitter_card":"summary_large_image","schema":{"@context":"https:\/\/schema.org","@graph":[{"@type":"WebPage","@id":"https:\/\/www.mycamelbak.ch\/de\/flasche\/camelbak-podium-vi-500ml\/","url":"https:\/\/www.mycamelbak.ch\/de\/flasche\/camelbak-podium-vi-500ml\/","name":"CamelBak Podium V.I. 0.5l - MyCamelBak","isPartOf":{"@id":"https:\/\/www.mycamelbak.ch\/de\/#website"},"datePublished":"2025-01-24T14:18:43+00:00","dateModified":"2026-02-27T14:47:40+00:00","breadcrumb":{"@id":"https:\/\/www.mycamelbak.ch\/de\/flasche\/camelbak-podium-vi-500ml\/#breadcrumb"},"inLanguage":"de-CH","potentialAction":[{"@type":"ReadAction","target":["https:\/\/www.mycamelbak.ch\/de\/flasche\/camelbak-podium-vi-500ml\/"]}]},{"@type":"BreadcrumbList","@id":"https:\/\/www.mycamelbak.ch\/de\/flasche\/camelbak-podium-vi-500ml\/#breadcrumb","itemListElement":[{"@type":"ListItem","position":1,"name":"Home","item":"https:\/\/www.mycamelbak.ch\/de\/"},{"@type":"ListItem","position":2,"name":"Shop","item":"https:\/\/www.mycamelbak.ch\/de\/shop\/"},{"@type":"ListItem","position":3,"name":"CamelBak Podium V.I. 0.5l"}]},{"@type":"WebSite","@id":"https:\/\/www.mycamelbak.ch\/de\/#website","url":"https:\/\/www.mycamelbak.ch\/de\/","name":"MyCamelBak","description":"","publisher":{"@id":"https:\/\/www.mycamelbak.ch\/de\/#organization"},"potentialAction":[{"@type":"SearchAction","target":{"@type":"EntryPoint","urlTemplate":"https:\/\/www.mycamelbak.ch\/de\/?s={search_term_string}"},"query-input":"required name=search_term_string"}],"inLanguage":"de-CH"},{"@type":"Organization","@id":"https:\/\/www.mycamelbak.ch\/de\/#organization","name":"Vetrieb CamelBak Schweiz","url":"https:\/\/www.mycamelbak.ch\/de\/","logo":{"@type":"ImageObject","inLanguage":"de-CH","@id":"https:\/\/www.mycamelbak.ch\/de\/#\/schema\/logo\/image\/","url":"https:\/\/www.mycamelbak.ch\/wp-content\/uploads\/2020\/06\/logo.svg","contentUrl":"https:\/\/www.mycamelbak.ch\/wp-content\/uploads\/2020\/06\/logo.svg","width":300,"height":82,"caption":"Vetrieb CamelBak Schweiz"},"image":{"@id":"https:\/\/www.mycamelbak.ch\/de\/#\/schema\/logo\/image\/"},"sameAs":["https:\/\/www.facebook.com\/CamelBak-CH-105592114526163\/","https:\/\/www.instagram.com\/camelbakch\/","https:\/\/www.linkedin.com\/company\/camelbak-ch\/"]}]}},"_links":{"self":[{"href":"https:\/\/www.mycamelbak.ch\/de\/wp-json\/wp\/v2\/product\/20917"}],"collection":[{"href":"https:\/\/www.mycamelbak.ch\/de\/wp-json\/wp\/v2\/product"}],"about":[{"href":"https:\/\/www.mycamelbak.ch\/de\/wp-json\/wp\/v2\/types\/product"}],"replies":[{"embeddable":true,"href":"https:\/\/www.mycamelbak.ch\/de\/wp-json\/wp\/v2\/comments?post=20917"}],"wp:featuredmedia":[{"embeddable":true,"href":"https:\/\/www.mycamelbak.ch\/de\/wp-json\/wp\/v2\/media\/26923"}],"wp:attachment":[{"href":"https:\/\/www.mycamelbak.ch\/de\/wp-json\/wp\/v2\/media?parent=20917"}],"wp:term":[{"taxonomy":"product_cat","embeddable":true,"href":"https:\/\/www.mycamelbak.ch\/de\/wp-json\/wp\/v2\/product_cat?post=20917"},{"taxonomy":"product_tag","embeddable":true,"href":"https:\/\/www.mycamelbak.ch\/de\/wp-json\/wp\/v2\/product_tag?post=20917"}],"curies":[{"name":"wp","href":"https:\/\/api.w.org\/{rel}","templated":true}]}}