{"id":20995,"date":"2025-01-24T15:49:57","date_gmt":"2025-01-24T14:49:57","guid":{"rendered":"https:\/\/www.mycamelbak.ch\/?post_type=product&#038;p=20995"},"modified":"2026-02-27T15:49:34","modified_gmt":"2026-02-27T14:49:34","slug":"camelbak-podium-440ml","status":"publish","type":"product","link":"https:\/\/www.mycamelbak.ch\/de\/flasche\/camelbak-podium-440ml\/","title":{"rendered":"CamelBak Podium 440ml"},"content":{"rendered":"","protected":false},"excerpt":{"rendered":"<p>Egal, wie lange du unterwegs bist: beim Biken solltest du immer gen\u00fcgend Fl\u00fcssigkeit zu dir nehmen. Unsere neue Gr\u00f6\u00dfe mit 15 oz passt in die meisten Flaschenhalter auf dem Markt. Au\u00dferdem ist das Design so konzipiert, dass du die Flasche leicht zusammendr\u00fccken kannst. Mit wenig Kraftaufwand kommt viel Fl\u00fcssigkeit heraus. Hinzu kommt ein selbstdichtender Verschluss, damit weniger versch\u00fcttet oder verspritzt wird. Das On-\/Off-Ventil ist eine positive Sperre, die einen auslaufsicheren Transport gew\u00e4hrleistet. Alle Bestandteile sind zu 100 % frei von BPA, BPS und BPF. Unsere Podium bietet dir eine erstklassige Fl\u00fcssigkeitszufuhr, damit du dich voll auf die Fahrt konzentrieren kannst.<\/p>\n<ul>\n<li>BPA-freies TruTaste\u2122 Polypropylen<\/li>\n<li>Auslaufsicherer, BPS-, BPA- und BPF-freier DeckelLeicht zu reinigen: Alle Teile k\u00f6nnen einzeln gereinigt werden<\/li>\n<li>Optimierte Passform f\u00fcr Flaschenhalter<\/li>\n<li>Sicherer Lock-out f\u00fcr einfachen Transport<\/li>\n<\/ul>\n","protected":false},"featured_media":26908,"comment_status":"closed","ping_status":"closed","template":"","meta":{"_mi_skip_tracking":false,"_monsterinsights_sitenote_active":false,"_monsterinsights_sitenote_note":"","_monsterinsights_sitenote_category":0},"product_cat":[35,34],"product_tag":[57],"tiered_pricing_type":"fixed","tiered_pricing_fixed_rules":{"10":"33.90","25":"33.20"},"yoast_head":"<!-- This site is optimized with the Yoast SEO plugin v21.5 - https:\/\/yoast.com\/wordpress\/plugins\/seo\/ -->\n<title>CamelBak Podium 440ml - MyCamelBak<\/title>\n<meta name=\"robots\" content=\"index, follow, max-snippet:-1, max-image-preview:large, max-video-preview:-1\" \/>\n<link rel=\"canonical\" href=\"https:\/\/www.mycamelbak.ch\/de\/flasche\/camelbak-podium-440ml\/\" \/>\n<meta property=\"og:locale\" content=\"de_DE\" \/>\n<meta property=\"og:type\" content=\"article\" \/>\n<meta property=\"og:title\" content=\"CamelBak Podium 440ml - MyCamelBak\" \/>\n<meta property=\"og:description\" content=\"Egal, wie lange du unterwegs bist: beim Biken solltest du immer gen\u00fcgend Fl\u00fcssigkeit zu dir nehmen. Unsere neue Gr\u00f6\u00dfe mit 15 oz passt in die meisten Flaschenhalter auf dem Markt. Au\u00dferdem ist das Design so konzipiert, dass du die Flasche leicht zusammendr\u00fccken kannst. Mit wenig Kraftaufwand kommt viel Fl\u00fcssigkeit heraus. Hinzu kommt ein selbstdichtender Verschluss, damit weniger versch\u00fcttet oder verspritzt wird. Das On-\/Off-Ventil ist eine positive Sperre, die einen auslaufsicheren Transport gew\u00e4hrleistet. Alle Bestandteile sind zu 100 % frei von BPA, BPS und BPF. Unsere Podium bietet dir eine erstklassige Fl\u00fcssigkeitszufuhr, damit du dich voll auf die Fahrt konzentrieren kannst.   BPA-freies TruTaste\u2122 Polypropylen  Auslaufsicherer, BPS-, BPA- und BPF-freier DeckelLeicht zu reinigen: Alle Teile k\u00f6nnen einzeln gereinigt werden  Optimierte Passform f\u00fcr Flaschenhalter  Sicherer Lock-out f\u00fcr einfachen Transport\" \/>\n<meta property=\"og:url\" content=\"https:\/\/www.mycamelbak.ch\/de\/flasche\/camelbak-podium-440ml\/\" \/>\n<meta property=\"og:site_name\" content=\"MyCamelBak\" \/>\n<meta property=\"article:publisher\" content=\"https:\/\/www.facebook.com\/CamelBak-CH-105592114526163\/\" \/>\n<meta property=\"article:modified_time\" content=\"2026-02-27T14:49:34+00:00\" \/>\n<meta property=\"og:image\" content=\"https:\/\/www.mycamelbak.ch\/wp-content\/uploads\/2025\/01\/podium_044l-1.jpg\" \/>\n\t<meta property=\"og:image:width\" content=\"1080\" \/>\n\t<meta property=\"og:image:height\" content=\"1080\" \/>\n\t<meta property=\"og:image:type\" content=\"image\/jpeg\" \/>\n<meta name=\"twitter:card\" content=\"summary_large_image\" \/>\n<script type=\"application\/ld+json\" class=\"yoast-schema-graph\">{\"@context\":\"https:\/\/schema.org\",\"@graph\":[{\"@type\":\"WebPage\",\"@id\":\"https:\/\/www.mycamelbak.ch\/de\/flasche\/camelbak-podium-440ml\/\",\"url\":\"https:\/\/www.mycamelbak.ch\/de\/flasche\/camelbak-podium-440ml\/\",\"name\":\"CamelBak Podium 440ml - MyCamelBak\",\"isPartOf\":{\"@id\":\"https:\/\/www.mycamelbak.ch\/de\/#website\"},\"datePublished\":\"2025-01-24T14:49:57+00:00\",\"dateModified\":\"2026-02-27T14:49:34+00:00\",\"breadcrumb\":{\"@id\":\"https:\/\/www.mycamelbak.ch\/de\/flasche\/camelbak-podium-440ml\/#breadcrumb\"},\"inLanguage\":\"de-CH\",\"potentialAction\":[{\"@type\":\"ReadAction\",\"target\":[\"https:\/\/www.mycamelbak.ch\/de\/flasche\/camelbak-podium-440ml\/\"]}]},{\"@type\":\"BreadcrumbList\",\"@id\":\"https:\/\/www.mycamelbak.ch\/de\/flasche\/camelbak-podium-440ml\/#breadcrumb\",\"itemListElement\":[{\"@type\":\"ListItem\",\"position\":1,\"name\":\"Home\",\"item\":\"https:\/\/www.mycamelbak.ch\/de\/\"},{\"@type\":\"ListItem\",\"position\":2,\"name\":\"Shop\",\"item\":\"https:\/\/www.mycamelbak.ch\/de\/shop\/\"},{\"@type\":\"ListItem\",\"position\":3,\"name\":\"CamelBak Podium 440ml\"}]},{\"@type\":\"WebSite\",\"@id\":\"https:\/\/www.mycamelbak.ch\/de\/#website\",\"url\":\"https:\/\/www.mycamelbak.ch\/de\/\",\"name\":\"MyCamelBak\",\"description\":\"\",\"publisher\":{\"@id\":\"https:\/\/www.mycamelbak.ch\/de\/#organization\"},\"potentialAction\":[{\"@type\":\"SearchAction\",\"target\":{\"@type\":\"EntryPoint\",\"urlTemplate\":\"https:\/\/www.mycamelbak.ch\/de\/?s={search_term_string}\"},\"query-input\":\"required name=search_term_string\"}],\"inLanguage\":\"de-CH\"},{\"@type\":\"Organization\",\"@id\":\"https:\/\/www.mycamelbak.ch\/de\/#organization\",\"name\":\"Vetrieb CamelBak Schweiz\",\"url\":\"https:\/\/www.mycamelbak.ch\/de\/\",\"logo\":{\"@type\":\"ImageObject\",\"inLanguage\":\"de-CH\",\"@id\":\"https:\/\/www.mycamelbak.ch\/de\/#\/schema\/logo\/image\/\",\"url\":\"https:\/\/www.mycamelbak.ch\/wp-content\/uploads\/2020\/06\/logo.svg\",\"contentUrl\":\"https:\/\/www.mycamelbak.ch\/wp-content\/uploads\/2020\/06\/logo.svg\",\"width\":300,\"height\":82,\"caption\":\"Vetrieb CamelBak Schweiz\"},\"image\":{\"@id\":\"https:\/\/www.mycamelbak.ch\/de\/#\/schema\/logo\/image\/\"},\"sameAs\":[\"https:\/\/www.facebook.com\/CamelBak-CH-105592114526163\/\",\"https:\/\/www.instagram.com\/camelbakch\/\",\"https:\/\/www.linkedin.com\/company\/camelbak-ch\/\"]}]}<\/script>\n<!-- \/ Yoast SEO plugin. -->","yoast_head_json":{"title":"CamelBak Podium 440ml - MyCamelBak","robots":{"index":"index","follow":"follow","max-snippet":"max-snippet:-1","max-image-preview":"max-image-preview:large","max-video-preview":"max-video-preview:-1"},"canonical":"https:\/\/www.mycamelbak.ch\/de\/flasche\/camelbak-podium-440ml\/","og_locale":"de_DE","og_type":"article","og_title":"CamelBak Podium 440ml - MyCamelBak","og_description":"Egal, wie lange du unterwegs bist: beim Biken solltest du immer gen\u00fcgend Fl\u00fcssigkeit zu dir nehmen. Unsere neue Gr\u00f6\u00dfe mit 15 oz passt in die meisten Flaschenhalter auf dem Markt. Au\u00dferdem ist das Design so konzipiert, dass du die Flasche leicht zusammendr\u00fccken kannst. Mit wenig Kraftaufwand kommt viel Fl\u00fcssigkeit heraus. Hinzu kommt ein selbstdichtender Verschluss, damit weniger versch\u00fcttet oder verspritzt wird. Das On-\/Off-Ventil ist eine positive Sperre, die einen auslaufsicheren Transport gew\u00e4hrleistet. Alle Bestandteile sind zu 100 % frei von BPA, BPS und BPF. Unsere Podium bietet dir eine erstklassige Fl\u00fcssigkeitszufuhr, damit du dich voll auf die Fahrt konzentrieren kannst.   BPA-freies TruTaste\u2122 Polypropylen  Auslaufsicherer, BPS-, BPA- und BPF-freier DeckelLeicht zu reinigen: Alle Teile k\u00f6nnen einzeln gereinigt werden  Optimierte Passform f\u00fcr Flaschenhalter  Sicherer Lock-out f\u00fcr einfachen Transport","og_url":"https:\/\/www.mycamelbak.ch\/de\/flasche\/camelbak-podium-440ml\/","og_site_name":"MyCamelBak","article_publisher":"https:\/\/www.facebook.com\/CamelBak-CH-105592114526163\/","article_modified_time":"2026-02-27T14:49:34+00:00","og_image":[{"width":1080,"height":1080,"url":"https:\/\/www.mycamelbak.ch\/wp-content\/uploads\/2025\/01\/podium_044l-1.jpg","type":"image\/jpeg"}],"twitter_card":"summary_large_image","schema":{"@context":"https:\/\/schema.org","@graph":[{"@type":"WebPage","@id":"https:\/\/www.mycamelbak.ch\/de\/flasche\/camelbak-podium-440ml\/","url":"https:\/\/www.mycamelbak.ch\/de\/flasche\/camelbak-podium-440ml\/","name":"CamelBak Podium 440ml - MyCamelBak","isPartOf":{"@id":"https:\/\/www.mycamelbak.ch\/de\/#website"},"datePublished":"2025-01-24T14:49:57+00:00","dateModified":"2026-02-27T14:49:34+00:00","breadcrumb":{"@id":"https:\/\/www.mycamelbak.ch\/de\/flasche\/camelbak-podium-440ml\/#breadcrumb"},"inLanguage":"de-CH","potentialAction":[{"@type":"ReadAction","target":["https:\/\/www.mycamelbak.ch\/de\/flasche\/camelbak-podium-440ml\/"]}]},{"@type":"BreadcrumbList","@id":"https:\/\/www.mycamelbak.ch\/de\/flasche\/camelbak-podium-440ml\/#breadcrumb","itemListElement":[{"@type":"ListItem","position":1,"name":"Home","item":"https:\/\/www.mycamelbak.ch\/de\/"},{"@type":"ListItem","position":2,"name":"Shop","item":"https:\/\/www.mycamelbak.ch\/de\/shop\/"},{"@type":"ListItem","position":3,"name":"CamelBak Podium 440ml"}]},{"@type":"WebSite","@id":"https:\/\/www.mycamelbak.ch\/de\/#website","url":"https:\/\/www.mycamelbak.ch\/de\/","name":"MyCamelBak","description":"","publisher":{"@id":"https:\/\/www.mycamelbak.ch\/de\/#organization"},"potentialAction":[{"@type":"SearchAction","target":{"@type":"EntryPoint","urlTemplate":"https:\/\/www.mycamelbak.ch\/de\/?s={search_term_string}"},"query-input":"required name=search_term_string"}],"inLanguage":"de-CH"},{"@type":"Organization","@id":"https:\/\/www.mycamelbak.ch\/de\/#organization","name":"Vetrieb CamelBak Schweiz","url":"https:\/\/www.mycamelbak.ch\/de\/","logo":{"@type":"ImageObject","inLanguage":"de-CH","@id":"https:\/\/www.mycamelbak.ch\/de\/#\/schema\/logo\/image\/","url":"https:\/\/www.mycamelbak.ch\/wp-content\/uploads\/2020\/06\/logo.svg","contentUrl":"https:\/\/www.mycamelbak.ch\/wp-content\/uploads\/2020\/06\/logo.svg","width":300,"height":82,"caption":"Vetrieb CamelBak Schweiz"},"image":{"@id":"https:\/\/www.mycamelbak.ch\/de\/#\/schema\/logo\/image\/"},"sameAs":["https:\/\/www.facebook.com\/CamelBak-CH-105592114526163\/","https:\/\/www.instagram.com\/camelbakch\/","https:\/\/www.linkedin.com\/company\/camelbak-ch\/"]}]}},"_links":{"self":[{"href":"https:\/\/www.mycamelbak.ch\/de\/wp-json\/wp\/v2\/product\/20995"}],"collection":[{"href":"https:\/\/www.mycamelbak.ch\/de\/wp-json\/wp\/v2\/product"}],"about":[{"href":"https:\/\/www.mycamelbak.ch\/de\/wp-json\/wp\/v2\/types\/product"}],"replies":[{"embeddable":true,"href":"https:\/\/www.mycamelbak.ch\/de\/wp-json\/wp\/v2\/comments?post=20995"}],"wp:featuredmedia":[{"embeddable":true,"href":"https:\/\/www.mycamelbak.ch\/de\/wp-json\/wp\/v2\/media\/26908"}],"wp:attachment":[{"href":"https:\/\/www.mycamelbak.ch\/de\/wp-json\/wp\/v2\/media?parent=20995"}],"wp:term":[{"taxonomy":"product_cat","embeddable":true,"href":"https:\/\/www.mycamelbak.ch\/de\/wp-json\/wp\/v2\/product_cat?post=20995"},{"taxonomy":"product_tag","embeddable":true,"href":"https:\/\/www.mycamelbak.ch\/de\/wp-json\/wp\/v2\/product_tag?post=20995"}],"curies":[{"name":"wp","href":"https:\/\/api.w.org\/{rel}","templated":true}]}}