{"id":561,"date":"2020-06-17T22:58:05","date_gmt":"2020-06-17T20:58:05","guid":{"rendered":"https:\/\/www.mycamelbak.ch\/?post_type=product&#038;p=561"},"modified":"2026-02-27T15:57:03","modified_gmt":"2026-02-27T14:57:03","slug":"camelbak-podium-bottle-0-71l","status":"publish","type":"product","link":"https:\/\/www.mycamelbak.ch\/de\/flasche\/camelbak-podium-bottle-0-71l\/","title":{"rendered":"CamelBak Podium Bottle 0.71l"},"content":{"rendered":"","protected":false},"excerpt":{"rendered":"<p>Die Podium von CamelBak ist die allerbeste Option, um w\u00e4hrend des Radfahrens kontinuierlich Fl\u00fcssigkeit zur Verf\u00fcgung zu haben. Dank der f\u00fcr Flaschenhalter optimierten Passform und dem brandneuen selbstschlie\u00dfenden Deckel mit hohem Durchfluss und leicht zu reinigen ist diese Flasche bei Profis und Freizeitsportlern weiterhin \u00e4u\u00dferst beliebt. Sie ist seit jeher 100 % BPA-, BPS- und BPF- frei.<\/p>\n<p>Features:<\/p>\n<ul>\n<li>F\u00fcr Flaschenhalter optimierte Passform: Sitzt sicher in einer Vielzahl von Flaschenhaltern.<\/li>\n<li>Einfach dr\u00fccken: Mehr Wasserabgabe ohne gro\u00dfen Aufwand.<\/li>\n<li>Selbstschlie\u00dfender Deckel mit hohem Durchfluss: Bietet maximalen Durchfluss und verhindert Versch\u00fctten oder Spritzer.<\/li>\n<li>100 % BPA-, BPS- und BPF-frei: Saubere Fahrt, sauberes Trinken.<\/li>\n<li>Leicht zu reinigender Deckel: Kann in seine Einzelteile zerlegt werden, um diese separat gr\u00fcndlich zu reinigen.<\/li>\n<li>F\u00fcr Flaschenhalter optimierte Passform: Sitzt sicher in einer Vielzahl von Flaschenhaltern.<\/li>\n<li>Selbstschlie\u00dfender Deckel mit hohem Durchfluss: Bietet maximalen Durchfluss und verhindert Versch\u00fctten oder Spritzer.<\/li>\n<\/ul>\n","protected":false},"featured_media":26914,"comment_status":"closed","ping_status":"closed","template":"","meta":{"_mi_skip_tracking":false,"_monsterinsights_sitenote_active":false,"_monsterinsights_sitenote_note":"","_monsterinsights_sitenote_category":0},"product_cat":[35,34],"product_tag":[63],"tiered_pricing_type":"fixed","tiered_pricing_fixed_rules":{"10":"36.90","25":"33.90"},"yoast_head":"<!-- This site is optimized with the Yoast SEO plugin v21.5 - https:\/\/yoast.com\/wordpress\/plugins\/seo\/ -->\n<title>CamelBak Podium Bottle 0.71l - MyCamelBak<\/title>\n<meta name=\"robots\" content=\"index, follow, max-snippet:-1, max-image-preview:large, max-video-preview:-1\" \/>\n<link rel=\"canonical\" href=\"https:\/\/www.mycamelbak.ch\/de\/flasche\/camelbak-podium-bottle-0-71l\/\" \/>\n<meta property=\"og:locale\" content=\"de_DE\" \/>\n<meta property=\"og:type\" content=\"article\" \/>\n<meta property=\"og:title\" content=\"CamelBak Podium Bottle 0.71l - MyCamelBak\" \/>\n<meta property=\"og:description\" content=\"Die Podium von CamelBak ist die allerbeste Option, um w\u00e4hrend des Radfahrens kontinuierlich Fl\u00fcssigkeit zur Verf\u00fcgung zu haben. Dank der f\u00fcr Flaschenhalter optimierten Passform und dem brandneuen selbstschlie\u00dfenden Deckel mit hohem Durchfluss und leicht zu reinigen ist diese Flasche bei Profis und Freizeitsportlern weiterhin \u00e4u\u00dferst beliebt. Sie ist seit jeher 100 % BPA-, BPS- und BPF- frei.  Features:   F\u00fcr Flaschenhalter optimierte Passform: Sitzt sicher in einer Vielzahl von Flaschenhaltern.  Einfach dr\u00fccken: Mehr Wasserabgabe ohne gro\u00dfen Aufwand.  Selbstschlie\u00dfender Deckel mit hohem Durchfluss: Bietet maximalen Durchfluss und verhindert Versch\u00fctten oder Spritzer.  100 % BPA-, BPS- und BPF-frei: Saubere Fahrt, sauberes Trinken.  Leicht zu reinigender Deckel: Kann in seine Einzelteile zerlegt werden, um diese separat gr\u00fcndlich zu reinigen.  F\u00fcr Flaschenhalter optimierte Passform: Sitzt sicher in einer Vielzahl von Flaschenhaltern.  Selbstschlie\u00dfender Deckel mit hohem Durchfluss: Bietet maximalen Durchfluss und verhindert Versch\u00fctten oder Spritzer.\" \/>\n<meta property=\"og:url\" content=\"https:\/\/www.mycamelbak.ch\/de\/flasche\/camelbak-podium-bottle-0-71l\/\" \/>\n<meta property=\"og:site_name\" content=\"MyCamelBak\" \/>\n<meta property=\"article:publisher\" content=\"https:\/\/www.facebook.com\/CamelBak-CH-105592114526163\/\" \/>\n<meta property=\"article:modified_time\" content=\"2026-02-27T14:57:03+00:00\" \/>\n<meta property=\"og:image\" content=\"https:\/\/www.mycamelbak.ch\/wp-content\/uploads\/2025\/01\/podium_071l-1.jpg\" \/>\n\t<meta property=\"og:image:width\" content=\"1080\" \/>\n\t<meta property=\"og:image:height\" content=\"1080\" \/>\n\t<meta property=\"og:image:type\" content=\"image\/jpeg\" \/>\n<meta name=\"twitter:card\" content=\"summary_large_image\" \/>\n<script type=\"application\/ld+json\" class=\"yoast-schema-graph\">{\"@context\":\"https:\/\/schema.org\",\"@graph\":[{\"@type\":\"WebPage\",\"@id\":\"https:\/\/www.mycamelbak.ch\/de\/flasche\/camelbak-podium-bottle-0-71l\/\",\"url\":\"https:\/\/www.mycamelbak.ch\/de\/flasche\/camelbak-podium-bottle-0-71l\/\",\"name\":\"CamelBak Podium Bottle 0.71l - MyCamelBak\",\"isPartOf\":{\"@id\":\"https:\/\/www.mycamelbak.ch\/de\/#website\"},\"datePublished\":\"2020-06-17T20:58:05+00:00\",\"dateModified\":\"2026-02-27T14:57:03+00:00\",\"breadcrumb\":{\"@id\":\"https:\/\/www.mycamelbak.ch\/de\/flasche\/camelbak-podium-bottle-0-71l\/#breadcrumb\"},\"inLanguage\":\"de-CH\",\"potentialAction\":[{\"@type\":\"ReadAction\",\"target\":[\"https:\/\/www.mycamelbak.ch\/de\/flasche\/camelbak-podium-bottle-0-71l\/\"]}]},{\"@type\":\"BreadcrumbList\",\"@id\":\"https:\/\/www.mycamelbak.ch\/de\/flasche\/camelbak-podium-bottle-0-71l\/#breadcrumb\",\"itemListElement\":[{\"@type\":\"ListItem\",\"position\":1,\"name\":\"Home\",\"item\":\"https:\/\/www.mycamelbak.ch\/de\/\"},{\"@type\":\"ListItem\",\"position\":2,\"name\":\"Shop\",\"item\":\"https:\/\/www.mycamelbak.ch\/de\/shop\/\"},{\"@type\":\"ListItem\",\"position\":3,\"name\":\"CamelBak Podium Bottle 0.71l\"}]},{\"@type\":\"WebSite\",\"@id\":\"https:\/\/www.mycamelbak.ch\/de\/#website\",\"url\":\"https:\/\/www.mycamelbak.ch\/de\/\",\"name\":\"MyCamelBak\",\"description\":\"\",\"publisher\":{\"@id\":\"https:\/\/www.mycamelbak.ch\/de\/#organization\"},\"potentialAction\":[{\"@type\":\"SearchAction\",\"target\":{\"@type\":\"EntryPoint\",\"urlTemplate\":\"https:\/\/www.mycamelbak.ch\/de\/?s={search_term_string}\"},\"query-input\":\"required name=search_term_string\"}],\"inLanguage\":\"de-CH\"},{\"@type\":\"Organization\",\"@id\":\"https:\/\/www.mycamelbak.ch\/de\/#organization\",\"name\":\"Vetrieb CamelBak Schweiz\",\"url\":\"https:\/\/www.mycamelbak.ch\/de\/\",\"logo\":{\"@type\":\"ImageObject\",\"inLanguage\":\"de-CH\",\"@id\":\"https:\/\/www.mycamelbak.ch\/de\/#\/schema\/logo\/image\/\",\"url\":\"https:\/\/www.mycamelbak.ch\/wp-content\/uploads\/2020\/06\/logo.svg\",\"contentUrl\":\"https:\/\/www.mycamelbak.ch\/wp-content\/uploads\/2020\/06\/logo.svg\",\"width\":300,\"height\":82,\"caption\":\"Vetrieb CamelBak Schweiz\"},\"image\":{\"@id\":\"https:\/\/www.mycamelbak.ch\/de\/#\/schema\/logo\/image\/\"},\"sameAs\":[\"https:\/\/www.facebook.com\/CamelBak-CH-105592114526163\/\",\"https:\/\/www.instagram.com\/camelbakch\/\",\"https:\/\/www.linkedin.com\/company\/camelbak-ch\/\"]}]}<\/script>\n<!-- \/ Yoast SEO plugin. -->","yoast_head_json":{"title":"CamelBak Podium Bottle 0.71l - MyCamelBak","robots":{"index":"index","follow":"follow","max-snippet":"max-snippet:-1","max-image-preview":"max-image-preview:large","max-video-preview":"max-video-preview:-1"},"canonical":"https:\/\/www.mycamelbak.ch\/de\/flasche\/camelbak-podium-bottle-0-71l\/","og_locale":"de_DE","og_type":"article","og_title":"CamelBak Podium Bottle 0.71l - MyCamelBak","og_description":"Die Podium von CamelBak ist die allerbeste Option, um w\u00e4hrend des Radfahrens kontinuierlich Fl\u00fcssigkeit zur Verf\u00fcgung zu haben. Dank der f\u00fcr Flaschenhalter optimierten Passform und dem brandneuen selbstschlie\u00dfenden Deckel mit hohem Durchfluss und leicht zu reinigen ist diese Flasche bei Profis und Freizeitsportlern weiterhin \u00e4u\u00dferst beliebt. Sie ist seit jeher 100 % BPA-, BPS- und BPF- frei.  Features:   F\u00fcr Flaschenhalter optimierte Passform: Sitzt sicher in einer Vielzahl von Flaschenhaltern.  Einfach dr\u00fccken: Mehr Wasserabgabe ohne gro\u00dfen Aufwand.  Selbstschlie\u00dfender Deckel mit hohem Durchfluss: Bietet maximalen Durchfluss und verhindert Versch\u00fctten oder Spritzer.  100 % BPA-, BPS- und BPF-frei: Saubere Fahrt, sauberes Trinken.  Leicht zu reinigender Deckel: Kann in seine Einzelteile zerlegt werden, um diese separat gr\u00fcndlich zu reinigen.  F\u00fcr Flaschenhalter optimierte Passform: Sitzt sicher in einer Vielzahl von Flaschenhaltern.  Selbstschlie\u00dfender Deckel mit hohem Durchfluss: Bietet maximalen Durchfluss und verhindert Versch\u00fctten oder Spritzer.","og_url":"https:\/\/www.mycamelbak.ch\/de\/flasche\/camelbak-podium-bottle-0-71l\/","og_site_name":"MyCamelBak","article_publisher":"https:\/\/www.facebook.com\/CamelBak-CH-105592114526163\/","article_modified_time":"2026-02-27T14:57:03+00:00","og_image":[{"width":1080,"height":1080,"url":"https:\/\/www.mycamelbak.ch\/wp-content\/uploads\/2025\/01\/podium_071l-1.jpg","type":"image\/jpeg"}],"twitter_card":"summary_large_image","schema":{"@context":"https:\/\/schema.org","@graph":[{"@type":"WebPage","@id":"https:\/\/www.mycamelbak.ch\/de\/flasche\/camelbak-podium-bottle-0-71l\/","url":"https:\/\/www.mycamelbak.ch\/de\/flasche\/camelbak-podium-bottle-0-71l\/","name":"CamelBak Podium Bottle 0.71l - MyCamelBak","isPartOf":{"@id":"https:\/\/www.mycamelbak.ch\/de\/#website"},"datePublished":"2020-06-17T20:58:05+00:00","dateModified":"2026-02-27T14:57:03+00:00","breadcrumb":{"@id":"https:\/\/www.mycamelbak.ch\/de\/flasche\/camelbak-podium-bottle-0-71l\/#breadcrumb"},"inLanguage":"de-CH","potentialAction":[{"@type":"ReadAction","target":["https:\/\/www.mycamelbak.ch\/de\/flasche\/camelbak-podium-bottle-0-71l\/"]}]},{"@type":"BreadcrumbList","@id":"https:\/\/www.mycamelbak.ch\/de\/flasche\/camelbak-podium-bottle-0-71l\/#breadcrumb","itemListElement":[{"@type":"ListItem","position":1,"name":"Home","item":"https:\/\/www.mycamelbak.ch\/de\/"},{"@type":"ListItem","position":2,"name":"Shop","item":"https:\/\/www.mycamelbak.ch\/de\/shop\/"},{"@type":"ListItem","position":3,"name":"CamelBak Podium Bottle 0.71l"}]},{"@type":"WebSite","@id":"https:\/\/www.mycamelbak.ch\/de\/#website","url":"https:\/\/www.mycamelbak.ch\/de\/","name":"MyCamelBak","description":"","publisher":{"@id":"https:\/\/www.mycamelbak.ch\/de\/#organization"},"potentialAction":[{"@type":"SearchAction","target":{"@type":"EntryPoint","urlTemplate":"https:\/\/www.mycamelbak.ch\/de\/?s={search_term_string}"},"query-input":"required name=search_term_string"}],"inLanguage":"de-CH"},{"@type":"Organization","@id":"https:\/\/www.mycamelbak.ch\/de\/#organization","name":"Vetrieb CamelBak Schweiz","url":"https:\/\/www.mycamelbak.ch\/de\/","logo":{"@type":"ImageObject","inLanguage":"de-CH","@id":"https:\/\/www.mycamelbak.ch\/de\/#\/schema\/logo\/image\/","url":"https:\/\/www.mycamelbak.ch\/wp-content\/uploads\/2020\/06\/logo.svg","contentUrl":"https:\/\/www.mycamelbak.ch\/wp-content\/uploads\/2020\/06\/logo.svg","width":300,"height":82,"caption":"Vetrieb CamelBak Schweiz"},"image":{"@id":"https:\/\/www.mycamelbak.ch\/de\/#\/schema\/logo\/image\/"},"sameAs":["https:\/\/www.facebook.com\/CamelBak-CH-105592114526163\/","https:\/\/www.instagram.com\/camelbakch\/","https:\/\/www.linkedin.com\/company\/camelbak-ch\/"]}]}},"_links":{"self":[{"href":"https:\/\/www.mycamelbak.ch\/de\/wp-json\/wp\/v2\/product\/561"}],"collection":[{"href":"https:\/\/www.mycamelbak.ch\/de\/wp-json\/wp\/v2\/product"}],"about":[{"href":"https:\/\/www.mycamelbak.ch\/de\/wp-json\/wp\/v2\/types\/product"}],"replies":[{"embeddable":true,"href":"https:\/\/www.mycamelbak.ch\/de\/wp-json\/wp\/v2\/comments?post=561"}],"wp:featuredmedia":[{"embeddable":true,"href":"https:\/\/www.mycamelbak.ch\/de\/wp-json\/wp\/v2\/media\/26914"}],"wp:attachment":[{"href":"https:\/\/www.mycamelbak.ch\/de\/wp-json\/wp\/v2\/media?parent=561"}],"wp:term":[{"taxonomy":"product_cat","embeddable":true,"href":"https:\/\/www.mycamelbak.ch\/de\/wp-json\/wp\/v2\/product_cat?post=561"},{"taxonomy":"product_tag","embeddable":true,"href":"https:\/\/www.mycamelbak.ch\/de\/wp-json\/wp\/v2\/product_tag?post=561"}],"curies":[{"name":"wp","href":"https:\/\/api.w.org\/{rel}","templated":true}]}}