{"id":13977,"date":"2023-03-31T14:30:05","date_gmt":"2023-03-31T12:30:05","guid":{"rendered":"https:\/\/www.mycamelbak.ch\/?post_type=product&#038;p=13977"},"modified":"2025-02-20T14:58:32","modified_gmt":"2025-02-20T13:58:32","slug":"camelbak-hot-cap-v-i-bottle-0-6l-raiffeisen","status":"publish","type":"product","link":"https:\/\/www.mycamelbak.ch\/en\/flasche\/camelbak-hot-cap-v-i-bottle-0-6l-raiffeisen\/","title":{"rendered":"CamelBak Hot Cap V.I. Bottle 0.6l Raiffeisen"},"content":{"rendered":"","protected":false},"excerpt":{"rendered":"<div class=\"woocommerce-product-details__short-description\">\n<div>\n<div>\n<div>Nie mehr lauwarme Getr\u00e4nke mit der neuen Hot-Cap-Flasche. Ein auslaufsichere 360\u00b0-Deckel erm\u00f6glicht das Trinken von allen Seiten. Nehmen Sie einen Schluck, ohne gro\u00df dar\u00fcber nachzudenken. Schwei\u00dfsichere Vakuumisolierung sorgt daf\u00fcr, dass die Au\u00dfenseite der Flasche stets trocken und Ihr Getr\u00e4nk f\u00fcr bis zu 6 Stunden hei\u00df oder bis zu 24 Stunden k\u00fchl bleibt. Die Hot Cap ist f\u00fcr Getr\u00e4nke mit einer Temperatur von bis zu 90\u00b0 C geeignet. Sie ist einfach zu reinigen, denn das Ventil l\u00e4sst sich komplett abdrehen.<\/div>\n<p>Nie mehr lauwarme Getr\u00e4nke und einfaches Trinken mit der neuen Hot-Cap-Flasche.<\/p>\n<p>Features:<\/p>\n<ul>\n<li>\u00a0360\u00b0-Deckel: Erm\u00f6glicht das Trinken von jeder Seite der Flasche.<\/li>\n<li>\u00a0Auslaufsicheres Ventil zum Abdrehen: Zum Auf- und Zudrehen.<\/li>\n<li>\u00a0Vakuumisoliert: Doppelwandige Vakuumisolierung h\u00e4lt die Temperatur.<\/li>\n<li>\u00a0BPA \/ BPS \/ BPF frei.<\/li>\n<\/ul>\n<\/div>\n<\/div>\n<\/div>\n","protected":false},"featured_media":548,"comment_status":"closed","ping_status":"closed","template":"","meta":{"_mi_skip_tracking":false,"_monsterinsights_sitenote_active":false,"_monsterinsights_sitenote_note":"","_monsterinsights_sitenote_category":0},"product_cat":[93],"product_tag":[],"tiered_pricing_type":"fixed","tiered_pricing_fixed_rules":[],"yoast_head":"<!-- This site is optimized with the Yoast SEO plugin v21.5 - https:\/\/yoast.com\/wordpress\/plugins\/seo\/ -->\n<title>CamelBak Hot Cap V.I. Bottle 0.6l Raiffeisen - MyCamelBak<\/title>\n<meta name=\"robots\" content=\"index, follow, max-snippet:-1, max-image-preview:large, max-video-preview:-1\" \/>\n<link rel=\"canonical\" href=\"https:\/\/www.mycamelbak.ch\/en\/flasche\/camelbak-hot-cap-v-i-bottle-0-6l-raiffeisen\/\" \/>\n<meta property=\"og:locale\" content=\"en_US\" \/>\n<meta property=\"og:type\" content=\"article\" \/>\n<meta property=\"og:title\" content=\"CamelBak Hot Cap V.I. Bottle 0.6l Raiffeisen - MyCamelBak\" \/>\n<meta property=\"og:description\" content=\"Nie mehr lauwarme Getr\u00e4nke mit der neuen Hot-Cap-Flasche. Ein auslaufsichere 360\u00b0-Deckel erm\u00f6glicht das Trinken von allen Seiten. Nehmen Sie einen Schluck, ohne gro\u00df dar\u00fcber nachzudenken. Schwei\u00dfsichere Vakuumisolierung sorgt daf\u00fcr, dass die Au\u00dfenseite der Flasche stets trocken und Ihr Getr\u00e4nk f\u00fcr bis zu 6 Stunden hei\u00df oder bis zu 24 Stunden k\u00fchl bleibt. Die Hot Cap ist f\u00fcr Getr\u00e4nke mit einer Temperatur von bis zu 90\u00b0 C geeignet. Sie ist einfach zu reinigen, denn das Ventil l\u00e4sst sich komplett abdrehen. Nie mehr lauwarme Getr\u00e4nke und einfaches Trinken mit der neuen Hot-Cap-Flasche.  Features:   \u00a0360\u00b0-Deckel: Erm\u00f6glicht das Trinken von jeder Seite der Flasche.  \u00a0Auslaufsicheres Ventil zum Abdrehen: Zum Auf- und Zudrehen.  \u00a0Vakuumisoliert: Doppelwandige Vakuumisolierung h\u00e4lt die Temperatur.  \u00a0BPA \/ BPS \/ BPF frei.\" \/>\n<meta property=\"og:url\" content=\"https:\/\/www.mycamelbak.ch\/en\/flasche\/camelbak-hot-cap-v-i-bottle-0-6l-raiffeisen\/\" \/>\n<meta property=\"og:site_name\" content=\"MyCamelBak\" \/>\n<meta property=\"article:publisher\" content=\"https:\/\/www.facebook.com\/CamelBak-CH-105592114526163\/\" \/>\n<meta property=\"article:modified_time\" content=\"2025-02-20T13:58:32+00:00\" \/>\n<meta property=\"og:image\" content=\"https:\/\/www.mycamelbak.ch\/wp-content\/uploads\/2020\/06\/CamelBak_Hot_Cap_V.I.StainlessBottle0.6l_black.jpg\" \/>\n\t<meta property=\"og:image:width\" content=\"1080\" \/>\n\t<meta property=\"og:image:height\" content=\"1080\" \/>\n\t<meta property=\"og:image:type\" content=\"image\/jpeg\" \/>\n<meta name=\"twitter:card\" content=\"summary_large_image\" \/>\n<script type=\"application\/ld+json\" class=\"yoast-schema-graph\">{\"@context\":\"https:\/\/schema.org\",\"@graph\":[{\"@type\":\"WebPage\",\"@id\":\"https:\/\/www.mycamelbak.ch\/en\/flasche\/camelbak-hot-cap-v-i-bottle-0-6l-raiffeisen\/\",\"url\":\"https:\/\/www.mycamelbak.ch\/en\/flasche\/camelbak-hot-cap-v-i-bottle-0-6l-raiffeisen\/\",\"name\":\"CamelBak Hot Cap V.I. Bottle 0.6l Raiffeisen - MyCamelBak\",\"isPartOf\":{\"@id\":\"https:\/\/www.mycamelbak.ch\/en\/#website\"},\"datePublished\":\"2023-03-31T12:30:05+00:00\",\"dateModified\":\"2025-02-20T13:58:32+00:00\",\"breadcrumb\":{\"@id\":\"https:\/\/www.mycamelbak.ch\/en\/flasche\/camelbak-hot-cap-v-i-bottle-0-6l-raiffeisen\/#breadcrumb\"},\"inLanguage\":\"en-US\",\"potentialAction\":[{\"@type\":\"ReadAction\",\"target\":[\"https:\/\/www.mycamelbak.ch\/en\/flasche\/camelbak-hot-cap-v-i-bottle-0-6l-raiffeisen\/\"]}]},{\"@type\":\"BreadcrumbList\",\"@id\":\"https:\/\/www.mycamelbak.ch\/en\/flasche\/camelbak-hot-cap-v-i-bottle-0-6l-raiffeisen\/#breadcrumb\",\"itemListElement\":[{\"@type\":\"ListItem\",\"position\":1,\"name\":\"Home\",\"item\":\"https:\/\/www.mycamelbak.ch\/en\/\"},{\"@type\":\"ListItem\",\"position\":2,\"name\":\"Shop\",\"item\":\"https:\/\/www.mycamelbak.ch\/en\/shop-2\/\"},{\"@type\":\"ListItem\",\"position\":3,\"name\":\"CamelBak Hot Cap V.I. Bottle 0.6l Raiffeisen\"}]},{\"@type\":\"WebSite\",\"@id\":\"https:\/\/www.mycamelbak.ch\/en\/#website\",\"url\":\"https:\/\/www.mycamelbak.ch\/en\/\",\"name\":\"MyCamelBak\",\"description\":\"\",\"publisher\":{\"@id\":\"https:\/\/www.mycamelbak.ch\/en\/#organization\"},\"potentialAction\":[{\"@type\":\"SearchAction\",\"target\":{\"@type\":\"EntryPoint\",\"urlTemplate\":\"https:\/\/www.mycamelbak.ch\/en\/?s={search_term_string}\"},\"query-input\":\"required name=search_term_string\"}],\"inLanguage\":\"en-US\"},{\"@type\":\"Organization\",\"@id\":\"https:\/\/www.mycamelbak.ch\/en\/#organization\",\"name\":\"Vetrieb CamelBak Schweiz\",\"url\":\"https:\/\/www.mycamelbak.ch\/en\/\",\"logo\":{\"@type\":\"ImageObject\",\"inLanguage\":\"en-US\",\"@id\":\"https:\/\/www.mycamelbak.ch\/en\/#\/schema\/logo\/image\/\",\"url\":\"https:\/\/www.mycamelbak.ch\/wp-content\/uploads\/2020\/06\/logo.svg\",\"contentUrl\":\"https:\/\/www.mycamelbak.ch\/wp-content\/uploads\/2020\/06\/logo.svg\",\"width\":300,\"height\":82,\"caption\":\"Vetrieb CamelBak Schweiz\"},\"image\":{\"@id\":\"https:\/\/www.mycamelbak.ch\/en\/#\/schema\/logo\/image\/\"},\"sameAs\":[\"https:\/\/www.facebook.com\/CamelBak-CH-105592114526163\/\",\"https:\/\/www.instagram.com\/camelbakch\/\",\"https:\/\/www.linkedin.com\/company\/camelbak-ch\/\"]}]}<\/script>\n<!-- \/ Yoast SEO plugin. -->","yoast_head_json":{"title":"CamelBak Hot Cap V.I. Bottle 0.6l Raiffeisen - MyCamelBak","robots":{"index":"index","follow":"follow","max-snippet":"max-snippet:-1","max-image-preview":"max-image-preview:large","max-video-preview":"max-video-preview:-1"},"canonical":"https:\/\/www.mycamelbak.ch\/en\/flasche\/camelbak-hot-cap-v-i-bottle-0-6l-raiffeisen\/","og_locale":"en_US","og_type":"article","og_title":"CamelBak Hot Cap V.I. Bottle 0.6l Raiffeisen - MyCamelBak","og_description":"Nie mehr lauwarme Getr\u00e4nke mit der neuen Hot-Cap-Flasche. Ein auslaufsichere 360\u00b0-Deckel erm\u00f6glicht das Trinken von allen Seiten. Nehmen Sie einen Schluck, ohne gro\u00df dar\u00fcber nachzudenken. Schwei\u00dfsichere Vakuumisolierung sorgt daf\u00fcr, dass die Au\u00dfenseite der Flasche stets trocken und Ihr Getr\u00e4nk f\u00fcr bis zu 6 Stunden hei\u00df oder bis zu 24 Stunden k\u00fchl bleibt. Die Hot Cap ist f\u00fcr Getr\u00e4nke mit einer Temperatur von bis zu 90\u00b0 C geeignet. Sie ist einfach zu reinigen, denn das Ventil l\u00e4sst sich komplett abdrehen. Nie mehr lauwarme Getr\u00e4nke und einfaches Trinken mit der neuen Hot-Cap-Flasche.  Features:   \u00a0360\u00b0-Deckel: Erm\u00f6glicht das Trinken von jeder Seite der Flasche.  \u00a0Auslaufsicheres Ventil zum Abdrehen: Zum Auf- und Zudrehen.  \u00a0Vakuumisoliert: Doppelwandige Vakuumisolierung h\u00e4lt die Temperatur.  \u00a0BPA \/ BPS \/ BPF frei.","og_url":"https:\/\/www.mycamelbak.ch\/en\/flasche\/camelbak-hot-cap-v-i-bottle-0-6l-raiffeisen\/","og_site_name":"MyCamelBak","article_publisher":"https:\/\/www.facebook.com\/CamelBak-CH-105592114526163\/","article_modified_time":"2025-02-20T13:58:32+00:00","og_image":[{"width":1080,"height":1080,"url":"https:\/\/www.mycamelbak.ch\/wp-content\/uploads\/2020\/06\/CamelBak_Hot_Cap_V.I.StainlessBottle0.6l_black.jpg","type":"image\/jpeg"}],"twitter_card":"summary_large_image","schema":{"@context":"https:\/\/schema.org","@graph":[{"@type":"WebPage","@id":"https:\/\/www.mycamelbak.ch\/en\/flasche\/camelbak-hot-cap-v-i-bottle-0-6l-raiffeisen\/","url":"https:\/\/www.mycamelbak.ch\/en\/flasche\/camelbak-hot-cap-v-i-bottle-0-6l-raiffeisen\/","name":"CamelBak Hot Cap V.I. Bottle 0.6l Raiffeisen - MyCamelBak","isPartOf":{"@id":"https:\/\/www.mycamelbak.ch\/en\/#website"},"datePublished":"2023-03-31T12:30:05+00:00","dateModified":"2025-02-20T13:58:32+00:00","breadcrumb":{"@id":"https:\/\/www.mycamelbak.ch\/en\/flasche\/camelbak-hot-cap-v-i-bottle-0-6l-raiffeisen\/#breadcrumb"},"inLanguage":"en-US","potentialAction":[{"@type":"ReadAction","target":["https:\/\/www.mycamelbak.ch\/en\/flasche\/camelbak-hot-cap-v-i-bottle-0-6l-raiffeisen\/"]}]},{"@type":"BreadcrumbList","@id":"https:\/\/www.mycamelbak.ch\/en\/flasche\/camelbak-hot-cap-v-i-bottle-0-6l-raiffeisen\/#breadcrumb","itemListElement":[{"@type":"ListItem","position":1,"name":"Home","item":"https:\/\/www.mycamelbak.ch\/en\/"},{"@type":"ListItem","position":2,"name":"Shop","item":"https:\/\/www.mycamelbak.ch\/en\/shop-2\/"},{"@type":"ListItem","position":3,"name":"CamelBak Hot Cap V.I. Bottle 0.6l Raiffeisen"}]},{"@type":"WebSite","@id":"https:\/\/www.mycamelbak.ch\/en\/#website","url":"https:\/\/www.mycamelbak.ch\/en\/","name":"MyCamelBak","description":"","publisher":{"@id":"https:\/\/www.mycamelbak.ch\/en\/#organization"},"potentialAction":[{"@type":"SearchAction","target":{"@type":"EntryPoint","urlTemplate":"https:\/\/www.mycamelbak.ch\/en\/?s={search_term_string}"},"query-input":"required name=search_term_string"}],"inLanguage":"en-US"},{"@type":"Organization","@id":"https:\/\/www.mycamelbak.ch\/en\/#organization","name":"Vetrieb CamelBak Schweiz","url":"https:\/\/www.mycamelbak.ch\/en\/","logo":{"@type":"ImageObject","inLanguage":"en-US","@id":"https:\/\/www.mycamelbak.ch\/en\/#\/schema\/logo\/image\/","url":"https:\/\/www.mycamelbak.ch\/wp-content\/uploads\/2020\/06\/logo.svg","contentUrl":"https:\/\/www.mycamelbak.ch\/wp-content\/uploads\/2020\/06\/logo.svg","width":300,"height":82,"caption":"Vetrieb CamelBak Schweiz"},"image":{"@id":"https:\/\/www.mycamelbak.ch\/en\/#\/schema\/logo\/image\/"},"sameAs":["https:\/\/www.facebook.com\/CamelBak-CH-105592114526163\/","https:\/\/www.instagram.com\/camelbakch\/","https:\/\/www.linkedin.com\/company\/camelbak-ch\/"]}]}},"_links":{"self":[{"href":"https:\/\/www.mycamelbak.ch\/en\/wp-json\/wp\/v2\/product\/13977"}],"collection":[{"href":"https:\/\/www.mycamelbak.ch\/en\/wp-json\/wp\/v2\/product"}],"about":[{"href":"https:\/\/www.mycamelbak.ch\/en\/wp-json\/wp\/v2\/types\/product"}],"replies":[{"embeddable":true,"href":"https:\/\/www.mycamelbak.ch\/en\/wp-json\/wp\/v2\/comments?post=13977"}],"wp:featuredmedia":[{"embeddable":true,"href":"https:\/\/www.mycamelbak.ch\/en\/wp-json\/wp\/v2\/media\/548"}],"wp:attachment":[{"href":"https:\/\/www.mycamelbak.ch\/en\/wp-json\/wp\/v2\/media?parent=13977"}],"wp:term":[{"taxonomy":"product_cat","embeddable":true,"href":"https:\/\/www.mycamelbak.ch\/en\/wp-json\/wp\/v2\/product_cat?post=13977"},{"taxonomy":"product_tag","embeddable":true,"href":"https:\/\/www.mycamelbak.ch\/en\/wp-json\/wp\/v2\/product_tag?post=13977"}],"curies":[{"name":"wp","href":"https:\/\/api.w.org\/{rel}","templated":true}]}}