{"id":16689,"date":"2021-08-31T11:21:27","date_gmt":"2021-08-31T09:21:27","guid":{"rendered":"https:\/\/www.mycamelbak.ch\/flasche\/camelbak-eddy-bottle-0-6l-sgkb\/"},"modified":"2021-08-31T11:21:27","modified_gmt":"2021-08-31T09:21:27","slug":"camelbak-eddy-bottle-0-6l-sgkb","status":"publish","type":"product","link":"https:\/\/www.mycamelbak.ch\/en\/bottle\/camelbak-eddy-bottle-0-6l-sgkb\/","title":{"rendered":"CamelBak Eddy+ Bottle 0.6l SGKB"},"content":{"rendered":"<p>SGKB Sample<\/p>\n","protected":false},"excerpt":{"rendered":"<p>Wir haben unsere meistverkaufte eddy\u00ae-Flasche noch mal verbessert! Das bekannte und beliebte Beissventil gibt nun 25 % mehr Fl\u00fcssigkeit pro Schluck ab. Au\u00dferdem k\u00f6nnen Sie dank der Universalgewinde alle Ihre eddy-Flaschen ganz einfach mit einer neuen Kappe ausr\u00fcsten. Gleich geblieben sind Qualit\u00e4t, Haltbarkeit und einfache Reinigung, f\u00fcr die eddy bekannt ist. Sie brauchen nur eine Hand zum Trinken, ohne die Flasche zu kippen. Und das leichte, BPA-freie Material ist genauso haltbar, geschmacksneutral und perfekt f\u00fcr unterwegs wie zuvor.<\/p>\n<p>Features:<\/p>\n<ul>\n<li>Auslaufsicher: Mit geschlossenem Deckel auslaufsicher. Bei offenem Deckel kein Versch\u00fctten.<\/li>\n<li>Leicht zu tragen: Zwei-Finger-Tragegriff.<\/li>\n<li>Einfache Reinigung: Decken und Flasche sind Sp\u00fclmaschinen geeignet.<\/li>\n<li>Universaldeckel Passt auf alle Flaschengr\u00f6ssen der Reihen Chute Mag und Hot Cap.<\/li>\n<\/ul>\n","protected":false},"featured_media":509,"comment_status":"closed","ping_status":"closed","template":"","meta":{"_mi_skip_tracking":false,"_monsterinsights_sitenote_active":false,"_monsterinsights_sitenote_note":"","_monsterinsights_sitenote_category":0},"product_cat":[118],"product_tag":[],"tiered_pricing_type":"fixed","tiered_pricing_fixed_rules":[],"yoast_head":"<!-- This site is optimized with the Yoast SEO plugin v21.5 - https:\/\/yoast.com\/wordpress\/plugins\/seo\/ -->\n<title>CamelBak Eddy+ Bottle 0.6l SGKB - MyCamelBak<\/title>\n<meta name=\"robots\" content=\"index, follow, max-snippet:-1, max-image-preview:large, max-video-preview:-1\" \/>\n<link rel=\"canonical\" href=\"https:\/\/www.mycamelbak.ch\/en\/bottle\/camelbak-eddy-bottle-0-6l-sgkb\/\" \/>\n<meta property=\"og:locale\" content=\"en_US\" \/>\n<meta property=\"og:type\" content=\"article\" \/>\n<meta property=\"og:title\" content=\"CamelBak Eddy+ Bottle 0.6l SGKB - MyCamelBak\" \/>\n<meta property=\"og:description\" content=\"Wir haben unsere meistverkaufte eddy\u00ae-Flasche noch mal verbessert! Das bekannte und beliebte Beissventil gibt nun 25 % mehr Fl\u00fcssigkeit pro Schluck ab. Au\u00dferdem k\u00f6nnen Sie dank der Universalgewinde alle Ihre eddy-Flaschen ganz einfach mit einer neuen Kappe ausr\u00fcsten. Gleich geblieben sind Qualit\u00e4t, Haltbarkeit und einfache Reinigung, f\u00fcr die eddy bekannt ist. Sie brauchen nur eine Hand zum Trinken, ohne die Flasche zu kippen. Und das leichte, BPA-freie Material ist genauso haltbar, geschmacksneutral und perfekt f\u00fcr unterwegs wie zuvor. Features:  Auslaufsicher: Mit geschlossenem Deckel auslaufsicher. Bei offenem Deckel kein Versch\u00fctten. Leicht zu tragen: Zwei-Finger-Tragegriff. Einfache Reinigung: Decken und Flasche sind Sp\u00fclmaschinen geeignet. Universaldeckel Passt auf alle Flaschengr\u00f6ssen der Reihen Chute Mag und Hot Cap.\" \/>\n<meta property=\"og:url\" content=\"https:\/\/www.mycamelbak.ch\/en\/bottle\/camelbak-eddy-bottle-0-6l-sgkb\/\" \/>\n<meta property=\"og:site_name\" content=\"MyCamelBak\" \/>\n<meta property=\"article:publisher\" content=\"https:\/\/www.facebook.com\/CamelBak-CH-105592114526163\/\" \/>\n<meta property=\"og:image\" content=\"https:\/\/www.mycamelbak.ch\/wp-content\/uploads\/2020\/06\/CamelBak_Eddy_Bottle_0.6l_clear.jpg\" \/>\n\t<meta property=\"og:image:width\" content=\"1080\" \/>\n\t<meta property=\"og:image:height\" content=\"1080\" \/>\n\t<meta property=\"og:image:type\" content=\"image\/jpeg\" \/>\n<meta name=\"twitter:card\" content=\"summary_large_image\" \/>\n<script type=\"application\/ld+json\" class=\"yoast-schema-graph\">{\"@context\":\"https:\/\/schema.org\",\"@graph\":[{\"@type\":\"WebPage\",\"@id\":\"https:\/\/www.mycamelbak.ch\/en\/bottle\/camelbak-eddy-bottle-0-6l-sgkb\/\",\"url\":\"https:\/\/www.mycamelbak.ch\/en\/bottle\/camelbak-eddy-bottle-0-6l-sgkb\/\",\"name\":\"CamelBak Eddy+ Bottle 0.6l SGKB - MyCamelBak\",\"isPartOf\":{\"@id\":\"https:\/\/www.mycamelbak.ch\/en\/#website\"},\"datePublished\":\"2021-08-31T09:21:27+00:00\",\"dateModified\":\"2021-08-31T09:21:27+00:00\",\"breadcrumb\":{\"@id\":\"https:\/\/www.mycamelbak.ch\/en\/bottle\/camelbak-eddy-bottle-0-6l-sgkb\/#breadcrumb\"},\"inLanguage\":\"en-US\",\"potentialAction\":[{\"@type\":\"ReadAction\",\"target\":[\"https:\/\/www.mycamelbak.ch\/en\/bottle\/camelbak-eddy-bottle-0-6l-sgkb\/\"]}]},{\"@type\":\"BreadcrumbList\",\"@id\":\"https:\/\/www.mycamelbak.ch\/en\/bottle\/camelbak-eddy-bottle-0-6l-sgkb\/#breadcrumb\",\"itemListElement\":[{\"@type\":\"ListItem\",\"position\":1,\"name\":\"Home\",\"item\":\"https:\/\/www.mycamelbak.ch\/en\/\"},{\"@type\":\"ListItem\",\"position\":2,\"name\":\"Shop\",\"item\":\"https:\/\/www.mycamelbak.ch\/en\/shop-2\/\"},{\"@type\":\"ListItem\",\"position\":3,\"name\":\"CamelBak Eddy+ Bottle 0.6l SGKB\"}]},{\"@type\":\"WebSite\",\"@id\":\"https:\/\/www.mycamelbak.ch\/en\/#website\",\"url\":\"https:\/\/www.mycamelbak.ch\/en\/\",\"name\":\"MyCamelBak\",\"description\":\"\",\"publisher\":{\"@id\":\"https:\/\/www.mycamelbak.ch\/en\/#organization\"},\"potentialAction\":[{\"@type\":\"SearchAction\",\"target\":{\"@type\":\"EntryPoint\",\"urlTemplate\":\"https:\/\/www.mycamelbak.ch\/en\/?s={search_term_string}\"},\"query-input\":\"required name=search_term_string\"}],\"inLanguage\":\"en-US\"},{\"@type\":\"Organization\",\"@id\":\"https:\/\/www.mycamelbak.ch\/en\/#organization\",\"name\":\"Vetrieb CamelBak Schweiz\",\"url\":\"https:\/\/www.mycamelbak.ch\/en\/\",\"logo\":{\"@type\":\"ImageObject\",\"inLanguage\":\"en-US\",\"@id\":\"https:\/\/www.mycamelbak.ch\/en\/#\/schema\/logo\/image\/\",\"url\":\"https:\/\/www.mycamelbak.ch\/wp-content\/uploads\/2020\/06\/logo.svg\",\"contentUrl\":\"https:\/\/www.mycamelbak.ch\/wp-content\/uploads\/2020\/06\/logo.svg\",\"width\":300,\"height\":82,\"caption\":\"Vetrieb CamelBak Schweiz\"},\"image\":{\"@id\":\"https:\/\/www.mycamelbak.ch\/en\/#\/schema\/logo\/image\/\"},\"sameAs\":[\"https:\/\/www.facebook.com\/CamelBak-CH-105592114526163\/\",\"https:\/\/www.instagram.com\/camelbakch\/\",\"https:\/\/www.linkedin.com\/company\/camelbak-ch\/\"]}]}<\/script>\n<!-- \/ Yoast SEO plugin. -->","yoast_head_json":{"title":"CamelBak Eddy+ Bottle 0.6l SGKB - MyCamelBak","robots":{"index":"index","follow":"follow","max-snippet":"max-snippet:-1","max-image-preview":"max-image-preview:large","max-video-preview":"max-video-preview:-1"},"canonical":"https:\/\/www.mycamelbak.ch\/en\/bottle\/camelbak-eddy-bottle-0-6l-sgkb\/","og_locale":"en_US","og_type":"article","og_title":"CamelBak Eddy+ Bottle 0.6l SGKB - MyCamelBak","og_description":"Wir haben unsere meistverkaufte eddy\u00ae-Flasche noch mal verbessert! Das bekannte und beliebte Beissventil gibt nun 25 % mehr Fl\u00fcssigkeit pro Schluck ab. Au\u00dferdem k\u00f6nnen Sie dank der Universalgewinde alle Ihre eddy-Flaschen ganz einfach mit einer neuen Kappe ausr\u00fcsten. Gleich geblieben sind Qualit\u00e4t, Haltbarkeit und einfache Reinigung, f\u00fcr die eddy bekannt ist. Sie brauchen nur eine Hand zum Trinken, ohne die Flasche zu kippen. Und das leichte, BPA-freie Material ist genauso haltbar, geschmacksneutral und perfekt f\u00fcr unterwegs wie zuvor. Features:  Auslaufsicher: Mit geschlossenem Deckel auslaufsicher. Bei offenem Deckel kein Versch\u00fctten. Leicht zu tragen: Zwei-Finger-Tragegriff. Einfache Reinigung: Decken und Flasche sind Sp\u00fclmaschinen geeignet. Universaldeckel Passt auf alle Flaschengr\u00f6ssen der Reihen Chute Mag und Hot Cap.","og_url":"https:\/\/www.mycamelbak.ch\/en\/bottle\/camelbak-eddy-bottle-0-6l-sgkb\/","og_site_name":"MyCamelBak","article_publisher":"https:\/\/www.facebook.com\/CamelBak-CH-105592114526163\/","og_image":[{"width":1080,"height":1080,"url":"https:\/\/www.mycamelbak.ch\/wp-content\/uploads\/2020\/06\/CamelBak_Eddy_Bottle_0.6l_clear.jpg","type":"image\/jpeg"}],"twitter_card":"summary_large_image","schema":{"@context":"https:\/\/schema.org","@graph":[{"@type":"WebPage","@id":"https:\/\/www.mycamelbak.ch\/en\/bottle\/camelbak-eddy-bottle-0-6l-sgkb\/","url":"https:\/\/www.mycamelbak.ch\/en\/bottle\/camelbak-eddy-bottle-0-6l-sgkb\/","name":"CamelBak Eddy+ Bottle 0.6l SGKB - MyCamelBak","isPartOf":{"@id":"https:\/\/www.mycamelbak.ch\/en\/#website"},"datePublished":"2021-08-31T09:21:27+00:00","dateModified":"2021-08-31T09:21:27+00:00","breadcrumb":{"@id":"https:\/\/www.mycamelbak.ch\/en\/bottle\/camelbak-eddy-bottle-0-6l-sgkb\/#breadcrumb"},"inLanguage":"en-US","potentialAction":[{"@type":"ReadAction","target":["https:\/\/www.mycamelbak.ch\/en\/bottle\/camelbak-eddy-bottle-0-6l-sgkb\/"]}]},{"@type":"BreadcrumbList","@id":"https:\/\/www.mycamelbak.ch\/en\/bottle\/camelbak-eddy-bottle-0-6l-sgkb\/#breadcrumb","itemListElement":[{"@type":"ListItem","position":1,"name":"Home","item":"https:\/\/www.mycamelbak.ch\/en\/"},{"@type":"ListItem","position":2,"name":"Shop","item":"https:\/\/www.mycamelbak.ch\/en\/shop-2\/"},{"@type":"ListItem","position":3,"name":"CamelBak Eddy+ Bottle 0.6l SGKB"}]},{"@type":"WebSite","@id":"https:\/\/www.mycamelbak.ch\/en\/#website","url":"https:\/\/www.mycamelbak.ch\/en\/","name":"MyCamelBak","description":"","publisher":{"@id":"https:\/\/www.mycamelbak.ch\/en\/#organization"},"potentialAction":[{"@type":"SearchAction","target":{"@type":"EntryPoint","urlTemplate":"https:\/\/www.mycamelbak.ch\/en\/?s={search_term_string}"},"query-input":"required name=search_term_string"}],"inLanguage":"en-US"},{"@type":"Organization","@id":"https:\/\/www.mycamelbak.ch\/en\/#organization","name":"Vetrieb CamelBak Schweiz","url":"https:\/\/www.mycamelbak.ch\/en\/","logo":{"@type":"ImageObject","inLanguage":"en-US","@id":"https:\/\/www.mycamelbak.ch\/en\/#\/schema\/logo\/image\/","url":"https:\/\/www.mycamelbak.ch\/wp-content\/uploads\/2020\/06\/logo.svg","contentUrl":"https:\/\/www.mycamelbak.ch\/wp-content\/uploads\/2020\/06\/logo.svg","width":300,"height":82,"caption":"Vetrieb CamelBak Schweiz"},"image":{"@id":"https:\/\/www.mycamelbak.ch\/en\/#\/schema\/logo\/image\/"},"sameAs":["https:\/\/www.facebook.com\/CamelBak-CH-105592114526163\/","https:\/\/www.instagram.com\/camelbakch\/","https:\/\/www.linkedin.com\/company\/camelbak-ch\/"]}]}},"_links":{"self":[{"href":"https:\/\/www.mycamelbak.ch\/en\/wp-json\/wp\/v2\/product\/16689"}],"collection":[{"href":"https:\/\/www.mycamelbak.ch\/en\/wp-json\/wp\/v2\/product"}],"about":[{"href":"https:\/\/www.mycamelbak.ch\/en\/wp-json\/wp\/v2\/types\/product"}],"replies":[{"embeddable":true,"href":"https:\/\/www.mycamelbak.ch\/en\/wp-json\/wp\/v2\/comments?post=16689"}],"wp:featuredmedia":[{"embeddable":true,"href":"https:\/\/www.mycamelbak.ch\/en\/wp-json\/wp\/v2\/media\/509"}],"wp:attachment":[{"href":"https:\/\/www.mycamelbak.ch\/en\/wp-json\/wp\/v2\/media?parent=16689"}],"wp:term":[{"taxonomy":"product_cat","embeddable":true,"href":"https:\/\/www.mycamelbak.ch\/en\/wp-json\/wp\/v2\/product_cat?post=16689"},{"taxonomy":"product_tag","embeddable":true,"href":"https:\/\/www.mycamelbak.ch\/en\/wp-json\/wp\/v2\/product_tag?post=16689"}],"curies":[{"name":"wp","href":"https:\/\/api.w.org\/{rel}","templated":true}]}}