{"id":6470,"date":"2021-08-31T11:29:41","date_gmt":"2021-08-31T09:29:41","guid":{"rendered":"https:\/\/www.mycamelbak.ch\/?post_type=product&#038;p=6470"},"modified":"2025-02-20T14:59:41","modified_gmt":"2025-02-20T13:59:41","slug":"camelbak-eddy-kids-bottle-0-4l-sgkb","status":"publish","type":"product","link":"https:\/\/www.mycamelbak.ch\/en\/flasche\/camelbak-eddy-kids-bottle-0-4l-sgkb\/","title":{"rendered":"CamelBak Eddy+ Kids Bottle 0.4l SGKB"},"content":{"rendered":"","protected":false},"excerpt":{"rendered":"<p>Machen Sie Ihre Kinder gl\u00fccklich und sorgen Sie daf\u00fcr, dass sie genug trinken. Die Eddy\u00ae+-Kids-Wasserflasche ist aus Echo\u2122, einem zu 10 % erneuerbarem, pflanzlichen Material, hergestellt. Die leichte und haltbare Flasche verhindert im offenen Zustand Versch\u00fctten und ist im geschlossen Zustand auslaufsicher. Kein Kippen erforderlich \u2013 einfach aufklappen, bei\u00dfen und trinken Einfach zu reinigen und BPA-, BPS- und BPF-frei. Empfohlen ab drei Jahren. \u00d6ffnen, bei\u00dfen, trinken: Trinkstrohhalm.<\/p>\n<div>Features:<\/div>\n<ul>\n<li>Auslaufsicher: Im geschlossen Zustand auslaufsicher, im offenen Zustand kein Versch\u00fctten.<\/li>\n<li>Leicht zu tragen: Praktischer Tragegriff.<\/li>\n<li>Leicht und haltbar<\/li>\n<li>Geruchs- und schmutzabweisend<\/li>\n<li>Einfach zu reinigen: Im obersten Geschirrkorb sp\u00fclmaschinenfest.<\/li>\n<li>Sauberes Trinken: BPA-, BPS- und BPF-frei<\/li>\n<li>Passende Deckel: Kompatibel mit Chute\u00ae Mag &#8211; und Carry-Deckeln.<\/li>\n<li>Ab drei Jahren.<\/li>\n<\/ul>\n","protected":false},"featured_media":486,"comment_status":"closed","ping_status":"closed","template":"","meta":{"_mi_skip_tracking":false,"_monsterinsights_sitenote_active":false,"_monsterinsights_sitenote_note":"","_monsterinsights_sitenote_category":0},"product_cat":[83],"product_tag":[],"tiered_pricing_type":"fixed","tiered_pricing_fixed_rules":[],"yoast_head":"<!-- This site is optimized with the Yoast SEO plugin v21.5 - https:\/\/yoast.com\/wordpress\/plugins\/seo\/ -->\n<title>CamelBak Eddy+ Kids Bottle 0.4l SGKB - MyCamelBak<\/title>\n<meta name=\"robots\" content=\"index, follow, max-snippet:-1, max-image-preview:large, max-video-preview:-1\" \/>\n<link rel=\"canonical\" href=\"https:\/\/www.mycamelbak.ch\/en\/flasche\/camelbak-eddy-kids-bottle-0-4l-sgkb\/\" \/>\n<meta property=\"og:locale\" content=\"en_US\" \/>\n<meta property=\"og:type\" content=\"article\" \/>\n<meta property=\"og:title\" content=\"CamelBak Eddy+ Kids Bottle 0.4l SGKB - MyCamelBak\" \/>\n<meta property=\"og:description\" content=\"Machen Sie Ihre Kinder gl\u00fccklich und sorgen Sie daf\u00fcr, dass sie genug trinken. Die Eddy\u00ae+-Kids-Wasserflasche ist aus Echo\u2122, einem zu 10 % erneuerbarem, pflanzlichen Material, hergestellt. Die leichte und haltbare Flasche verhindert im offenen Zustand Versch\u00fctten und ist im geschlossen Zustand auslaufsicher. Kein Kippen erforderlich \u2013 einfach aufklappen, bei\u00dfen und trinken Einfach zu reinigen und BPA-, BPS- und BPF-frei. Empfohlen ab drei Jahren. \u00d6ffnen, bei\u00dfen, trinken: Trinkstrohhalm. Features:   Auslaufsicher: Im geschlossen Zustand auslaufsicher, im offenen Zustand kein Versch\u00fctten.  Leicht zu tragen: Praktischer Tragegriff.  Leicht und haltbar  Geruchs- und schmutzabweisend  Einfach zu reinigen: Im obersten Geschirrkorb sp\u00fclmaschinenfest.  Sauberes Trinken: BPA-, BPS- und BPF-frei  Passende Deckel: Kompatibel mit Chute\u00ae Mag - und Carry-Deckeln.  Ab drei Jahren.\" \/>\n<meta property=\"og:url\" content=\"https:\/\/www.mycamelbak.ch\/en\/flasche\/camelbak-eddy-kids-bottle-0-4l-sgkb\/\" \/>\n<meta property=\"og:site_name\" content=\"MyCamelBak\" \/>\n<meta property=\"article:publisher\" content=\"https:\/\/www.facebook.com\/CamelBak-CH-105592114526163\/\" \/>\n<meta property=\"article:modified_time\" content=\"2025-02-20T13:59:41+00:00\" \/>\n<meta property=\"og:image\" content=\"https:\/\/www.mycamelbak.ch\/wp-content\/uploads\/2020\/05\/CamelBak_eddy_Kids_0.4l_clear.jpg\" \/>\n\t<meta property=\"og:image:width\" content=\"1080\" \/>\n\t<meta property=\"og:image:height\" content=\"1080\" \/>\n\t<meta property=\"og:image:type\" content=\"image\/jpeg\" \/>\n<meta name=\"twitter:card\" content=\"summary_large_image\" \/>\n<script type=\"application\/ld+json\" class=\"yoast-schema-graph\">{\"@context\":\"https:\/\/schema.org\",\"@graph\":[{\"@type\":\"WebPage\",\"@id\":\"https:\/\/www.mycamelbak.ch\/en\/flasche\/camelbak-eddy-kids-bottle-0-4l-sgkb\/\",\"url\":\"https:\/\/www.mycamelbak.ch\/en\/flasche\/camelbak-eddy-kids-bottle-0-4l-sgkb\/\",\"name\":\"CamelBak Eddy+ Kids Bottle 0.4l SGKB - MyCamelBak\",\"isPartOf\":{\"@id\":\"https:\/\/www.mycamelbak.ch\/en\/#website\"},\"datePublished\":\"2021-08-31T09:29:41+00:00\",\"dateModified\":\"2025-02-20T13:59:41+00:00\",\"breadcrumb\":{\"@id\":\"https:\/\/www.mycamelbak.ch\/en\/flasche\/camelbak-eddy-kids-bottle-0-4l-sgkb\/#breadcrumb\"},\"inLanguage\":\"en-US\",\"potentialAction\":[{\"@type\":\"ReadAction\",\"target\":[\"https:\/\/www.mycamelbak.ch\/en\/flasche\/camelbak-eddy-kids-bottle-0-4l-sgkb\/\"]}]},{\"@type\":\"BreadcrumbList\",\"@id\":\"https:\/\/www.mycamelbak.ch\/en\/flasche\/camelbak-eddy-kids-bottle-0-4l-sgkb\/#breadcrumb\",\"itemListElement\":[{\"@type\":\"ListItem\",\"position\":1,\"name\":\"Home\",\"item\":\"https:\/\/www.mycamelbak.ch\/en\/\"},{\"@type\":\"ListItem\",\"position\":2,\"name\":\"Shop\",\"item\":\"https:\/\/www.mycamelbak.ch\/en\/shop-2\/\"},{\"@type\":\"ListItem\",\"position\":3,\"name\":\"CamelBak Eddy+ Kids Bottle 0.4l SGKB\"}]},{\"@type\":\"WebSite\",\"@id\":\"https:\/\/www.mycamelbak.ch\/en\/#website\",\"url\":\"https:\/\/www.mycamelbak.ch\/en\/\",\"name\":\"MyCamelBak\",\"description\":\"\",\"publisher\":{\"@id\":\"https:\/\/www.mycamelbak.ch\/en\/#organization\"},\"potentialAction\":[{\"@type\":\"SearchAction\",\"target\":{\"@type\":\"EntryPoint\",\"urlTemplate\":\"https:\/\/www.mycamelbak.ch\/en\/?s={search_term_string}\"},\"query-input\":\"required name=search_term_string\"}],\"inLanguage\":\"en-US\"},{\"@type\":\"Organization\",\"@id\":\"https:\/\/www.mycamelbak.ch\/en\/#organization\",\"name\":\"Vetrieb CamelBak Schweiz\",\"url\":\"https:\/\/www.mycamelbak.ch\/en\/\",\"logo\":{\"@type\":\"ImageObject\",\"inLanguage\":\"en-US\",\"@id\":\"https:\/\/www.mycamelbak.ch\/en\/#\/schema\/logo\/image\/\",\"url\":\"https:\/\/www.mycamelbak.ch\/wp-content\/uploads\/2020\/06\/logo.svg\",\"contentUrl\":\"https:\/\/www.mycamelbak.ch\/wp-content\/uploads\/2020\/06\/logo.svg\",\"width\":300,\"height\":82,\"caption\":\"Vetrieb CamelBak Schweiz\"},\"image\":{\"@id\":\"https:\/\/www.mycamelbak.ch\/en\/#\/schema\/logo\/image\/\"},\"sameAs\":[\"https:\/\/www.facebook.com\/CamelBak-CH-105592114526163\/\",\"https:\/\/www.instagram.com\/camelbakch\/\",\"https:\/\/www.linkedin.com\/company\/camelbak-ch\/\"]}]}<\/script>\n<!-- \/ Yoast SEO plugin. -->","yoast_head_json":{"title":"CamelBak Eddy+ Kids Bottle 0.4l SGKB - MyCamelBak","robots":{"index":"index","follow":"follow","max-snippet":"max-snippet:-1","max-image-preview":"max-image-preview:large","max-video-preview":"max-video-preview:-1"},"canonical":"https:\/\/www.mycamelbak.ch\/en\/flasche\/camelbak-eddy-kids-bottle-0-4l-sgkb\/","og_locale":"en_US","og_type":"article","og_title":"CamelBak Eddy+ Kids Bottle 0.4l SGKB - MyCamelBak","og_description":"Machen Sie Ihre Kinder gl\u00fccklich und sorgen Sie daf\u00fcr, dass sie genug trinken. Die Eddy\u00ae+-Kids-Wasserflasche ist aus Echo\u2122, einem zu 10 % erneuerbarem, pflanzlichen Material, hergestellt. Die leichte und haltbare Flasche verhindert im offenen Zustand Versch\u00fctten und ist im geschlossen Zustand auslaufsicher. Kein Kippen erforderlich \u2013 einfach aufklappen, bei\u00dfen und trinken Einfach zu reinigen und BPA-, BPS- und BPF-frei. Empfohlen ab drei Jahren. \u00d6ffnen, bei\u00dfen, trinken: Trinkstrohhalm. Features:   Auslaufsicher: Im geschlossen Zustand auslaufsicher, im offenen Zustand kein Versch\u00fctten.  Leicht zu tragen: Praktischer Tragegriff.  Leicht und haltbar  Geruchs- und schmutzabweisend  Einfach zu reinigen: Im obersten Geschirrkorb sp\u00fclmaschinenfest.  Sauberes Trinken: BPA-, BPS- und BPF-frei  Passende Deckel: Kompatibel mit Chute\u00ae Mag - und Carry-Deckeln.  Ab drei Jahren.","og_url":"https:\/\/www.mycamelbak.ch\/en\/flasche\/camelbak-eddy-kids-bottle-0-4l-sgkb\/","og_site_name":"MyCamelBak","article_publisher":"https:\/\/www.facebook.com\/CamelBak-CH-105592114526163\/","article_modified_time":"2025-02-20T13:59:41+00:00","og_image":[{"width":1080,"height":1080,"url":"https:\/\/www.mycamelbak.ch\/wp-content\/uploads\/2020\/05\/CamelBak_eddy_Kids_0.4l_clear.jpg","type":"image\/jpeg"}],"twitter_card":"summary_large_image","schema":{"@context":"https:\/\/schema.org","@graph":[{"@type":"WebPage","@id":"https:\/\/www.mycamelbak.ch\/en\/flasche\/camelbak-eddy-kids-bottle-0-4l-sgkb\/","url":"https:\/\/www.mycamelbak.ch\/en\/flasche\/camelbak-eddy-kids-bottle-0-4l-sgkb\/","name":"CamelBak Eddy+ Kids Bottle 0.4l SGKB - MyCamelBak","isPartOf":{"@id":"https:\/\/www.mycamelbak.ch\/en\/#website"},"datePublished":"2021-08-31T09:29:41+00:00","dateModified":"2025-02-20T13:59:41+00:00","breadcrumb":{"@id":"https:\/\/www.mycamelbak.ch\/en\/flasche\/camelbak-eddy-kids-bottle-0-4l-sgkb\/#breadcrumb"},"inLanguage":"en-US","potentialAction":[{"@type":"ReadAction","target":["https:\/\/www.mycamelbak.ch\/en\/flasche\/camelbak-eddy-kids-bottle-0-4l-sgkb\/"]}]},{"@type":"BreadcrumbList","@id":"https:\/\/www.mycamelbak.ch\/en\/flasche\/camelbak-eddy-kids-bottle-0-4l-sgkb\/#breadcrumb","itemListElement":[{"@type":"ListItem","position":1,"name":"Home","item":"https:\/\/www.mycamelbak.ch\/en\/"},{"@type":"ListItem","position":2,"name":"Shop","item":"https:\/\/www.mycamelbak.ch\/en\/shop-2\/"},{"@type":"ListItem","position":3,"name":"CamelBak Eddy+ Kids Bottle 0.4l SGKB"}]},{"@type":"WebSite","@id":"https:\/\/www.mycamelbak.ch\/en\/#website","url":"https:\/\/www.mycamelbak.ch\/en\/","name":"MyCamelBak","description":"","publisher":{"@id":"https:\/\/www.mycamelbak.ch\/en\/#organization"},"potentialAction":[{"@type":"SearchAction","target":{"@type":"EntryPoint","urlTemplate":"https:\/\/www.mycamelbak.ch\/en\/?s={search_term_string}"},"query-input":"required name=search_term_string"}],"inLanguage":"en-US"},{"@type":"Organization","@id":"https:\/\/www.mycamelbak.ch\/en\/#organization","name":"Vetrieb CamelBak Schweiz","url":"https:\/\/www.mycamelbak.ch\/en\/","logo":{"@type":"ImageObject","inLanguage":"en-US","@id":"https:\/\/www.mycamelbak.ch\/en\/#\/schema\/logo\/image\/","url":"https:\/\/www.mycamelbak.ch\/wp-content\/uploads\/2020\/06\/logo.svg","contentUrl":"https:\/\/www.mycamelbak.ch\/wp-content\/uploads\/2020\/06\/logo.svg","width":300,"height":82,"caption":"Vetrieb CamelBak Schweiz"},"image":{"@id":"https:\/\/www.mycamelbak.ch\/en\/#\/schema\/logo\/image\/"},"sameAs":["https:\/\/www.facebook.com\/CamelBak-CH-105592114526163\/","https:\/\/www.instagram.com\/camelbakch\/","https:\/\/www.linkedin.com\/company\/camelbak-ch\/"]}]}},"_links":{"self":[{"href":"https:\/\/www.mycamelbak.ch\/en\/wp-json\/wp\/v2\/product\/6470"}],"collection":[{"href":"https:\/\/www.mycamelbak.ch\/en\/wp-json\/wp\/v2\/product"}],"about":[{"href":"https:\/\/www.mycamelbak.ch\/en\/wp-json\/wp\/v2\/types\/product"}],"replies":[{"embeddable":true,"href":"https:\/\/www.mycamelbak.ch\/en\/wp-json\/wp\/v2\/comments?post=6470"}],"wp:featuredmedia":[{"embeddable":true,"href":"https:\/\/www.mycamelbak.ch\/en\/wp-json\/wp\/v2\/media\/486"}],"wp:attachment":[{"href":"https:\/\/www.mycamelbak.ch\/en\/wp-json\/wp\/v2\/media?parent=6470"}],"wp:term":[{"taxonomy":"product_cat","embeddable":true,"href":"https:\/\/www.mycamelbak.ch\/en\/wp-json\/wp\/v2\/product_cat?post=6470"},{"taxonomy":"product_tag","embeddable":true,"href":"https:\/\/www.mycamelbak.ch\/en\/wp-json\/wp\/v2\/product_tag?post=6470"}],"curies":[{"name":"wp","href":"https:\/\/api.w.org\/{rel}","templated":true}]}}