{"id":1145,"date":"2020-06-26T16:10:39","date_gmt":"2020-06-26T14:10:39","guid":{"rendered":"https:\/\/www.mycamelbak.ch\/contacter\/"},"modified":"2026-03-26T07:44:03","modified_gmt":"2026-03-26T06:44:03","slug":"contacter","status":"publish","type":"page","link":"https:\/\/www.mycamelbak.ch\/fr\/contacter\/","title":{"rendered":"Contacter"},"content":{"rendered":"\n<h1 class=\"wp-block-heading\">Contacter<\/h1>\n\n<div class=\"wp-block-columns editorial is-layout-flex wp-container-3 wp-block-columns-is-layout-flex\">\n<div class=\"wp-block-column is-layout-flow wp-block-column-is-layout-flow\">\n<div class=\"wpcf7 no-js\" id=\"wpcf7-f208-o1\" lang=\"de-CH\" dir=\"ltr\">\n<div class=\"screen-reader-response\"><p role=\"status\" aria-live=\"polite\" aria-atomic=\"true\"><\/p> <ul><\/ul><\/div>\n<form action=\"\/fr\/wp-json\/wp\/v2\/pages\/1145#wpcf7-f208-o1\" method=\"post\" class=\"wpcf7-form init\" aria-label=\"Contact form\" novalidate=\"novalidate\" data-status=\"init\">\n<div style=\"display: none;\">\n<input type=\"hidden\" name=\"_wpcf7\" value=\"208\" \/>\n<input type=\"hidden\" name=\"_wpcf7_version\" value=\"5.8.2\" \/>\n<input type=\"hidden\" name=\"_wpcf7_locale\" value=\"de_CH\" \/>\n<input type=\"hidden\" name=\"_wpcf7_unit_tag\" value=\"wpcf7-f208-o1\" \/>\n<input type=\"hidden\" name=\"_wpcf7_container_post\" value=\"0\" \/>\n<input type=\"hidden\" name=\"_wpcf7_posted_data_hash\" value=\"\" \/>\n<\/div>\n<p><label>Name*<br \/>\n<span class=\"wpcf7-form-control-wrap\" data-name=\"your-name\"><input size=\"40\" class=\"wpcf7-form-control wpcf7-text wpcf7-validates-as-required\" aria-required=\"true\" aria-invalid=\"false\" value=\"\" type=\"text\" name=\"your-name\" \/><\/span> <\/label>\n<\/p>\n<p><label>E-Mail *<br \/>\n<span class=\"wpcf7-form-control-wrap\" data-name=\"your-email\"><input size=\"40\" class=\"wpcf7-form-control wpcf7-email wpcf7-validates-as-required wpcf7-text wpcf7-validates-as-email\" aria-required=\"true\" aria-invalid=\"false\" value=\"\" type=\"email\" name=\"your-email\" \/><\/span> <\/label>\n<\/p>\n<p><label>Nachricht*<br \/>\n<span class=\"wpcf7-form-control-wrap\" data-name=\"your-message\"><textarea cols=\"40\" rows=\"10\" class=\"wpcf7-form-control wpcf7-textarea wpcf7-validates-as-required\" aria-required=\"true\" aria-invalid=\"false\" name=\"your-message\"><\/textarea><\/span> <\/label><br \/>\n<span id=\"wpcf7-69e311be0b34d-wrapper\" class=\"wpcf7-form-control-wrap website-wrap\" ><label for=\"wpcf7-69e311be0b34d-field\" class=\"hp-message\">Please leave this field empty.<\/label><input id=\"wpcf7-69e311be0b34d-field\"  class=\"wpcf7-form-control wpcf7-text\" type=\"text\" name=\"website\" value=\"\" size=\"40\" tabindex=\"-1\" autocomplete=\"new-password\" \/><\/span>\n<\/p>\n<p><input class=\"wpcf7-form-control wpcf7-submit has-spinner\" type=\"submit\" value=\"Senden\" \/>\n<\/p><div class=\"wpcf7-response-output\" aria-hidden=\"true\"><\/div>\n<\/form>\n<\/div>\n\n<\/div>\n\n\n\n<div class=\"wp-block-column is-layout-flow wp-block-column-is-layout-flow\">\n<p><strong>intercycle ag<\/strong>&#13;\n(Distribution CamelBak Suisse)&#13;\nPfundmatte 3&#13;\n6210 Sursee&#13;\nSchweiz<\/p>\n\n\n\n<p>T\u00e9l\u00e9phone: <a href=\"tel:+41 926 65 55\">+41 926 65 55<\/a>&#13;\nE-Mail: <a href=\"mailto:custom@intercycle.ch\">custom@intercycle.ch<\/a>&#13;\nWeb: <a href=\"https:\/\/www.mycamelbak.ch\/\">www.mycamelbak.ch<\/a><\/p>\n<\/div>\n<\/div>\n","protected":false},"excerpt":{"rendered":"<p>Contacter intercycle ag&#13; (Distribution CamelBak Suisse)&#13; Pfundmatte 3&#13; 6210 Sursee&#13; Schweiz T\u00e9l\u00e9phone: +41 926 65 55&#13; E-Mail: custom@intercycle.ch&#13; Web: www.mycamelbak.ch<\/p>\n","protected":false},"author":1,"featured_media":0,"parent":0,"menu_order":9,"comment_status":"closed","ping_status":"closed","template":"","meta":{"_mi_skip_tracking":false,"_monsterinsights_sitenote_active":false,"_monsterinsights_sitenote_note":"","_monsterinsights_sitenote_category":0,"footnotes":""},"yoast_head":"<!-- This site is optimized with the Yoast SEO plugin v21.5 - https:\/\/yoast.com\/wordpress\/plugins\/seo\/ -->\n<title>Distribution de CamelBak Suisse - Prenez contact avec nous<\/title>\n<meta name=\"description\" content=\"Vous souhaitez contacter le service commercial de CamelBak Suisse? Vous pouvez y obtenir des informations de contact telles que l&#039;adresse \u00e9lectronique, le num\u00e9ro de t\u00e9l\u00e9phone et l&#039;adresse.\" \/>\n<meta name=\"robots\" content=\"index, follow, max-snippet:-1, max-image-preview:large, max-video-preview:-1\" \/>\n<link rel=\"canonical\" href=\"https:\/\/www.mycamelbak.ch\/fr\/contacter\/\" \/>\n<meta property=\"og:locale\" content=\"fr_FR\" \/>\n<meta property=\"og:type\" content=\"article\" \/>\n<meta property=\"og:title\" content=\"Distribution de CamelBak Suisse - Prenez contact avec nous\" \/>\n<meta property=\"og:description\" content=\"Vous souhaitez contacter le service commercial de CamelBak Suisse? Vous pouvez y obtenir des informations de contact telles que l&#039;adresse \u00e9lectronique, le num\u00e9ro de t\u00e9l\u00e9phone et l&#039;adresse.\" \/>\n<meta property=\"og:url\" content=\"https:\/\/www.mycamelbak.ch\/fr\/contacter\/\" \/>\n<meta property=\"og:site_name\" content=\"MyCamelBak\" \/>\n<meta property=\"article:publisher\" content=\"https:\/\/www.facebook.com\/CamelBak-CH-105592114526163\/\" \/>\n<meta property=\"article:modified_time\" content=\"2026-03-26T06:44:03+00:00\" \/>\n<meta name=\"twitter:card\" content=\"summary_large_image\" \/>\n<script type=\"application\/ld+json\" class=\"yoast-schema-graph\">{\"@context\":\"https:\/\/schema.org\",\"@graph\":[{\"@type\":\"WebPage\",\"@id\":\"https:\/\/www.mycamelbak.ch\/fr\/contacter\/\",\"url\":\"https:\/\/www.mycamelbak.ch\/fr\/contacter\/\",\"name\":\"Distribution de CamelBak Suisse - Prenez contact avec nous\",\"isPartOf\":{\"@id\":\"https:\/\/www.mycamelbak.ch\/fr\/#website\"},\"datePublished\":\"2020-06-26T14:10:39+00:00\",\"dateModified\":\"2026-03-26T06:44:03+00:00\",\"description\":\"Vous souhaitez contacter le service commercial de CamelBak Suisse? Vous pouvez y obtenir des informations de contact telles que l'adresse \u00e9lectronique, le num\u00e9ro de t\u00e9l\u00e9phone et l'adresse.\",\"breadcrumb\":{\"@id\":\"https:\/\/www.mycamelbak.ch\/fr\/contacter\/#breadcrumb\"},\"inLanguage\":\"fr-FR\",\"potentialAction\":[{\"@type\":\"ReadAction\",\"target\":[\"https:\/\/www.mycamelbak.ch\/fr\/contacter\/\"]}]},{\"@type\":\"BreadcrumbList\",\"@id\":\"https:\/\/www.mycamelbak.ch\/fr\/contacter\/#breadcrumb\",\"itemListElement\":[{\"@type\":\"ListItem\",\"position\":1,\"name\":\"Home\",\"item\":\"https:\/\/www.mycamelbak.ch\/fr\/\"},{\"@type\":\"ListItem\",\"position\":2,\"name\":\"Contacter\"}]},{\"@type\":\"WebSite\",\"@id\":\"https:\/\/www.mycamelbak.ch\/fr\/#website\",\"url\":\"https:\/\/www.mycamelbak.ch\/fr\/\",\"name\":\"MyCamelBak\",\"description\":\"\",\"publisher\":{\"@id\":\"https:\/\/www.mycamelbak.ch\/fr\/#organization\"},\"potentialAction\":[{\"@type\":\"SearchAction\",\"target\":{\"@type\":\"EntryPoint\",\"urlTemplate\":\"https:\/\/www.mycamelbak.ch\/fr\/?s={search_term_string}\"},\"query-input\":\"required name=search_term_string\"}],\"inLanguage\":\"fr-FR\"},{\"@type\":\"Organization\",\"@id\":\"https:\/\/www.mycamelbak.ch\/fr\/#organization\",\"name\":\"Vetrieb CamelBak Schweiz\",\"url\":\"https:\/\/www.mycamelbak.ch\/fr\/\",\"logo\":{\"@type\":\"ImageObject\",\"inLanguage\":\"fr-FR\",\"@id\":\"https:\/\/www.mycamelbak.ch\/fr\/#\/schema\/logo\/image\/\",\"url\":\"https:\/\/www.mycamelbak.ch\/wp-content\/uploads\/2020\/06\/logo.svg\",\"contentUrl\":\"https:\/\/www.mycamelbak.ch\/wp-content\/uploads\/2020\/06\/logo.svg\",\"width\":300,\"height\":82,\"caption\":\"Vetrieb CamelBak Schweiz\"},\"image\":{\"@id\":\"https:\/\/www.mycamelbak.ch\/fr\/#\/schema\/logo\/image\/\"},\"sameAs\":[\"https:\/\/www.facebook.com\/CamelBak-CH-105592114526163\/\",\"https:\/\/www.instagram.com\/camelbakch\/\",\"https:\/\/www.linkedin.com\/company\/camelbak-ch\/\"]}]}<\/script>\n<!-- \/ Yoast SEO plugin. -->","yoast_head_json":{"title":"Distribution de CamelBak Suisse - Prenez contact avec nous","description":"Vous souhaitez contacter le service commercial de CamelBak Suisse? Vous pouvez y obtenir des informations de contact telles que l'adresse \u00e9lectronique, le num\u00e9ro de t\u00e9l\u00e9phone et l'adresse.","robots":{"index":"index","follow":"follow","max-snippet":"max-snippet:-1","max-image-preview":"max-image-preview:large","max-video-preview":"max-video-preview:-1"},"canonical":"https:\/\/www.mycamelbak.ch\/fr\/contacter\/","og_locale":"fr_FR","og_type":"article","og_title":"Distribution de CamelBak Suisse - Prenez contact avec nous","og_description":"Vous souhaitez contacter le service commercial de CamelBak Suisse? Vous pouvez y obtenir des informations de contact telles que l'adresse \u00e9lectronique, le num\u00e9ro de t\u00e9l\u00e9phone et l'adresse.","og_url":"https:\/\/www.mycamelbak.ch\/fr\/contacter\/","og_site_name":"MyCamelBak","article_publisher":"https:\/\/www.facebook.com\/CamelBak-CH-105592114526163\/","article_modified_time":"2026-03-26T06:44:03+00:00","twitter_card":"summary_large_image","schema":{"@context":"https:\/\/schema.org","@graph":[{"@type":"WebPage","@id":"https:\/\/www.mycamelbak.ch\/fr\/contacter\/","url":"https:\/\/www.mycamelbak.ch\/fr\/contacter\/","name":"Distribution de CamelBak Suisse - Prenez contact avec nous","isPartOf":{"@id":"https:\/\/www.mycamelbak.ch\/fr\/#website"},"datePublished":"2020-06-26T14:10:39+00:00","dateModified":"2026-03-26T06:44:03+00:00","description":"Vous souhaitez contacter le service commercial de CamelBak Suisse? Vous pouvez y obtenir des informations de contact telles que l'adresse \u00e9lectronique, le num\u00e9ro de t\u00e9l\u00e9phone et l'adresse.","breadcrumb":{"@id":"https:\/\/www.mycamelbak.ch\/fr\/contacter\/#breadcrumb"},"inLanguage":"fr-FR","potentialAction":[{"@type":"ReadAction","target":["https:\/\/www.mycamelbak.ch\/fr\/contacter\/"]}]},{"@type":"BreadcrumbList","@id":"https:\/\/www.mycamelbak.ch\/fr\/contacter\/#breadcrumb","itemListElement":[{"@type":"ListItem","position":1,"name":"Home","item":"https:\/\/www.mycamelbak.ch\/fr\/"},{"@type":"ListItem","position":2,"name":"Contacter"}]},{"@type":"WebSite","@id":"https:\/\/www.mycamelbak.ch\/fr\/#website","url":"https:\/\/www.mycamelbak.ch\/fr\/","name":"MyCamelBak","description":"","publisher":{"@id":"https:\/\/www.mycamelbak.ch\/fr\/#organization"},"potentialAction":[{"@type":"SearchAction","target":{"@type":"EntryPoint","urlTemplate":"https:\/\/www.mycamelbak.ch\/fr\/?s={search_term_string}"},"query-input":"required name=search_term_string"}],"inLanguage":"fr-FR"},{"@type":"Organization","@id":"https:\/\/www.mycamelbak.ch\/fr\/#organization","name":"Vetrieb CamelBak Schweiz","url":"https:\/\/www.mycamelbak.ch\/fr\/","logo":{"@type":"ImageObject","inLanguage":"fr-FR","@id":"https:\/\/www.mycamelbak.ch\/fr\/#\/schema\/logo\/image\/","url":"https:\/\/www.mycamelbak.ch\/wp-content\/uploads\/2020\/06\/logo.svg","contentUrl":"https:\/\/www.mycamelbak.ch\/wp-content\/uploads\/2020\/06\/logo.svg","width":300,"height":82,"caption":"Vetrieb CamelBak Schweiz"},"image":{"@id":"https:\/\/www.mycamelbak.ch\/fr\/#\/schema\/logo\/image\/"},"sameAs":["https:\/\/www.facebook.com\/CamelBak-CH-105592114526163\/","https:\/\/www.instagram.com\/camelbakch\/","https:\/\/www.linkedin.com\/company\/camelbak-ch\/"]}]}},"_links":{"self":[{"href":"https:\/\/www.mycamelbak.ch\/fr\/wp-json\/wp\/v2\/pages\/1145"}],"collection":[{"href":"https:\/\/www.mycamelbak.ch\/fr\/wp-json\/wp\/v2\/pages"}],"about":[{"href":"https:\/\/www.mycamelbak.ch\/fr\/wp-json\/wp\/v2\/types\/page"}],"author":[{"embeddable":true,"href":"https:\/\/www.mycamelbak.ch\/fr\/wp-json\/wp\/v2\/users\/1"}],"replies":[{"embeddable":true,"href":"https:\/\/www.mycamelbak.ch\/fr\/wp-json\/wp\/v2\/comments?post=1145"}],"version-history":[{"count":4,"href":"https:\/\/www.mycamelbak.ch\/fr\/wp-json\/wp\/v2\/pages\/1145\/revisions"}],"predecessor-version":[{"id":27583,"href":"https:\/\/www.mycamelbak.ch\/fr\/wp-json\/wp\/v2\/pages\/1145\/revisions\/27583"}],"wp:attachment":[{"href":"https:\/\/www.mycamelbak.ch\/fr\/wp-json\/wp\/v2\/media?parent=1145"}],"curies":[{"name":"wp","href":"https:\/\/api.w.org\/{rel}","templated":true}]}}