{"id":27038,"date":"2026-03-13T15:44:43","date_gmt":"2026-03-13T14:44:43","guid":{"rendered":"https:\/\/www.mycamelbak.ch\/?page_id=27038"},"modified":"2026-03-26T07:43:37","modified_gmt":"2026-03-26T06:43:37","slug":"organisations","status":"publish","type":"page","link":"https:\/\/www.mycamelbak.ch\/fr\/organisations\/","title":{"rendered":"Organisations"},"content":{"rendered":"\n<div class=\"wp-block-group alignwide is-layout-flow wp-block-group-is-layout-flow\"><div class=\"wp-block-group__inner-container\">\n<div style=\"max-width:700px; margin-left:auto; margin-right:auto; text-align:center;\">\n\n<h1 class=\"wp-block-heading\" style=\"text-align:center;\">\nCamelBak est disponible en B2B\n<\/h1>\n\n\n<p style=\"text-align:center;\">\nQu&#8217;il s&#8217;agisse de remercier de pr\u00e9cieux collaborateurs, de fid\u00e9liser des clients, de g\u00e2ter les membres d&#8217;un club, d&#8217;alimenter une boutique de merchandising ou de transmettre un message de marque : les possibilit\u00e9s offertes par les bouteilles CamelBak personnalis\u00e9es sont pratiquement illimit\u00e9es.\n<\/p>\n\n\n<div class=\"wp-block-buttons is-content-justification-center is-layout-flex wp-container-1 wp-block-buttons-is-layout-flex\" style=\"justify-content:center;\">\n\n<div class=\"wp-block-button\">\n<a class=\"wp-block-button__link wp-element-button\" href=\"https:\/\/www.mycamelbak.ch\/fr\/contacter\/\" style=\"display:inline-block;\">\nVERS LE FORMULAIRE DE CONTACT\n<\/a>\n<\/div>\n\n<\/div>\n\n<\/div>\n<\/div><\/div>\n\n<div class=\"wp-block-group client-designs is-layout-flow wp-block-group-is-layout-flow\"><div class=\"wp-block-group__inner-container\">\n<figure class=\"wp-block-gallery has-nested-images columns-1 show-1 wp-block-gallery-3 is-layout-flex wp-block-gallery-is-layout-flex\">\n<figure class=\"wp-block-image size-full\"><img decoding=\"async\" loading=\"lazy\" width=\"2070\" height=\"720\" src=\"https:\/\/www.mycamelbak.ch\/wp-content\/uploads\/2026\/03\/b2b_gallery_1.jpg\" alt=\"\" class=\"wp-image-27115\" srcset=\"https:\/\/www.mycamelbak.ch\/wp-content\/uploads\/2026\/03\/b2b_gallery_1.jpg 2070w, https:\/\/www.mycamelbak.ch\/wp-content\/uploads\/2026\/03\/b2b_gallery_1-300x104.jpg 300w, https:\/\/www.mycamelbak.ch\/wp-content\/uploads\/2026\/03\/b2b_gallery_1-1024x356.jpg 1024w, https:\/\/www.mycamelbak.ch\/wp-content\/uploads\/2026\/03\/b2b_gallery_1-768x267.jpg 768w, https:\/\/www.mycamelbak.ch\/wp-content\/uploads\/2026\/03\/b2b_gallery_1-1536x534.jpg 1536w, https:\/\/www.mycamelbak.ch\/wp-content\/uploads\/2026\/03\/b2b_gallery_1-2048x712.jpg 2048w, https:\/\/www.mycamelbak.ch\/wp-content\/uploads\/2026\/03\/b2b_gallery_1-540x188.jpg 540w, https:\/\/www.mycamelbak.ch\/wp-content\/uploads\/2026\/03\/b2b_gallery_1-800x278.jpg 800w, https:\/\/www.mycamelbak.ch\/wp-content\/uploads\/2026\/03\/b2b_gallery_1-240x83.jpg 240w\" sizes=\"(max-width: 2070px) 100vw, 2070px\" \/><\/figure>\n\n\n\n<figure class=\"wp-block-image size-full\"><img decoding=\"async\" loading=\"lazy\" width=\"2070\" height=\"720\" src=\"https:\/\/www.mycamelbak.ch\/wp-content\/uploads\/2026\/03\/b2b_gallery_2.jpg\" alt=\"\" class=\"wp-image-27118\" srcset=\"https:\/\/www.mycamelbak.ch\/wp-content\/uploads\/2026\/03\/b2b_gallery_2.jpg 2070w, https:\/\/www.mycamelbak.ch\/wp-content\/uploads\/2026\/03\/b2b_gallery_2-300x104.jpg 300w, https:\/\/www.mycamelbak.ch\/wp-content\/uploads\/2026\/03\/b2b_gallery_2-1024x356.jpg 1024w, https:\/\/www.mycamelbak.ch\/wp-content\/uploads\/2026\/03\/b2b_gallery_2-768x267.jpg 768w, https:\/\/www.mycamelbak.ch\/wp-content\/uploads\/2026\/03\/b2b_gallery_2-1536x534.jpg 1536w, https:\/\/www.mycamelbak.ch\/wp-content\/uploads\/2026\/03\/b2b_gallery_2-2048x712.jpg 2048w, https:\/\/www.mycamelbak.ch\/wp-content\/uploads\/2026\/03\/b2b_gallery_2-540x188.jpg 540w, https:\/\/www.mycamelbak.ch\/wp-content\/uploads\/2026\/03\/b2b_gallery_2-800x278.jpg 800w, https:\/\/www.mycamelbak.ch\/wp-content\/uploads\/2026\/03\/b2b_gallery_2-240x83.jpg 240w\" sizes=\"(max-width: 2070px) 100vw, 2070px\" \/><\/figure>\n<\/figure>\n<\/div><\/div>\n\n<h2 class=\"wp-block-heading\">Proc\u00e9d\u00e9s d&#8217;impression<\/h2>\n\n<div class=\"wp-block-columns is-layout-flex wp-container-9 wp-block-columns-is-layout-flex\">\n<div class=\"wp-block-column is-layout-flow wp-block-column-is-layout-flow\">\n<figure class=\"wp-block-image size-large\"><img decoding=\"async\" loading=\"lazy\" width=\"1024\" height=\"1024\" src=\"https:\/\/www.mycamelbak.ch\/wp-content\/uploads\/2026\/03\/druckverfahren_digitaldruck-1024x1024.jpg\" alt=\"\" class=\"wp-image-27145\" srcset=\"https:\/\/www.mycamelbak.ch\/wp-content\/uploads\/2026\/03\/druckverfahren_digitaldruck-1024x1024.jpg 1024w, https:\/\/www.mycamelbak.ch\/wp-content\/uploads\/2026\/03\/druckverfahren_digitaldruck-300x300.jpg 300w, https:\/\/www.mycamelbak.ch\/wp-content\/uploads\/2026\/03\/druckverfahren_digitaldruck-150x150.jpg 150w, https:\/\/www.mycamelbak.ch\/wp-content\/uploads\/2026\/03\/druckverfahren_digitaldruck-768x768.jpg 768w, https:\/\/www.mycamelbak.ch\/wp-content\/uploads\/2026\/03\/druckverfahren_digitaldruck-540x540.jpg 540w, https:\/\/www.mycamelbak.ch\/wp-content\/uploads\/2026\/03\/druckverfahren_digitaldruck-800x800.jpg 800w, https:\/\/www.mycamelbak.ch\/wp-content\/uploads\/2026\/03\/druckverfahren_digitaldruck-240x240.jpg 240w, https:\/\/www.mycamelbak.ch\/wp-content\/uploads\/2026\/03\/druckverfahren_digitaldruck.jpg 1340w\" sizes=\"(max-width: 1024px) 100vw, 1024px\" \/><\/figure>\n\n\n\n<h3 class=\"wp-block-heading\" id=\"printing-process\">Impression num\u00e9rique<\/h3>\n\n\n\n<ul>\n<li>Large spectre de couleurs<\/li>\n\n\n\n<li>Id\u00e9al pour les visuels et mises en page complexes<\/li>\n\n\n\n<li>Personnalisable \u2013 chaque bouteille peut \u00eatre unique<\/li>\n\n\n\n<li>Rendu photor\u00e9aliste gr\u00e2ce \u00e0 une haute r\u00e9solution<\/li>\n<\/ul>\n<\/div>\n\n\n\n<div class=\"wp-block-column is-layout-flow wp-block-column-is-layout-flow\">\n<figure class=\"wp-block-image size-large\"><img decoding=\"async\" loading=\"lazy\" width=\"1024\" height=\"1024\" src=\"https:\/\/www.mycamelbak.ch\/wp-content\/uploads\/2026\/03\/druckverfahren_lasergravur-1024x1024.jpg\" alt=\"\" class=\"wp-image-27148\" srcset=\"https:\/\/www.mycamelbak.ch\/wp-content\/uploads\/2026\/03\/druckverfahren_lasergravur-1024x1024.jpg 1024w, https:\/\/www.mycamelbak.ch\/wp-content\/uploads\/2026\/03\/druckverfahren_lasergravur-300x300.jpg 300w, https:\/\/www.mycamelbak.ch\/wp-content\/uploads\/2026\/03\/druckverfahren_lasergravur-150x150.jpg 150w, https:\/\/www.mycamelbak.ch\/wp-content\/uploads\/2026\/03\/druckverfahren_lasergravur-768x768.jpg 768w, https:\/\/www.mycamelbak.ch\/wp-content\/uploads\/2026\/03\/druckverfahren_lasergravur-540x540.jpg 540w, https:\/\/www.mycamelbak.ch\/wp-content\/uploads\/2026\/03\/druckverfahren_lasergravur-800x800.jpg 800w, https:\/\/www.mycamelbak.ch\/wp-content\/uploads\/2026\/03\/druckverfahren_lasergravur-240x240.jpg 240w, https:\/\/www.mycamelbak.ch\/wp-content\/uploads\/2026\/03\/druckverfahren_lasergravur.jpg 1340w\" sizes=\"(max-width: 1024px) 100vw, 1024px\" \/><\/figure>\n\n\n\n<h3 class=\"wp-block-heading\">Marquage au laser<\/h3>\n\n\n\n<ul>\n<li>Zones de gravure individuelles selon la taille de la bouteille (max. L 32 x H 120 mm)<\/li>\n\n\n\n<li>Possibilit\u00e9 de r\u00e9aliser les d\u00e9tails les plus fins<\/li>\n\n\n\n<li>Une option haut de gamme pour sublimer discr\u00e8tement les produits CamelBak avec votre marque<\/li>\n\n\n\n<li>Optimal pour les logos, les motifs simples et les textes<\/li>\n<\/ul>\n<\/div>\n\n\n\n<div class=\"wp-block-column is-layout-flow wp-block-column-is-layout-flow\">\n<figure class=\"wp-block-image size-large\"><img decoding=\"async\" loading=\"lazy\" width=\"1024\" height=\"1024\" src=\"https:\/\/www.mycamelbak.ch\/wp-content\/uploads\/2026\/03\/druckverfahren_siebdruck-1024x1024.jpg\" alt=\"\" class=\"wp-image-27151\" srcset=\"https:\/\/www.mycamelbak.ch\/wp-content\/uploads\/2026\/03\/druckverfahren_siebdruck-1024x1024.jpg 1024w, https:\/\/www.mycamelbak.ch\/wp-content\/uploads\/2026\/03\/druckverfahren_siebdruck-300x300.jpg 300w, https:\/\/www.mycamelbak.ch\/wp-content\/uploads\/2026\/03\/druckverfahren_siebdruck-150x150.jpg 150w, https:\/\/www.mycamelbak.ch\/wp-content\/uploads\/2026\/03\/druckverfahren_siebdruck-768x768.jpg 768w, https:\/\/www.mycamelbak.ch\/wp-content\/uploads\/2026\/03\/druckverfahren_siebdruck-540x540.jpg 540w, https:\/\/www.mycamelbak.ch\/wp-content\/uploads\/2026\/03\/druckverfahren_siebdruck-800x800.jpg 800w, https:\/\/www.mycamelbak.ch\/wp-content\/uploads\/2026\/03\/druckverfahren_siebdruck-240x240.jpg 240w, https:\/\/www.mycamelbak.ch\/wp-content\/uploads\/2026\/03\/druckverfahren_siebdruck.jpg 1340w\" sizes=\"(max-width: 1024px) 100vw, 1024px\" \/><\/figure>\n\n\n\n<h3 class=\"wp-block-heading\">S\u00e9rigraphie<\/h3>\n\n\n\n<ul>\n<li>Reproduction exacte des couleurs Pantone<\/li>\n\n\n\n<li>Impression circulaire \u00e0 360\u00b0 (avec une marge de 15 mm)<\/li>\n\n\n\n<li>Haute r\u00e9sistance aux rayures<\/li>\n\n\n\n<li>\u00c9conomique pour les grandes et petites s\u00e9ries avec des visuels simples<\/li>\n<\/ul>\n<\/div>\n<\/div>\n\n<h2 class=\"wp-block-heading\"><\/h2>\n\n<hr class=\"wp-block-separator has-css-opacity\"\/>\n\n<div class=\"wp-block-columns editorial is-layout-flex wp-container-12 wp-block-columns-is-layout-flex\">\n<div class=\"wp-block-column is-layout-flow wp-block-column-is-layout-flow\">\n<blockquote class=\"wp-block-quote\">\n<p>Nous \u00e9tions \u00e0 la recherche d&#8217;un produit promotionnel de haute qualit\u00e9, capable d&#8217;\u00eatre marqu\u00e9 de mani\u00e8re sobre mais \u00e9l\u00e9gante. Pour nous, la CamelBak Chute Mag est le cadeau client id\u00e9al.<\/p>\n<cite><strong>Marc Menz<\/strong><br>Projektleiter<\/cite><\/blockquote>\n<\/div>\n\n\n\n<div class=\"wp-block-column is-layout-flow wp-block-column-is-layout-flow\">\n<figure class=\"wp-block-image size-full\"><img decoding=\"async\" loading=\"lazy\" width=\"500\" height=\"500\" src=\"https:\/\/www.mycamelbak.ch\/wp-content\/uploads\/2021\/04\/Marc-Menz-1.png\" alt=\"\" class=\"wp-image-1762\" srcset=\"https:\/\/www.mycamelbak.ch\/wp-content\/uploads\/2021\/04\/Marc-Menz-1.png 500w, https:\/\/www.mycamelbak.ch\/wp-content\/uploads\/2021\/04\/Marc-Menz-1-240x240.png 240w, https:\/\/www.mycamelbak.ch\/wp-content\/uploads\/2021\/04\/Marc-Menz-1-300x300.png 300w, https:\/\/www.mycamelbak.ch\/wp-content\/uploads\/2021\/04\/Marc-Menz-1-150x150.png 150w\" sizes=\"(max-width: 500px) 100vw, 500px\" \/><\/figure>\n\n\n\n<p><\/p>\n<\/div>\n<\/div>\n\n<hr class=\"wp-block-separator has-css-opacity\"\/>\n\n<div class=\"wp-block-columns has-2202-blue-background-color has-background is-layout-flex wp-container-14 wp-block-columns-is-layout-flex\">\n<div class=\"wp-block-column is-layout-flow wp-block-column-is-layout-flow\">\n<figure class=\"wp-block-image alignfull size-large\"><img decoding=\"async\" loading=\"lazy\" width=\"1788\" height=\"530\" src=\"https:\/\/www.mycamelbak.ch\/wp-content\/uploads\/2026\/03\/usp_de.svg\" alt=\"\" class=\"wp-image-27268\"\/><\/figure>\n<\/div>\n<\/div>\n\n<div class=\"wp-block-group footer-category is-layout-flow wp-block-group-is-layout-flow\"><div class=\"wp-block-group__inner-container\">\n<h2 class=\"wp-block-heading\">Autres cat\u00e9gories<\/h2>\n\n\n\n<div class=\"wp-block-columns is-layout-flex wp-container-18 wp-block-columns-is-layout-flex\">\n<div class=\"wp-block-column is-layout-flow wp-block-column-is-layout-flow\">\n<figure class=\"wp-block-image size-large\"><a href=\"https:\/\/www.mycamelbak.ch\/fr\/lifestyle\/\"><img decoding=\"async\" loading=\"lazy\" width=\"1024\" height=\"1024\" src=\"https:\/\/www.mycamelbak.ch\/wp-content\/uploads\/2026\/03\/category_01_lifestyle_square-1024x1024.jpg\" alt=\"\" class=\"wp-image-27128\" srcset=\"https:\/\/www.mycamelbak.ch\/wp-content\/uploads\/2026\/03\/category_01_lifestyle_square-1024x1024.jpg 1024w, https:\/\/www.mycamelbak.ch\/wp-content\/uploads\/2026\/03\/category_01_lifestyle_square-300x300.jpg 300w, https:\/\/www.mycamelbak.ch\/wp-content\/uploads\/2026\/03\/category_01_lifestyle_square-150x150.jpg 150w, https:\/\/www.mycamelbak.ch\/wp-content\/uploads\/2026\/03\/category_01_lifestyle_square-768x768.jpg 768w, https:\/\/www.mycamelbak.ch\/wp-content\/uploads\/2026\/03\/category_01_lifestyle_square-540x540.jpg 540w, https:\/\/www.mycamelbak.ch\/wp-content\/uploads\/2026\/03\/category_01_lifestyle_square-800x800.jpg 800w, https:\/\/www.mycamelbak.ch\/wp-content\/uploads\/2026\/03\/category_01_lifestyle_square-240x240.jpg 240w, https:\/\/www.mycamelbak.ch\/wp-content\/uploads\/2026\/03\/category_01_lifestyle_square.jpg 1340w\" sizes=\"(max-width: 1024px) 100vw, 1024px\" \/><\/a><figcaption class=\"wp-element-caption\"><a href=\"https:\/\/mycamelbak.ch\/fr\/lifestyle\/\">Lifestyle<\/a><\/figcaption><\/figure>\n<\/div>\n\n\n\n<div class=\"wp-block-column is-layout-flow wp-block-column-is-layout-flow\">\n<figure class=\"wp-block-image size-large\"><a href=\"https:\/\/www.mycamelbak.ch\/fr\/sport\/\"><img decoding=\"async\" loading=\"lazy\" width=\"1024\" height=\"1024\" src=\"https:\/\/www.mycamelbak.ch\/wp-content\/uploads\/2026\/03\/category_02_sport_square-1024x1024.jpg\" alt=\"\" class=\"wp-image-27131\" srcset=\"https:\/\/www.mycamelbak.ch\/wp-content\/uploads\/2026\/03\/category_02_sport_square-1024x1024.jpg 1024w, https:\/\/www.mycamelbak.ch\/wp-content\/uploads\/2026\/03\/category_02_sport_square-300x300.jpg 300w, https:\/\/www.mycamelbak.ch\/wp-content\/uploads\/2026\/03\/category_02_sport_square-150x150.jpg 150w, https:\/\/www.mycamelbak.ch\/wp-content\/uploads\/2026\/03\/category_02_sport_square-768x768.jpg 768w, https:\/\/www.mycamelbak.ch\/wp-content\/uploads\/2026\/03\/category_02_sport_square-540x540.jpg 540w, https:\/\/www.mycamelbak.ch\/wp-content\/uploads\/2026\/03\/category_02_sport_square-800x800.jpg 800w, https:\/\/www.mycamelbak.ch\/wp-content\/uploads\/2026\/03\/category_02_sport_square-240x240.jpg 240w, https:\/\/www.mycamelbak.ch\/wp-content\/uploads\/2026\/03\/category_02_sport_square.jpg 1340w\" sizes=\"(max-width: 1024px) 100vw, 1024px\" \/><\/a><figcaption class=\"wp-element-caption\"><a href=\"https:\/\/mycamelbak.ch\/fr\/sport\/\">Sport<\/a><\/figcaption><\/figure>\n<\/div>\n\n\n\n<div class=\"wp-block-column is-layout-flow wp-block-column-is-layout-flow\">\n<figure class=\"wp-block-image size-large\"><a href=\"https:\/\/www.mycamelbak.ch\/fr\/kids\/\"><img decoding=\"async\" loading=\"lazy\" width=\"1024\" height=\"1024\" src=\"https:\/\/www.mycamelbak.ch\/wp-content\/uploads\/2026\/03\/category_03_kids_square-1024x1024.jpg\" alt=\"\" class=\"wp-image-27134\" srcset=\"https:\/\/www.mycamelbak.ch\/wp-content\/uploads\/2026\/03\/category_03_kids_square-1024x1024.jpg 1024w, https:\/\/www.mycamelbak.ch\/wp-content\/uploads\/2026\/03\/category_03_kids_square-300x300.jpg 300w, https:\/\/www.mycamelbak.ch\/wp-content\/uploads\/2026\/03\/category_03_kids_square-150x150.jpg 150w, https:\/\/www.mycamelbak.ch\/wp-content\/uploads\/2026\/03\/category_03_kids_square-768x768.jpg 768w, https:\/\/www.mycamelbak.ch\/wp-content\/uploads\/2026\/03\/category_03_kids_square-540x540.jpg 540w, https:\/\/www.mycamelbak.ch\/wp-content\/uploads\/2026\/03\/category_03_kids_square-800x800.jpg 800w, https:\/\/www.mycamelbak.ch\/wp-content\/uploads\/2026\/03\/category_03_kids_square-240x240.jpg 240w, https:\/\/www.mycamelbak.ch\/wp-content\/uploads\/2026\/03\/category_03_kids_square.jpg 1340w\" sizes=\"(max-width: 1024px) 100vw, 1024px\" \/><\/a><figcaption class=\"wp-element-caption\"><a href=\"https:\/\/mycamelbak.ch\/fr\/kids\/\">Kids<\/a><\/figcaption><\/figure>\n<\/div>\n<\/div>\n<\/div><\/div>\n","protected":false},"excerpt":{"rendered":"<p>CamelBak est disponible en B2B Qu&#8217;il s&#8217;agisse de remercier de pr\u00e9cieux collaborateurs, de fid\u00e9liser des clients, de g\u00e2ter les membres d&#8217;un club, d&#8217;alimenter une boutique de merchandising ou de transmettre un message de marque : les possibilit\u00e9s offertes par les bouteilles CamelBak personnalis\u00e9es sont pratiquement illimit\u00e9es. Proc\u00e9d\u00e9s d&#8217;impression Impression num\u00e9rique Marquage au laser S\u00e9rigraphie Nous &hellip; <a href=\"https:\/\/www.mycamelbak.ch\/fr\/organisations\/\">Continued<\/a><\/p>\n","protected":false},"author":2,"featured_media":0,"parent":0,"menu_order":5,"comment_status":"closed","ping_status":"closed","template":"","meta":{"_mi_skip_tracking":false,"_monsterinsights_sitenote_active":false,"_monsterinsights_sitenote_note":"","_monsterinsights_sitenote_category":0,"footnotes":""},"yoast_head":"<!-- This site is optimized with the Yoast SEO plugin v21.5 - https:\/\/yoast.com\/wordpress\/plugins\/seo\/ -->\n<title>CamelBak est B2B - possibilit\u00e9s de bouteilles CamelBak imprim\u00e9es<\/title>\n<meta name=\"description\" content=\"Que \u00e7a soit pour des collaborateurs valeureux, des bons clients, des membres d&#039;associations, du merchandising ou pour transmettre un message: Les possibilit\u00e9s des bouteilles Camelbak imprim\u00e9es sont sans limites.\" \/>\n<meta name=\"robots\" content=\"index, follow, max-snippet:-1, max-image-preview:large, max-video-preview:-1\" \/>\n<link rel=\"canonical\" href=\"https:\/\/www.mycamelbak.ch\/fr\/organisations\/\" \/>\n<meta property=\"og:locale\" content=\"fr_FR\" \/>\n<meta property=\"og:type\" content=\"article\" \/>\n<meta property=\"og:title\" content=\"CamelBak est B2B - possibilit\u00e9s de bouteilles CamelBak imprim\u00e9es\" \/>\n<meta property=\"og:description\" content=\"Que \u00e7a soit pour des collaborateurs valeureux, des bons clients, des membres d&#039;associations, du merchandising ou pour transmettre un message: Les possibilit\u00e9s des bouteilles Camelbak imprim\u00e9es sont sans limites.\" \/>\n<meta property=\"og:url\" content=\"https:\/\/www.mycamelbak.ch\/fr\/organisations\/\" \/>\n<meta property=\"og:site_name\" content=\"MyCamelBak\" \/>\n<meta property=\"article:publisher\" content=\"https:\/\/www.facebook.com\/CamelBak-CH-105592114526163\/\" \/>\n<meta property=\"article:modified_time\" content=\"2026-03-26T06:43:37+00:00\" \/>\n<meta property=\"og:image\" content=\"https:\/\/www.mycamelbak.ch\/wp-content\/uploads\/2026\/03\/b2b_gallery_1.jpg\" \/>\n<meta name=\"twitter:card\" content=\"summary_large_image\" \/>\n<meta name=\"twitter:label1\" content=\"Dur\u00e9e de lecture estim\u00e9e\" \/>\n\t<meta name=\"twitter:data1\" content=\"8 minutes\" \/>\n<script type=\"application\/ld+json\" class=\"yoast-schema-graph\">{\"@context\":\"https:\/\/schema.org\",\"@graph\":[{\"@type\":\"WebPage\",\"@id\":\"https:\/\/www.mycamelbak.ch\/fr\/organisations\/\",\"url\":\"https:\/\/www.mycamelbak.ch\/fr\/organisations\/\",\"name\":\"CamelBak est B2B - possibilit\u00e9s de bouteilles CamelBak imprim\u00e9es\",\"isPartOf\":{\"@id\":\"https:\/\/www.mycamelbak.ch\/fr\/#website\"},\"datePublished\":\"2026-03-13T14:44:43+00:00\",\"dateModified\":\"2026-03-26T06:43:37+00:00\",\"description\":\"Que \u00e7a soit pour des collaborateurs valeureux, des bons clients, des membres d'associations, du merchandising ou pour transmettre un message: Les possibilit\u00e9s des bouteilles Camelbak imprim\u00e9es sont sans limites.\",\"breadcrumb\":{\"@id\":\"https:\/\/www.mycamelbak.ch\/fr\/organisations\/#breadcrumb\"},\"inLanguage\":\"fr-FR\",\"potentialAction\":[{\"@type\":\"ReadAction\",\"target\":[\"https:\/\/www.mycamelbak.ch\/fr\/organisations\/\"]}]},{\"@type\":\"BreadcrumbList\",\"@id\":\"https:\/\/www.mycamelbak.ch\/fr\/organisations\/#breadcrumb\",\"itemListElement\":[{\"@type\":\"ListItem\",\"position\":1,\"name\":\"Home\",\"item\":\"https:\/\/www.mycamelbak.ch\/fr\/\"},{\"@type\":\"ListItem\",\"position\":2,\"name\":\"Organisations\"}]},{\"@type\":\"WebSite\",\"@id\":\"https:\/\/www.mycamelbak.ch\/fr\/#website\",\"url\":\"https:\/\/www.mycamelbak.ch\/fr\/\",\"name\":\"MyCamelBak\",\"description\":\"\",\"publisher\":{\"@id\":\"https:\/\/www.mycamelbak.ch\/fr\/#organization\"},\"potentialAction\":[{\"@type\":\"SearchAction\",\"target\":{\"@type\":\"EntryPoint\",\"urlTemplate\":\"https:\/\/www.mycamelbak.ch\/fr\/?s={search_term_string}\"},\"query-input\":\"required name=search_term_string\"}],\"inLanguage\":\"fr-FR\"},{\"@type\":\"Organization\",\"@id\":\"https:\/\/www.mycamelbak.ch\/fr\/#organization\",\"name\":\"Vetrieb CamelBak Schweiz\",\"url\":\"https:\/\/www.mycamelbak.ch\/fr\/\",\"logo\":{\"@type\":\"ImageObject\",\"inLanguage\":\"fr-FR\",\"@id\":\"https:\/\/www.mycamelbak.ch\/fr\/#\/schema\/logo\/image\/\",\"url\":\"https:\/\/www.mycamelbak.ch\/wp-content\/uploads\/2020\/06\/logo.svg\",\"contentUrl\":\"https:\/\/www.mycamelbak.ch\/wp-content\/uploads\/2020\/06\/logo.svg\",\"width\":300,\"height\":82,\"caption\":\"Vetrieb CamelBak Schweiz\"},\"image\":{\"@id\":\"https:\/\/www.mycamelbak.ch\/fr\/#\/schema\/logo\/image\/\"},\"sameAs\":[\"https:\/\/www.facebook.com\/CamelBak-CH-105592114526163\/\",\"https:\/\/www.instagram.com\/camelbakch\/\",\"https:\/\/www.linkedin.com\/company\/camelbak-ch\/\"]}]}<\/script>\n<!-- \/ Yoast SEO plugin. -->","yoast_head_json":{"title":"CamelBak est B2B - possibilit\u00e9s de bouteilles CamelBak imprim\u00e9es","description":"Que \u00e7a soit pour des collaborateurs valeureux, des bons clients, des membres d'associations, du merchandising ou pour transmettre un message: Les possibilit\u00e9s des bouteilles Camelbak imprim\u00e9es sont sans limites.","robots":{"index":"index","follow":"follow","max-snippet":"max-snippet:-1","max-image-preview":"max-image-preview:large","max-video-preview":"max-video-preview:-1"},"canonical":"https:\/\/www.mycamelbak.ch\/fr\/organisations\/","og_locale":"fr_FR","og_type":"article","og_title":"CamelBak est B2B - possibilit\u00e9s de bouteilles CamelBak imprim\u00e9es","og_description":"Que \u00e7a soit pour des collaborateurs valeureux, des bons clients, des membres d'associations, du merchandising ou pour transmettre un message: Les possibilit\u00e9s des bouteilles Camelbak imprim\u00e9es sont sans limites.","og_url":"https:\/\/www.mycamelbak.ch\/fr\/organisations\/","og_site_name":"MyCamelBak","article_publisher":"https:\/\/www.facebook.com\/CamelBak-CH-105592114526163\/","article_modified_time":"2026-03-26T06:43:37+00:00","og_image":[{"url":"https:\/\/www.mycamelbak.ch\/wp-content\/uploads\/2026\/03\/b2b_gallery_1.jpg"}],"twitter_card":"summary_large_image","twitter_misc":{"Dur\u00e9e de lecture estim\u00e9e":"8 minutes"},"schema":{"@context":"https:\/\/schema.org","@graph":[{"@type":"WebPage","@id":"https:\/\/www.mycamelbak.ch\/fr\/organisations\/","url":"https:\/\/www.mycamelbak.ch\/fr\/organisations\/","name":"CamelBak est B2B - possibilit\u00e9s de bouteilles CamelBak imprim\u00e9es","isPartOf":{"@id":"https:\/\/www.mycamelbak.ch\/fr\/#website"},"datePublished":"2026-03-13T14:44:43+00:00","dateModified":"2026-03-26T06:43:37+00:00","description":"Que \u00e7a soit pour des collaborateurs valeureux, des bons clients, des membres d'associations, du merchandising ou pour transmettre un message: Les possibilit\u00e9s des bouteilles Camelbak imprim\u00e9es sont sans limites.","breadcrumb":{"@id":"https:\/\/www.mycamelbak.ch\/fr\/organisations\/#breadcrumb"},"inLanguage":"fr-FR","potentialAction":[{"@type":"ReadAction","target":["https:\/\/www.mycamelbak.ch\/fr\/organisations\/"]}]},{"@type":"BreadcrumbList","@id":"https:\/\/www.mycamelbak.ch\/fr\/organisations\/#breadcrumb","itemListElement":[{"@type":"ListItem","position":1,"name":"Home","item":"https:\/\/www.mycamelbak.ch\/fr\/"},{"@type":"ListItem","position":2,"name":"Organisations"}]},{"@type":"WebSite","@id":"https:\/\/www.mycamelbak.ch\/fr\/#website","url":"https:\/\/www.mycamelbak.ch\/fr\/","name":"MyCamelBak","description":"","publisher":{"@id":"https:\/\/www.mycamelbak.ch\/fr\/#organization"},"potentialAction":[{"@type":"SearchAction","target":{"@type":"EntryPoint","urlTemplate":"https:\/\/www.mycamelbak.ch\/fr\/?s={search_term_string}"},"query-input":"required name=search_term_string"}],"inLanguage":"fr-FR"},{"@type":"Organization","@id":"https:\/\/www.mycamelbak.ch\/fr\/#organization","name":"Vetrieb CamelBak Schweiz","url":"https:\/\/www.mycamelbak.ch\/fr\/","logo":{"@type":"ImageObject","inLanguage":"fr-FR","@id":"https:\/\/www.mycamelbak.ch\/fr\/#\/schema\/logo\/image\/","url":"https:\/\/www.mycamelbak.ch\/wp-content\/uploads\/2020\/06\/logo.svg","contentUrl":"https:\/\/www.mycamelbak.ch\/wp-content\/uploads\/2020\/06\/logo.svg","width":300,"height":82,"caption":"Vetrieb CamelBak Schweiz"},"image":{"@id":"https:\/\/www.mycamelbak.ch\/fr\/#\/schema\/logo\/image\/"},"sameAs":["https:\/\/www.facebook.com\/CamelBak-CH-105592114526163\/","https:\/\/www.instagram.com\/camelbakch\/","https:\/\/www.linkedin.com\/company\/camelbak-ch\/"]}]}},"_links":{"self":[{"href":"https:\/\/www.mycamelbak.ch\/fr\/wp-json\/wp\/v2\/pages\/27038"}],"collection":[{"href":"https:\/\/www.mycamelbak.ch\/fr\/wp-json\/wp\/v2\/pages"}],"about":[{"href":"https:\/\/www.mycamelbak.ch\/fr\/wp-json\/wp\/v2\/types\/page"}],"author":[{"embeddable":true,"href":"https:\/\/www.mycamelbak.ch\/fr\/wp-json\/wp\/v2\/users\/2"}],"replies":[{"embeddable":true,"href":"https:\/\/www.mycamelbak.ch\/fr\/wp-json\/wp\/v2\/comments?post=27038"}],"version-history":[{"count":13,"href":"https:\/\/www.mycamelbak.ch\/fr\/wp-json\/wp\/v2\/pages\/27038\/revisions"}],"predecessor-version":[{"id":27289,"href":"https:\/\/www.mycamelbak.ch\/fr\/wp-json\/wp\/v2\/pages\/27038\/revisions\/27289"}],"wp:attachment":[{"href":"https:\/\/www.mycamelbak.ch\/fr\/wp-json\/wp\/v2\/media?parent=27038"}],"curies":[{"name":"wp","href":"https:\/\/api.w.org\/{rel}","templated":true}]}}