{"id":27294,"date":"2026-03-13T16:18:48","date_gmt":"2026-03-13T15:18:48","guid":{"rendered":"https:\/\/www.mycamelbak.ch\/?page_id=27294"},"modified":"2026-03-26T07:23:48","modified_gmt":"2026-03-26T06:23:48","slug":"lifestyle","status":"publish","type":"page","link":"https:\/\/www.mycamelbak.ch\/fr\/lifestyle\/","title":{"rendered":"Lifestyle"},"content":{"rendered":"\n<div class=\"wp-block-columns is-layout-flex wp-container-4 wp-block-columns-is-layout-flex\">\n<div class=\"wp-block-column is-layout-flow wp-block-column-is-layout-flow\">\n<figure class=\"wp-block-image alignwide size-large\"><img decoding=\"async\" loading=\"lazy\" width=\"1024\" height=\"683\" src=\"https:\/\/www.mycamelbak.ch\/wp-content\/uploads\/2026\/03\/mycamelbak_aktuell-1024x683.jpg\" alt=\"\" class=\"wp-image-27032\" srcset=\"https:\/\/www.mycamelbak.ch\/wp-content\/uploads\/2026\/03\/mycamelbak_aktuell-1024x683.jpg 1024w, https:\/\/www.mycamelbak.ch\/wp-content\/uploads\/2026\/03\/mycamelbak_aktuell-300x200.jpg 300w, https:\/\/www.mycamelbak.ch\/wp-content\/uploads\/2026\/03\/mycamelbak_aktuell-768x512.jpg 768w, https:\/\/www.mycamelbak.ch\/wp-content\/uploads\/2026\/03\/mycamelbak_aktuell-540x360.jpg 540w, https:\/\/www.mycamelbak.ch\/wp-content\/uploads\/2026\/03\/mycamelbak_aktuell-800x533.jpg 800w, https:\/\/www.mycamelbak.ch\/wp-content\/uploads\/2026\/03\/mycamelbak_aktuell-240x160.jpg 240w, https:\/\/www.mycamelbak.ch\/wp-content\/uploads\/2026\/03\/mycamelbak_aktuell.jpg 1536w\" sizes=\"(max-width: 1024px) 100vw, 1024px\" \/><\/figure>\n<\/div>\n\n\n\n<div class=\"wp-block-column is-layout-flow wp-block-column-is-layout-flow\">\n<h1 class=\"wp-block-heading\">CamelBak c&#8217;est le&#13;\nLifestyle<\/h1>\n\n\n\n<p>Nous avons pour chaque situation quotidienne la bouteille qui s&#8217;y pr\u00eate. Rajoute une touche personnelle avec ton message et affiche ton lifestyle.<\/p>\n\n\n\n<div class=\"wp-block-buttons is-layout-flex wp-block-buttons-is-layout-flex\">\n<div class=\"wp-block-button\"><a class=\"wp-block-button__link wp-element-button\" href=\"https:\/\/www.mycamelbak.ch\/fr\/druckverfahren\/digitaldruck-kleinmenge\/\">Configure ta bouteille<\/a><\/div>\n<\/div>\n<\/div>\n<\/div>\n\n<div style=\"height:50px\" aria-hidden=\"true\" class=\"wp-block-spacer\"><\/div>\n\n<h2 class=\"wp-block-heading\">Quelle bouteille te convient?<\/h2>\n\n<div class=\"wp-block-group bottle-matcher is-layout-flow wp-block-group-is-layout-flow\"><div class=\"wp-block-group__inner-container\">\n<ul class=\"bottle-legend\">\n<li>Thrive Chug<\/li>\n\n\n\n<li>Thrive Flip Straw<\/li>\n\n\n\n<li>Chute Mag Vacuum<\/li>\n\n\n\n<li>Podium Vacuum<\/li>\n<\/ul>\n\n\n\n<div class=\"wp-block-group bottle-group is-layout-flow wp-block-group-is-layout-flow\"><div class=\"wp-block-group__inner-container\">\n<div class=\"wp-block-columns is-layout-flex wp-container-8 wp-block-columns-is-layout-flex\">\n<div class=\"wp-block-column is-layout-flow wp-block-column-is-layout-flow\">\n<figure class=\"wp-block-image size-large\"><img decoding=\"async\" loading=\"lazy\" width=\"1024\" height=\"1024\" src=\"https:\/\/www.mycamelbak.ch\/wp-content\/uploads\/2025\/01\/407-143-2510-001_01-1024x1024.png\" alt=\"\" class=\"wp-image-20836\" srcset=\"https:\/\/www.mycamelbak.ch\/wp-content\/uploads\/2025\/01\/407-143-2510-001_01-1024x1024.png 1024w, https:\/\/www.mycamelbak.ch\/wp-content\/uploads\/2025\/01\/407-143-2510-001_01-540x540.png 540w, https:\/\/www.mycamelbak.ch\/wp-content\/uploads\/2025\/01\/407-143-2510-001_01-240x240.png 240w, https:\/\/www.mycamelbak.ch\/wp-content\/uploads\/2025\/01\/407-143-2510-001_01-800x800.png 800w, https:\/\/www.mycamelbak.ch\/wp-content\/uploads\/2025\/01\/407-143-2510-001_01-300x300.png 300w, https:\/\/www.mycamelbak.ch\/wp-content\/uploads\/2025\/01\/407-143-2510-001_01-150x150.png 150w, https:\/\/www.mycamelbak.ch\/wp-content\/uploads\/2025\/01\/407-143-2510-001_01-768x768.png 768w, https:\/\/www.mycamelbak.ch\/wp-content\/uploads\/2025\/01\/407-143-2510-001_01.png 1500w\" sizes=\"(max-width: 1024px) 100vw, 1024px\" \/><\/figure>\n\n\n\n<p><\/p>\n<\/div>\n\n\n\n<div class=\"wp-block-column is-layout-flow wp-block-column-is-layout-flow\">\n<h2 class=\"wp-block-heading\">Thrive chug<\/h2>\n\n\n\n<p>Profitez d&#8217;une hydratation quotidienne durable sans effort. La bouteille d&#8217;eau quotidienne Thrive Chug est d\u00e9sormais fabriqu\u00e9e avec Tritan\u2122 Renew, un plastique extr\u00eamement durable et l\u00e9ger compos\u00e9 \u00e0 50 % de mat\u00e9riaux recycl\u00e9s. \u00c9tanche lorsqu&#8217;elle est ferm\u00e9e et anti-fuite lorsqu&#8217;elle est ouverte, le bec souple offre un d\u00e9bit \u00e9lev\u00e9. Tritan Renew est fabriqu\u00e9 en utilisant la technologie de renouvellement du polyester, un processus de recyclage plus efficace que le recyclage m\u00e9canique traditionnel et qui produit de nouveaux mat\u00e9riaux avec moins de besoin en ressources finies. R\u00e9sistant aux odeurs et aux taches, passe au lave-vaisselle et sans BPA, BPS et BPF.<\/p>\n\n\n\n<div class=\"wp-block-buttons is-layout-flex wp-block-buttons-is-layout-flex\">\n<div class=\"wp-block-button\"><a class=\"wp-block-button__link wp-element-button\" href=\"https:\/\/www.mycamelbak.ch\/fr\/flasche\/camelbak-thrive-chug-600ml\/\">Configure ta bouteille<\/a><\/div>\n<\/div>\n<\/div>\n<\/div>\n\n\n\n<div class=\"wp-block-columns is-layout-flex wp-container-12 wp-block-columns-is-layout-flex\">\n<div class=\"wp-block-column is-layout-flow wp-block-column-is-layout-flow\">\n<figure class=\"wp-block-image size-large\"><img decoding=\"async\" loading=\"lazy\" width=\"1024\" height=\"1024\" src=\"https:\/\/www.mycamelbak.ch\/wp-content\/uploads\/2025\/01\/407-143-2522-004_01-1024x1024.png\" alt=\"\" class=\"wp-image-20728\" srcset=\"https:\/\/www.mycamelbak.ch\/wp-content\/uploads\/2025\/01\/407-143-2522-004_01-1024x1024.png 1024w, https:\/\/www.mycamelbak.ch\/wp-content\/uploads\/2025\/01\/407-143-2522-004_01-540x540.png 540w, https:\/\/www.mycamelbak.ch\/wp-content\/uploads\/2025\/01\/407-143-2522-004_01-240x240.png 240w, https:\/\/www.mycamelbak.ch\/wp-content\/uploads\/2025\/01\/407-143-2522-004_01-800x800.png 800w, https:\/\/www.mycamelbak.ch\/wp-content\/uploads\/2025\/01\/407-143-2522-004_01-300x300.png 300w, https:\/\/www.mycamelbak.ch\/wp-content\/uploads\/2025\/01\/407-143-2522-004_01-150x150.png 150w, https:\/\/www.mycamelbak.ch\/wp-content\/uploads\/2025\/01\/407-143-2522-004_01-768x768.png 768w, https:\/\/www.mycamelbak.ch\/wp-content\/uploads\/2025\/01\/407-143-2522-004_01.png 1500w\" sizes=\"(max-width: 1024px) 100vw, 1024px\" \/><\/figure>\n\n\n\n<p><\/p>\n<\/div>\n\n\n\n<div class=\"wp-block-column is-layout-flow wp-block-column-is-layout-flow\">\n<h2 class=\"wp-block-heading\">thrive flip straw<\/h2>\n\n\n\n<p>Tournez, mordez et sirotez pour une hydratation quotidienne durable. La bouteille d&#8217;eau quotidienne Thrive Flip Straw est maintenant fabriqu\u00e9e avec Tritan\u2122 Renew, un plastique extr\u00eamement durable et l\u00e9ger compos\u00e9 \u00e0 50 % de mat\u00e9riaux recycl\u00e9s. \u00c9tanche lorsqu&#8217;elle est ferm\u00e9e et r\u00e9sistante aux \u00e9claboussures lorsqu&#8217;elle est ouverte, le bouchon Flip Straw et l&#8217;interface de valve \u00e0 mordre offrent un d\u00e9bit \u00e9lev\u00e9. Tritan Renew est fabriqu\u00e9 en utilisant la technologie de renouvellement du polyester, un processus de recyclage plus efficace que le recyclage m\u00e9canique traditionnel et qui produit de nouveaux mat\u00e9riaux avec moins de besoin en ressources finies. R\u00e9sistant aux odeurs et aux taches, passe au lave-vaisselle et sans BPA, BPS et BPF.<\/p>\n\n\n\n<div class=\"wp-block-buttons is-layout-flex wp-block-buttons-is-layout-flex\">\n<div class=\"wp-block-button\"><a class=\"wp-block-button__link wp-element-button\" href=\"https:\/\/www.mycamelbak.ch\/fr\/flasche\/camelbak-thrive-flip-straw-0-6l\/\">Configure ta bouteille<\/a><\/div>\n<\/div>\n<\/div>\n<\/div>\n\n\n\n<div class=\"wp-block-columns is-layout-flex wp-container-16 wp-block-columns-is-layout-flex\">\n<div class=\"wp-block-column is-layout-flow wp-block-column-is-layout-flow\">\n<figure class=\"wp-block-image size-large\"><img decoding=\"async\" loading=\"lazy\" width=\"1024\" height=\"1024\" src=\"https:\/\/www.mycamelbak.ch\/wp-content\/uploads\/2025\/01\/407-143-2507-001_01-1024x1024.png\" alt=\"\" class=\"wp-image-20881\" srcset=\"https:\/\/www.mycamelbak.ch\/wp-content\/uploads\/2025\/01\/407-143-2507-001_01-1024x1024.png 1024w, https:\/\/www.mycamelbak.ch\/wp-content\/uploads\/2025\/01\/407-143-2507-001_01-540x540.png 540w, https:\/\/www.mycamelbak.ch\/wp-content\/uploads\/2025\/01\/407-143-2507-001_01-240x240.png 240w, https:\/\/www.mycamelbak.ch\/wp-content\/uploads\/2025\/01\/407-143-2507-001_01-800x800.png 800w, https:\/\/www.mycamelbak.ch\/wp-content\/uploads\/2025\/01\/407-143-2507-001_01-300x300.png 300w, https:\/\/www.mycamelbak.ch\/wp-content\/uploads\/2025\/01\/407-143-2507-001_01-150x150.png 150w, https:\/\/www.mycamelbak.ch\/wp-content\/uploads\/2025\/01\/407-143-2507-001_01-768x768.png 768w, https:\/\/www.mycamelbak.ch\/wp-content\/uploads\/2025\/01\/407-143-2507-001_01.png 1500w\" sizes=\"(max-width: 1024px) 100vw, 1024px\" \/><\/figure>\n\n\n\n<p><\/p>\n<\/div>\n\n\n\n<div class=\"wp-block-column is-layout-flow wp-block-column-is-layout-flow\">\n<h2 class=\"wp-block-heading\">thrive chug Vacuum<\/h2>\n\n\n\n<p>Le Thrive Chug VSS est fabriqu\u00e9 en acier inoxydable \u00e0 double paroi et isol\u00e9 sous vide, gardant vos boissons parfaitement chaudes ou froides. Biseaut\u00e9 \u00e0 la base pour une prise facile et con\u00e7u pour s&#8217;adapter \u00e0 la plupart des porte-gobelets. Il est dot\u00e9 d&#8217;un bec verseur souple et \u00e9tanche. Le rev\u00eatement en poudre durable est r\u00e9sistant aux rayures et vous permet de mettre le gobelet au lave-vaisselle une fois que vous avez termin\u00e9. Un coussinet en silicone antid\u00e9rapant \u00e0 la base adh\u00e8re aux surfaces pour \u00e9viter les rayures et les d\u00e9versements. Sans BPA, BPS et BPF, il ne contient que votre boisson pr\u00e9f\u00e9r\u00e9e.<\/p>\n\n\n\n<div class=\"wp-block-buttons is-layout-flex wp-block-buttons-is-layout-flex\">\n<div class=\"wp-block-button\"><a class=\"wp-block-button__link wp-element-button\" href=\"https:\/\/www.mycamelbak.ch\/fr\/flasche\/camelbak-thrive-chug-vi_600ml\/\">Configure ta bouteille<\/a><\/div>\n<\/div>\n<\/div>\n<\/div>\n\n\n\n<div class=\"wp-block-columns is-layout-flex wp-container-20 wp-block-columns-is-layout-flex\">\n<div class=\"wp-block-column is-layout-flow wp-block-column-is-layout-flow\">\n<figure class=\"wp-block-image size-large\"><img decoding=\"async\" loading=\"lazy\" width=\"1024\" height=\"1024\" src=\"https:\/\/www.mycamelbak.ch\/wp-content\/uploads\/2025\/01\/2964102052-1024x1024.jpg\" alt=\"\" class=\"wp-image-20989\" srcset=\"https:\/\/www.mycamelbak.ch\/wp-content\/uploads\/2025\/01\/2964102052-1024x1024.jpg 1024w, https:\/\/www.mycamelbak.ch\/wp-content\/uploads\/2025\/01\/2964102052-540x540.jpg 540w, https:\/\/www.mycamelbak.ch\/wp-content\/uploads\/2025\/01\/2964102052-240x240.jpg 240w, https:\/\/www.mycamelbak.ch\/wp-content\/uploads\/2025\/01\/2964102052-800x800.jpg 800w, https:\/\/www.mycamelbak.ch\/wp-content\/uploads\/2025\/01\/2964102052-300x300.jpg 300w, https:\/\/www.mycamelbak.ch\/wp-content\/uploads\/2025\/01\/2964102052-150x150.jpg 150w, https:\/\/www.mycamelbak.ch\/wp-content\/uploads\/2025\/01\/2964102052-768x768.jpg 768w, https:\/\/www.mycamelbak.ch\/wp-content\/uploads\/2025\/01\/2964102052-1536x1536.jpg 1536w, https:\/\/www.mycamelbak.ch\/wp-content\/uploads\/2025\/01\/2964102052-2048x2048.jpg 2048w\" sizes=\"(max-width: 1024px) 100vw, 1024px\" \/><\/figure>\n\n\n\n<p><\/p>\n<\/div>\n\n\n\n<div class=\"wp-block-column is-layout-flow wp-block-column-is-layout-flow\">\n<h2 class=\"wp-block-heading\">Podium Vacuum<\/h2>\n\n\n\n<p>Quand tu vas au bout de tes limites, il te faut une bouteille aussi solide que l&#8217;acier. Robuste, fiable, \u00e9l\u00e9gante et innovante : c&#8217;est le design High-Flow. Il garantit ainsi une hydratation id\u00e9ale \u00e0 tout moment.<\/p>\n\n\n\n<div class=\"wp-block-buttons is-layout-flex wp-block-buttons-is-layout-flex\">\n<div class=\"wp-block-button\"><a class=\"wp-block-button__link wp-element-button\" href=\"https:\/\/www.mycamelbak.ch\/fr\/flasche\/camelbak-podium-vi-500ml\/\">Configure ta bouteille<\/a><\/div>\n<\/div>\n<\/div>\n<\/div>\n<\/div><\/div>\n<\/div><\/div>\n\n<div class=\"wp-block-columns has-2202-blue-background-color has-background is-layout-flex wp-container-24 wp-block-columns-is-layout-flex\">\n<div class=\"wp-block-column is-layout-flow wp-block-column-is-layout-flow\">\n<figure class=\"wp-block-image alignfull size-large\"><img decoding=\"async\" loading=\"lazy\" width=\"1788\" height=\"530\" src=\"https:\/\/www.mycamelbak.ch\/wp-content\/uploads\/2026\/03\/usp_de.svg\" alt=\"\" class=\"wp-image-27268\"\/><\/figure>\n<\/div>\n<\/div>\n\n<div class=\"wp-block-group footer-category is-layout-flow wp-block-group-is-layout-flow\"><div class=\"wp-block-group__inner-container\">\n<h2 class=\"wp-block-heading\">Autres cat\u00e9gories<\/h2>\n\n\n\n<div class=\"wp-block-columns is-layout-flex wp-container-28 wp-block-columns-is-layout-flex\">\n<div class=\"wp-block-column is-layout-flow wp-block-column-is-layout-flow\">\n<figure class=\"wp-block-image size-large\"><a href=\"https:\/\/www.mycamelbak.ch\/fr\/sport\/\"><img decoding=\"async\" loading=\"lazy\" width=\"1024\" height=\"1024\" src=\"https:\/\/www.mycamelbak.ch\/wp-content\/uploads\/2026\/03\/category_02_sport_square-1024x1024.jpg\" alt=\"\" class=\"wp-image-27131\" srcset=\"https:\/\/www.mycamelbak.ch\/wp-content\/uploads\/2026\/03\/category_02_sport_square-1024x1024.jpg 1024w, https:\/\/www.mycamelbak.ch\/wp-content\/uploads\/2026\/03\/category_02_sport_square-300x300.jpg 300w, https:\/\/www.mycamelbak.ch\/wp-content\/uploads\/2026\/03\/category_02_sport_square-150x150.jpg 150w, https:\/\/www.mycamelbak.ch\/wp-content\/uploads\/2026\/03\/category_02_sport_square-768x768.jpg 768w, https:\/\/www.mycamelbak.ch\/wp-content\/uploads\/2026\/03\/category_02_sport_square-540x540.jpg 540w, https:\/\/www.mycamelbak.ch\/wp-content\/uploads\/2026\/03\/category_02_sport_square-800x800.jpg 800w, https:\/\/www.mycamelbak.ch\/wp-content\/uploads\/2026\/03\/category_02_sport_square-240x240.jpg 240w, https:\/\/www.mycamelbak.ch\/wp-content\/uploads\/2026\/03\/category_02_sport_square.jpg 1340w\" sizes=\"(max-width: 1024px) 100vw, 1024px\" \/><\/a><figcaption class=\"wp-element-caption\"><a href=\"https:\/\/www.mycamelbak.ch\/fr\/sport\/\">Sport<\/a><\/figcaption><\/figure>\n<\/div>\n\n\n\n<div class=\"wp-block-column is-layout-flow wp-block-column-is-layout-flow\">\n<figure class=\"wp-block-image size-large\"><a href=\"https:\/\/www.mycamelbak.ch\/fr\/kids\/\"><img decoding=\"async\" loading=\"lazy\" width=\"1024\" height=\"1024\" src=\"https:\/\/www.mycamelbak.ch\/wp-content\/uploads\/2026\/03\/category_03_kids_square-1024x1024.jpg\" alt=\"\" class=\"wp-image-27134\" srcset=\"https:\/\/www.mycamelbak.ch\/wp-content\/uploads\/2026\/03\/category_03_kids_square-1024x1024.jpg 1024w, https:\/\/www.mycamelbak.ch\/wp-content\/uploads\/2026\/03\/category_03_kids_square-300x300.jpg 300w, https:\/\/www.mycamelbak.ch\/wp-content\/uploads\/2026\/03\/category_03_kids_square-150x150.jpg 150w, https:\/\/www.mycamelbak.ch\/wp-content\/uploads\/2026\/03\/category_03_kids_square-768x768.jpg 768w, https:\/\/www.mycamelbak.ch\/wp-content\/uploads\/2026\/03\/category_03_kids_square-540x540.jpg 540w, https:\/\/www.mycamelbak.ch\/wp-content\/uploads\/2026\/03\/category_03_kids_square-800x800.jpg 800w, https:\/\/www.mycamelbak.ch\/wp-content\/uploads\/2026\/03\/category_03_kids_square-240x240.jpg 240w, https:\/\/www.mycamelbak.ch\/wp-content\/uploads\/2026\/03\/category_03_kids_square.jpg 1340w\" sizes=\"(max-width: 1024px) 100vw, 1024px\" \/><\/a><figcaption class=\"wp-element-caption\"><a href=\"https:\/\/www.mycamelbak.ch\/fr\/kids\/\">Kids<\/a><\/figcaption><\/figure>\n<\/div>\n\n\n\n<div class=\"wp-block-column is-layout-flow wp-block-column-is-layout-flow\">\n<figure class=\"wp-block-image size-large\"><a href=\"https:\/\/www.mycamelbak.ch\/fr\/organisations\/\"><img decoding=\"async\" loading=\"lazy\" width=\"1024\" height=\"1024\" src=\"https:\/\/www.mycamelbak.ch\/wp-content\/uploads\/2026\/03\/category_04_b2b_square-1024x1024.jpg\" alt=\"\" class=\"wp-image-27137\" srcset=\"https:\/\/www.mycamelbak.ch\/wp-content\/uploads\/2026\/03\/category_04_b2b_square-1024x1024.jpg 1024w, https:\/\/www.mycamelbak.ch\/wp-content\/uploads\/2026\/03\/category_04_b2b_square-300x300.jpg 300w, https:\/\/www.mycamelbak.ch\/wp-content\/uploads\/2026\/03\/category_04_b2b_square-150x150.jpg 150w, https:\/\/www.mycamelbak.ch\/wp-content\/uploads\/2026\/03\/category_04_b2b_square-768x768.jpg 768w, https:\/\/www.mycamelbak.ch\/wp-content\/uploads\/2026\/03\/category_04_b2b_square-540x540.jpg 540w, https:\/\/www.mycamelbak.ch\/wp-content\/uploads\/2026\/03\/category_04_b2b_square-800x800.jpg 800w, https:\/\/www.mycamelbak.ch\/wp-content\/uploads\/2026\/03\/category_04_b2b_square-240x240.jpg 240w, https:\/\/www.mycamelbak.ch\/wp-content\/uploads\/2026\/03\/category_04_b2b_square.jpg 1340w\" sizes=\"(max-width: 1024px) 100vw, 1024px\" \/><\/a><figcaption class=\"wp-element-caption\"><a href=\"https:\/\/www.mycamelbak.ch\/fr\/organisations\/\">B2B<\/a><\/figcaption><\/figure>\n<\/div>\n<\/div>\n\n\n\n<div class=\"wp-block-columns is-layout-flex wp-container-29 wp-block-columns-is-layout-flex\"><\/div>\n<\/div><\/div>\n","protected":false},"excerpt":{"rendered":"<p>CamelBak c&#8217;est le&#13; Lifestyle Nous avons pour chaque situation quotidienne la bouteille qui s&#8217;y pr\u00eate. Rajoute une touche personnelle avec ton message et affiche ton lifestyle. Quelle bouteille te convient? Thrive chug Profitez d&#8217;une hydratation quotidienne durable sans effort. La bouteille d&#8217;eau quotidienne Thrive Chug est d\u00e9sormais fabriqu\u00e9e avec Tritan\u2122 Renew, un plastique extr\u00eamement durable &hellip; <a href=\"https:\/\/www.mycamelbak.ch\/fr\/lifestyle\/\">Continued<\/a><\/p>\n","protected":false},"author":2,"featured_media":0,"parent":0,"menu_order":2,"comment_status":"closed","ping_status":"closed","template":"","meta":{"_mi_skip_tracking":false,"_monsterinsights_sitenote_active":false,"_monsterinsights_sitenote_note":"","_monsterinsights_sitenote_category":0,"footnotes":""},"yoast_head":"<!-- This site is optimized with the Yoast SEO plugin v21.5 - https:\/\/yoast.com\/wordpress\/plugins\/seo\/ -->\n<title>CamelBak c&#039;est le lifestyle - pour chaque situation quotidienne la bouteille<\/title>\n<meta name=\"description\" content=\"Nous avons pour chaque situation quotidienne la bouteille qui s&#039;y pr\u00eate. Rajoute une touche personnelle avec ton message et affiche ton lifestyle.\" \/>\n<meta name=\"robots\" content=\"index, follow, max-snippet:-1, max-image-preview:large, max-video-preview:-1\" \/>\n<link rel=\"canonical\" href=\"https:\/\/www.mycamelbak.ch\/fr\/lifestyle\/\" \/>\n<meta property=\"og:locale\" content=\"fr_FR\" \/>\n<meta property=\"og:type\" content=\"article\" \/>\n<meta property=\"og:title\" content=\"CamelBak c&#039;est le lifestyle - pour chaque situation quotidienne la bouteille\" \/>\n<meta property=\"og:description\" content=\"Nous avons pour chaque situation quotidienne la bouteille qui s&#039;y pr\u00eate. Rajoute une touche personnelle avec ton message et affiche ton lifestyle.\" \/>\n<meta property=\"og:url\" content=\"https:\/\/www.mycamelbak.ch\/fr\/lifestyle\/\" \/>\n<meta property=\"og:site_name\" content=\"MyCamelBak\" \/>\n<meta property=\"article:publisher\" content=\"https:\/\/www.facebook.com\/CamelBak-CH-105592114526163\/\" \/>\n<meta property=\"article:modified_time\" content=\"2026-03-26T06:23:48+00:00\" \/>\n<meta property=\"og:image\" content=\"https:\/\/www.mycamelbak.ch\/wp-content\/uploads\/2026\/03\/mycamelbak_aktuell-1024x683.jpg\" \/>\n<meta name=\"twitter:card\" content=\"summary_large_image\" \/>\n<meta name=\"twitter:label1\" content=\"Dur\u00e9e de lecture estim\u00e9e\" \/>\n\t<meta name=\"twitter:data1\" content=\"5 minutes\" \/>\n<script type=\"application\/ld+json\" class=\"yoast-schema-graph\">{\"@context\":\"https:\/\/schema.org\",\"@graph\":[{\"@type\":\"WebPage\",\"@id\":\"https:\/\/www.mycamelbak.ch\/fr\/lifestyle\/\",\"url\":\"https:\/\/www.mycamelbak.ch\/fr\/lifestyle\/\",\"name\":\"CamelBak c'est le lifestyle - pour chaque situation quotidienne la bouteille\",\"isPartOf\":{\"@id\":\"https:\/\/www.mycamelbak.ch\/fr\/#website\"},\"datePublished\":\"2026-03-13T15:18:48+00:00\",\"dateModified\":\"2026-03-26T06:23:48+00:00\",\"description\":\"Nous avons pour chaque situation quotidienne la bouteille qui s'y pr\u00eate. Rajoute une touche personnelle avec ton message et affiche ton lifestyle.\",\"breadcrumb\":{\"@id\":\"https:\/\/www.mycamelbak.ch\/fr\/lifestyle\/#breadcrumb\"},\"inLanguage\":\"fr-FR\",\"potentialAction\":[{\"@type\":\"ReadAction\",\"target\":[\"https:\/\/www.mycamelbak.ch\/fr\/lifestyle\/\"]}]},{\"@type\":\"BreadcrumbList\",\"@id\":\"https:\/\/www.mycamelbak.ch\/fr\/lifestyle\/#breadcrumb\",\"itemListElement\":[{\"@type\":\"ListItem\",\"position\":1,\"name\":\"Home\",\"item\":\"https:\/\/www.mycamelbak.ch\/fr\/\"},{\"@type\":\"ListItem\",\"position\":2,\"name\":\"Lifestyle\"}]},{\"@type\":\"WebSite\",\"@id\":\"https:\/\/www.mycamelbak.ch\/fr\/#website\",\"url\":\"https:\/\/www.mycamelbak.ch\/fr\/\",\"name\":\"MyCamelBak\",\"description\":\"\",\"publisher\":{\"@id\":\"https:\/\/www.mycamelbak.ch\/fr\/#organization\"},\"potentialAction\":[{\"@type\":\"SearchAction\",\"target\":{\"@type\":\"EntryPoint\",\"urlTemplate\":\"https:\/\/www.mycamelbak.ch\/fr\/?s={search_term_string}\"},\"query-input\":\"required name=search_term_string\"}],\"inLanguage\":\"fr-FR\"},{\"@type\":\"Organization\",\"@id\":\"https:\/\/www.mycamelbak.ch\/fr\/#organization\",\"name\":\"Vetrieb CamelBak Schweiz\",\"url\":\"https:\/\/www.mycamelbak.ch\/fr\/\",\"logo\":{\"@type\":\"ImageObject\",\"inLanguage\":\"fr-FR\",\"@id\":\"https:\/\/www.mycamelbak.ch\/fr\/#\/schema\/logo\/image\/\",\"url\":\"https:\/\/www.mycamelbak.ch\/wp-content\/uploads\/2020\/06\/logo.svg\",\"contentUrl\":\"https:\/\/www.mycamelbak.ch\/wp-content\/uploads\/2020\/06\/logo.svg\",\"width\":300,\"height\":82,\"caption\":\"Vetrieb CamelBak Schweiz\"},\"image\":{\"@id\":\"https:\/\/www.mycamelbak.ch\/fr\/#\/schema\/logo\/image\/\"},\"sameAs\":[\"https:\/\/www.facebook.com\/CamelBak-CH-105592114526163\/\",\"https:\/\/www.instagram.com\/camelbakch\/\",\"https:\/\/www.linkedin.com\/company\/camelbak-ch\/\"]}]}<\/script>\n<!-- \/ Yoast SEO plugin. -->","yoast_head_json":{"title":"CamelBak c'est le lifestyle - pour chaque situation quotidienne la bouteille","description":"Nous avons pour chaque situation quotidienne la bouteille qui s'y pr\u00eate. Rajoute une touche personnelle avec ton message et affiche ton lifestyle.","robots":{"index":"index","follow":"follow","max-snippet":"max-snippet:-1","max-image-preview":"max-image-preview:large","max-video-preview":"max-video-preview:-1"},"canonical":"https:\/\/www.mycamelbak.ch\/fr\/lifestyle\/","og_locale":"fr_FR","og_type":"article","og_title":"CamelBak c'est le lifestyle - pour chaque situation quotidienne la bouteille","og_description":"Nous avons pour chaque situation quotidienne la bouteille qui s'y pr\u00eate. Rajoute une touche personnelle avec ton message et affiche ton lifestyle.","og_url":"https:\/\/www.mycamelbak.ch\/fr\/lifestyle\/","og_site_name":"MyCamelBak","article_publisher":"https:\/\/www.facebook.com\/CamelBak-CH-105592114526163\/","article_modified_time":"2026-03-26T06:23:48+00:00","og_image":[{"url":"https:\/\/www.mycamelbak.ch\/wp-content\/uploads\/2026\/03\/mycamelbak_aktuell-1024x683.jpg"}],"twitter_card":"summary_large_image","twitter_misc":{"Dur\u00e9e de lecture estim\u00e9e":"5 minutes"},"schema":{"@context":"https:\/\/schema.org","@graph":[{"@type":"WebPage","@id":"https:\/\/www.mycamelbak.ch\/fr\/lifestyle\/","url":"https:\/\/www.mycamelbak.ch\/fr\/lifestyle\/","name":"CamelBak c'est le lifestyle - pour chaque situation quotidienne la bouteille","isPartOf":{"@id":"https:\/\/www.mycamelbak.ch\/fr\/#website"},"datePublished":"2026-03-13T15:18:48+00:00","dateModified":"2026-03-26T06:23:48+00:00","description":"Nous avons pour chaque situation quotidienne la bouteille qui s'y pr\u00eate. Rajoute une touche personnelle avec ton message et affiche ton lifestyle.","breadcrumb":{"@id":"https:\/\/www.mycamelbak.ch\/fr\/lifestyle\/#breadcrumb"},"inLanguage":"fr-FR","potentialAction":[{"@type":"ReadAction","target":["https:\/\/www.mycamelbak.ch\/fr\/lifestyle\/"]}]},{"@type":"BreadcrumbList","@id":"https:\/\/www.mycamelbak.ch\/fr\/lifestyle\/#breadcrumb","itemListElement":[{"@type":"ListItem","position":1,"name":"Home","item":"https:\/\/www.mycamelbak.ch\/fr\/"},{"@type":"ListItem","position":2,"name":"Lifestyle"}]},{"@type":"WebSite","@id":"https:\/\/www.mycamelbak.ch\/fr\/#website","url":"https:\/\/www.mycamelbak.ch\/fr\/","name":"MyCamelBak","description":"","publisher":{"@id":"https:\/\/www.mycamelbak.ch\/fr\/#organization"},"potentialAction":[{"@type":"SearchAction","target":{"@type":"EntryPoint","urlTemplate":"https:\/\/www.mycamelbak.ch\/fr\/?s={search_term_string}"},"query-input":"required name=search_term_string"}],"inLanguage":"fr-FR"},{"@type":"Organization","@id":"https:\/\/www.mycamelbak.ch\/fr\/#organization","name":"Vetrieb CamelBak Schweiz","url":"https:\/\/www.mycamelbak.ch\/fr\/","logo":{"@type":"ImageObject","inLanguage":"fr-FR","@id":"https:\/\/www.mycamelbak.ch\/fr\/#\/schema\/logo\/image\/","url":"https:\/\/www.mycamelbak.ch\/wp-content\/uploads\/2020\/06\/logo.svg","contentUrl":"https:\/\/www.mycamelbak.ch\/wp-content\/uploads\/2020\/06\/logo.svg","width":300,"height":82,"caption":"Vetrieb CamelBak Schweiz"},"image":{"@id":"https:\/\/www.mycamelbak.ch\/fr\/#\/schema\/logo\/image\/"},"sameAs":["https:\/\/www.facebook.com\/CamelBak-CH-105592114526163\/","https:\/\/www.instagram.com\/camelbakch\/","https:\/\/www.linkedin.com\/company\/camelbak-ch\/"]}]}},"_links":{"self":[{"href":"https:\/\/www.mycamelbak.ch\/fr\/wp-json\/wp\/v2\/pages\/27294"}],"collection":[{"href":"https:\/\/www.mycamelbak.ch\/fr\/wp-json\/wp\/v2\/pages"}],"about":[{"href":"https:\/\/www.mycamelbak.ch\/fr\/wp-json\/wp\/v2\/types\/page"}],"author":[{"embeddable":true,"href":"https:\/\/www.mycamelbak.ch\/fr\/wp-json\/wp\/v2\/users\/2"}],"replies":[{"embeddable":true,"href":"https:\/\/www.mycamelbak.ch\/fr\/wp-json\/wp\/v2\/comments?post=27294"}],"version-history":[{"count":14,"href":"https:\/\/www.mycamelbak.ch\/fr\/wp-json\/wp\/v2\/pages\/27294\/revisions"}],"predecessor-version":[{"id":27576,"href":"https:\/\/www.mycamelbak.ch\/fr\/wp-json\/wp\/v2\/pages\/27294\/revisions\/27576"}],"wp:attachment":[{"href":"https:\/\/www.mycamelbak.ch\/fr\/wp-json\/wp\/v2\/media?parent=27294"}],"curies":[{"name":"wp","href":"https:\/\/api.w.org\/{rel}","templated":true}]}}