{"id":27311,"date":"2026-03-13T13:34:10","date_gmt":"2026-03-13T12:34:10","guid":{"rendered":"https:\/\/www.mycamelbak.ch\/?page_id=27311"},"modified":"2026-03-26T07:27:17","modified_gmt":"2026-03-26T06:27:17","slug":"sport","status":"publish","type":"page","link":"https:\/\/www.mycamelbak.ch\/fr\/sport\/","title":{"rendered":"Sport"},"content":{"rendered":"\n<div class=\"wp-block-columns is-layout-flex wp-container-4 wp-block-columns-is-layout-flex\">\n<div class=\"wp-block-column is-layout-flow wp-block-column-is-layout-flow\">\n<figure class=\"wp-block-image alignwide size-large\"><img decoding=\"async\" loading=\"lazy\" width=\"1024\" height=\"683\" src=\"https:\/\/www.mycamelbak.ch\/wp-content\/uploads\/2026\/03\/mycamelbak_sport-1024x683.jpg\" alt=\"\" class=\"wp-image-27314\" srcset=\"https:\/\/www.mycamelbak.ch\/wp-content\/uploads\/2026\/03\/mycamelbak_sport-1024x683.jpg 1024w, https:\/\/www.mycamelbak.ch\/wp-content\/uploads\/2026\/03\/mycamelbak_sport-300x200.jpg 300w, https:\/\/www.mycamelbak.ch\/wp-content\/uploads\/2026\/03\/mycamelbak_sport-768x512.jpg 768w, https:\/\/www.mycamelbak.ch\/wp-content\/uploads\/2026\/03\/mycamelbak_sport-540x360.jpg 540w, https:\/\/www.mycamelbak.ch\/wp-content\/uploads\/2026\/03\/mycamelbak_sport-800x533.jpg 800w, https:\/\/www.mycamelbak.ch\/wp-content\/uploads\/2026\/03\/mycamelbak_sport-240x160.jpg 240w, https:\/\/www.mycamelbak.ch\/wp-content\/uploads\/2026\/03\/mycamelbak_sport.jpg 1536w\" sizes=\"(max-width: 1024px) 100vw, 1024px\" \/><\/figure>\n<\/div>\n\n\n\n<div class=\"wp-block-column is-layout-flow wp-block-column-is-layout-flow\">\n<h1 class=\"wp-block-heading\"><p>Camelbak c&#8217;est du sport<\/p><\/h1>\n\n\n\n<p>Nous avons pour chaque activit\u00e9 sportive la bonne bouteille. Un bon message exprime ta motivation pour tes objectifs. Les bouteilles de haut niveau pour le sport CamelBak veillent \u00e0 ne pas \u00eatre d\u00e9shydrater lors de tes entrainements ou tes comp\u00e9titions.<\/p>\n\n\n\n<div class=\"wp-block-buttons is-layout-flex wp-block-buttons-is-layout-flex\">\n<div class=\"wp-block-button\"><a class=\"wp-block-button__link wp-element-button\" href=\"https:\/\/www.mycamelbak.ch\/fr\/druckverfahren\/digitaldruck-kleinmenge\/\">Configure ta bouteille<\/a><\/div>\n<\/div>\n\n\n\n<p><\/p>\n<\/div>\n<\/div>\n\n<div style=\"height:50px\" aria-hidden=\"true\" class=\"wp-block-spacer\"><\/div>\n\n<h2 class=\"wp-block-heading\">Quelle bouteille te convient?<\/h2>\n\n<div class=\"wp-block-group bottle-matcher is-layout-flow wp-block-group-is-layout-flow\"><div class=\"wp-block-group__inner-container\">\n<ul class=\"bottle-legend\">\n<li>Podium<\/li>\n\n\n\n<li>Podium Vacuum<\/li>\n\n\n\n<li>Thrive Chug<\/li>\n<\/ul>\n\n\n\n<div class=\"wp-block-group bottle-group is-layout-flow wp-block-group-is-layout-flow\"><div class=\"wp-block-group__inner-container\">\n<div class=\"wp-block-columns is-layout-flex wp-container-8 wp-block-columns-is-layout-flex\">\n<div class=\"wp-block-column is-layout-flow wp-block-column-is-layout-flow\">\n<figure class=\"wp-block-image size-large\"><img decoding=\"async\" loading=\"lazy\" width=\"1024\" height=\"1024\" src=\"\/wp-content\/uploads\/2020\/06\/CamelBak_Podium_Bottle_0_62l-1024x1024.jpg\" alt=\"\" class=\"wp-image-719\" srcset=\"https:\/\/www.mycamelbak.ch\/wp-content\/uploads\/2020\/06\/CamelBak_Podium_Bottle_0_62l-1024x1024.jpg 1024w, https:\/\/www.mycamelbak.ch\/wp-content\/uploads\/2020\/06\/CamelBak_Podium_Bottle_0_62l-540x540.jpg 540w, https:\/\/www.mycamelbak.ch\/wp-content\/uploads\/2020\/06\/CamelBak_Podium_Bottle_0_62l-240x240.jpg 240w, https:\/\/www.mycamelbak.ch\/wp-content\/uploads\/2020\/06\/CamelBak_Podium_Bottle_0_62l-800x800.jpg 800w, https:\/\/www.mycamelbak.ch\/wp-content\/uploads\/2020\/06\/CamelBak_Podium_Bottle_0_62l-300x300.jpg 300w, https:\/\/www.mycamelbak.ch\/wp-content\/uploads\/2020\/06\/CamelBak_Podium_Bottle_0_62l-150x150.jpg 150w, https:\/\/www.mycamelbak.ch\/wp-content\/uploads\/2020\/06\/CamelBak_Podium_Bottle_0_62l-768x768.jpg 768w, https:\/\/www.mycamelbak.ch\/wp-content\/uploads\/2020\/06\/CamelBak_Podium_Bottle_0_62l.jpg 1080w\" sizes=\"(max-width: 1024px) 100vw, 1024px\" \/><\/figure>\n\n\n\n<p><\/p>\n<\/div>\n\n\n\n<div class=\"wp-block-column is-layout-flow wp-block-column-is-layout-flow\">\n<h2 class=\"wp-block-heading\">Podium<\/h2>\n\n\n\n<p>La gourde Podium de Camelbak est certainement la meilleure option pour avoir suffisamment \u00e0 boire lors de vos sorties \u00e0 v\u00e9los. Ce mod\u00e8le est parfaitement adapt\u00e9 aux porte-gourdes les plus courants. Le nouveau capot offre un haut d\u00e9bit, poss\u00e8de une valve antifuite et elle se nettoye facilement. Elle est particuli\u00e8rement appr\u00e9ci\u00e9e par les professionnels et les cyclistes amateurs.&#13;\n&#13;\n&#13;\n&#13;\n&#13;\n&#13;\n&#13;\n<\/p>\n\n\n\n<p><\/p>\n\n\n\n<div class=\"wp-block-buttons is-layout-flex wp-block-buttons-is-layout-flex\">\n<div class=\"wp-block-button\"><a class=\"wp-block-button__link wp-element-button\" href=\"\/fr\/produktgruppe\/camelbak-podium-bottles\/\">Configure ta bouteille<\/a><\/div>\n<\/div>\n<\/div>\n<\/div>\n\n\n\n<div class=\"wp-block-columns is-layout-flex wp-container-12 wp-block-columns-is-layout-flex\">\n<div class=\"wp-block-column is-layout-flow wp-block-column-is-layout-flow\">\n<figure class=\"wp-block-image size-large\"><img decoding=\"async\" loading=\"lazy\" width=\"1024\" height=\"1024\" src=\"https:\/\/www.mycamelbak.ch\/wp-content\/uploads\/2025\/01\/2964102052-1024x1024.jpg\" alt=\"\" class=\"wp-image-20989\" srcset=\"https:\/\/www.mycamelbak.ch\/wp-content\/uploads\/2025\/01\/2964102052-1024x1024.jpg 1024w, https:\/\/www.mycamelbak.ch\/wp-content\/uploads\/2025\/01\/2964102052-540x540.jpg 540w, https:\/\/www.mycamelbak.ch\/wp-content\/uploads\/2025\/01\/2964102052-240x240.jpg 240w, https:\/\/www.mycamelbak.ch\/wp-content\/uploads\/2025\/01\/2964102052-800x800.jpg 800w, https:\/\/www.mycamelbak.ch\/wp-content\/uploads\/2025\/01\/2964102052-300x300.jpg 300w, https:\/\/www.mycamelbak.ch\/wp-content\/uploads\/2025\/01\/2964102052-150x150.jpg 150w, https:\/\/www.mycamelbak.ch\/wp-content\/uploads\/2025\/01\/2964102052-768x768.jpg 768w, https:\/\/www.mycamelbak.ch\/wp-content\/uploads\/2025\/01\/2964102052-1536x1536.jpg 1536w, https:\/\/www.mycamelbak.ch\/wp-content\/uploads\/2025\/01\/2964102052-2048x2048.jpg 2048w\" sizes=\"(max-width: 1024px) 100vw, 1024px\" \/><\/figure>\n\n\n\n<p><\/p>\n<\/div>\n\n\n\n<div class=\"wp-block-column is-layout-flow wp-block-column-is-layout-flow\">\n<h2 class=\"wp-block-heading\">podium vacuum <\/h2>\n\n\n\n<p>Lorsque tu repousses tes limites, tu as besoin d&#8217;une gourde aussi solide que l&#8217;acier. Robuste, fiable, \u00e9l\u00e9gante et innovante : voici le design High-Flow. Elle garantit une hydratation id\u00e9ale \u00e0 tout moment.<\/p>\n\n\n\n<div class=\"wp-block-buttons is-layout-flex wp-block-buttons-is-layout-flex\">\n<div class=\"wp-block-button\"><a class=\"wp-block-button__link wp-element-button\" href=\"https:\/\/www.mycamelbak.ch\/fr\/flasche\/camelbak-podium-vi-500ml\/\">Configure ta bouteille<\/a><\/div>\n<\/div>\n\n\n\n<p><\/p>\n<\/div>\n<\/div>\n\n\n\n<div class=\"wp-block-columns is-layout-flex wp-container-16 wp-block-columns-is-layout-flex\">\n<div class=\"wp-block-column is-layout-flow wp-block-column-is-layout-flow\">\n<figure class=\"wp-block-image size-large\"><img decoding=\"async\" loading=\"lazy\" width=\"1024\" height=\"1024\" src=\"https:\/\/www.mycamelbak.ch\/wp-content\/uploads\/2025\/01\/407-143-2510-003_01-1024x1024.png\" alt=\"\" class=\"wp-image-20839\" srcset=\"https:\/\/www.mycamelbak.ch\/wp-content\/uploads\/2025\/01\/407-143-2510-003_01-1024x1024.png 1024w, https:\/\/www.mycamelbak.ch\/wp-content\/uploads\/2025\/01\/407-143-2510-003_01-540x540.png 540w, https:\/\/www.mycamelbak.ch\/wp-content\/uploads\/2025\/01\/407-143-2510-003_01-240x240.png 240w, https:\/\/www.mycamelbak.ch\/wp-content\/uploads\/2025\/01\/407-143-2510-003_01-800x800.png 800w, https:\/\/www.mycamelbak.ch\/wp-content\/uploads\/2025\/01\/407-143-2510-003_01-300x300.png 300w, https:\/\/www.mycamelbak.ch\/wp-content\/uploads\/2025\/01\/407-143-2510-003_01-150x150.png 150w, https:\/\/www.mycamelbak.ch\/wp-content\/uploads\/2025\/01\/407-143-2510-003_01-768x768.png 768w, https:\/\/www.mycamelbak.ch\/wp-content\/uploads\/2025\/01\/407-143-2510-003_01.png 1500w\" sizes=\"(max-width: 1024px) 100vw, 1024px\" \/><\/figure>\n\n\n\n<p><\/p>\n<\/div>\n\n\n\n<div class=\"wp-block-column is-layout-flow wp-block-column-is-layout-flow\">\n<h2 class=\"wp-block-heading\">thrive Chug<\/h2>\n\n\n\n<p>Savourez une hydratation quotidienne durable en toute simplicit\u00e9. La gourde quotidienne Thrive Chug est d\u00e9sormais fabriqu\u00e9e avec du Tritan\u2122 Renew, un plastique extr\u00eamement durable et l\u00e9ger, compos\u00e9 \u00e0 50 % de mat\u00e9riaux recycl\u00e9s. \u00c9tanche une fois ferm\u00e9e et sans \u00e9claboussures une fois ouverte, son bec souple assure un d\u00e9bit \u00e9lev\u00e9. Le Tritan Renew est con\u00e7u via une technologie de renouvellement du polyester, un processus de recyclage plus efficace que le recyclage m\u00e9canique traditionnel, produisant un nouveau mat\u00e9riau tout en limitant l&#8217;usage de ressources finies. R\u00e9sistante aux odeurs et aux taches, lavable au lave-vaisselle et sans BPA, BPS ni BPF.<\/p>\n\n\n\n<div class=\"wp-block-buttons is-layout-flex wp-block-buttons-is-layout-flex\">\n<div class=\"wp-block-button\"><a class=\"wp-block-button__link wp-element-button\" href=\"https:\/\/www.mycamelbak.ch\/fr\/flasche\/camelbak-thrive-chug-600ml\/\">Configure ta bouteille<\/a><\/div>\n<\/div>\n<\/div>\n<\/div>\n<\/div><\/div>\n<\/div><\/div>\n\n<div class=\"wp-block-columns has-2202-blue-background-color has-background is-layout-flex wp-container-20 wp-block-columns-is-layout-flex\">\n<div class=\"wp-block-column is-layout-flow wp-block-column-is-layout-flow\">\n<figure class=\"wp-block-image alignfull size-large\"><img decoding=\"async\" loading=\"lazy\" width=\"1788\" height=\"530\" src=\"https:\/\/www.mycamelbak.ch\/wp-content\/uploads\/2026\/03\/usp_de.svg\" alt=\"\" class=\"wp-image-27268\"\/><\/figure>\n<\/div>\n<\/div>\n\n<div class=\"wp-block-group footer-category is-layout-flow wp-block-group-is-layout-flow\"><div class=\"wp-block-group__inner-container\">\n<h2 class=\"wp-block-heading\">Autres cat\u00e9gories<\/h2>\n\n\n\n<div class=\"wp-block-columns is-layout-flex wp-container-24 wp-block-columns-is-layout-flex\">\n<div class=\"wp-block-column is-layout-flow wp-block-column-is-layout-flow\">\n<figure class=\"wp-block-image size-large\"><a href=\"https:\/\/www.mycamelbak.ch\/fr\/lifestyle\/\"><img decoding=\"async\" loading=\"lazy\" width=\"1024\" height=\"1024\" src=\"https:\/\/www.mycamelbak.ch\/wp-content\/uploads\/2026\/03\/category_01_lifestyle_square-1024x1024.jpg\" alt=\"\" class=\"wp-image-27128\" srcset=\"https:\/\/www.mycamelbak.ch\/wp-content\/uploads\/2026\/03\/category_01_lifestyle_square-1024x1024.jpg 1024w, https:\/\/www.mycamelbak.ch\/wp-content\/uploads\/2026\/03\/category_01_lifestyle_square-300x300.jpg 300w, https:\/\/www.mycamelbak.ch\/wp-content\/uploads\/2026\/03\/category_01_lifestyle_square-150x150.jpg 150w, https:\/\/www.mycamelbak.ch\/wp-content\/uploads\/2026\/03\/category_01_lifestyle_square-768x768.jpg 768w, https:\/\/www.mycamelbak.ch\/wp-content\/uploads\/2026\/03\/category_01_lifestyle_square-540x540.jpg 540w, https:\/\/www.mycamelbak.ch\/wp-content\/uploads\/2026\/03\/category_01_lifestyle_square-800x800.jpg 800w, https:\/\/www.mycamelbak.ch\/wp-content\/uploads\/2026\/03\/category_01_lifestyle_square-240x240.jpg 240w, https:\/\/www.mycamelbak.ch\/wp-content\/uploads\/2026\/03\/category_01_lifestyle_square.jpg 1340w\" sizes=\"(max-width: 1024px) 100vw, 1024px\" \/><\/a><figcaption class=\"wp-element-caption\"><p><a href=\"https:\/\/mycamelbak.ch\/fr\/lifestyle\/\">Lifestyle<\/a><\/p><\/figcaption><\/figure>\n<\/div>\n\n\n\n<div class=\"wp-block-column is-layout-flow wp-block-column-is-layout-flow\">\n<figure class=\"wp-block-image size-large\"><a href=\"https:\/\/www.mycamelbak.ch\/fr\/kids\/\"><img decoding=\"async\" loading=\"lazy\" width=\"1024\" height=\"1024\" src=\"https:\/\/www.mycamelbak.ch\/wp-content\/uploads\/2026\/03\/category_03_kids_square-1024x1024.jpg\" alt=\"\" class=\"wp-image-27134\" srcset=\"https:\/\/www.mycamelbak.ch\/wp-content\/uploads\/2026\/03\/category_03_kids_square-1024x1024.jpg 1024w, https:\/\/www.mycamelbak.ch\/wp-content\/uploads\/2026\/03\/category_03_kids_square-300x300.jpg 300w, https:\/\/www.mycamelbak.ch\/wp-content\/uploads\/2026\/03\/category_03_kids_square-150x150.jpg 150w, https:\/\/www.mycamelbak.ch\/wp-content\/uploads\/2026\/03\/category_03_kids_square-768x768.jpg 768w, https:\/\/www.mycamelbak.ch\/wp-content\/uploads\/2026\/03\/category_03_kids_square-540x540.jpg 540w, https:\/\/www.mycamelbak.ch\/wp-content\/uploads\/2026\/03\/category_03_kids_square-800x800.jpg 800w, https:\/\/www.mycamelbak.ch\/wp-content\/uploads\/2026\/03\/category_03_kids_square-240x240.jpg 240w, https:\/\/www.mycamelbak.ch\/wp-content\/uploads\/2026\/03\/category_03_kids_square.jpg 1340w\" sizes=\"(max-width: 1024px) 100vw, 1024px\" \/><\/a><figcaption class=\"wp-element-caption\"><p><a href=\"https:\/\/www.mycamelbak.ch\/fr\/kids\/\">Kids<\/a><\/p><\/figcaption><\/figure>\n<\/div>\n\n\n\n<div class=\"wp-block-column is-layout-flow wp-block-column-is-layout-flow\">\n<figure class=\"wp-block-image size-large\"><a href=\"https:\/\/www.mycamelbak.ch\/fr\/organisations\/\"><img decoding=\"async\" loading=\"lazy\" width=\"1024\" height=\"1024\" src=\"https:\/\/www.mycamelbak.ch\/wp-content\/uploads\/2026\/03\/category_04_b2b_square-1024x1024.jpg\" alt=\"\" class=\"wp-image-27137\" srcset=\"https:\/\/www.mycamelbak.ch\/wp-content\/uploads\/2026\/03\/category_04_b2b_square-1024x1024.jpg 1024w, https:\/\/www.mycamelbak.ch\/wp-content\/uploads\/2026\/03\/category_04_b2b_square-300x300.jpg 300w, https:\/\/www.mycamelbak.ch\/wp-content\/uploads\/2026\/03\/category_04_b2b_square-150x150.jpg 150w, https:\/\/www.mycamelbak.ch\/wp-content\/uploads\/2026\/03\/category_04_b2b_square-768x768.jpg 768w, https:\/\/www.mycamelbak.ch\/wp-content\/uploads\/2026\/03\/category_04_b2b_square-540x540.jpg 540w, https:\/\/www.mycamelbak.ch\/wp-content\/uploads\/2026\/03\/category_04_b2b_square-800x800.jpg 800w, https:\/\/www.mycamelbak.ch\/wp-content\/uploads\/2026\/03\/category_04_b2b_square-240x240.jpg 240w, https:\/\/www.mycamelbak.ch\/wp-content\/uploads\/2026\/03\/category_04_b2b_square.jpg 1340w\" sizes=\"(max-width: 1024px) 100vw, 1024px\" \/><\/a><figcaption class=\"wp-element-caption\"><a href=\"https:\/\/www.mycamelbak.ch\/fr\/organisations\/\">B2B<\/a><\/figcaption><\/figure>\n<\/div>\n<\/div>\n<\/div><\/div>\n","protected":false},"excerpt":{"rendered":"<p>Camelbak c&#8217;est du sport Nous avons pour chaque activit\u00e9 sportive la bonne bouteille. Un bon message exprime ta motivation pour tes objectifs. Les bouteilles de haut niveau pour le sport CamelBak veillent \u00e0 ne pas \u00eatre d\u00e9shydrater lors de tes entrainements ou tes comp\u00e9titions. Quelle bouteille te convient? Podium La gourde Podium de Camelbak est &hellip; <a href=\"https:\/\/www.mycamelbak.ch\/fr\/sport\/\">Continued<\/a><\/p>\n","protected":false},"author":2,"featured_media":0,"parent":0,"menu_order":3,"comment_status":"closed","ping_status":"closed","template":"","meta":{"_mi_skip_tracking":false,"_monsterinsights_sitenote_active":false,"_monsterinsights_sitenote_note":"","_monsterinsights_sitenote_category":0,"footnotes":""},"yoast_head":"<!-- This site is optimized with the Yoast SEO plugin v21.5 - https:\/\/yoast.com\/wordpress\/plugins\/seo\/ -->\n<title>CamelBak, c&#039;est du sport - la bonne bouteille pour chaque activit\u00e9 sportive<\/title>\n<meta name=\"description\" content=\"Nous avons pour chaque situation quotidienne la bouteille qui s&#039;y pr\u00eate. Rajoute une touche personnelle avec ton message et affiche ton lifestyle.\" \/>\n<meta name=\"robots\" content=\"index, follow, max-snippet:-1, max-image-preview:large, max-video-preview:-1\" \/>\n<link rel=\"canonical\" href=\"https:\/\/www.mycamelbak.ch\/fr\/sport\/\" \/>\n<meta property=\"og:locale\" content=\"fr_FR\" \/>\n<meta property=\"og:type\" content=\"article\" \/>\n<meta property=\"og:title\" content=\"CamelBak, c&#039;est du sport - la bonne bouteille pour chaque activit\u00e9 sportive\" \/>\n<meta property=\"og:description\" content=\"Nous avons pour chaque situation quotidienne la bouteille qui s&#039;y pr\u00eate. Rajoute une touche personnelle avec ton message et affiche ton lifestyle.\" \/>\n<meta property=\"og:url\" content=\"https:\/\/www.mycamelbak.ch\/fr\/sport\/\" \/>\n<meta property=\"og:site_name\" content=\"MyCamelBak\" \/>\n<meta property=\"article:publisher\" content=\"https:\/\/www.facebook.com\/CamelBak-CH-105592114526163\/\" \/>\n<meta property=\"article:modified_time\" content=\"2026-03-26T06:27:17+00:00\" \/>\n<meta property=\"og:image\" content=\"https:\/\/www.mycamelbak.ch\/wp-content\/uploads\/2026\/03\/mycamelbak_sport-1024x683.jpg\" \/>\n<meta name=\"twitter:card\" content=\"summary_large_image\" \/>\n<meta name=\"twitter:label1\" content=\"Dur\u00e9e de lecture estim\u00e9e\" \/>\n\t<meta name=\"twitter:data1\" content=\"4 minutes\" \/>\n<script type=\"application\/ld+json\" class=\"yoast-schema-graph\">{\"@context\":\"https:\/\/schema.org\",\"@graph\":[{\"@type\":\"WebPage\",\"@id\":\"https:\/\/www.mycamelbak.ch\/fr\/sport\/\",\"url\":\"https:\/\/www.mycamelbak.ch\/fr\/sport\/\",\"name\":\"CamelBak, c'est du sport - la bonne bouteille pour chaque activit\u00e9 sportive\",\"isPartOf\":{\"@id\":\"https:\/\/www.mycamelbak.ch\/fr\/#website\"},\"datePublished\":\"2026-03-13T12:34:10+00:00\",\"dateModified\":\"2026-03-26T06:27:17+00:00\",\"description\":\"Nous avons pour chaque situation quotidienne la bouteille qui s'y pr\u00eate. Rajoute une touche personnelle avec ton message et affiche ton lifestyle.\",\"breadcrumb\":{\"@id\":\"https:\/\/www.mycamelbak.ch\/fr\/sport\/#breadcrumb\"},\"inLanguage\":\"fr-FR\",\"potentialAction\":[{\"@type\":\"ReadAction\",\"target\":[\"https:\/\/www.mycamelbak.ch\/fr\/sport\/\"]}]},{\"@type\":\"BreadcrumbList\",\"@id\":\"https:\/\/www.mycamelbak.ch\/fr\/sport\/#breadcrumb\",\"itemListElement\":[{\"@type\":\"ListItem\",\"position\":1,\"name\":\"Home\",\"item\":\"https:\/\/www.mycamelbak.ch\/fr\/\"},{\"@type\":\"ListItem\",\"position\":2,\"name\":\"Sport\"}]},{\"@type\":\"WebSite\",\"@id\":\"https:\/\/www.mycamelbak.ch\/fr\/#website\",\"url\":\"https:\/\/www.mycamelbak.ch\/fr\/\",\"name\":\"MyCamelBak\",\"description\":\"\",\"publisher\":{\"@id\":\"https:\/\/www.mycamelbak.ch\/fr\/#organization\"},\"potentialAction\":[{\"@type\":\"SearchAction\",\"target\":{\"@type\":\"EntryPoint\",\"urlTemplate\":\"https:\/\/www.mycamelbak.ch\/fr\/?s={search_term_string}\"},\"query-input\":\"required name=search_term_string\"}],\"inLanguage\":\"fr-FR\"},{\"@type\":\"Organization\",\"@id\":\"https:\/\/www.mycamelbak.ch\/fr\/#organization\",\"name\":\"Vetrieb CamelBak Schweiz\",\"url\":\"https:\/\/www.mycamelbak.ch\/fr\/\",\"logo\":{\"@type\":\"ImageObject\",\"inLanguage\":\"fr-FR\",\"@id\":\"https:\/\/www.mycamelbak.ch\/fr\/#\/schema\/logo\/image\/\",\"url\":\"https:\/\/www.mycamelbak.ch\/wp-content\/uploads\/2020\/06\/logo.svg\",\"contentUrl\":\"https:\/\/www.mycamelbak.ch\/wp-content\/uploads\/2020\/06\/logo.svg\",\"width\":300,\"height\":82,\"caption\":\"Vetrieb CamelBak Schweiz\"},\"image\":{\"@id\":\"https:\/\/www.mycamelbak.ch\/fr\/#\/schema\/logo\/image\/\"},\"sameAs\":[\"https:\/\/www.facebook.com\/CamelBak-CH-105592114526163\/\",\"https:\/\/www.instagram.com\/camelbakch\/\",\"https:\/\/www.linkedin.com\/company\/camelbak-ch\/\"]}]}<\/script>\n<!-- \/ Yoast SEO plugin. -->","yoast_head_json":{"title":"CamelBak, c'est du sport - la bonne bouteille pour chaque activit\u00e9 sportive","description":"Nous avons pour chaque situation quotidienne la bouteille qui s'y pr\u00eate. Rajoute une touche personnelle avec ton message et affiche ton lifestyle.","robots":{"index":"index","follow":"follow","max-snippet":"max-snippet:-1","max-image-preview":"max-image-preview:large","max-video-preview":"max-video-preview:-1"},"canonical":"https:\/\/www.mycamelbak.ch\/fr\/sport\/","og_locale":"fr_FR","og_type":"article","og_title":"CamelBak, c'est du sport - la bonne bouteille pour chaque activit\u00e9 sportive","og_description":"Nous avons pour chaque situation quotidienne la bouteille qui s'y pr\u00eate. Rajoute une touche personnelle avec ton message et affiche ton lifestyle.","og_url":"https:\/\/www.mycamelbak.ch\/fr\/sport\/","og_site_name":"MyCamelBak","article_publisher":"https:\/\/www.facebook.com\/CamelBak-CH-105592114526163\/","article_modified_time":"2026-03-26T06:27:17+00:00","og_image":[{"url":"https:\/\/www.mycamelbak.ch\/wp-content\/uploads\/2026\/03\/mycamelbak_sport-1024x683.jpg"}],"twitter_card":"summary_large_image","twitter_misc":{"Dur\u00e9e de lecture estim\u00e9e":"4 minutes"},"schema":{"@context":"https:\/\/schema.org","@graph":[{"@type":"WebPage","@id":"https:\/\/www.mycamelbak.ch\/fr\/sport\/","url":"https:\/\/www.mycamelbak.ch\/fr\/sport\/","name":"CamelBak, c'est du sport - la bonne bouteille pour chaque activit\u00e9 sportive","isPartOf":{"@id":"https:\/\/www.mycamelbak.ch\/fr\/#website"},"datePublished":"2026-03-13T12:34:10+00:00","dateModified":"2026-03-26T06:27:17+00:00","description":"Nous avons pour chaque situation quotidienne la bouteille qui s'y pr\u00eate. Rajoute une touche personnelle avec ton message et affiche ton lifestyle.","breadcrumb":{"@id":"https:\/\/www.mycamelbak.ch\/fr\/sport\/#breadcrumb"},"inLanguage":"fr-FR","potentialAction":[{"@type":"ReadAction","target":["https:\/\/www.mycamelbak.ch\/fr\/sport\/"]}]},{"@type":"BreadcrumbList","@id":"https:\/\/www.mycamelbak.ch\/fr\/sport\/#breadcrumb","itemListElement":[{"@type":"ListItem","position":1,"name":"Home","item":"https:\/\/www.mycamelbak.ch\/fr\/"},{"@type":"ListItem","position":2,"name":"Sport"}]},{"@type":"WebSite","@id":"https:\/\/www.mycamelbak.ch\/fr\/#website","url":"https:\/\/www.mycamelbak.ch\/fr\/","name":"MyCamelBak","description":"","publisher":{"@id":"https:\/\/www.mycamelbak.ch\/fr\/#organization"},"potentialAction":[{"@type":"SearchAction","target":{"@type":"EntryPoint","urlTemplate":"https:\/\/www.mycamelbak.ch\/fr\/?s={search_term_string}"},"query-input":"required name=search_term_string"}],"inLanguage":"fr-FR"},{"@type":"Organization","@id":"https:\/\/www.mycamelbak.ch\/fr\/#organization","name":"Vetrieb CamelBak Schweiz","url":"https:\/\/www.mycamelbak.ch\/fr\/","logo":{"@type":"ImageObject","inLanguage":"fr-FR","@id":"https:\/\/www.mycamelbak.ch\/fr\/#\/schema\/logo\/image\/","url":"https:\/\/www.mycamelbak.ch\/wp-content\/uploads\/2020\/06\/logo.svg","contentUrl":"https:\/\/www.mycamelbak.ch\/wp-content\/uploads\/2020\/06\/logo.svg","width":300,"height":82,"caption":"Vetrieb CamelBak Schweiz"},"image":{"@id":"https:\/\/www.mycamelbak.ch\/fr\/#\/schema\/logo\/image\/"},"sameAs":["https:\/\/www.facebook.com\/CamelBak-CH-105592114526163\/","https:\/\/www.instagram.com\/camelbakch\/","https:\/\/www.linkedin.com\/company\/camelbak-ch\/"]}]}},"_links":{"self":[{"href":"https:\/\/www.mycamelbak.ch\/fr\/wp-json\/wp\/v2\/pages\/27311"}],"collection":[{"href":"https:\/\/www.mycamelbak.ch\/fr\/wp-json\/wp\/v2\/pages"}],"about":[{"href":"https:\/\/www.mycamelbak.ch\/fr\/wp-json\/wp\/v2\/types\/page"}],"author":[{"embeddable":true,"href":"https:\/\/www.mycamelbak.ch\/fr\/wp-json\/wp\/v2\/users\/2"}],"replies":[{"embeddable":true,"href":"https:\/\/www.mycamelbak.ch\/fr\/wp-json\/wp\/v2\/comments?post=27311"}],"version-history":[{"count":5,"href":"https:\/\/www.mycamelbak.ch\/fr\/wp-json\/wp\/v2\/pages\/27311\/revisions"}],"predecessor-version":[{"id":27579,"href":"https:\/\/www.mycamelbak.ch\/fr\/wp-json\/wp\/v2\/pages\/27311\/revisions\/27579"}],"wp:attachment":[{"href":"https:\/\/www.mycamelbak.ch\/fr\/wp-json\/wp\/v2\/media?parent=27311"}],"curies":[{"name":"wp","href":"https:\/\/api.w.org\/{rel}","templated":true}]}}