{"id":27330,"date":"2026-03-13T13:48:43","date_gmt":"2026-03-13T12:48:43","guid":{"rendered":"https:\/\/www.mycamelbak.ch\/?page_id=27330"},"modified":"2026-03-26T07:33:43","modified_gmt":"2026-03-26T06:33:43","slug":"kids","status":"publish","type":"page","link":"https:\/\/www.mycamelbak.ch\/fr\/kids\/","title":{"rendered":"Kids"},"content":{"rendered":"\n<div class=\"wp-block-columns is-layout-flex wp-container-4 wp-block-columns-is-layout-flex\">\n<div class=\"wp-block-column is-layout-flow wp-block-column-is-layout-flow\">\n<figure class=\"wp-block-image alignwide size-large\"><img decoding=\"async\" loading=\"lazy\" width=\"1024\" height=\"683\" src=\"https:\/\/www.mycamelbak.ch\/wp-content\/uploads\/2026\/03\/mycamelbak_kids-1024x683.jpg\" alt=\"\" class=\"wp-image-27333\" srcset=\"https:\/\/www.mycamelbak.ch\/wp-content\/uploads\/2026\/03\/mycamelbak_kids-1024x683.jpg 1024w, https:\/\/www.mycamelbak.ch\/wp-content\/uploads\/2026\/03\/mycamelbak_kids-300x200.jpg 300w, https:\/\/www.mycamelbak.ch\/wp-content\/uploads\/2026\/03\/mycamelbak_kids-768x512.jpg 768w, https:\/\/www.mycamelbak.ch\/wp-content\/uploads\/2026\/03\/mycamelbak_kids-540x360.jpg 540w, https:\/\/www.mycamelbak.ch\/wp-content\/uploads\/2026\/03\/mycamelbak_kids-800x533.jpg 800w, https:\/\/www.mycamelbak.ch\/wp-content\/uploads\/2026\/03\/mycamelbak_kids-240x160.jpg 240w, https:\/\/www.mycamelbak.ch\/wp-content\/uploads\/2026\/03\/mycamelbak_kids.jpg 1536w\" sizes=\"(max-width: 1024px) 100vw, 1024px\" \/><\/figure>\n<\/div>\n\n\n\n<div class=\"wp-block-column is-layout-flow wp-block-column-is-layout-flow\">\n<h1 class=\"wp-block-heading\">CamelBak est pour&#13;\n&#13;\nles enfants<\/h1>\n\n\n\n<p>Nous proposons aussi des bouteilles pour les petits. Avec des fonctions exclusives pour les enfants. Rendez les enfants heureux et veillez \u00e0 ce qu&#8217;ils boivent assez lors de leurs activit\u00e9s.&#13;\n<\/p>\n\n\n\n<div class=\"wp-block-buttons is-layout-flex wp-block-buttons-is-layout-flex\">\n<div class=\"wp-block-button\"><a class=\"wp-block-button__link wp-element-button\" href=\"https:\/\/www.mycamelbak.ch\/fr\/druckverfahren\/digitaldruck-kleinmenge\/\">Configure ta bouteille<\/a><\/div>\n<\/div>\n<\/div>\n<\/div>\n\n<div style=\"height:50px\" aria-hidden=\"true\" class=\"wp-block-spacer\"><\/div>\n\n<div style=\"height:50px\" aria-hidden=\"true\" class=\"wp-block-spacer\"><\/div>\n\n<h2 class=\"wp-block-heading\">Quelle bouteille te convient?<\/h2>\n\n<div class=\"wp-block-group bottle-matcher is-layout-flow wp-block-group-is-layout-flow\"><div class=\"wp-block-group__inner-container\">\n<ul class=\"bottle-legend\">\n<li>Thrive Flip Straw Kids<\/li>\n\n\n\n<li>Thrive Flip Straw<\/li>\n\n\n\n<li>Thrive Chug<\/li>\n<\/ul>\n\n\n\n<div class=\"wp-block-group bottle-group is-layout-flow wp-block-group-is-layout-flow\"><div class=\"wp-block-group__inner-container\">\n<div class=\"wp-block-columns is-layout-flex wp-container-8 wp-block-columns-is-layout-flex\">\n<div class=\"wp-block-column is-layout-flow wp-block-column-is-layout-flow\">\n<figure class=\"wp-block-image size-large\"><img decoding=\"async\" loading=\"lazy\" width=\"1024\" height=\"1024\" src=\"https:\/\/www.mycamelbak.ch\/wp-content\/uploads\/2025\/01\/407-143-2514-559_01-1024x1024.png\" alt=\"\" class=\"wp-image-20782\" srcset=\"https:\/\/www.mycamelbak.ch\/wp-content\/uploads\/2025\/01\/407-143-2514-559_01-1024x1024.png 1024w, https:\/\/www.mycamelbak.ch\/wp-content\/uploads\/2025\/01\/407-143-2514-559_01-540x540.png 540w, https:\/\/www.mycamelbak.ch\/wp-content\/uploads\/2025\/01\/407-143-2514-559_01-240x240.png 240w, https:\/\/www.mycamelbak.ch\/wp-content\/uploads\/2025\/01\/407-143-2514-559_01-800x800.png 800w, https:\/\/www.mycamelbak.ch\/wp-content\/uploads\/2025\/01\/407-143-2514-559_01-300x300.png 300w, https:\/\/www.mycamelbak.ch\/wp-content\/uploads\/2025\/01\/407-143-2514-559_01-150x150.png 150w, https:\/\/www.mycamelbak.ch\/wp-content\/uploads\/2025\/01\/407-143-2514-559_01-768x768.png 768w, https:\/\/www.mycamelbak.ch\/wp-content\/uploads\/2025\/01\/407-143-2514-559_01.png 1500w\" sizes=\"(max-width: 1024px) 100vw, 1024px\" \/><\/figure>\n\n\n\n<p><\/p>\n<\/div>\n\n\n\n<div class=\"wp-block-column is-layout-flow wp-block-column-is-layout-flow\">\n<h2 class=\"wp-block-heading\">Thrive flip straw kids<\/h2>\n\n\n\n<p>Tournez, mordez et sirotez pour une hydratation quotidienne durable. La gourde quotidienne Thrive Flip Straw est d\u00e9sormais fabriqu\u00e9e avec du Tritan\u2122 Renew, un plastique extr\u00eamement durable et l\u00e9ger, compos\u00e9 \u00e0 50 % de mat\u00e9riaux recycl\u00e9s. \u00c9tanche une fois ferm\u00e9e et r\u00e9sistante aux \u00e9claboussures une fois ouverte, le bouchon Flip Straw et l&#8217;interface de la valve de morsure offrent un d\u00e9bit \u00e9lev\u00e9. Le Tritan Renew est con\u00e7u via une technologie de renouvellement du polyester, un processus de recyclage plus efficace que le recyclage m\u00e9canique traditionnel, produisant un nouveau mat\u00e9riau tout en limitant l&#8217;usage de ressources finies. R\u00e9sistante aux odeurs et aux taches, lavable au lave-vaisselle et sans BPA, BPS ni BPF.<\/p>\n\n\n\n<div class=\"wp-block-buttons is-layout-flex wp-block-buttons-is-layout-flex\">\n<div class=\"wp-block-button\"><a class=\"wp-block-button__link wp-element-button\" href=\"https:\/\/www.mycamelbak.ch\/fr\/flasche\/camelbak-thrive-flip-straw-kids-400ml\/\">Configure ta bouteille<\/a><\/div>\n<\/div>\n<\/div>\n<\/div>\n\n\n\n<div class=\"wp-block-columns is-layout-flex wp-container-12 wp-block-columns-is-layout-flex\">\n<div class=\"wp-block-column is-layout-flow wp-block-column-is-layout-flow\">\n<figure class=\"wp-block-image size-large\"><img decoding=\"async\" loading=\"lazy\" width=\"1024\" height=\"1024\" src=\"https:\/\/www.mycamelbak.ch\/wp-content\/uploads\/2025\/01\/407-143-2522-001_01-1024x1024.png\" alt=\"\" class=\"wp-image-20722\" srcset=\"https:\/\/www.mycamelbak.ch\/wp-content\/uploads\/2025\/01\/407-143-2522-001_01-1024x1024.png 1024w, https:\/\/www.mycamelbak.ch\/wp-content\/uploads\/2025\/01\/407-143-2522-001_01-540x540.png 540w, https:\/\/www.mycamelbak.ch\/wp-content\/uploads\/2025\/01\/407-143-2522-001_01-240x240.png 240w, https:\/\/www.mycamelbak.ch\/wp-content\/uploads\/2025\/01\/407-143-2522-001_01-800x800.png 800w, https:\/\/www.mycamelbak.ch\/wp-content\/uploads\/2025\/01\/407-143-2522-001_01-300x300.png 300w, https:\/\/www.mycamelbak.ch\/wp-content\/uploads\/2025\/01\/407-143-2522-001_01-150x150.png 150w, https:\/\/www.mycamelbak.ch\/wp-content\/uploads\/2025\/01\/407-143-2522-001_01-768x768.png 768w, https:\/\/www.mycamelbak.ch\/wp-content\/uploads\/2025\/01\/407-143-2522-001_01.png 1500w\" sizes=\"(max-width: 1024px) 100vw, 1024px\" \/><\/figure>\n\n\n\n<p><\/p>\n<\/div>\n\n\n\n<div class=\"wp-block-column is-layout-flow wp-block-column-is-layout-flow\">\n<h2 class=\"wp-block-heading\">thrive flip straw<\/h2>\n\n\n\n<p>Tournez, mordez et sirotez pour une hydratation quotidienne durable. La gourde quotidienne Thrive Flip Straw est d\u00e9sormais fabriqu\u00e9e avec du Tritan\u2122 Renew, un plastique extr\u00eamement durable et l\u00e9ger, compos\u00e9 \u00e0 50 % de mat\u00e9riaux recycl\u00e9s. \u00c9tanche une fois ferm\u00e9e et r\u00e9sistante aux \u00e9claboussures une fois ouverte, le bouchon Flip Straw et l&#8217;interface de la valve de morsure offrent un d\u00e9bit \u00e9lev\u00e9. Le Tritan Renew est con\u00e7u via une technologie de renouvellement du polyester, un processus de recyclage plus efficace que le recyclage m\u00e9canique traditionnel, produisant un nouveau mat\u00e9riau tout en limitant l&#8217;usage de ressources finies. R\u00e9sistante aux odeurs et aux taches, lavable au lave-vaisselle et sans BPA, BPS ni BPF.<\/p>\n\n\n\n<div class=\"wp-block-buttons is-layout-flex wp-block-buttons-is-layout-flex\">\n<div class=\"wp-block-button\"><a class=\"wp-block-button__link wp-element-button\" href=\"https:\/\/www.mycamelbak.ch\/fr\/flasche\/camelbak-thrive-flip-straw-0-6l\/\">Configure ta bouteille<\/a><\/div>\n<\/div>\n<\/div>\n<\/div>\n\n\n\n<div class=\"wp-block-columns is-layout-flex wp-container-16 wp-block-columns-is-layout-flex\">\n<div class=\"wp-block-column is-layout-flow wp-block-column-is-layout-flow\">\n<figure class=\"wp-block-image size-large\"><img decoding=\"async\" loading=\"lazy\" width=\"1024\" height=\"1024\" src=\"https:\/\/www.mycamelbak.ch\/wp-content\/uploads\/2025\/01\/407-143-2511-003_01-1024x1024.png\" alt=\"\" class=\"wp-image-20812\" srcset=\"https:\/\/www.mycamelbak.ch\/wp-content\/uploads\/2025\/01\/407-143-2511-003_01-1024x1024.png 1024w, https:\/\/www.mycamelbak.ch\/wp-content\/uploads\/2025\/01\/407-143-2511-003_01-540x540.png 540w, https:\/\/www.mycamelbak.ch\/wp-content\/uploads\/2025\/01\/407-143-2511-003_01-240x240.png 240w, https:\/\/www.mycamelbak.ch\/wp-content\/uploads\/2025\/01\/407-143-2511-003_01-800x800.png 800w, https:\/\/www.mycamelbak.ch\/wp-content\/uploads\/2025\/01\/407-143-2511-003_01-300x300.png 300w, https:\/\/www.mycamelbak.ch\/wp-content\/uploads\/2025\/01\/407-143-2511-003_01-150x150.png 150w, https:\/\/www.mycamelbak.ch\/wp-content\/uploads\/2025\/01\/407-143-2511-003_01-768x768.png 768w, https:\/\/www.mycamelbak.ch\/wp-content\/uploads\/2025\/01\/407-143-2511-003_01.png 1500w\" sizes=\"(max-width: 1024px) 100vw, 1024px\" \/><\/figure>\n\n\n\n<p><\/p>\n<\/div>\n\n\n\n<div class=\"wp-block-column is-layout-flow wp-block-column-is-layout-flow\">\n<h2 class=\"wp-block-heading\">thrive chug<\/h2>\n\n\n\n<p>Savourez une hydratation quotidienne durable en toute simplicit\u00e9. La gourde quotidienne Thrive Chug est d\u00e9sormais fabriqu\u00e9e avec du Tritan\u2122 Renew, un plastique extr\u00eamement durable et l\u00e9ger, compos\u00e9 \u00e0 50 % de mat\u00e9riaux recycl\u00e9s. \u00c9tanche une fois ferm\u00e9e et sans \u00e9claboussures une fois ouverte, son bec souple assure un d\u00e9bit \u00e9lev\u00e9. Le Tritan Renew est con\u00e7u via une technologie de renouvellement du polyester, un processus de recyclage plus efficace que le recyclage m\u00e9canique traditionnel, produisant un nouveau mat\u00e9riau tout en limitant l&#8217;usage de ressources finies. R\u00e9sistante aux odeurs et aux taches, lavable au lave-vaisselle et sans BPA, BPS ni BPF.<\/p>\n\n\n\n<div class=\"wp-block-buttons is-layout-flex wp-block-buttons-is-layout-flex\">\n<div class=\"wp-block-button\"><a class=\"wp-block-button__link wp-element-button\" href=\"https:\/\/www.mycamelbak.ch\/fr\/flasche\/camelbak-thrive-chug-600ml\/\">Configure ta bouteille<\/a><\/div>\n<\/div>\n<\/div>\n<\/div>\n<\/div><\/div>\n<\/div><\/div>\n\n<div class=\"wp-block-columns has-2202-blue-background-color has-background is-layout-flex wp-container-20 wp-block-columns-is-layout-flex\">\n<div class=\"wp-block-column is-layout-flow wp-block-column-is-layout-flow\">\n<figure class=\"wp-block-image alignfull size-large\"><img decoding=\"async\" loading=\"lazy\" width=\"1788\" height=\"530\" src=\"https:\/\/www.mycamelbak.ch\/wp-content\/uploads\/2026\/03\/usp_de.svg\" alt=\"\" class=\"wp-image-27268\"\/><\/figure>\n<\/div>\n<\/div>\n\n<div class=\"wp-block-group footer-category is-layout-flow wp-block-group-is-layout-flow\"><div class=\"wp-block-group__inner-container\">\n<h2 class=\"wp-block-heading\">Autres cat\u00e9gories<\/h2>\n\n\n\n<div class=\"wp-block-columns is-layout-flex wp-container-24 wp-block-columns-is-layout-flex\">\n<div class=\"wp-block-column is-layout-flow wp-block-column-is-layout-flow\">\n<figure class=\"wp-block-image size-large\"><a href=\"https:\/\/www.mycamelbak.ch\/fr\/lifestyle\/\"><img decoding=\"async\" loading=\"lazy\" width=\"1024\" height=\"1024\" src=\"https:\/\/www.mycamelbak.ch\/wp-content\/uploads\/2026\/03\/category_01_lifestyle_square-1024x1024.jpg\" alt=\"\" class=\"wp-image-27128\" srcset=\"https:\/\/www.mycamelbak.ch\/wp-content\/uploads\/2026\/03\/category_01_lifestyle_square-1024x1024.jpg 1024w, https:\/\/www.mycamelbak.ch\/wp-content\/uploads\/2026\/03\/category_01_lifestyle_square-300x300.jpg 300w, https:\/\/www.mycamelbak.ch\/wp-content\/uploads\/2026\/03\/category_01_lifestyle_square-150x150.jpg 150w, https:\/\/www.mycamelbak.ch\/wp-content\/uploads\/2026\/03\/category_01_lifestyle_square-768x768.jpg 768w, https:\/\/www.mycamelbak.ch\/wp-content\/uploads\/2026\/03\/category_01_lifestyle_square-540x540.jpg 540w, https:\/\/www.mycamelbak.ch\/wp-content\/uploads\/2026\/03\/category_01_lifestyle_square-800x800.jpg 800w, https:\/\/www.mycamelbak.ch\/wp-content\/uploads\/2026\/03\/category_01_lifestyle_square-240x240.jpg 240w, https:\/\/www.mycamelbak.ch\/wp-content\/uploads\/2026\/03\/category_01_lifestyle_square.jpg 1340w\" sizes=\"(max-width: 1024px) 100vw, 1024px\" \/><\/a><figcaption class=\"wp-element-caption\"><a href=\"https:\/\/mycamelbak.ch\/fr\/lifestyle\/\">Lifestyle<\/a><\/figcaption><\/figure>\n<\/div>\n\n\n\n<div class=\"wp-block-column is-layout-flow wp-block-column-is-layout-flow\">\n<figure class=\"wp-block-image size-large\"><a href=\"https:\/\/www.mycamelbak.ch\/fr\/sport\/\"><img decoding=\"async\" loading=\"lazy\" width=\"1024\" height=\"1024\" src=\"https:\/\/www.mycamelbak.ch\/wp-content\/uploads\/2026\/03\/category_02_sport_square-1024x1024.jpg\" alt=\"\" class=\"wp-image-27131\" srcset=\"https:\/\/www.mycamelbak.ch\/wp-content\/uploads\/2026\/03\/category_02_sport_square-1024x1024.jpg 1024w, https:\/\/www.mycamelbak.ch\/wp-content\/uploads\/2026\/03\/category_02_sport_square-300x300.jpg 300w, https:\/\/www.mycamelbak.ch\/wp-content\/uploads\/2026\/03\/category_02_sport_square-150x150.jpg 150w, https:\/\/www.mycamelbak.ch\/wp-content\/uploads\/2026\/03\/category_02_sport_square-768x768.jpg 768w, https:\/\/www.mycamelbak.ch\/wp-content\/uploads\/2026\/03\/category_02_sport_square-540x540.jpg 540w, https:\/\/www.mycamelbak.ch\/wp-content\/uploads\/2026\/03\/category_02_sport_square-800x800.jpg 800w, https:\/\/www.mycamelbak.ch\/wp-content\/uploads\/2026\/03\/category_02_sport_square-240x240.jpg 240w, https:\/\/www.mycamelbak.ch\/wp-content\/uploads\/2026\/03\/category_02_sport_square.jpg 1340w\" sizes=\"(max-width: 1024px) 100vw, 1024px\" \/><\/a><figcaption class=\"wp-element-caption\"><a href=\"https:\/\/mycamelbak.ch\/fr\/sport\/\">Sport<\/a><\/figcaption><\/figure>\n<\/div>\n\n\n\n<div class=\"wp-block-column is-layout-flow wp-block-column-is-layout-flow\">\n<figure class=\"wp-block-image size-large\"><a href=\"https:\/\/www.mycamelbak.ch\/fr\/organisations\/\"><img decoding=\"async\" loading=\"lazy\" width=\"1024\" height=\"1024\" src=\"https:\/\/www.mycamelbak.ch\/wp-content\/uploads\/2026\/03\/category_04_b2b_square-1024x1024.jpg\" alt=\"\" class=\"wp-image-27137\" srcset=\"https:\/\/www.mycamelbak.ch\/wp-content\/uploads\/2026\/03\/category_04_b2b_square-1024x1024.jpg 1024w, https:\/\/www.mycamelbak.ch\/wp-content\/uploads\/2026\/03\/category_04_b2b_square-300x300.jpg 300w, https:\/\/www.mycamelbak.ch\/wp-content\/uploads\/2026\/03\/category_04_b2b_square-150x150.jpg 150w, https:\/\/www.mycamelbak.ch\/wp-content\/uploads\/2026\/03\/category_04_b2b_square-768x768.jpg 768w, https:\/\/www.mycamelbak.ch\/wp-content\/uploads\/2026\/03\/category_04_b2b_square-540x540.jpg 540w, https:\/\/www.mycamelbak.ch\/wp-content\/uploads\/2026\/03\/category_04_b2b_square-800x800.jpg 800w, https:\/\/www.mycamelbak.ch\/wp-content\/uploads\/2026\/03\/category_04_b2b_square-240x240.jpg 240w, https:\/\/www.mycamelbak.ch\/wp-content\/uploads\/2026\/03\/category_04_b2b_square.jpg 1340w\" sizes=\"(max-width: 1024px) 100vw, 1024px\" \/><\/a><figcaption class=\"wp-element-caption\"><a href=\"https:\/\/www.mycamelbak.ch\/fr\/organisations\/\">B2B<\/a><\/figcaption><\/figure>\n<\/div>\n<\/div>\n<\/div><\/div>\n","protected":false},"excerpt":{"rendered":"<p>CamelBak est pour&#13; &#13; les enfants Nous proposons aussi des bouteilles pour les petits. Avec des fonctions exclusives pour les enfants. Rendez les enfants heureux et veillez \u00e0 ce qu&#8217;ils boivent assez lors de leurs activit\u00e9s.&#13; Quelle bouteille te convient? Thrive flip straw kids Tournez, mordez et sirotez pour une hydratation quotidienne durable. La gourde &hellip; <a href=\"https:\/\/www.mycamelbak.ch\/fr\/kids\/\">Continued<\/a><\/p>\n","protected":false},"author":2,"featured_media":0,"parent":0,"menu_order":4,"comment_status":"closed","ping_status":"closed","template":"","meta":{"_mi_skip_tracking":false,"_monsterinsights_sitenote_active":false,"_monsterinsights_sitenote_note":"","_monsterinsights_sitenote_category":0,"footnotes":""},"yoast_head":"<!-- This site is optimized with the Yoast SEO plugin v21.5 - https:\/\/yoast.com\/wordpress\/plugins\/seo\/ -->\n<title>CamelBak est pour les enfants - les bonnes bouteilles pour les petits<\/title>\n<meta name=\"description\" content=\"Nous proposons aussi des bouteilles pour les petits. Rendez les enfants heureux et veillez \u00e0 ce qu&#039;ils boivent toujours suffisamment lors des aventures.\" \/>\n<meta name=\"robots\" content=\"index, follow, max-snippet:-1, max-image-preview:large, max-video-preview:-1\" \/>\n<link rel=\"canonical\" href=\"https:\/\/www.mycamelbak.ch\/fr\/kids\/\" \/>\n<meta property=\"og:locale\" content=\"fr_FR\" \/>\n<meta property=\"og:type\" content=\"article\" \/>\n<meta property=\"og:title\" content=\"CamelBak est pour les enfants - les bonnes bouteilles pour les petits\" \/>\n<meta property=\"og:description\" content=\"Nous proposons aussi des bouteilles pour les petits. Rendez les enfants heureux et veillez \u00e0 ce qu&#039;ils boivent toujours suffisamment lors des aventures.\" \/>\n<meta property=\"og:url\" content=\"https:\/\/www.mycamelbak.ch\/fr\/kids\/\" \/>\n<meta property=\"og:site_name\" content=\"MyCamelBak\" \/>\n<meta property=\"article:publisher\" content=\"https:\/\/www.facebook.com\/CamelBak-CH-105592114526163\/\" \/>\n<meta property=\"article:modified_time\" content=\"2026-03-26T06:33:43+00:00\" \/>\n<meta property=\"og:image\" content=\"https:\/\/www.mycamelbak.ch\/wp-content\/uploads\/2026\/03\/mycamelbak_kids-1024x683.jpg\" \/>\n<meta name=\"twitter:card\" content=\"summary_large_image\" \/>\n<meta name=\"twitter:label1\" content=\"Dur\u00e9e de lecture estim\u00e9e\" \/>\n\t<meta name=\"twitter:data1\" content=\"5 minutes\" \/>\n<script type=\"application\/ld+json\" class=\"yoast-schema-graph\">{\"@context\":\"https:\/\/schema.org\",\"@graph\":[{\"@type\":\"WebPage\",\"@id\":\"https:\/\/www.mycamelbak.ch\/fr\/kids\/\",\"url\":\"https:\/\/www.mycamelbak.ch\/fr\/kids\/\",\"name\":\"CamelBak est pour les enfants - les bonnes bouteilles pour les petits\",\"isPartOf\":{\"@id\":\"https:\/\/www.mycamelbak.ch\/fr\/#website\"},\"datePublished\":\"2026-03-13T12:48:43+00:00\",\"dateModified\":\"2026-03-26T06:33:43+00:00\",\"description\":\"Nous proposons aussi des bouteilles pour les petits. Rendez les enfants heureux et veillez \u00e0 ce qu'ils boivent toujours suffisamment lors des aventures.\",\"breadcrumb\":{\"@id\":\"https:\/\/www.mycamelbak.ch\/fr\/kids\/#breadcrumb\"},\"inLanguage\":\"fr-FR\",\"potentialAction\":[{\"@type\":\"ReadAction\",\"target\":[\"https:\/\/www.mycamelbak.ch\/fr\/kids\/\"]}]},{\"@type\":\"BreadcrumbList\",\"@id\":\"https:\/\/www.mycamelbak.ch\/fr\/kids\/#breadcrumb\",\"itemListElement\":[{\"@type\":\"ListItem\",\"position\":1,\"name\":\"Home\",\"item\":\"https:\/\/www.mycamelbak.ch\/fr\/\"},{\"@type\":\"ListItem\",\"position\":2,\"name\":\"Kids\"}]},{\"@type\":\"WebSite\",\"@id\":\"https:\/\/www.mycamelbak.ch\/fr\/#website\",\"url\":\"https:\/\/www.mycamelbak.ch\/fr\/\",\"name\":\"MyCamelBak\",\"description\":\"\",\"publisher\":{\"@id\":\"https:\/\/www.mycamelbak.ch\/fr\/#organization\"},\"potentialAction\":[{\"@type\":\"SearchAction\",\"target\":{\"@type\":\"EntryPoint\",\"urlTemplate\":\"https:\/\/www.mycamelbak.ch\/fr\/?s={search_term_string}\"},\"query-input\":\"required name=search_term_string\"}],\"inLanguage\":\"fr-FR\"},{\"@type\":\"Organization\",\"@id\":\"https:\/\/www.mycamelbak.ch\/fr\/#organization\",\"name\":\"Vetrieb CamelBak Schweiz\",\"url\":\"https:\/\/www.mycamelbak.ch\/fr\/\",\"logo\":{\"@type\":\"ImageObject\",\"inLanguage\":\"fr-FR\",\"@id\":\"https:\/\/www.mycamelbak.ch\/fr\/#\/schema\/logo\/image\/\",\"url\":\"https:\/\/www.mycamelbak.ch\/wp-content\/uploads\/2020\/06\/logo.svg\",\"contentUrl\":\"https:\/\/www.mycamelbak.ch\/wp-content\/uploads\/2020\/06\/logo.svg\",\"width\":300,\"height\":82,\"caption\":\"Vetrieb CamelBak Schweiz\"},\"image\":{\"@id\":\"https:\/\/www.mycamelbak.ch\/fr\/#\/schema\/logo\/image\/\"},\"sameAs\":[\"https:\/\/www.facebook.com\/CamelBak-CH-105592114526163\/\",\"https:\/\/www.instagram.com\/camelbakch\/\",\"https:\/\/www.linkedin.com\/company\/camelbak-ch\/\"]}]}<\/script>\n<!-- \/ Yoast SEO plugin. -->","yoast_head_json":{"title":"CamelBak est pour les enfants - les bonnes bouteilles pour les petits","description":"Nous proposons aussi des bouteilles pour les petits. Rendez les enfants heureux et veillez \u00e0 ce qu'ils boivent toujours suffisamment lors des aventures.","robots":{"index":"index","follow":"follow","max-snippet":"max-snippet:-1","max-image-preview":"max-image-preview:large","max-video-preview":"max-video-preview:-1"},"canonical":"https:\/\/www.mycamelbak.ch\/fr\/kids\/","og_locale":"fr_FR","og_type":"article","og_title":"CamelBak est pour les enfants - les bonnes bouteilles pour les petits","og_description":"Nous proposons aussi des bouteilles pour les petits. Rendez les enfants heureux et veillez \u00e0 ce qu'ils boivent toujours suffisamment lors des aventures.","og_url":"https:\/\/www.mycamelbak.ch\/fr\/kids\/","og_site_name":"MyCamelBak","article_publisher":"https:\/\/www.facebook.com\/CamelBak-CH-105592114526163\/","article_modified_time":"2026-03-26T06:33:43+00:00","og_image":[{"url":"https:\/\/www.mycamelbak.ch\/wp-content\/uploads\/2026\/03\/mycamelbak_kids-1024x683.jpg"}],"twitter_card":"summary_large_image","twitter_misc":{"Dur\u00e9e de lecture estim\u00e9e":"5 minutes"},"schema":{"@context":"https:\/\/schema.org","@graph":[{"@type":"WebPage","@id":"https:\/\/www.mycamelbak.ch\/fr\/kids\/","url":"https:\/\/www.mycamelbak.ch\/fr\/kids\/","name":"CamelBak est pour les enfants - les bonnes bouteilles pour les petits","isPartOf":{"@id":"https:\/\/www.mycamelbak.ch\/fr\/#website"},"datePublished":"2026-03-13T12:48:43+00:00","dateModified":"2026-03-26T06:33:43+00:00","description":"Nous proposons aussi des bouteilles pour les petits. Rendez les enfants heureux et veillez \u00e0 ce qu'ils boivent toujours suffisamment lors des aventures.","breadcrumb":{"@id":"https:\/\/www.mycamelbak.ch\/fr\/kids\/#breadcrumb"},"inLanguage":"fr-FR","potentialAction":[{"@type":"ReadAction","target":["https:\/\/www.mycamelbak.ch\/fr\/kids\/"]}]},{"@type":"BreadcrumbList","@id":"https:\/\/www.mycamelbak.ch\/fr\/kids\/#breadcrumb","itemListElement":[{"@type":"ListItem","position":1,"name":"Home","item":"https:\/\/www.mycamelbak.ch\/fr\/"},{"@type":"ListItem","position":2,"name":"Kids"}]},{"@type":"WebSite","@id":"https:\/\/www.mycamelbak.ch\/fr\/#website","url":"https:\/\/www.mycamelbak.ch\/fr\/","name":"MyCamelBak","description":"","publisher":{"@id":"https:\/\/www.mycamelbak.ch\/fr\/#organization"},"potentialAction":[{"@type":"SearchAction","target":{"@type":"EntryPoint","urlTemplate":"https:\/\/www.mycamelbak.ch\/fr\/?s={search_term_string}"},"query-input":"required name=search_term_string"}],"inLanguage":"fr-FR"},{"@type":"Organization","@id":"https:\/\/www.mycamelbak.ch\/fr\/#organization","name":"Vetrieb CamelBak Schweiz","url":"https:\/\/www.mycamelbak.ch\/fr\/","logo":{"@type":"ImageObject","inLanguage":"fr-FR","@id":"https:\/\/www.mycamelbak.ch\/fr\/#\/schema\/logo\/image\/","url":"https:\/\/www.mycamelbak.ch\/wp-content\/uploads\/2020\/06\/logo.svg","contentUrl":"https:\/\/www.mycamelbak.ch\/wp-content\/uploads\/2020\/06\/logo.svg","width":300,"height":82,"caption":"Vetrieb CamelBak Schweiz"},"image":{"@id":"https:\/\/www.mycamelbak.ch\/fr\/#\/schema\/logo\/image\/"},"sameAs":["https:\/\/www.facebook.com\/CamelBak-CH-105592114526163\/","https:\/\/www.instagram.com\/camelbakch\/","https:\/\/www.linkedin.com\/company\/camelbak-ch\/"]}]}},"_links":{"self":[{"href":"https:\/\/www.mycamelbak.ch\/fr\/wp-json\/wp\/v2\/pages\/27330"}],"collection":[{"href":"https:\/\/www.mycamelbak.ch\/fr\/wp-json\/wp\/v2\/pages"}],"about":[{"href":"https:\/\/www.mycamelbak.ch\/fr\/wp-json\/wp\/v2\/types\/page"}],"author":[{"embeddable":true,"href":"https:\/\/www.mycamelbak.ch\/fr\/wp-json\/wp\/v2\/users\/2"}],"replies":[{"embeddable":true,"href":"https:\/\/www.mycamelbak.ch\/fr\/wp-json\/wp\/v2\/comments?post=27330"}],"version-history":[{"count":4,"href":"https:\/\/www.mycamelbak.ch\/fr\/wp-json\/wp\/v2\/pages\/27330\/revisions"}],"predecessor-version":[{"id":27485,"href":"https:\/\/www.mycamelbak.ch\/fr\/wp-json\/wp\/v2\/pages\/27330\/revisions\/27485"}],"wp:attachment":[{"href":"https:\/\/www.mycamelbak.ch\/fr\/wp-json\/wp\/v2\/media?parent=27330"}],"curies":[{"name":"wp","href":"https:\/\/api.w.org\/{rel}","templated":true}]}}