{"id":27348,"date":"2026-03-13T13:58:23","date_gmt":"2026-03-13T12:58:23","guid":{"rendered":"https:\/\/www.mycamelbak.ch\/?page_id=27348"},"modified":"2026-03-13T17:10:37","modified_gmt":"2026-03-13T16:10:37","slug":"faq","status":"publish","type":"page","link":"https:\/\/www.mycamelbak.ch\/fr\/faq\/","title":{"rendered":"FAQ"},"content":{"rendered":"\n<div class=\"wp-block-columns is-layout-flex wp-container-2 wp-block-columns-is-layout-flex\">\n<div class=\"wp-block-column is-layout-flow wp-block-column-is-layout-flow\"><div class=\"nvlb-faq\">\n  <h2>FAQ<\/h2>\n  <div class=\"faq-items\">\n            <div class=\"faq-item\">\n      <div class=\"item-question\">Frais denvoi<span class=\"chevron\"><svg clip-rule=\"evenodd\" fill-rule=\"evenodd\" stroke-linejoin=\"round\" stroke-miterlimit=\"2\" viewBox=\"0 0 60 60\" xmlns=\"http:\/\/www.w3.org\/2000\/svg\"><path d=\"m0-.027-14.913-14.913-2.036 2.034 12.871 12.869-12.871 12.916 2.036 2.034 14.913-14.913-.013-.014z\" fill=\"#221e1f\" fill-rule=\"nonzero\" transform=\"matrix(2.00985 0 0 2.00985 47.0325 30.0271)\"\/><\/svg><\/span><\/div>\n      <div class=\"item-answer\">Les frais d'envoi sont d\u00e9j\u00e0 inclus dans ta commande configur\u00e9e. Pour les accessoires et les pi\u00e8ces de rechange, les frais de base s'\u00e9l\u00e8vent \u00e0 CHF 9.90.<\/div>\n    <\/div>\n            <div class=\"faq-item\">\n      <div class=\"item-question\">D\u00e9lais de livraison<span class=\"chevron\"><svg clip-rule=\"evenodd\" fill-rule=\"evenodd\" stroke-linejoin=\"round\" stroke-miterlimit=\"2\" viewBox=\"0 0 60 60\" xmlns=\"http:\/\/www.w3.org\/2000\/svg\"><path d=\"m0-.027-14.913-14.913-2.036 2.034 12.871 12.869-12.871 12.916 2.036 2.034 14.913-14.913-.013-.014z\" fill=\"#221e1f\" fill-rule=\"nonzero\" transform=\"matrix(2.00985 0 0 2.00985 47.0325 30.0271)\"\/><\/svg><\/span><\/div>\n      <div class=\"item-answer\">Jusqu'\u00e0 49 gourdes : exclusivement impression num\u00e9rique, d\u00e9lai de livraison 3 \u00e0 5 jours ouvrables.\r\nB2B (d\u00e8s 50 gourdes) : s\u00e9rigraphie, impression num\u00e9rique ou gravure laser. D\u00e9lai de livraison env. 3 \u00e0 4 semaines (plus long dans certains cas particuliers).<\/div>\n    <\/div>\n            <div class=\"faq-item\">\n      <div class=\"item-question\">Moyens de paiement<span class=\"chevron\"><svg clip-rule=\"evenodd\" fill-rule=\"evenodd\" stroke-linejoin=\"round\" stroke-miterlimit=\"2\" viewBox=\"0 0 60 60\" xmlns=\"http:\/\/www.w3.org\/2000\/svg\"><path d=\"m0-.027-14.913-14.913-2.036 2.034 12.871 12.869-12.871 12.916 2.036 2.034 14.913-14.913-.013-.014z\" fill=\"#221e1f\" fill-rule=\"nonzero\" transform=\"matrix(2.00985 0 0 2.00985 47.0325 30.0271)\"\/><\/svg><\/span><\/div>\n      <div class=\"item-answer\">Achat sur facture, carte de cr\u00e9dit (Visa &amp; Mastercard), PayPal, Twint et PostFinance.<\/div>\n    <\/div>\n            <div class=\"faq-item\">\n      <div class=\"item-question\">Retours et \u00e9changes<span class=\"chevron\"><svg clip-rule=\"evenodd\" fill-rule=\"evenodd\" stroke-linejoin=\"round\" stroke-miterlimit=\"2\" viewBox=\"0 0 60 60\" xmlns=\"http:\/\/www.w3.org\/2000\/svg\"><path d=\"m0-.027-14.913-14.913-2.036 2.034 12.871 12.869-12.871 12.916 2.036 2.034 14.913-14.913-.013-.014z\" fill=\"#221e1f\" fill-rule=\"nonzero\" transform=\"matrix(2.00985 0 0 2.00985 47.0325 30.0271)\"\/><\/svg><\/span><\/div>\n      <div class=\"item-answer\">Comme les gourdes sont produites individuellement pour toi, tout \u00e9change est en principe exclu. Note que l'affichage sur les images ainsi que dans le configurateur peut pr\u00e9senter de l\u00e9g\u00e8res diff\u00e9rences par rapport au produit final. Un retour ou un remplacement n'est possible qu'en cas de d\u00e9faut de production ou de mat\u00e9riau. Dans ce cas, contacte-nous imm\u00e9diatement.<\/div>\n    <\/div>\n            <div class=\"faq-item\">\n      <div class=\"item-question\">Dans quels pays livrez-vous ?<span class=\"chevron\"><svg clip-rule=\"evenodd\" fill-rule=\"evenodd\" stroke-linejoin=\"round\" stroke-miterlimit=\"2\" viewBox=\"0 0 60 60\" xmlns=\"http:\/\/www.w3.org\/2000\/svg\"><path d=\"m0-.027-14.913-14.913-2.036 2.034 12.871 12.869-12.871 12.916 2.036 2.034 14.913-14.913-.013-.014z\" fill=\"#221e1f\" fill-rule=\"nonzero\" transform=\"matrix(2.00985 0 0 2.00985 47.0325 30.0271)\"\/><\/svg><\/span><\/div>\n      <div class=\"item-answer\">Nous livrons exclusivement en Suisse et au Liechtenstein. Tous les prix s'entendent TVA incluse, ainsi que frais d'envoi et d'emballage compris.<\/div>\n    <\/div>\n            <div class=\"faq-item\">\n      <div class=\"item-question\">Qu est-ce que le B2B ?<span class=\"chevron\"><svg clip-rule=\"evenodd\" fill-rule=\"evenodd\" stroke-linejoin=\"round\" stroke-miterlimit=\"2\" viewBox=\"0 0 60 60\" xmlns=\"http:\/\/www.w3.org\/2000\/svg\"><path d=\"m0-.027-14.913-14.913-2.036 2.034 12.871 12.869-12.871 12.916 2.036 2.034 14.913-14.913-.013-.014z\" fill=\"#221e1f\" fill-rule=\"nonzero\" transform=\"matrix(2.00985 0 0 2.00985 47.0325 30.0271)\"\/><\/svg><\/span><\/div>\n      <div class=\"item-answer\">Nous proposons le B2B (abr\u00e9viation de Business to Business) \u00e0 partir de 50 gourdes. Nous \u00e9tablissons une offre individuelle incluant un service de cr\u00e9ation. Les proc\u00e9d\u00e9s d'impression utilis\u00e9s sont la s\u00e9rigraphie, l'impression num\u00e9rique ou la gravure laser. D\u00e9lai de livraison env. 3 \u00e0 4 semaines (plus long dans certains cas particuliers).\r\nPour les commandes B2B, nous avons besoin de votre logo sous forme de fichier vectoris\u00e9 (EPS ou AI) ainsi que des codes couleurs sp\u00e9cifiques de votre graphisme, si disponibles (Pantone \/ CMYK). Vous trouverez notre offre B2B sous la rubrique \u00ab <a href=\"https:\/\/www.mycamelbak.ch\/fr\/organisations\/\">B2B<\/a> \u00bb. Pour plus d'informations, veuillez contacter notre service client \u00e0 l'adresse <a href=\"https:\/\/www.mycamelbak.ch\/fr\/contact\/\">custom@intercycle.com<\/a>.<\/div>\n    <\/div>\n            <div class=\"faq-item\">\n      <div class=\"item-question\">Limpression est-elle durable ?<span class=\"chevron\"><svg clip-rule=\"evenodd\" fill-rule=\"evenodd\" stroke-linejoin=\"round\" stroke-miterlimit=\"2\" viewBox=\"0 0 60 60\" xmlns=\"http:\/\/www.w3.org\/2000\/svg\"><path d=\"m0-.027-14.913-14.913-2.036 2.034 12.871 12.869-12.871 12.916 2.036 2.034 14.913-14.913-.013-.014z\" fill=\"#221e1f\" fill-rule=\"nonzero\" transform=\"matrix(2.00985 0 0 2.00985 47.0325 30.0271)\"\/><\/svg><\/span><\/div>\n      <div class=\"item-answer\">L\u2019usage quotidien peut entra\u00eener une usure normale. Nos impressions sont de haute qualit\u00e9, durables et ont \u00e9t\u00e9 test\u00e9es de mani\u00e8re approfondie.<\/div>\n    <\/div>\n            <div class=\"faq-item\">\n      <div class=\"item-question\">Peut-on se procurer des accessoires et des pi\u00e8ces de rechange?<span class=\"chevron\"><svg clip-rule=\"evenodd\" fill-rule=\"evenodd\" stroke-linejoin=\"round\" stroke-miterlimit=\"2\" viewBox=\"0 0 60 60\" xmlns=\"http:\/\/www.w3.org\/2000\/svg\"><path d=\"m0-.027-14.913-14.913-2.036 2.034 12.871 12.869-12.871 12.916 2.036 2.034 14.913-14.913-.013-.014z\" fill=\"#221e1f\" fill-rule=\"nonzero\" transform=\"matrix(2.00985 0 0 2.00985 47.0325 30.0271)\"\/><\/svg><\/span><\/div>\n      <div class=\"item-answer\">Nous recommandons de se procurer les accessoires et les pi\u00e8ces de rechange dans le commerce. Si tu es n\u00e9anmoins int\u00e9ress\u00e9(e), n'h\u00e9site pas \u00e0 contacter notre service client \u00e0 l'adresse <a href=\"https:\/\/www.mycamelbak.ch\/fr\/contact\/\">custom@intercycle.com<\/a>. Des frais d'envoi de CHF 9.90 par colis s'appliquent.<\/div>\n    <\/div>\n            <div class=\"faq-item\">\n      <div class=\"item-question\">Peut-on commander des gourdes sans impression ?<span class=\"chevron\"><svg clip-rule=\"evenodd\" fill-rule=\"evenodd\" stroke-linejoin=\"round\" stroke-miterlimit=\"2\" viewBox=\"0 0 60 60\" xmlns=\"http:\/\/www.w3.org\/2000\/svg\"><path d=\"m0-.027-14.913-14.913-2.036 2.034 12.871 12.869-12.871 12.916 2.036 2.034 14.913-14.913-.013-.014z\" fill=\"#221e1f\" fill-rule=\"nonzero\" transform=\"matrix(2.00985 0 0 2.00985 47.0325 30.0271)\"\/><\/svg><\/span><\/div>\n      <div class=\"item-answer\">Nous recommandons de se procurer les produits sans impression directement dans le commerce ou aupr\u00e8s de nos partenaires. Si tu es n\u00e9anmoins int\u00e9ress\u00e9(e), n'h\u00e9site pas \u00e0 contacter notre service client \u00e0 l'adresse <a href=\"https:\/\/www.mycamelbak.ch\/fr\/contact\/\">custom@intercycle.com<\/a>.<\/div>\n    <\/div>\n            <div class=\"faq-item\">\n      <div class=\"item-question\">Jai besoin daide pour la cr\u00e9ation<span class=\"chevron\"><svg clip-rule=\"evenodd\" fill-rule=\"evenodd\" stroke-linejoin=\"round\" stroke-miterlimit=\"2\" viewBox=\"0 0 60 60\" xmlns=\"http:\/\/www.w3.org\/2000\/svg\"><path d=\"m0-.027-14.913-14.913-2.036 2.034 12.871 12.869-12.871 12.916 2.036 2.034 14.913-14.913-.013-.014z\" fill=\"#221e1f\" fill-rule=\"nonzero\" transform=\"matrix(2.00985 0 0 2.00985 47.0325 30.0271)\"\/><\/svg><\/span><\/div>\n      <div class=\"item-answer\">Nous t'aiderons volontiers, que ce soit pour des probl\u00e8mes techniques ou pour le design de ta gourde. Contacte-nous \u00e0 l'adresse custom@intercycle.com.<\/div>\n    <\/div>\n      <\/div>\n<\/div>\n\n<\/div>\n<\/div>\n","protected":false},"excerpt":{"rendered":"","protected":false},"author":2,"featured_media":0,"parent":0,"menu_order":6,"comment_status":"closed","ping_status":"closed","template":"","meta":{"_mi_skip_tracking":false,"_monsterinsights_sitenote_active":false,"_monsterinsights_sitenote_note":"","_monsterinsights_sitenote_category":0,"footnotes":""},"yoast_head":"<!-- This site is optimized with the Yoast SEO plugin v21.5 - https:\/\/yoast.com\/wordpress\/plugins\/seo\/ -->\n<title>Bouteilles d&#039;eau CamelBak - Foire aux questions<\/title>\n<meta name=\"description\" content=\"Vous trouverez ici toutes les informations utiles sur nos bouteilles d&#039;eau CamelBak. Si vous avez d&#039;autres questions, n&#039;h\u00e9sitez pas \u00e0 nous contacter.\" \/>\n<meta name=\"robots\" content=\"index, follow, max-snippet:-1, max-image-preview:large, max-video-preview:-1\" \/>\n<link rel=\"canonical\" href=\"https:\/\/www.mycamelbak.ch\/fr\/faq\/\" \/>\n<meta property=\"og:locale\" content=\"fr_FR\" \/>\n<meta property=\"og:type\" content=\"article\" \/>\n<meta property=\"og:title\" content=\"Bouteilles d&#039;eau CamelBak - Foire aux questions\" \/>\n<meta property=\"og:description\" content=\"Vous trouverez ici toutes les informations utiles sur nos bouteilles d&#039;eau CamelBak. Si vous avez d&#039;autres questions, n&#039;h\u00e9sitez pas \u00e0 nous contacter.\" \/>\n<meta property=\"og:url\" content=\"https:\/\/www.mycamelbak.ch\/fr\/faq\/\" \/>\n<meta property=\"og:site_name\" content=\"MyCamelBak\" \/>\n<meta property=\"article:publisher\" content=\"https:\/\/www.facebook.com\/CamelBak-CH-105592114526163\/\" \/>\n<meta property=\"article:modified_time\" content=\"2026-03-13T16:10:37+00:00\" \/>\n<meta name=\"twitter:card\" content=\"summary_large_image\" \/>\n<meta name=\"twitter:label1\" content=\"Dur\u00e9e de lecture estim\u00e9e\" \/>\n\t<meta name=\"twitter:data1\" content=\"1 minute\" \/>\n<script type=\"application\/ld+json\" class=\"yoast-schema-graph\">{\"@context\":\"https:\/\/schema.org\",\"@graph\":[{\"@type\":\"WebPage\",\"@id\":\"https:\/\/www.mycamelbak.ch\/fr\/faq\/\",\"url\":\"https:\/\/www.mycamelbak.ch\/fr\/faq\/\",\"name\":\"Bouteilles d'eau CamelBak - Foire aux questions\",\"isPartOf\":{\"@id\":\"https:\/\/www.mycamelbak.ch\/fr\/#website\"},\"datePublished\":\"2026-03-13T12:58:23+00:00\",\"dateModified\":\"2026-03-13T16:10:37+00:00\",\"description\":\"Vous trouverez ici toutes les informations utiles sur nos bouteilles d'eau CamelBak. Si vous avez d'autres questions, n'h\u00e9sitez pas \u00e0 nous contacter.\",\"breadcrumb\":{\"@id\":\"https:\/\/www.mycamelbak.ch\/fr\/faq\/#breadcrumb\"},\"inLanguage\":\"fr-FR\",\"potentialAction\":[{\"@type\":\"ReadAction\",\"target\":[\"https:\/\/www.mycamelbak.ch\/fr\/faq\/\"]}]},{\"@type\":\"BreadcrumbList\",\"@id\":\"https:\/\/www.mycamelbak.ch\/fr\/faq\/#breadcrumb\",\"itemListElement\":[{\"@type\":\"ListItem\",\"position\":1,\"name\":\"Home\",\"item\":\"https:\/\/www.mycamelbak.ch\/fr\/\"},{\"@type\":\"ListItem\",\"position\":2,\"name\":\"FAQ\"}]},{\"@type\":\"WebSite\",\"@id\":\"https:\/\/www.mycamelbak.ch\/fr\/#website\",\"url\":\"https:\/\/www.mycamelbak.ch\/fr\/\",\"name\":\"MyCamelBak\",\"description\":\"\",\"publisher\":{\"@id\":\"https:\/\/www.mycamelbak.ch\/fr\/#organization\"},\"potentialAction\":[{\"@type\":\"SearchAction\",\"target\":{\"@type\":\"EntryPoint\",\"urlTemplate\":\"https:\/\/www.mycamelbak.ch\/fr\/?s={search_term_string}\"},\"query-input\":\"required name=search_term_string\"}],\"inLanguage\":\"fr-FR\"},{\"@type\":\"Organization\",\"@id\":\"https:\/\/www.mycamelbak.ch\/fr\/#organization\",\"name\":\"Vetrieb CamelBak Schweiz\",\"url\":\"https:\/\/www.mycamelbak.ch\/fr\/\",\"logo\":{\"@type\":\"ImageObject\",\"inLanguage\":\"fr-FR\",\"@id\":\"https:\/\/www.mycamelbak.ch\/fr\/#\/schema\/logo\/image\/\",\"url\":\"https:\/\/www.mycamelbak.ch\/wp-content\/uploads\/2020\/06\/logo.svg\",\"contentUrl\":\"https:\/\/www.mycamelbak.ch\/wp-content\/uploads\/2020\/06\/logo.svg\",\"width\":300,\"height\":82,\"caption\":\"Vetrieb CamelBak Schweiz\"},\"image\":{\"@id\":\"https:\/\/www.mycamelbak.ch\/fr\/#\/schema\/logo\/image\/\"},\"sameAs\":[\"https:\/\/www.facebook.com\/CamelBak-CH-105592114526163\/\",\"https:\/\/www.instagram.com\/camelbakch\/\",\"https:\/\/www.linkedin.com\/company\/camelbak-ch\/\"]}]}<\/script>\n<!-- \/ Yoast SEO plugin. -->","yoast_head_json":{"title":"Bouteilles d'eau CamelBak - Foire aux questions","description":"Vous trouverez ici toutes les informations utiles sur nos bouteilles d'eau CamelBak. Si vous avez d'autres questions, n'h\u00e9sitez pas \u00e0 nous contacter.","robots":{"index":"index","follow":"follow","max-snippet":"max-snippet:-1","max-image-preview":"max-image-preview:large","max-video-preview":"max-video-preview:-1"},"canonical":"https:\/\/www.mycamelbak.ch\/fr\/faq\/","og_locale":"fr_FR","og_type":"article","og_title":"Bouteilles d'eau CamelBak - Foire aux questions","og_description":"Vous trouverez ici toutes les informations utiles sur nos bouteilles d'eau CamelBak. Si vous avez d'autres questions, n'h\u00e9sitez pas \u00e0 nous contacter.","og_url":"https:\/\/www.mycamelbak.ch\/fr\/faq\/","og_site_name":"MyCamelBak","article_publisher":"https:\/\/www.facebook.com\/CamelBak-CH-105592114526163\/","article_modified_time":"2026-03-13T16:10:37+00:00","twitter_card":"summary_large_image","twitter_misc":{"Dur\u00e9e de lecture estim\u00e9e":"1 minute"},"schema":{"@context":"https:\/\/schema.org","@graph":[{"@type":"WebPage","@id":"https:\/\/www.mycamelbak.ch\/fr\/faq\/","url":"https:\/\/www.mycamelbak.ch\/fr\/faq\/","name":"Bouteilles d'eau CamelBak - Foire aux questions","isPartOf":{"@id":"https:\/\/www.mycamelbak.ch\/fr\/#website"},"datePublished":"2026-03-13T12:58:23+00:00","dateModified":"2026-03-13T16:10:37+00:00","description":"Vous trouverez ici toutes les informations utiles sur nos bouteilles d'eau CamelBak. Si vous avez d'autres questions, n'h\u00e9sitez pas \u00e0 nous contacter.","breadcrumb":{"@id":"https:\/\/www.mycamelbak.ch\/fr\/faq\/#breadcrumb"},"inLanguage":"fr-FR","potentialAction":[{"@type":"ReadAction","target":["https:\/\/www.mycamelbak.ch\/fr\/faq\/"]}]},{"@type":"BreadcrumbList","@id":"https:\/\/www.mycamelbak.ch\/fr\/faq\/#breadcrumb","itemListElement":[{"@type":"ListItem","position":1,"name":"Home","item":"https:\/\/www.mycamelbak.ch\/fr\/"},{"@type":"ListItem","position":2,"name":"FAQ"}]},{"@type":"WebSite","@id":"https:\/\/www.mycamelbak.ch\/fr\/#website","url":"https:\/\/www.mycamelbak.ch\/fr\/","name":"MyCamelBak","description":"","publisher":{"@id":"https:\/\/www.mycamelbak.ch\/fr\/#organization"},"potentialAction":[{"@type":"SearchAction","target":{"@type":"EntryPoint","urlTemplate":"https:\/\/www.mycamelbak.ch\/fr\/?s={search_term_string}"},"query-input":"required name=search_term_string"}],"inLanguage":"fr-FR"},{"@type":"Organization","@id":"https:\/\/www.mycamelbak.ch\/fr\/#organization","name":"Vetrieb CamelBak Schweiz","url":"https:\/\/www.mycamelbak.ch\/fr\/","logo":{"@type":"ImageObject","inLanguage":"fr-FR","@id":"https:\/\/www.mycamelbak.ch\/fr\/#\/schema\/logo\/image\/","url":"https:\/\/www.mycamelbak.ch\/wp-content\/uploads\/2020\/06\/logo.svg","contentUrl":"https:\/\/www.mycamelbak.ch\/wp-content\/uploads\/2020\/06\/logo.svg","width":300,"height":82,"caption":"Vetrieb CamelBak Schweiz"},"image":{"@id":"https:\/\/www.mycamelbak.ch\/fr\/#\/schema\/logo\/image\/"},"sameAs":["https:\/\/www.facebook.com\/CamelBak-CH-105592114526163\/","https:\/\/www.instagram.com\/camelbakch\/","https:\/\/www.linkedin.com\/company\/camelbak-ch\/"]}]}},"_links":{"self":[{"href":"https:\/\/www.mycamelbak.ch\/fr\/wp-json\/wp\/v2\/pages\/27348"}],"collection":[{"href":"https:\/\/www.mycamelbak.ch\/fr\/wp-json\/wp\/v2\/pages"}],"about":[{"href":"https:\/\/www.mycamelbak.ch\/fr\/wp-json\/wp\/v2\/types\/page"}],"author":[{"embeddable":true,"href":"https:\/\/www.mycamelbak.ch\/fr\/wp-json\/wp\/v2\/users\/2"}],"replies":[{"embeddable":true,"href":"https:\/\/www.mycamelbak.ch\/fr\/wp-json\/wp\/v2\/comments?post=27348"}],"version-history":[{"count":4,"href":"https:\/\/www.mycamelbak.ch\/fr\/wp-json\/wp\/v2\/pages\/27348\/revisions"}],"predecessor-version":[{"id":27488,"href":"https:\/\/www.mycamelbak.ch\/fr\/wp-json\/wp\/v2\/pages\/27348\/revisions\/27488"}],"wp:attachment":[{"href":"https:\/\/www.mycamelbak.ch\/fr\/wp-json\/wp\/v2\/media?parent=27348"}],"curies":[{"name":"wp","href":"https:\/\/api.w.org\/{rel}","templated":true}]}}