{"id":1017,"date":"2020-06-22T23:27:50","date_gmt":"2020-06-22T21:27:51","guid":{"rendered":"https:\/\/www.mycamelbak.ch\/?post_type=product&#038;p=1017"},"modified":"2020-07-13T14:26:59","modified_gmt":"2020-07-13T12:26:59","slug":"camelbak-eddy-bottle-0-75l-impression-numerique-multicolore","status":"publish","type":"product","link":"https:\/\/www.mycamelbak.ch\/fr\/bouteille\/camelbak-eddy-bottle-0-75l-impression-numerique-multicolore\/","title":{"rendered":"CamelBak Eddy+ Bottle 0.75l impression num\u00e9rique multicolore"},"content":{"rendered":"","protected":false},"excerpt":{"rendered":"<p>Votre bouteille d&#8217;eau de tous les jours vient de s&#8217;am\u00e9liorer. Eddy\u00ae+ offre 25 % de d\u00e9bit en plus et est dot\u00e9e d&#8217;un bouchon universel \u00e9tanche et anti-d\u00e9bordement.<\/p>\n<ul>\n<li>25% de d\u00e9bit en plus par gorg\u00e9e : Ouvrez la valve de morsure et buvez<\/li>\n<li>\u00c9tanch\u00e9it\u00e9 \u00e0 la fermeture, \u00e9tanch\u00e9it\u00e9 \u00e0 l&#8217;ouverture<\/li>\n<li>Poign\u00e9e de transport facil<\/li>\n<li>Capsule Universelle : Compatible avec les r\u00e9cipients Chute\u00ae Mag et Hot Cap<\/li>\n<li>Facile \u00e0 nettoyer : Le bouchon et la cuve passent au lave-vaisselle<\/li>\n<\/ul>\n","protected":false},"featured_media":485,"comment_status":"closed","ping_status":"closed","template":"","meta":{"_mi_skip_tracking":false,"_monsterinsights_sitenote_active":false,"_monsterinsights_sitenote_note":"","_monsterinsights_sitenote_category":0},"product_cat":[48],"product_tag":[],"tiered_pricing_type":"fixed","tiered_pricing_fixed_rules":{"50":"25.75","100":"24.15","200":"23.45","300":"23.00","500":"22.30"},"yoast_head":"<!-- This site is optimized with the Yoast SEO plugin v21.5 - https:\/\/yoast.com\/wordpress\/plugins\/seo\/ -->\n<title>CamelBak Eddy+ Bottle 0.75l impression num\u00e9rique multicolore - MyCamelBak<\/title>\n<meta name=\"robots\" content=\"index, follow, max-snippet:-1, max-image-preview:large, max-video-preview:-1\" \/>\n<link rel=\"canonical\" href=\"https:\/\/www.mycamelbak.ch\/fr\/bouteille\/camelbak-eddy-bottle-0-75l-impression-numerique-multicolore\/\" \/>\n<meta property=\"og:locale\" content=\"fr_FR\" \/>\n<meta property=\"og:type\" content=\"article\" \/>\n<meta property=\"og:title\" content=\"CamelBak Eddy+ Bottle 0.75l impression num\u00e9rique multicolore - MyCamelBak\" \/>\n<meta property=\"og:description\" content=\"Votre bouteille d&#039;eau de tous les jours vient de s&#039;am\u00e9liorer. Eddy\u00ae+ offre 25 % de d\u00e9bit en plus et est dot\u00e9e d&#039;un bouchon universel \u00e9tanche et anti-d\u00e9bordement.   25% de d\u00e9bit en plus par gorg\u00e9e : Ouvrez la valve de morsure et buvez  \u00c9tanch\u00e9it\u00e9 \u00e0 la fermeture, \u00e9tanch\u00e9it\u00e9 \u00e0 l&#039;ouverture  Poign\u00e9e de transport facil  Capsule Universelle : Compatible avec les r\u00e9cipients Chute\u00ae Mag et Hot Cap  Facile \u00e0 nettoyer : Le bouchon et la cuve passent au lave-vaisselle\" \/>\n<meta property=\"og:url\" content=\"https:\/\/www.mycamelbak.ch\/fr\/bouteille\/camelbak-eddy-bottle-0-75l-impression-numerique-multicolore\/\" \/>\n<meta property=\"og:site_name\" content=\"MyCamelBak\" \/>\n<meta property=\"article:publisher\" content=\"https:\/\/www.facebook.com\/CamelBak-CH-105592114526163\/\" \/>\n<meta property=\"article:modified_time\" content=\"2020-07-13T12:26:59+00:00\" \/>\n<meta property=\"og:image\" content=\"https:\/\/www.mycamelbak.ch\/wp-content\/uploads\/2020\/06\/CamelBak_Eddy_Bottle_0.75l_true_blue.jpg\" \/>\n\t<meta property=\"og:image:width\" content=\"1080\" \/>\n\t<meta property=\"og:image:height\" content=\"1080\" \/>\n\t<meta property=\"og:image:type\" content=\"image\/jpeg\" \/>\n<meta name=\"twitter:card\" content=\"summary_large_image\" \/>\n<script type=\"application\/ld+json\" class=\"yoast-schema-graph\">{\"@context\":\"https:\/\/schema.org\",\"@graph\":[{\"@type\":\"WebPage\",\"@id\":\"https:\/\/www.mycamelbak.ch\/fr\/bouteille\/camelbak-eddy-bottle-0-75l-impression-numerique-multicolore\/\",\"url\":\"https:\/\/www.mycamelbak.ch\/fr\/bouteille\/camelbak-eddy-bottle-0-75l-impression-numerique-multicolore\/\",\"name\":\"CamelBak Eddy+ Bottle 0.75l impression num\u00e9rique multicolore - MyCamelBak\",\"isPartOf\":{\"@id\":\"https:\/\/www.mycamelbak.ch\/fr\/#website\"},\"datePublished\":\"2020-06-22T21:27:51+00:00\",\"dateModified\":\"2020-07-13T12:26:59+00:00\",\"breadcrumb\":{\"@id\":\"https:\/\/www.mycamelbak.ch\/fr\/bouteille\/camelbak-eddy-bottle-0-75l-impression-numerique-multicolore\/#breadcrumb\"},\"inLanguage\":\"fr-FR\",\"potentialAction\":[{\"@type\":\"ReadAction\",\"target\":[\"https:\/\/www.mycamelbak.ch\/fr\/bouteille\/camelbak-eddy-bottle-0-75l-impression-numerique-multicolore\/\"]}]},{\"@type\":\"BreadcrumbList\",\"@id\":\"https:\/\/www.mycamelbak.ch\/fr\/bouteille\/camelbak-eddy-bottle-0-75l-impression-numerique-multicolore\/#breadcrumb\",\"itemListElement\":[{\"@type\":\"ListItem\",\"position\":1,\"name\":\"Home\",\"item\":\"https:\/\/www.mycamelbak.ch\/fr\/\"},{\"@type\":\"ListItem\",\"position\":2,\"name\":\"Boutique\",\"item\":\"https:\/\/www.mycamelbak.ch\/fr\/boutique\/\"},{\"@type\":\"ListItem\",\"position\":3,\"name\":\"CamelBak Eddy+ Bottle 0.75l impression num\u00e9rique multicolore\"}]},{\"@type\":\"WebSite\",\"@id\":\"https:\/\/www.mycamelbak.ch\/fr\/#website\",\"url\":\"https:\/\/www.mycamelbak.ch\/fr\/\",\"name\":\"MyCamelBak\",\"description\":\"\",\"publisher\":{\"@id\":\"https:\/\/www.mycamelbak.ch\/fr\/#organization\"},\"potentialAction\":[{\"@type\":\"SearchAction\",\"target\":{\"@type\":\"EntryPoint\",\"urlTemplate\":\"https:\/\/www.mycamelbak.ch\/fr\/?s={search_term_string}\"},\"query-input\":\"required name=search_term_string\"}],\"inLanguage\":\"fr-FR\"},{\"@type\":\"Organization\",\"@id\":\"https:\/\/www.mycamelbak.ch\/fr\/#organization\",\"name\":\"Vetrieb CamelBak Schweiz\",\"url\":\"https:\/\/www.mycamelbak.ch\/fr\/\",\"logo\":{\"@type\":\"ImageObject\",\"inLanguage\":\"fr-FR\",\"@id\":\"https:\/\/www.mycamelbak.ch\/fr\/#\/schema\/logo\/image\/\",\"url\":\"https:\/\/www.mycamelbak.ch\/wp-content\/uploads\/2020\/06\/logo.svg\",\"contentUrl\":\"https:\/\/www.mycamelbak.ch\/wp-content\/uploads\/2020\/06\/logo.svg\",\"width\":300,\"height\":82,\"caption\":\"Vetrieb CamelBak Schweiz\"},\"image\":{\"@id\":\"https:\/\/www.mycamelbak.ch\/fr\/#\/schema\/logo\/image\/\"},\"sameAs\":[\"https:\/\/www.facebook.com\/CamelBak-CH-105592114526163\/\",\"https:\/\/www.instagram.com\/camelbakch\/\",\"https:\/\/www.linkedin.com\/company\/camelbak-ch\/\"]}]}<\/script>\n<!-- \/ Yoast SEO plugin. -->","yoast_head_json":{"title":"CamelBak Eddy+ Bottle 0.75l impression num\u00e9rique multicolore - MyCamelBak","robots":{"index":"index","follow":"follow","max-snippet":"max-snippet:-1","max-image-preview":"max-image-preview:large","max-video-preview":"max-video-preview:-1"},"canonical":"https:\/\/www.mycamelbak.ch\/fr\/bouteille\/camelbak-eddy-bottle-0-75l-impression-numerique-multicolore\/","og_locale":"fr_FR","og_type":"article","og_title":"CamelBak Eddy+ Bottle 0.75l impression num\u00e9rique multicolore - MyCamelBak","og_description":"Votre bouteille d'eau de tous les jours vient de s'am\u00e9liorer. Eddy\u00ae+ offre 25 % de d\u00e9bit en plus et est dot\u00e9e d'un bouchon universel \u00e9tanche et anti-d\u00e9bordement.   25% de d\u00e9bit en plus par gorg\u00e9e : Ouvrez la valve de morsure et buvez  \u00c9tanch\u00e9it\u00e9 \u00e0 la fermeture, \u00e9tanch\u00e9it\u00e9 \u00e0 l'ouverture  Poign\u00e9e de transport facil  Capsule Universelle : Compatible avec les r\u00e9cipients Chute\u00ae Mag et Hot Cap  Facile \u00e0 nettoyer : Le bouchon et la cuve passent au lave-vaisselle","og_url":"https:\/\/www.mycamelbak.ch\/fr\/bouteille\/camelbak-eddy-bottle-0-75l-impression-numerique-multicolore\/","og_site_name":"MyCamelBak","article_publisher":"https:\/\/www.facebook.com\/CamelBak-CH-105592114526163\/","article_modified_time":"2020-07-13T12:26:59+00:00","og_image":[{"width":1080,"height":1080,"url":"https:\/\/www.mycamelbak.ch\/wp-content\/uploads\/2020\/06\/CamelBak_Eddy_Bottle_0.75l_true_blue.jpg","type":"image\/jpeg"}],"twitter_card":"summary_large_image","schema":{"@context":"https:\/\/schema.org","@graph":[{"@type":"WebPage","@id":"https:\/\/www.mycamelbak.ch\/fr\/bouteille\/camelbak-eddy-bottle-0-75l-impression-numerique-multicolore\/","url":"https:\/\/www.mycamelbak.ch\/fr\/bouteille\/camelbak-eddy-bottle-0-75l-impression-numerique-multicolore\/","name":"CamelBak Eddy+ Bottle 0.75l impression num\u00e9rique multicolore - MyCamelBak","isPartOf":{"@id":"https:\/\/www.mycamelbak.ch\/fr\/#website"},"datePublished":"2020-06-22T21:27:51+00:00","dateModified":"2020-07-13T12:26:59+00:00","breadcrumb":{"@id":"https:\/\/www.mycamelbak.ch\/fr\/bouteille\/camelbak-eddy-bottle-0-75l-impression-numerique-multicolore\/#breadcrumb"},"inLanguage":"fr-FR","potentialAction":[{"@type":"ReadAction","target":["https:\/\/www.mycamelbak.ch\/fr\/bouteille\/camelbak-eddy-bottle-0-75l-impression-numerique-multicolore\/"]}]},{"@type":"BreadcrumbList","@id":"https:\/\/www.mycamelbak.ch\/fr\/bouteille\/camelbak-eddy-bottle-0-75l-impression-numerique-multicolore\/#breadcrumb","itemListElement":[{"@type":"ListItem","position":1,"name":"Home","item":"https:\/\/www.mycamelbak.ch\/fr\/"},{"@type":"ListItem","position":2,"name":"Boutique","item":"https:\/\/www.mycamelbak.ch\/fr\/boutique\/"},{"@type":"ListItem","position":3,"name":"CamelBak Eddy+ Bottle 0.75l impression num\u00e9rique multicolore"}]},{"@type":"WebSite","@id":"https:\/\/www.mycamelbak.ch\/fr\/#website","url":"https:\/\/www.mycamelbak.ch\/fr\/","name":"MyCamelBak","description":"","publisher":{"@id":"https:\/\/www.mycamelbak.ch\/fr\/#organization"},"potentialAction":[{"@type":"SearchAction","target":{"@type":"EntryPoint","urlTemplate":"https:\/\/www.mycamelbak.ch\/fr\/?s={search_term_string}"},"query-input":"required name=search_term_string"}],"inLanguage":"fr-FR"},{"@type":"Organization","@id":"https:\/\/www.mycamelbak.ch\/fr\/#organization","name":"Vetrieb CamelBak Schweiz","url":"https:\/\/www.mycamelbak.ch\/fr\/","logo":{"@type":"ImageObject","inLanguage":"fr-FR","@id":"https:\/\/www.mycamelbak.ch\/fr\/#\/schema\/logo\/image\/","url":"https:\/\/www.mycamelbak.ch\/wp-content\/uploads\/2020\/06\/logo.svg","contentUrl":"https:\/\/www.mycamelbak.ch\/wp-content\/uploads\/2020\/06\/logo.svg","width":300,"height":82,"caption":"Vetrieb CamelBak Schweiz"},"image":{"@id":"https:\/\/www.mycamelbak.ch\/fr\/#\/schema\/logo\/image\/"},"sameAs":["https:\/\/www.facebook.com\/CamelBak-CH-105592114526163\/","https:\/\/www.instagram.com\/camelbakch\/","https:\/\/www.linkedin.com\/company\/camelbak-ch\/"]}]}},"_links":{"self":[{"href":"https:\/\/www.mycamelbak.ch\/fr\/wp-json\/wp\/v2\/product\/1017"}],"collection":[{"href":"https:\/\/www.mycamelbak.ch\/fr\/wp-json\/wp\/v2\/product"}],"about":[{"href":"https:\/\/www.mycamelbak.ch\/fr\/wp-json\/wp\/v2\/types\/product"}],"replies":[{"embeddable":true,"href":"https:\/\/www.mycamelbak.ch\/fr\/wp-json\/wp\/v2\/comments?post=1017"}],"wp:featuredmedia":[{"embeddable":true,"href":"https:\/\/www.mycamelbak.ch\/fr\/wp-json\/wp\/v2\/media\/485"}],"wp:attachment":[{"href":"https:\/\/www.mycamelbak.ch\/fr\/wp-json\/wp\/v2\/media?parent=1017"}],"wp:term":[{"taxonomy":"product_cat","embeddable":true,"href":"https:\/\/www.mycamelbak.ch\/fr\/wp-json\/wp\/v2\/product_cat?post=1017"},{"taxonomy":"product_tag","embeddable":true,"href":"https:\/\/www.mycamelbak.ch\/fr\/wp-json\/wp\/v2\/product_tag?post=1017"}],"curies":[{"name":"wp","href":"https:\/\/api.w.org\/{rel}","templated":true}]}}