{"id":1029,"date":"2020-06-22T23:52:04","date_gmt":"2020-06-22T21:52:05","guid":{"rendered":"https:\/\/www.mycamelbak.ch\/?post_type=product&#038;p=1029"},"modified":"2020-07-13T14:42:27","modified_gmt":"2020-07-13T12:42:27","slug":"camelbak-chute-mag-bottle-0-6l-impression-numerique-multicolore","status":"publish","type":"product","link":"https:\/\/www.mycamelbak.ch\/fr\/bouteille\/camelbak-chute-mag-bottle-0-6l-impression-numerique-multicolore\/","title":{"rendered":"CamelBak Chute Mag Bottle 0.6l impression num\u00e9rique multicolore"},"content":{"rendered":"","protected":false},"excerpt":{"rendered":"<p>L&#8217;hydratation est simple, la Chute\u00ae Mag assure un d\u00e9bit \u00e9lev\u00e9 sans le d\u00e9sordre. Le bouchon universel est dot\u00e9 d&#8217;un couvercle magn\u00e9tique qui se range en toute s\u00e9curit\u00e9 lorsqu&#8217;il est ouvert, est \u00e9tanche lorsqu&#8217;il est ferm\u00e9, poss\u00e8de une poign\u00e9e facile \u00e0 transporter et est compatible avec les r\u00e9cipients Eddy\u00ae + et Hot Cap. Il est l\u00e9ger, durable et va au lave-vaisselle.<\/p>\n<ul>\n<li>Le bouchon magn\u00e9tique se range en toute s\u00e9curit\u00e9 pendant que vous buvez<\/li>\n<li>\u00c9tanche lorsqu&#8217;il est ferm\u00e9, poign\u00e9e facile \u00e0 transporter<\/li>\n<li>Facile \u00e0 nettoyer : Le bouchon et la cuve passent au lave-vaisselle<\/li>\n<li>Capsule Universelle : Compatible avec les r\u00e9cipients Eddy\u00ae et Hot Cap<\/li>\n<\/ul>\n","protected":false},"featured_media":529,"comment_status":"closed","ping_status":"closed","template":"","meta":{"_mi_skip_tracking":false,"_monsterinsights_sitenote_active":false,"_monsterinsights_sitenote_note":"","_monsterinsights_sitenote_category":0},"product_cat":[48],"product_tag":[],"tiered_pricing_type":"fixed","tiered_pricing_fixed_rules":{"50":"23.95","100":"22.55","200":"21.95","300":"21.55","500":"20.95"},"yoast_head":"<!-- This site is optimized with the Yoast SEO plugin v21.5 - https:\/\/yoast.com\/wordpress\/plugins\/seo\/ -->\n<title>CamelBak Chute Mag Bottle 0.6l impression num\u00e9rique multicolore - MyCamelBak<\/title>\n<meta name=\"robots\" content=\"index, follow, max-snippet:-1, max-image-preview:large, max-video-preview:-1\" \/>\n<link rel=\"canonical\" href=\"https:\/\/www.mycamelbak.ch\/fr\/bouteille\/camelbak-chute-mag-bottle-0-6l-impression-numerique-multicolore\/\" \/>\n<meta property=\"og:locale\" content=\"fr_FR\" \/>\n<meta property=\"og:type\" content=\"article\" \/>\n<meta property=\"og:title\" content=\"CamelBak Chute Mag Bottle 0.6l impression num\u00e9rique multicolore - MyCamelBak\" \/>\n<meta property=\"og:description\" content=\"L&#039;hydratation est simple, la Chute\u00ae Mag assure un d\u00e9bit \u00e9lev\u00e9 sans le d\u00e9sordre. Le bouchon universel est dot\u00e9 d&#039;un couvercle magn\u00e9tique qui se range en toute s\u00e9curit\u00e9 lorsqu&#039;il est ouvert, est \u00e9tanche lorsqu&#039;il est ferm\u00e9, poss\u00e8de une poign\u00e9e facile \u00e0 transporter et est compatible avec les r\u00e9cipients Eddy\u00ae + et Hot Cap. Il est l\u00e9ger, durable et va au lave-vaisselle.   Le bouchon magn\u00e9tique se range en toute s\u00e9curit\u00e9 pendant que vous buvez  \u00c9tanche lorsqu&#039;il est ferm\u00e9, poign\u00e9e facile \u00e0 transporter  Facile \u00e0 nettoyer : Le bouchon et la cuve passent au lave-vaisselle  Capsule Universelle : Compatible avec les r\u00e9cipients Eddy\u00ae et Hot Cap\" \/>\n<meta property=\"og:url\" content=\"https:\/\/www.mycamelbak.ch\/fr\/bouteille\/camelbak-chute-mag-bottle-0-6l-impression-numerique-multicolore\/\" \/>\n<meta property=\"og:site_name\" content=\"MyCamelBak\" \/>\n<meta property=\"article:publisher\" content=\"https:\/\/www.facebook.com\/CamelBak-CH-105592114526163\/\" \/>\n<meta property=\"article:modified_time\" content=\"2020-07-13T12:42:27+00:00\" \/>\n<meta property=\"og:image\" content=\"https:\/\/www.mycamelbak.ch\/wp-content\/uploads\/2020\/06\/CamelBak_Chute_Mag_Bottle_0.6l_clear.jpg\" \/>\n\t<meta property=\"og:image:width\" content=\"1080\" \/>\n\t<meta property=\"og:image:height\" content=\"1080\" \/>\n\t<meta property=\"og:image:type\" content=\"image\/jpeg\" \/>\n<meta name=\"twitter:card\" content=\"summary_large_image\" \/>\n<script type=\"application\/ld+json\" class=\"yoast-schema-graph\">{\"@context\":\"https:\/\/schema.org\",\"@graph\":[{\"@type\":\"WebPage\",\"@id\":\"https:\/\/www.mycamelbak.ch\/fr\/bouteille\/camelbak-chute-mag-bottle-0-6l-impression-numerique-multicolore\/\",\"url\":\"https:\/\/www.mycamelbak.ch\/fr\/bouteille\/camelbak-chute-mag-bottle-0-6l-impression-numerique-multicolore\/\",\"name\":\"CamelBak Chute Mag Bottle 0.6l impression num\u00e9rique multicolore - MyCamelBak\",\"isPartOf\":{\"@id\":\"https:\/\/www.mycamelbak.ch\/fr\/#website\"},\"datePublished\":\"2020-06-22T21:52:05+00:00\",\"dateModified\":\"2020-07-13T12:42:27+00:00\",\"breadcrumb\":{\"@id\":\"https:\/\/www.mycamelbak.ch\/fr\/bouteille\/camelbak-chute-mag-bottle-0-6l-impression-numerique-multicolore\/#breadcrumb\"},\"inLanguage\":\"fr-FR\",\"potentialAction\":[{\"@type\":\"ReadAction\",\"target\":[\"https:\/\/www.mycamelbak.ch\/fr\/bouteille\/camelbak-chute-mag-bottle-0-6l-impression-numerique-multicolore\/\"]}]},{\"@type\":\"BreadcrumbList\",\"@id\":\"https:\/\/www.mycamelbak.ch\/fr\/bouteille\/camelbak-chute-mag-bottle-0-6l-impression-numerique-multicolore\/#breadcrumb\",\"itemListElement\":[{\"@type\":\"ListItem\",\"position\":1,\"name\":\"Home\",\"item\":\"https:\/\/www.mycamelbak.ch\/fr\/\"},{\"@type\":\"ListItem\",\"position\":2,\"name\":\"Boutique\",\"item\":\"https:\/\/www.mycamelbak.ch\/fr\/boutique\/\"},{\"@type\":\"ListItem\",\"position\":3,\"name\":\"CamelBak Chute Mag Bottle 0.6l impression num\u00e9rique multicolore\"}]},{\"@type\":\"WebSite\",\"@id\":\"https:\/\/www.mycamelbak.ch\/fr\/#website\",\"url\":\"https:\/\/www.mycamelbak.ch\/fr\/\",\"name\":\"MyCamelBak\",\"description\":\"\",\"publisher\":{\"@id\":\"https:\/\/www.mycamelbak.ch\/fr\/#organization\"},\"potentialAction\":[{\"@type\":\"SearchAction\",\"target\":{\"@type\":\"EntryPoint\",\"urlTemplate\":\"https:\/\/www.mycamelbak.ch\/fr\/?s={search_term_string}\"},\"query-input\":\"required name=search_term_string\"}],\"inLanguage\":\"fr-FR\"},{\"@type\":\"Organization\",\"@id\":\"https:\/\/www.mycamelbak.ch\/fr\/#organization\",\"name\":\"Vetrieb CamelBak Schweiz\",\"url\":\"https:\/\/www.mycamelbak.ch\/fr\/\",\"logo\":{\"@type\":\"ImageObject\",\"inLanguage\":\"fr-FR\",\"@id\":\"https:\/\/www.mycamelbak.ch\/fr\/#\/schema\/logo\/image\/\",\"url\":\"https:\/\/www.mycamelbak.ch\/wp-content\/uploads\/2020\/06\/logo.svg\",\"contentUrl\":\"https:\/\/www.mycamelbak.ch\/wp-content\/uploads\/2020\/06\/logo.svg\",\"width\":300,\"height\":82,\"caption\":\"Vetrieb CamelBak Schweiz\"},\"image\":{\"@id\":\"https:\/\/www.mycamelbak.ch\/fr\/#\/schema\/logo\/image\/\"},\"sameAs\":[\"https:\/\/www.facebook.com\/CamelBak-CH-105592114526163\/\",\"https:\/\/www.instagram.com\/camelbakch\/\",\"https:\/\/www.linkedin.com\/company\/camelbak-ch\/\"]}]}<\/script>\n<!-- \/ Yoast SEO plugin. -->","yoast_head_json":{"title":"CamelBak Chute Mag Bottle 0.6l impression num\u00e9rique multicolore - MyCamelBak","robots":{"index":"index","follow":"follow","max-snippet":"max-snippet:-1","max-image-preview":"max-image-preview:large","max-video-preview":"max-video-preview:-1"},"canonical":"https:\/\/www.mycamelbak.ch\/fr\/bouteille\/camelbak-chute-mag-bottle-0-6l-impression-numerique-multicolore\/","og_locale":"fr_FR","og_type":"article","og_title":"CamelBak Chute Mag Bottle 0.6l impression num\u00e9rique multicolore - MyCamelBak","og_description":"L'hydratation est simple, la Chute\u00ae Mag assure un d\u00e9bit \u00e9lev\u00e9 sans le d\u00e9sordre. Le bouchon universel est dot\u00e9 d'un couvercle magn\u00e9tique qui se range en toute s\u00e9curit\u00e9 lorsqu'il est ouvert, est \u00e9tanche lorsqu'il est ferm\u00e9, poss\u00e8de une poign\u00e9e facile \u00e0 transporter et est compatible avec les r\u00e9cipients Eddy\u00ae + et Hot Cap. Il est l\u00e9ger, durable et va au lave-vaisselle.   Le bouchon magn\u00e9tique se range en toute s\u00e9curit\u00e9 pendant que vous buvez  \u00c9tanche lorsqu'il est ferm\u00e9, poign\u00e9e facile \u00e0 transporter  Facile \u00e0 nettoyer : Le bouchon et la cuve passent au lave-vaisselle  Capsule Universelle : Compatible avec les r\u00e9cipients Eddy\u00ae et Hot Cap","og_url":"https:\/\/www.mycamelbak.ch\/fr\/bouteille\/camelbak-chute-mag-bottle-0-6l-impression-numerique-multicolore\/","og_site_name":"MyCamelBak","article_publisher":"https:\/\/www.facebook.com\/CamelBak-CH-105592114526163\/","article_modified_time":"2020-07-13T12:42:27+00:00","og_image":[{"width":1080,"height":1080,"url":"https:\/\/www.mycamelbak.ch\/wp-content\/uploads\/2020\/06\/CamelBak_Chute_Mag_Bottle_0.6l_clear.jpg","type":"image\/jpeg"}],"twitter_card":"summary_large_image","schema":{"@context":"https:\/\/schema.org","@graph":[{"@type":"WebPage","@id":"https:\/\/www.mycamelbak.ch\/fr\/bouteille\/camelbak-chute-mag-bottle-0-6l-impression-numerique-multicolore\/","url":"https:\/\/www.mycamelbak.ch\/fr\/bouteille\/camelbak-chute-mag-bottle-0-6l-impression-numerique-multicolore\/","name":"CamelBak Chute Mag Bottle 0.6l impression num\u00e9rique multicolore - MyCamelBak","isPartOf":{"@id":"https:\/\/www.mycamelbak.ch\/fr\/#website"},"datePublished":"2020-06-22T21:52:05+00:00","dateModified":"2020-07-13T12:42:27+00:00","breadcrumb":{"@id":"https:\/\/www.mycamelbak.ch\/fr\/bouteille\/camelbak-chute-mag-bottle-0-6l-impression-numerique-multicolore\/#breadcrumb"},"inLanguage":"fr-FR","potentialAction":[{"@type":"ReadAction","target":["https:\/\/www.mycamelbak.ch\/fr\/bouteille\/camelbak-chute-mag-bottle-0-6l-impression-numerique-multicolore\/"]}]},{"@type":"BreadcrumbList","@id":"https:\/\/www.mycamelbak.ch\/fr\/bouteille\/camelbak-chute-mag-bottle-0-6l-impression-numerique-multicolore\/#breadcrumb","itemListElement":[{"@type":"ListItem","position":1,"name":"Home","item":"https:\/\/www.mycamelbak.ch\/fr\/"},{"@type":"ListItem","position":2,"name":"Boutique","item":"https:\/\/www.mycamelbak.ch\/fr\/boutique\/"},{"@type":"ListItem","position":3,"name":"CamelBak Chute Mag Bottle 0.6l impression num\u00e9rique multicolore"}]},{"@type":"WebSite","@id":"https:\/\/www.mycamelbak.ch\/fr\/#website","url":"https:\/\/www.mycamelbak.ch\/fr\/","name":"MyCamelBak","description":"","publisher":{"@id":"https:\/\/www.mycamelbak.ch\/fr\/#organization"},"potentialAction":[{"@type":"SearchAction","target":{"@type":"EntryPoint","urlTemplate":"https:\/\/www.mycamelbak.ch\/fr\/?s={search_term_string}"},"query-input":"required name=search_term_string"}],"inLanguage":"fr-FR"},{"@type":"Organization","@id":"https:\/\/www.mycamelbak.ch\/fr\/#organization","name":"Vetrieb CamelBak Schweiz","url":"https:\/\/www.mycamelbak.ch\/fr\/","logo":{"@type":"ImageObject","inLanguage":"fr-FR","@id":"https:\/\/www.mycamelbak.ch\/fr\/#\/schema\/logo\/image\/","url":"https:\/\/www.mycamelbak.ch\/wp-content\/uploads\/2020\/06\/logo.svg","contentUrl":"https:\/\/www.mycamelbak.ch\/wp-content\/uploads\/2020\/06\/logo.svg","width":300,"height":82,"caption":"Vetrieb CamelBak Schweiz"},"image":{"@id":"https:\/\/www.mycamelbak.ch\/fr\/#\/schema\/logo\/image\/"},"sameAs":["https:\/\/www.facebook.com\/CamelBak-CH-105592114526163\/","https:\/\/www.instagram.com\/camelbakch\/","https:\/\/www.linkedin.com\/company\/camelbak-ch\/"]}]}},"_links":{"self":[{"href":"https:\/\/www.mycamelbak.ch\/fr\/wp-json\/wp\/v2\/product\/1029"}],"collection":[{"href":"https:\/\/www.mycamelbak.ch\/fr\/wp-json\/wp\/v2\/product"}],"about":[{"href":"https:\/\/www.mycamelbak.ch\/fr\/wp-json\/wp\/v2\/types\/product"}],"replies":[{"embeddable":true,"href":"https:\/\/www.mycamelbak.ch\/fr\/wp-json\/wp\/v2\/comments?post=1029"}],"wp:featuredmedia":[{"embeddable":true,"href":"https:\/\/www.mycamelbak.ch\/fr\/wp-json\/wp\/v2\/media\/529"}],"wp:attachment":[{"href":"https:\/\/www.mycamelbak.ch\/fr\/wp-json\/wp\/v2\/media?parent=1029"}],"wp:term":[{"taxonomy":"product_cat","embeddable":true,"href":"https:\/\/www.mycamelbak.ch\/fr\/wp-json\/wp\/v2\/product_cat?post=1029"},{"taxonomy":"product_tag","embeddable":true,"href":"https:\/\/www.mycamelbak.ch\/fr\/wp-json\/wp\/v2\/product_tag?post=1029"}],"curies":[{"name":"wp","href":"https:\/\/api.w.org\/{rel}","templated":true}]}}