{"id":1049,"date":"2020-06-23T00:10:43","date_gmt":"2020-06-22T22:10:45","guid":{"rendered":"https:\/\/www.mycamelbak.ch\/?post_type=product&#038;p=1049"},"modified":"2020-07-14T13:47:41","modified_gmt":"2020-07-14T11:47:41","slug":"camelbak-podium-bottle-0-71l-impression-numerique-multicolore","status":"publish","type":"product","link":"https:\/\/www.mycamelbak.ch\/fr\/bouteille\/camelbak-podium-bottle-0-71l-impression-numerique-multicolore\/","title":{"rendered":"CamelBak Podium Bottle 0.71l impression num\u00e9rique multicolore"},"content":{"rendered":"","protected":false},"excerpt":{"rendered":"<p>Le flacon cycliste ultime pour une hydratation rapide et fiable. Un nouveau design et une nettoyabilit\u00e9 am\u00e9lior\u00e9e maintiennent la position de la bouteille Podium comme la meilleure de l&#8217;industrie du cyclisme. Ce biberon de qualit\u00e9 sup\u00e9rieure privil\u00e9gie avant tout la performance et l&#8217;excellent ajustement de la cage pour les utilisateurs professionnels et r\u00e9cr\u00e9atifs.<\/p>\n<ul>\n<li>Optimisation de l&#8217;ajustement de la cage : Con\u00e7u pour s&#8217;adapter en toute s\u00e9curit\u00e9 \u00e0 une vari\u00e9t\u00e9 de porte-bidons<\/li>\n<li>Fasy Squeeze : Plus de fluidit\u00e9 avec moins d&#8217;efforts<\/li>\n<li>High Flow, Capuchon auto-scellant : Maximise le d\u00e9bit tout en \u00e9liminant les \u00e9claboussures et les d\u00e9versements<\/li>\n<li>Interface facile \u00e0 nettoyer : Toutes les parties peuvent se s\u00e9parer pour un nettoyage approfondi<\/li>\n<li>Verrouillage positif : Pour un transport \u00e9tanche<\/li>\n<\/ul>\n","protected":false},"featured_media":995,"comment_status":"closed","ping_status":"closed","template":"","meta":{"_mi_skip_tracking":false,"_monsterinsights_sitenote_active":false,"_monsterinsights_sitenote_note":"","_monsterinsights_sitenote_category":0},"product_cat":[48],"product_tag":[],"tiered_pricing_type":"fixed","tiered_pricing_fixed_rules":{"50":"22.15","100":"20.95","200":"20.45","300":"20.10","500":"19.60"},"yoast_head":"<!-- This site is optimized with the Yoast SEO plugin v21.5 - https:\/\/yoast.com\/wordpress\/plugins\/seo\/ -->\n<title>CamelBak Podium Bottle 0.71l impression num\u00e9rique multicolore - MyCamelBak<\/title>\n<meta name=\"robots\" content=\"index, follow, max-snippet:-1, max-image-preview:large, max-video-preview:-1\" \/>\n<link rel=\"canonical\" href=\"https:\/\/www.mycamelbak.ch\/fr\/bouteille\/camelbak-podium-bottle-0-71l-impression-numerique-multicolore\/\" \/>\n<meta property=\"og:locale\" content=\"fr_FR\" \/>\n<meta property=\"og:type\" content=\"article\" \/>\n<meta property=\"og:title\" content=\"CamelBak Podium Bottle 0.71l impression num\u00e9rique multicolore - MyCamelBak\" \/>\n<meta property=\"og:description\" content=\"Le flacon cycliste ultime pour une hydratation rapide et fiable. Un nouveau design et une nettoyabilit\u00e9 am\u00e9lior\u00e9e maintiennent la position de la bouteille Podium comme la meilleure de l&#039;industrie du cyclisme. Ce biberon de qualit\u00e9 sup\u00e9rieure privil\u00e9gie avant tout la performance et l&#039;excellent ajustement de la cage pour les utilisateurs professionnels et r\u00e9cr\u00e9atifs.   Optimisation de l&#039;ajustement de la cage : Con\u00e7u pour s&#039;adapter en toute s\u00e9curit\u00e9 \u00e0 une vari\u00e9t\u00e9 de porte-bidons  Fasy Squeeze : Plus de fluidit\u00e9 avec moins d&#039;efforts  High Flow, Capuchon auto-scellant : Maximise le d\u00e9bit tout en \u00e9liminant les \u00e9claboussures et les d\u00e9versements  Interface facile \u00e0 nettoyer : Toutes les parties peuvent se s\u00e9parer pour un nettoyage approfondi  Verrouillage positif : Pour un transport \u00e9tanche\" \/>\n<meta property=\"og:url\" content=\"https:\/\/www.mycamelbak.ch\/fr\/bouteille\/camelbak-podium-bottle-0-71l-impression-numerique-multicolore\/\" \/>\n<meta property=\"og:site_name\" content=\"MyCamelBak\" \/>\n<meta property=\"article:publisher\" content=\"https:\/\/www.facebook.com\/CamelBak-CH-105592114526163\/\" \/>\n<meta property=\"article:modified_time\" content=\"2020-07-14T11:47:41+00:00\" \/>\n<meta property=\"og:image\" content=\"https:\/\/www.mycamelbak.ch\/wp-content\/uploads\/2020\/06\/podium_071_smokejpg.jpg\" \/>\n\t<meta property=\"og:image:width\" content=\"1080\" \/>\n\t<meta property=\"og:image:height\" content=\"1080\" \/>\n\t<meta property=\"og:image:type\" content=\"image\/jpeg\" \/>\n<meta name=\"twitter:card\" content=\"summary_large_image\" \/>\n<script type=\"application\/ld+json\" class=\"yoast-schema-graph\">{\"@context\":\"https:\/\/schema.org\",\"@graph\":[{\"@type\":\"WebPage\",\"@id\":\"https:\/\/www.mycamelbak.ch\/fr\/bouteille\/camelbak-podium-bottle-0-71l-impression-numerique-multicolore\/\",\"url\":\"https:\/\/www.mycamelbak.ch\/fr\/bouteille\/camelbak-podium-bottle-0-71l-impression-numerique-multicolore\/\",\"name\":\"CamelBak Podium Bottle 0.71l impression num\u00e9rique multicolore - MyCamelBak\",\"isPartOf\":{\"@id\":\"https:\/\/www.mycamelbak.ch\/fr\/#website\"},\"datePublished\":\"2020-06-22T22:10:45+00:00\",\"dateModified\":\"2020-07-14T11:47:41+00:00\",\"breadcrumb\":{\"@id\":\"https:\/\/www.mycamelbak.ch\/fr\/bouteille\/camelbak-podium-bottle-0-71l-impression-numerique-multicolore\/#breadcrumb\"},\"inLanguage\":\"fr-FR\",\"potentialAction\":[{\"@type\":\"ReadAction\",\"target\":[\"https:\/\/www.mycamelbak.ch\/fr\/bouteille\/camelbak-podium-bottle-0-71l-impression-numerique-multicolore\/\"]}]},{\"@type\":\"BreadcrumbList\",\"@id\":\"https:\/\/www.mycamelbak.ch\/fr\/bouteille\/camelbak-podium-bottle-0-71l-impression-numerique-multicolore\/#breadcrumb\",\"itemListElement\":[{\"@type\":\"ListItem\",\"position\":1,\"name\":\"Home\",\"item\":\"https:\/\/www.mycamelbak.ch\/fr\/\"},{\"@type\":\"ListItem\",\"position\":2,\"name\":\"Boutique\",\"item\":\"https:\/\/www.mycamelbak.ch\/fr\/boutique\/\"},{\"@type\":\"ListItem\",\"position\":3,\"name\":\"CamelBak Podium Bottle 0.71l impression num\u00e9rique multicolore\"}]},{\"@type\":\"WebSite\",\"@id\":\"https:\/\/www.mycamelbak.ch\/fr\/#website\",\"url\":\"https:\/\/www.mycamelbak.ch\/fr\/\",\"name\":\"MyCamelBak\",\"description\":\"\",\"publisher\":{\"@id\":\"https:\/\/www.mycamelbak.ch\/fr\/#organization\"},\"potentialAction\":[{\"@type\":\"SearchAction\",\"target\":{\"@type\":\"EntryPoint\",\"urlTemplate\":\"https:\/\/www.mycamelbak.ch\/fr\/?s={search_term_string}\"},\"query-input\":\"required name=search_term_string\"}],\"inLanguage\":\"fr-FR\"},{\"@type\":\"Organization\",\"@id\":\"https:\/\/www.mycamelbak.ch\/fr\/#organization\",\"name\":\"Vetrieb CamelBak Schweiz\",\"url\":\"https:\/\/www.mycamelbak.ch\/fr\/\",\"logo\":{\"@type\":\"ImageObject\",\"inLanguage\":\"fr-FR\",\"@id\":\"https:\/\/www.mycamelbak.ch\/fr\/#\/schema\/logo\/image\/\",\"url\":\"https:\/\/www.mycamelbak.ch\/wp-content\/uploads\/2020\/06\/logo.svg\",\"contentUrl\":\"https:\/\/www.mycamelbak.ch\/wp-content\/uploads\/2020\/06\/logo.svg\",\"width\":300,\"height\":82,\"caption\":\"Vetrieb CamelBak Schweiz\"},\"image\":{\"@id\":\"https:\/\/www.mycamelbak.ch\/fr\/#\/schema\/logo\/image\/\"},\"sameAs\":[\"https:\/\/www.facebook.com\/CamelBak-CH-105592114526163\/\",\"https:\/\/www.instagram.com\/camelbakch\/\",\"https:\/\/www.linkedin.com\/company\/camelbak-ch\/\"]}]}<\/script>\n<!-- \/ Yoast SEO plugin. -->","yoast_head_json":{"title":"CamelBak Podium Bottle 0.71l impression num\u00e9rique multicolore - MyCamelBak","robots":{"index":"index","follow":"follow","max-snippet":"max-snippet:-1","max-image-preview":"max-image-preview:large","max-video-preview":"max-video-preview:-1"},"canonical":"https:\/\/www.mycamelbak.ch\/fr\/bouteille\/camelbak-podium-bottle-0-71l-impression-numerique-multicolore\/","og_locale":"fr_FR","og_type":"article","og_title":"CamelBak Podium Bottle 0.71l impression num\u00e9rique multicolore - MyCamelBak","og_description":"Le flacon cycliste ultime pour une hydratation rapide et fiable. Un nouveau design et une nettoyabilit\u00e9 am\u00e9lior\u00e9e maintiennent la position de la bouteille Podium comme la meilleure de l'industrie du cyclisme. Ce biberon de qualit\u00e9 sup\u00e9rieure privil\u00e9gie avant tout la performance et l'excellent ajustement de la cage pour les utilisateurs professionnels et r\u00e9cr\u00e9atifs.   Optimisation de l'ajustement de la cage : Con\u00e7u pour s'adapter en toute s\u00e9curit\u00e9 \u00e0 une vari\u00e9t\u00e9 de porte-bidons  Fasy Squeeze : Plus de fluidit\u00e9 avec moins d'efforts  High Flow, Capuchon auto-scellant : Maximise le d\u00e9bit tout en \u00e9liminant les \u00e9claboussures et les d\u00e9versements  Interface facile \u00e0 nettoyer : Toutes les parties peuvent se s\u00e9parer pour un nettoyage approfondi  Verrouillage positif : Pour un transport \u00e9tanche","og_url":"https:\/\/www.mycamelbak.ch\/fr\/bouteille\/camelbak-podium-bottle-0-71l-impression-numerique-multicolore\/","og_site_name":"MyCamelBak","article_publisher":"https:\/\/www.facebook.com\/CamelBak-CH-105592114526163\/","article_modified_time":"2020-07-14T11:47:41+00:00","og_image":[{"width":1080,"height":1080,"url":"https:\/\/www.mycamelbak.ch\/wp-content\/uploads\/2020\/06\/podium_071_smokejpg.jpg","type":"image\/jpeg"}],"twitter_card":"summary_large_image","schema":{"@context":"https:\/\/schema.org","@graph":[{"@type":"WebPage","@id":"https:\/\/www.mycamelbak.ch\/fr\/bouteille\/camelbak-podium-bottle-0-71l-impression-numerique-multicolore\/","url":"https:\/\/www.mycamelbak.ch\/fr\/bouteille\/camelbak-podium-bottle-0-71l-impression-numerique-multicolore\/","name":"CamelBak Podium Bottle 0.71l impression num\u00e9rique multicolore - MyCamelBak","isPartOf":{"@id":"https:\/\/www.mycamelbak.ch\/fr\/#website"},"datePublished":"2020-06-22T22:10:45+00:00","dateModified":"2020-07-14T11:47:41+00:00","breadcrumb":{"@id":"https:\/\/www.mycamelbak.ch\/fr\/bouteille\/camelbak-podium-bottle-0-71l-impression-numerique-multicolore\/#breadcrumb"},"inLanguage":"fr-FR","potentialAction":[{"@type":"ReadAction","target":["https:\/\/www.mycamelbak.ch\/fr\/bouteille\/camelbak-podium-bottle-0-71l-impression-numerique-multicolore\/"]}]},{"@type":"BreadcrumbList","@id":"https:\/\/www.mycamelbak.ch\/fr\/bouteille\/camelbak-podium-bottle-0-71l-impression-numerique-multicolore\/#breadcrumb","itemListElement":[{"@type":"ListItem","position":1,"name":"Home","item":"https:\/\/www.mycamelbak.ch\/fr\/"},{"@type":"ListItem","position":2,"name":"Boutique","item":"https:\/\/www.mycamelbak.ch\/fr\/boutique\/"},{"@type":"ListItem","position":3,"name":"CamelBak Podium Bottle 0.71l impression num\u00e9rique multicolore"}]},{"@type":"WebSite","@id":"https:\/\/www.mycamelbak.ch\/fr\/#website","url":"https:\/\/www.mycamelbak.ch\/fr\/","name":"MyCamelBak","description":"","publisher":{"@id":"https:\/\/www.mycamelbak.ch\/fr\/#organization"},"potentialAction":[{"@type":"SearchAction","target":{"@type":"EntryPoint","urlTemplate":"https:\/\/www.mycamelbak.ch\/fr\/?s={search_term_string}"},"query-input":"required name=search_term_string"}],"inLanguage":"fr-FR"},{"@type":"Organization","@id":"https:\/\/www.mycamelbak.ch\/fr\/#organization","name":"Vetrieb CamelBak Schweiz","url":"https:\/\/www.mycamelbak.ch\/fr\/","logo":{"@type":"ImageObject","inLanguage":"fr-FR","@id":"https:\/\/www.mycamelbak.ch\/fr\/#\/schema\/logo\/image\/","url":"https:\/\/www.mycamelbak.ch\/wp-content\/uploads\/2020\/06\/logo.svg","contentUrl":"https:\/\/www.mycamelbak.ch\/wp-content\/uploads\/2020\/06\/logo.svg","width":300,"height":82,"caption":"Vetrieb CamelBak Schweiz"},"image":{"@id":"https:\/\/www.mycamelbak.ch\/fr\/#\/schema\/logo\/image\/"},"sameAs":["https:\/\/www.facebook.com\/CamelBak-CH-105592114526163\/","https:\/\/www.instagram.com\/camelbakch\/","https:\/\/www.linkedin.com\/company\/camelbak-ch\/"]}]}},"_links":{"self":[{"href":"https:\/\/www.mycamelbak.ch\/fr\/wp-json\/wp\/v2\/product\/1049"}],"collection":[{"href":"https:\/\/www.mycamelbak.ch\/fr\/wp-json\/wp\/v2\/product"}],"about":[{"href":"https:\/\/www.mycamelbak.ch\/fr\/wp-json\/wp\/v2\/types\/product"}],"replies":[{"embeddable":true,"href":"https:\/\/www.mycamelbak.ch\/fr\/wp-json\/wp\/v2\/comments?post=1049"}],"wp:featuredmedia":[{"embeddable":true,"href":"https:\/\/www.mycamelbak.ch\/fr\/wp-json\/wp\/v2\/media\/995"}],"wp:attachment":[{"href":"https:\/\/www.mycamelbak.ch\/fr\/wp-json\/wp\/v2\/media?parent=1049"}],"wp:term":[{"taxonomy":"product_cat","embeddable":true,"href":"https:\/\/www.mycamelbak.ch\/fr\/wp-json\/wp\/v2\/product_cat?post=1049"},{"taxonomy":"product_tag","embeddable":true,"href":"https:\/\/www.mycamelbak.ch\/fr\/wp-json\/wp\/v2\/product_tag?post=1049"}],"curies":[{"name":"wp","href":"https:\/\/api.w.org\/{rel}","templated":true}]}}