{"id":20708,"date":"2025-01-20T15:17:11","date_gmt":"2025-01-20T14:17:14","guid":{"rendered":"https:\/\/www.mycamelbak.ch\/?post_type=product&#038;p=20708"},"modified":"2026-02-02T11:15:37","modified_gmt":"2026-02-02T10:15:37","slug":"camelbak-thrive-chug-vi_600ml","status":"publish","type":"product","link":"https:\/\/www.mycamelbak.ch\/fr\/bouteille\/camelbak-thrive-chug-vi_600ml\/","title":{"rendered":"CamelBak Thrive Chug V.I. 0.6l"},"content":{"rendered":"","protected":false},"excerpt":{"rendered":"<p>La gourde Thrive Chug VSS est fabriqu\u00e9e en acier inoxydable \u00e0 double paroi isol\u00e9e sous vide, et garde vos boissons chaudes ou fra\u00eeches \u00e0 la perfection. Biseaut\u00e9e \u00e0 la base pour une meilleure prise en main et con\u00e7ue pour s&#8217;adapter \u00e0 la plupart des porte-gourdes. Elle est \u00e9quip\u00e9e d&#8217;un embout souple \u00e9tanche. Son rev\u00eatement durable r\u00e9siste aux rayures et permet un passage au lave-vaisselle. Un pad en silicone antid\u00e9rapant sous la base adh\u00e8re aux surfaces pour \u00e9viter rayures et renversements. Sans BPA, BPS et BPF, elle n&#8217;attend plus que votre boisson pr\u00e9f\u00e9r\u00e9e.<\/p>\n<ul>\n<li>Acier inoxydable<\/li>\n<li>Bouchon \u00e9tanche, sans BPS, BPA, BPF<\/li>\n<li>Facile \u00e0 nettoyer<\/li>\n<li>Double paroi en acier inoxydable isotherme<\/li>\n<li>Facile \u00e0 transporter<\/li>\n<\/ul>\n","protected":false},"featured_media":26937,"comment_status":"closed","ping_status":"closed","template":"","meta":{"_mi_skip_tracking":false,"_monsterinsights_sitenote_active":false,"_monsterinsights_sitenote_note":"","_monsterinsights_sitenote_category":0},"product_cat":[48,47],"product_tag":[61],"tiered_pricing_type":"fixed","tiered_pricing_fixed_rules":{"10":"55.10","25":"53.90"},"yoast_head":"<!-- This site is optimized with the Yoast SEO plugin v21.5 - https:\/\/yoast.com\/wordpress\/plugins\/seo\/ -->\n<title>CamelBak Thrive Chug V.I. 0.6l - MyCamelBak<\/title>\n<meta name=\"robots\" content=\"index, follow, max-snippet:-1, max-image-preview:large, max-video-preview:-1\" \/>\n<link rel=\"canonical\" href=\"https:\/\/www.mycamelbak.ch\/fr\/bouteille\/camelbak-thrive-chug-vi_600ml\/\" \/>\n<meta property=\"og:locale\" content=\"fr_FR\" \/>\n<meta property=\"og:type\" content=\"article\" \/>\n<meta property=\"og:title\" content=\"CamelBak Thrive Chug V.I. 0.6l - MyCamelBak\" \/>\n<meta property=\"og:description\" content=\"La gourde Thrive Chug VSS est fabriqu\u00e9e en acier inoxydable \u00e0 double paroi isol\u00e9e sous vide, et garde vos boissons chaudes ou fra\u00eeches \u00e0 la perfection. Biseaut\u00e9e \u00e0 la base pour une meilleure prise en main et con\u00e7ue pour s&#039;adapter \u00e0 la plupart des porte-gourdes. Elle est \u00e9quip\u00e9e d&#039;un embout souple \u00e9tanche. Son rev\u00eatement durable r\u00e9siste aux rayures et permet un passage au lave-vaisselle. Un pad en silicone antid\u00e9rapant sous la base adh\u00e8re aux surfaces pour \u00e9viter rayures et renversements. Sans BPA, BPS et BPF, elle n&#039;attend plus que votre boisson pr\u00e9f\u00e9r\u00e9e.   Acier inoxydable  Bouchon \u00e9tanche, sans BPS, BPA, BPF  Facile \u00e0 nettoyer  Double paroi en acier inoxydable isotherme  Facile \u00e0 transporter\" \/>\n<meta property=\"og:url\" content=\"https:\/\/www.mycamelbak.ch\/fr\/bouteille\/camelbak-thrive-chug-vi_600ml\/\" \/>\n<meta property=\"og:site_name\" content=\"MyCamelBak\" \/>\n<meta property=\"article:publisher\" content=\"https:\/\/www.facebook.com\/CamelBak-CH-105592114526163\/\" \/>\n<meta property=\"article:modified_time\" content=\"2026-02-02T10:15:37+00:00\" \/>\n<meta property=\"og:image\" content=\"https:\/\/www.mycamelbak.ch\/wp-content\/uploads\/2025\/01\/407-143-2507-003_01.png\" \/>\n\t<meta property=\"og:image:width\" content=\"1500\" \/>\n\t<meta property=\"og:image:height\" content=\"1500\" \/>\n\t<meta property=\"og:image:type\" content=\"image\/png\" \/>\n<meta name=\"twitter:card\" content=\"summary_large_image\" \/>\n<script type=\"application\/ld+json\" class=\"yoast-schema-graph\">{\"@context\":\"https:\/\/schema.org\",\"@graph\":[{\"@type\":\"WebPage\",\"@id\":\"https:\/\/www.mycamelbak.ch\/fr\/bouteille\/camelbak-thrive-chug-vi_600ml\/\",\"url\":\"https:\/\/www.mycamelbak.ch\/fr\/bouteille\/camelbak-thrive-chug-vi_600ml\/\",\"name\":\"CamelBak Thrive Chug V.I. 0.6l - MyCamelBak\",\"isPartOf\":{\"@id\":\"https:\/\/www.mycamelbak.ch\/fr\/#website\"},\"datePublished\":\"2025-01-20T14:17:14+00:00\",\"dateModified\":\"2026-02-02T10:15:37+00:00\",\"breadcrumb\":{\"@id\":\"https:\/\/www.mycamelbak.ch\/fr\/bouteille\/camelbak-thrive-chug-vi_600ml\/#breadcrumb\"},\"inLanguage\":\"fr-FR\",\"potentialAction\":[{\"@type\":\"ReadAction\",\"target\":[\"https:\/\/www.mycamelbak.ch\/fr\/bouteille\/camelbak-thrive-chug-vi_600ml\/\"]}]},{\"@type\":\"BreadcrumbList\",\"@id\":\"https:\/\/www.mycamelbak.ch\/fr\/bouteille\/camelbak-thrive-chug-vi_600ml\/#breadcrumb\",\"itemListElement\":[{\"@type\":\"ListItem\",\"position\":1,\"name\":\"Home\",\"item\":\"https:\/\/www.mycamelbak.ch\/fr\/\"},{\"@type\":\"ListItem\",\"position\":2,\"name\":\"Boutique\",\"item\":\"https:\/\/www.mycamelbak.ch\/fr\/boutique\/\"},{\"@type\":\"ListItem\",\"position\":3,\"name\":\"CamelBak Thrive Chug V.I. 0.6l\"}]},{\"@type\":\"WebSite\",\"@id\":\"https:\/\/www.mycamelbak.ch\/fr\/#website\",\"url\":\"https:\/\/www.mycamelbak.ch\/fr\/\",\"name\":\"MyCamelBak\",\"description\":\"\",\"publisher\":{\"@id\":\"https:\/\/www.mycamelbak.ch\/fr\/#organization\"},\"potentialAction\":[{\"@type\":\"SearchAction\",\"target\":{\"@type\":\"EntryPoint\",\"urlTemplate\":\"https:\/\/www.mycamelbak.ch\/fr\/?s={search_term_string}\"},\"query-input\":\"required name=search_term_string\"}],\"inLanguage\":\"fr-FR\"},{\"@type\":\"Organization\",\"@id\":\"https:\/\/www.mycamelbak.ch\/fr\/#organization\",\"name\":\"Vetrieb CamelBak Schweiz\",\"url\":\"https:\/\/www.mycamelbak.ch\/fr\/\",\"logo\":{\"@type\":\"ImageObject\",\"inLanguage\":\"fr-FR\",\"@id\":\"https:\/\/www.mycamelbak.ch\/fr\/#\/schema\/logo\/image\/\",\"url\":\"https:\/\/www.mycamelbak.ch\/wp-content\/uploads\/2020\/06\/logo.svg\",\"contentUrl\":\"https:\/\/www.mycamelbak.ch\/wp-content\/uploads\/2020\/06\/logo.svg\",\"width\":300,\"height\":82,\"caption\":\"Vetrieb CamelBak Schweiz\"},\"image\":{\"@id\":\"https:\/\/www.mycamelbak.ch\/fr\/#\/schema\/logo\/image\/\"},\"sameAs\":[\"https:\/\/www.facebook.com\/CamelBak-CH-105592114526163\/\",\"https:\/\/www.instagram.com\/camelbakch\/\",\"https:\/\/www.linkedin.com\/company\/camelbak-ch\/\"]}]}<\/script>\n<!-- \/ Yoast SEO plugin. -->","yoast_head_json":{"title":"CamelBak Thrive Chug V.I. 0.6l - MyCamelBak","robots":{"index":"index","follow":"follow","max-snippet":"max-snippet:-1","max-image-preview":"max-image-preview:large","max-video-preview":"max-video-preview:-1"},"canonical":"https:\/\/www.mycamelbak.ch\/fr\/bouteille\/camelbak-thrive-chug-vi_600ml\/","og_locale":"fr_FR","og_type":"article","og_title":"CamelBak Thrive Chug V.I. 0.6l - MyCamelBak","og_description":"La gourde Thrive Chug VSS est fabriqu\u00e9e en acier inoxydable \u00e0 double paroi isol\u00e9e sous vide, et garde vos boissons chaudes ou fra\u00eeches \u00e0 la perfection. Biseaut\u00e9e \u00e0 la base pour une meilleure prise en main et con\u00e7ue pour s'adapter \u00e0 la plupart des porte-gourdes. Elle est \u00e9quip\u00e9e d'un embout souple \u00e9tanche. Son rev\u00eatement durable r\u00e9siste aux rayures et permet un passage au lave-vaisselle. Un pad en silicone antid\u00e9rapant sous la base adh\u00e8re aux surfaces pour \u00e9viter rayures et renversements. Sans BPA, BPS et BPF, elle n'attend plus que votre boisson pr\u00e9f\u00e9r\u00e9e.   Acier inoxydable  Bouchon \u00e9tanche, sans BPS, BPA, BPF  Facile \u00e0 nettoyer  Double paroi en acier inoxydable isotherme  Facile \u00e0 transporter","og_url":"https:\/\/www.mycamelbak.ch\/fr\/bouteille\/camelbak-thrive-chug-vi_600ml\/","og_site_name":"MyCamelBak","article_publisher":"https:\/\/www.facebook.com\/CamelBak-CH-105592114526163\/","article_modified_time":"2026-02-02T10:15:37+00:00","og_image":[{"width":1500,"height":1500,"url":"https:\/\/www.mycamelbak.ch\/wp-content\/uploads\/2025\/01\/407-143-2507-003_01.png","type":"image\/png"}],"twitter_card":"summary_large_image","schema":{"@context":"https:\/\/schema.org","@graph":[{"@type":"WebPage","@id":"https:\/\/www.mycamelbak.ch\/fr\/bouteille\/camelbak-thrive-chug-vi_600ml\/","url":"https:\/\/www.mycamelbak.ch\/fr\/bouteille\/camelbak-thrive-chug-vi_600ml\/","name":"CamelBak Thrive Chug V.I. 0.6l - MyCamelBak","isPartOf":{"@id":"https:\/\/www.mycamelbak.ch\/fr\/#website"},"datePublished":"2025-01-20T14:17:14+00:00","dateModified":"2026-02-02T10:15:37+00:00","breadcrumb":{"@id":"https:\/\/www.mycamelbak.ch\/fr\/bouteille\/camelbak-thrive-chug-vi_600ml\/#breadcrumb"},"inLanguage":"fr-FR","potentialAction":[{"@type":"ReadAction","target":["https:\/\/www.mycamelbak.ch\/fr\/bouteille\/camelbak-thrive-chug-vi_600ml\/"]}]},{"@type":"BreadcrumbList","@id":"https:\/\/www.mycamelbak.ch\/fr\/bouteille\/camelbak-thrive-chug-vi_600ml\/#breadcrumb","itemListElement":[{"@type":"ListItem","position":1,"name":"Home","item":"https:\/\/www.mycamelbak.ch\/fr\/"},{"@type":"ListItem","position":2,"name":"Boutique","item":"https:\/\/www.mycamelbak.ch\/fr\/boutique\/"},{"@type":"ListItem","position":3,"name":"CamelBak Thrive Chug V.I. 0.6l"}]},{"@type":"WebSite","@id":"https:\/\/www.mycamelbak.ch\/fr\/#website","url":"https:\/\/www.mycamelbak.ch\/fr\/","name":"MyCamelBak","description":"","publisher":{"@id":"https:\/\/www.mycamelbak.ch\/fr\/#organization"},"potentialAction":[{"@type":"SearchAction","target":{"@type":"EntryPoint","urlTemplate":"https:\/\/www.mycamelbak.ch\/fr\/?s={search_term_string}"},"query-input":"required name=search_term_string"}],"inLanguage":"fr-FR"},{"@type":"Organization","@id":"https:\/\/www.mycamelbak.ch\/fr\/#organization","name":"Vetrieb CamelBak Schweiz","url":"https:\/\/www.mycamelbak.ch\/fr\/","logo":{"@type":"ImageObject","inLanguage":"fr-FR","@id":"https:\/\/www.mycamelbak.ch\/fr\/#\/schema\/logo\/image\/","url":"https:\/\/www.mycamelbak.ch\/wp-content\/uploads\/2020\/06\/logo.svg","contentUrl":"https:\/\/www.mycamelbak.ch\/wp-content\/uploads\/2020\/06\/logo.svg","width":300,"height":82,"caption":"Vetrieb CamelBak Schweiz"},"image":{"@id":"https:\/\/www.mycamelbak.ch\/fr\/#\/schema\/logo\/image\/"},"sameAs":["https:\/\/www.facebook.com\/CamelBak-CH-105592114526163\/","https:\/\/www.instagram.com\/camelbakch\/","https:\/\/www.linkedin.com\/company\/camelbak-ch\/"]}]}},"_links":{"self":[{"href":"https:\/\/www.mycamelbak.ch\/fr\/wp-json\/wp\/v2\/product\/20708"}],"collection":[{"href":"https:\/\/www.mycamelbak.ch\/fr\/wp-json\/wp\/v2\/product"}],"about":[{"href":"https:\/\/www.mycamelbak.ch\/fr\/wp-json\/wp\/v2\/types\/product"}],"replies":[{"embeddable":true,"href":"https:\/\/www.mycamelbak.ch\/fr\/wp-json\/wp\/v2\/comments?post=20708"}],"wp:featuredmedia":[{"embeddable":true,"href":"https:\/\/www.mycamelbak.ch\/fr\/wp-json\/wp\/v2\/media\/26937"}],"wp:attachment":[{"href":"https:\/\/www.mycamelbak.ch\/fr\/wp-json\/wp\/v2\/media?parent=20708"}],"wp:term":[{"taxonomy":"product_cat","embeddable":true,"href":"https:\/\/www.mycamelbak.ch\/fr\/wp-json\/wp\/v2\/product_cat?post=20708"},{"taxonomy":"product_tag","embeddable":true,"href":"https:\/\/www.mycamelbak.ch\/fr\/wp-json\/wp\/v2\/product_tag?post=20708"}],"curies":[{"name":"wp","href":"https:\/\/api.w.org\/{rel}","templated":true}]}}