{"id":20772,"date":"2025-01-24T10:17:28","date_gmt":"2025-01-24T09:17:30","guid":{"rendered":"https:\/\/www.mycamelbak.ch\/?post_type=product&#038;p=20772"},"modified":"2026-02-02T11:15:51","modified_gmt":"2026-02-02T10:15:51","slug":"camelbak-thrive-flip-straw-kids-400ml","status":"publish","type":"product","link":"https:\/\/www.mycamelbak.ch\/fr\/bouteille\/camelbak-thrive-flip-straw-kids-400ml\/","title":{"rendered":"CamelBak Thrive Flip Straw Kids 0.4l"},"content":{"rendered":"","protected":false},"excerpt":{"rendered":"<p>Relevez, mordez et buvez pour une hydratation quotidienne optimale. La gourde Thrive Flip Straw Kids Bottle est d\u00e9sormais fabriqu\u00e9e en Tritan\u2122 Renew, un plastique l\u00e9ger et ultra-r\u00e9sistant compos\u00e9 \u00e0 50 % de mat\u00e9riaux recycl\u00e9s. \u00c9tanche lorsqu&#8217;elle est ferm\u00e9e et anti-d\u00e9bordement lorsqu&#8217;elle est ouverte, son bouchon Flip Straw et sa valve offrent un d\u00e9bit optimal. Le Tritan Renew est produit gr\u00e2ce \u00e0 la technologie Polyester Renewal, un proc\u00e9d\u00e9 de recyclage plus efficace que le recyclage m\u00e9canique standard, permettant de cr\u00e9er un nouveau mat\u00e9riau tout en pr\u00e9servant les ressources. R\u00e9sistante aux odeurs et aux taches, compatible lave-vaisselle et garantie sans BPA, BPS et BPF.<\/p>\n<ul>\n<li>Tritan\u00ae Renew<\/li>\n<li>Relevez, mordez et buvez directement \u00e0 la paille<\/li>\n<li>\u00c9tanche : \u00e9tanche lorsqu\u2019elle est ferm\u00e9e, anti-d\u00e9bordement lorsqu\u2019elle est ouverte<\/li>\n<li>Facile \u00e0 transporter : poign\u00e9e de transport confortable<\/li>\n<li>Facile \u00e0 nettoyer<\/li>\n<\/ul>\n","protected":false},"featured_media":26952,"comment_status":"closed","ping_status":"closed","template":"","meta":{"_mi_skip_tracking":false,"_monsterinsights_sitenote_active":false,"_monsterinsights_sitenote_note":"","_monsterinsights_sitenote_category":0},"product_cat":[48,47],"product_tag":[61],"tiered_pricing_type":"fixed","tiered_pricing_fixed_rules":{"10":"43.20","25":"42.20"},"yoast_head":"<!-- This site is optimized with the Yoast SEO plugin v21.5 - https:\/\/yoast.com\/wordpress\/plugins\/seo\/ -->\n<title>CamelBak Thrive Flip Straw Kids 0.4l - MyCamelBak<\/title>\n<meta name=\"robots\" content=\"index, follow, max-snippet:-1, max-image-preview:large, max-video-preview:-1\" \/>\n<link rel=\"canonical\" href=\"https:\/\/www.mycamelbak.ch\/fr\/bouteille\/camelbak-thrive-flip-straw-kids-400ml\/\" \/>\n<meta property=\"og:locale\" content=\"fr_FR\" \/>\n<meta property=\"og:type\" content=\"article\" \/>\n<meta property=\"og:title\" content=\"CamelBak Thrive Flip Straw Kids 0.4l - MyCamelBak\" \/>\n<meta property=\"og:description\" content=\"Relevez, mordez et buvez pour une hydratation quotidienne optimale. La gourde Thrive Flip Straw Kids Bottle est d\u00e9sormais fabriqu\u00e9e en Tritan\u2122 Renew, un plastique l\u00e9ger et ultra-r\u00e9sistant compos\u00e9 \u00e0 50 % de mat\u00e9riaux recycl\u00e9s. \u00c9tanche lorsqu&#039;elle est ferm\u00e9e et anti-d\u00e9bordement lorsqu&#039;elle est ouverte, son bouchon Flip Straw et sa valve offrent un d\u00e9bit optimal. Le Tritan Renew est produit gr\u00e2ce \u00e0 la technologie Polyester Renewal, un proc\u00e9d\u00e9 de recyclage plus efficace que le recyclage m\u00e9canique standard, permettant de cr\u00e9er un nouveau mat\u00e9riau tout en pr\u00e9servant les ressources. R\u00e9sistante aux odeurs et aux taches, compatible lave-vaisselle et garantie sans BPA, BPS et BPF.   Tritan\u00ae Renew  Relevez, mordez et buvez directement \u00e0 la paille  \u00c9tanche : \u00e9tanche lorsqu\u2019elle est ferm\u00e9e, anti-d\u00e9bordement lorsqu\u2019elle est ouverte  Facile \u00e0 transporter : poign\u00e9e de transport confortable  Facile \u00e0 nettoyer\" \/>\n<meta property=\"og:url\" content=\"https:\/\/www.mycamelbak.ch\/fr\/bouteille\/camelbak-thrive-flip-straw-kids-400ml\/\" \/>\n<meta property=\"og:site_name\" content=\"MyCamelBak\" \/>\n<meta property=\"article:publisher\" content=\"https:\/\/www.facebook.com\/CamelBak-CH-105592114526163\/\" \/>\n<meta property=\"article:modified_time\" content=\"2026-02-02T10:15:51+00:00\" \/>\n<meta property=\"og:image\" content=\"https:\/\/www.mycamelbak.ch\/wp-content\/uploads\/2025\/01\/407-143-2514-559_01-1024x1024.png\" \/>\n\t<meta property=\"og:image:width\" content=\"1024\" \/>\n\t<meta property=\"og:image:height\" content=\"1024\" \/>\n\t<meta property=\"og:image:type\" content=\"image\/png\" \/>\n<meta name=\"twitter:card\" content=\"summary_large_image\" \/>\n<script type=\"application\/ld+json\" class=\"yoast-schema-graph\">{\"@context\":\"https:\/\/schema.org\",\"@graph\":[{\"@type\":\"WebPage\",\"@id\":\"https:\/\/www.mycamelbak.ch\/fr\/bouteille\/camelbak-thrive-flip-straw-kids-400ml\/\",\"url\":\"https:\/\/www.mycamelbak.ch\/fr\/bouteille\/camelbak-thrive-flip-straw-kids-400ml\/\",\"name\":\"CamelBak Thrive Flip Straw Kids 0.4l - MyCamelBak\",\"isPartOf\":{\"@id\":\"https:\/\/www.mycamelbak.ch\/fr\/#website\"},\"datePublished\":\"2025-01-24T09:17:30+00:00\",\"dateModified\":\"2026-02-02T10:15:51+00:00\",\"breadcrumb\":{\"@id\":\"https:\/\/www.mycamelbak.ch\/fr\/bouteille\/camelbak-thrive-flip-straw-kids-400ml\/#breadcrumb\"},\"inLanguage\":\"fr-FR\",\"potentialAction\":[{\"@type\":\"ReadAction\",\"target\":[\"https:\/\/www.mycamelbak.ch\/fr\/bouteille\/camelbak-thrive-flip-straw-kids-400ml\/\"]}]},{\"@type\":\"BreadcrumbList\",\"@id\":\"https:\/\/www.mycamelbak.ch\/fr\/bouteille\/camelbak-thrive-flip-straw-kids-400ml\/#breadcrumb\",\"itemListElement\":[{\"@type\":\"ListItem\",\"position\":1,\"name\":\"Home\",\"item\":\"https:\/\/www.mycamelbak.ch\/fr\/\"},{\"@type\":\"ListItem\",\"position\":2,\"name\":\"Boutique\",\"item\":\"https:\/\/www.mycamelbak.ch\/fr\/boutique\/\"},{\"@type\":\"ListItem\",\"position\":3,\"name\":\"CamelBak Thrive Flip Straw Kids 0.4l\"}]},{\"@type\":\"WebSite\",\"@id\":\"https:\/\/www.mycamelbak.ch\/fr\/#website\",\"url\":\"https:\/\/www.mycamelbak.ch\/fr\/\",\"name\":\"MyCamelBak\",\"description\":\"\",\"publisher\":{\"@id\":\"https:\/\/www.mycamelbak.ch\/fr\/#organization\"},\"potentialAction\":[{\"@type\":\"SearchAction\",\"target\":{\"@type\":\"EntryPoint\",\"urlTemplate\":\"https:\/\/www.mycamelbak.ch\/fr\/?s={search_term_string}\"},\"query-input\":\"required name=search_term_string\"}],\"inLanguage\":\"fr-FR\"},{\"@type\":\"Organization\",\"@id\":\"https:\/\/www.mycamelbak.ch\/fr\/#organization\",\"name\":\"Vetrieb CamelBak Schweiz\",\"url\":\"https:\/\/www.mycamelbak.ch\/fr\/\",\"logo\":{\"@type\":\"ImageObject\",\"inLanguage\":\"fr-FR\",\"@id\":\"https:\/\/www.mycamelbak.ch\/fr\/#\/schema\/logo\/image\/\",\"url\":\"https:\/\/www.mycamelbak.ch\/wp-content\/uploads\/2020\/06\/logo.svg\",\"contentUrl\":\"https:\/\/www.mycamelbak.ch\/wp-content\/uploads\/2020\/06\/logo.svg\",\"width\":300,\"height\":82,\"caption\":\"Vetrieb CamelBak Schweiz\"},\"image\":{\"@id\":\"https:\/\/www.mycamelbak.ch\/fr\/#\/schema\/logo\/image\/\"},\"sameAs\":[\"https:\/\/www.facebook.com\/CamelBak-CH-105592114526163\/\",\"https:\/\/www.instagram.com\/camelbakch\/\",\"https:\/\/www.linkedin.com\/company\/camelbak-ch\/\"]}]}<\/script>\n<!-- \/ Yoast SEO plugin. -->","yoast_head_json":{"title":"CamelBak Thrive Flip Straw Kids 0.4l - MyCamelBak","robots":{"index":"index","follow":"follow","max-snippet":"max-snippet:-1","max-image-preview":"max-image-preview:large","max-video-preview":"max-video-preview:-1"},"canonical":"https:\/\/www.mycamelbak.ch\/fr\/bouteille\/camelbak-thrive-flip-straw-kids-400ml\/","og_locale":"fr_FR","og_type":"article","og_title":"CamelBak Thrive Flip Straw Kids 0.4l - MyCamelBak","og_description":"Relevez, mordez et buvez pour une hydratation quotidienne optimale. La gourde Thrive Flip Straw Kids Bottle est d\u00e9sormais fabriqu\u00e9e en Tritan\u2122 Renew, un plastique l\u00e9ger et ultra-r\u00e9sistant compos\u00e9 \u00e0 50 % de mat\u00e9riaux recycl\u00e9s. \u00c9tanche lorsqu'elle est ferm\u00e9e et anti-d\u00e9bordement lorsqu'elle est ouverte, son bouchon Flip Straw et sa valve offrent un d\u00e9bit optimal. Le Tritan Renew est produit gr\u00e2ce \u00e0 la technologie Polyester Renewal, un proc\u00e9d\u00e9 de recyclage plus efficace que le recyclage m\u00e9canique standard, permettant de cr\u00e9er un nouveau mat\u00e9riau tout en pr\u00e9servant les ressources. R\u00e9sistante aux odeurs et aux taches, compatible lave-vaisselle et garantie sans BPA, BPS et BPF.   Tritan\u00ae Renew  Relevez, mordez et buvez directement \u00e0 la paille  \u00c9tanche : \u00e9tanche lorsqu\u2019elle est ferm\u00e9e, anti-d\u00e9bordement lorsqu\u2019elle est ouverte  Facile \u00e0 transporter : poign\u00e9e de transport confortable  Facile \u00e0 nettoyer","og_url":"https:\/\/www.mycamelbak.ch\/fr\/bouteille\/camelbak-thrive-flip-straw-kids-400ml\/","og_site_name":"MyCamelBak","article_publisher":"https:\/\/www.facebook.com\/CamelBak-CH-105592114526163\/","article_modified_time":"2026-02-02T10:15:51+00:00","og_image":[{"width":1024,"height":1024,"url":"https:\/\/www.mycamelbak.ch\/wp-content\/uploads\/2025\/01\/407-143-2514-559_01-1024x1024.png","type":"image\/png"}],"twitter_card":"summary_large_image","schema":{"@context":"https:\/\/schema.org","@graph":[{"@type":"WebPage","@id":"https:\/\/www.mycamelbak.ch\/fr\/bouteille\/camelbak-thrive-flip-straw-kids-400ml\/","url":"https:\/\/www.mycamelbak.ch\/fr\/bouteille\/camelbak-thrive-flip-straw-kids-400ml\/","name":"CamelBak Thrive Flip Straw Kids 0.4l - MyCamelBak","isPartOf":{"@id":"https:\/\/www.mycamelbak.ch\/fr\/#website"},"datePublished":"2025-01-24T09:17:30+00:00","dateModified":"2026-02-02T10:15:51+00:00","breadcrumb":{"@id":"https:\/\/www.mycamelbak.ch\/fr\/bouteille\/camelbak-thrive-flip-straw-kids-400ml\/#breadcrumb"},"inLanguage":"fr-FR","potentialAction":[{"@type":"ReadAction","target":["https:\/\/www.mycamelbak.ch\/fr\/bouteille\/camelbak-thrive-flip-straw-kids-400ml\/"]}]},{"@type":"BreadcrumbList","@id":"https:\/\/www.mycamelbak.ch\/fr\/bouteille\/camelbak-thrive-flip-straw-kids-400ml\/#breadcrumb","itemListElement":[{"@type":"ListItem","position":1,"name":"Home","item":"https:\/\/www.mycamelbak.ch\/fr\/"},{"@type":"ListItem","position":2,"name":"Boutique","item":"https:\/\/www.mycamelbak.ch\/fr\/boutique\/"},{"@type":"ListItem","position":3,"name":"CamelBak Thrive Flip Straw Kids 0.4l"}]},{"@type":"WebSite","@id":"https:\/\/www.mycamelbak.ch\/fr\/#website","url":"https:\/\/www.mycamelbak.ch\/fr\/","name":"MyCamelBak","description":"","publisher":{"@id":"https:\/\/www.mycamelbak.ch\/fr\/#organization"},"potentialAction":[{"@type":"SearchAction","target":{"@type":"EntryPoint","urlTemplate":"https:\/\/www.mycamelbak.ch\/fr\/?s={search_term_string}"},"query-input":"required name=search_term_string"}],"inLanguage":"fr-FR"},{"@type":"Organization","@id":"https:\/\/www.mycamelbak.ch\/fr\/#organization","name":"Vetrieb CamelBak Schweiz","url":"https:\/\/www.mycamelbak.ch\/fr\/","logo":{"@type":"ImageObject","inLanguage":"fr-FR","@id":"https:\/\/www.mycamelbak.ch\/fr\/#\/schema\/logo\/image\/","url":"https:\/\/www.mycamelbak.ch\/wp-content\/uploads\/2020\/06\/logo.svg","contentUrl":"https:\/\/www.mycamelbak.ch\/wp-content\/uploads\/2020\/06\/logo.svg","width":300,"height":82,"caption":"Vetrieb CamelBak Schweiz"},"image":{"@id":"https:\/\/www.mycamelbak.ch\/fr\/#\/schema\/logo\/image\/"},"sameAs":["https:\/\/www.facebook.com\/CamelBak-CH-105592114526163\/","https:\/\/www.instagram.com\/camelbakch\/","https:\/\/www.linkedin.com\/company\/camelbak-ch\/"]}]}},"_links":{"self":[{"href":"https:\/\/www.mycamelbak.ch\/fr\/wp-json\/wp\/v2\/product\/20772"}],"collection":[{"href":"https:\/\/www.mycamelbak.ch\/fr\/wp-json\/wp\/v2\/product"}],"about":[{"href":"https:\/\/www.mycamelbak.ch\/fr\/wp-json\/wp\/v2\/types\/product"}],"replies":[{"embeddable":true,"href":"https:\/\/www.mycamelbak.ch\/fr\/wp-json\/wp\/v2\/comments?post=20772"}],"wp:featuredmedia":[{"embeddable":true,"href":"https:\/\/www.mycamelbak.ch\/fr\/wp-json\/wp\/v2\/media\/26952"}],"wp:attachment":[{"href":"https:\/\/www.mycamelbak.ch\/fr\/wp-json\/wp\/v2\/media?parent=20772"}],"wp:term":[{"taxonomy":"product_cat","embeddable":true,"href":"https:\/\/www.mycamelbak.ch\/fr\/wp-json\/wp\/v2\/product_cat?post=20772"},{"taxonomy":"product_tag","embeddable":true,"href":"https:\/\/www.mycamelbak.ch\/fr\/wp-json\/wp\/v2\/product_tag?post=20772"}],"curies":[{"name":"wp","href":"https:\/\/api.w.org\/{rel}","templated":true}]}}