{"id":20799,"date":"2025-01-24T10:29:00","date_gmt":"2025-01-24T09:29:03","guid":{"rendered":"https:\/\/www.mycamelbak.ch\/?post_type=product&#038;p=20799"},"modified":"2026-02-02T11:15:57","modified_gmt":"2026-02-02T10:15:57","slug":"camelbak-thrive-chug-600ml","status":"publish","type":"product","link":"https:\/\/www.mycamelbak.ch\/fr\/bouteille\/camelbak-thrive-chug-600ml\/","title":{"rendered":"CamelBak Thrive Chug 0.6l"},"content":{"rendered":"","protected":false},"excerpt":{"rendered":"<p>Hydratez-vous durablement au quotidien et sans effort. La gourde Thrive Chug est d\u00e9sormais fabriqu\u00e9e en Tritan\u2122 Renew, un plastique l\u00e9ger et ultra-r\u00e9sistant compos\u00e9 \u00e0 50 % de mat\u00e9riaux recycl\u00e9s. \u00c9tanche lorsqu&#8217;elle est ferm\u00e9e et anti-d\u00e9bordement lorsqu&#8217;elle est ouverte, son embout souple offre un d\u00e9bit optimal. Le Tritan Renew est produit gr\u00e2ce \u00e0 la technologie Polyester Renewal, un proc\u00e9d\u00e9 de recyclage plus efficace que le recyclage m\u00e9canique standard, permettant de cr\u00e9er un nouveau mat\u00e9riau tout en pr\u00e9servant les ressources. R\u00e9sistante aux odeurs et aux taches, compatible lave-vaisselle et garantie sans BPA, BPS et BPF.<\/p>\n<ul>\n<li>Tritan\u00ae Renew<\/li>\n<li>Bouchon \u00e9tanche, sans BPS, BPA, BPF<\/li>\n<li>Facile \u00e0 nettoyer<\/li>\n<li>Facile \u00e0 transporter<\/li>\n<\/ul>\n","protected":false},"featured_media":26931,"comment_status":"closed","ping_status":"closed","template":"","meta":{"_mi_skip_tracking":false,"_monsterinsights_sitenote_active":false,"_monsterinsights_sitenote_note":"","_monsterinsights_sitenote_category":0},"product_cat":[48,47],"product_tag":[61],"tiered_pricing_type":"fixed","tiered_pricing_fixed_rules":{"10":"39.40","25":"38.40"},"yoast_head":"<!-- This site is optimized with the Yoast SEO plugin v21.5 - https:\/\/yoast.com\/wordpress\/plugins\/seo\/ -->\n<title>CamelBak Thrive Chug 0.6l - MyCamelBak<\/title>\n<meta name=\"robots\" content=\"index, follow, max-snippet:-1, max-image-preview:large, max-video-preview:-1\" \/>\n<link rel=\"canonical\" href=\"https:\/\/www.mycamelbak.ch\/fr\/bouteille\/camelbak-thrive-chug-600ml\/\" \/>\n<meta property=\"og:locale\" content=\"fr_FR\" \/>\n<meta property=\"og:type\" content=\"article\" \/>\n<meta property=\"og:title\" content=\"CamelBak Thrive Chug 0.6l - MyCamelBak\" \/>\n<meta property=\"og:description\" content=\"Hydratez-vous durablement au quotidien et sans effort. La gourde Thrive Chug est d\u00e9sormais fabriqu\u00e9e en Tritan\u2122 Renew, un plastique l\u00e9ger et ultra-r\u00e9sistant compos\u00e9 \u00e0 50 % de mat\u00e9riaux recycl\u00e9s. \u00c9tanche lorsqu&#039;elle est ferm\u00e9e et anti-d\u00e9bordement lorsqu&#039;elle est ouverte, son embout souple offre un d\u00e9bit optimal. Le Tritan Renew est produit gr\u00e2ce \u00e0 la technologie Polyester Renewal, un proc\u00e9d\u00e9 de recyclage plus efficace que le recyclage m\u00e9canique standard, permettant de cr\u00e9er un nouveau mat\u00e9riau tout en pr\u00e9servant les ressources. R\u00e9sistante aux odeurs et aux taches, compatible lave-vaisselle et garantie sans BPA, BPS et BPF.   Tritan\u00ae Renew  Bouchon \u00e9tanche, sans BPS, BPA, BPF  Facile \u00e0 nettoyer  Facile \u00e0 transporter\" \/>\n<meta property=\"og:url\" content=\"https:\/\/www.mycamelbak.ch\/fr\/bouteille\/camelbak-thrive-chug-600ml\/\" \/>\n<meta property=\"og:site_name\" content=\"MyCamelBak\" \/>\n<meta property=\"article:publisher\" content=\"https:\/\/www.facebook.com\/CamelBak-CH-105592114526163\/\" \/>\n<meta property=\"article:modified_time\" content=\"2026-02-02T10:15:57+00:00\" \/>\n<meta property=\"og:image\" content=\"https:\/\/www.mycamelbak.ch\/wp-content\/uploads\/2025\/01\/407-143-2511-004_01-1024x1024.png\" \/>\n\t<meta property=\"og:image:width\" content=\"1024\" \/>\n\t<meta property=\"og:image:height\" content=\"1024\" \/>\n\t<meta property=\"og:image:type\" content=\"image\/png\" \/>\n<meta name=\"twitter:card\" content=\"summary_large_image\" \/>\n<script type=\"application\/ld+json\" class=\"yoast-schema-graph\">{\"@context\":\"https:\/\/schema.org\",\"@graph\":[{\"@type\":\"WebPage\",\"@id\":\"https:\/\/www.mycamelbak.ch\/fr\/bouteille\/camelbak-thrive-chug-600ml\/\",\"url\":\"https:\/\/www.mycamelbak.ch\/fr\/bouteille\/camelbak-thrive-chug-600ml\/\",\"name\":\"CamelBak Thrive Chug 0.6l - MyCamelBak\",\"isPartOf\":{\"@id\":\"https:\/\/www.mycamelbak.ch\/fr\/#website\"},\"datePublished\":\"2025-01-24T09:29:03+00:00\",\"dateModified\":\"2026-02-02T10:15:57+00:00\",\"breadcrumb\":{\"@id\":\"https:\/\/www.mycamelbak.ch\/fr\/bouteille\/camelbak-thrive-chug-600ml\/#breadcrumb\"},\"inLanguage\":\"fr-FR\",\"potentialAction\":[{\"@type\":\"ReadAction\",\"target\":[\"https:\/\/www.mycamelbak.ch\/fr\/bouteille\/camelbak-thrive-chug-600ml\/\"]}]},{\"@type\":\"BreadcrumbList\",\"@id\":\"https:\/\/www.mycamelbak.ch\/fr\/bouteille\/camelbak-thrive-chug-600ml\/#breadcrumb\",\"itemListElement\":[{\"@type\":\"ListItem\",\"position\":1,\"name\":\"Home\",\"item\":\"https:\/\/www.mycamelbak.ch\/fr\/\"},{\"@type\":\"ListItem\",\"position\":2,\"name\":\"Boutique\",\"item\":\"https:\/\/www.mycamelbak.ch\/fr\/boutique\/\"},{\"@type\":\"ListItem\",\"position\":3,\"name\":\"CamelBak Thrive Chug 0.6l\"}]},{\"@type\":\"WebSite\",\"@id\":\"https:\/\/www.mycamelbak.ch\/fr\/#website\",\"url\":\"https:\/\/www.mycamelbak.ch\/fr\/\",\"name\":\"MyCamelBak\",\"description\":\"\",\"publisher\":{\"@id\":\"https:\/\/www.mycamelbak.ch\/fr\/#organization\"},\"potentialAction\":[{\"@type\":\"SearchAction\",\"target\":{\"@type\":\"EntryPoint\",\"urlTemplate\":\"https:\/\/www.mycamelbak.ch\/fr\/?s={search_term_string}\"},\"query-input\":\"required name=search_term_string\"}],\"inLanguage\":\"fr-FR\"},{\"@type\":\"Organization\",\"@id\":\"https:\/\/www.mycamelbak.ch\/fr\/#organization\",\"name\":\"Vetrieb CamelBak Schweiz\",\"url\":\"https:\/\/www.mycamelbak.ch\/fr\/\",\"logo\":{\"@type\":\"ImageObject\",\"inLanguage\":\"fr-FR\",\"@id\":\"https:\/\/www.mycamelbak.ch\/fr\/#\/schema\/logo\/image\/\",\"url\":\"https:\/\/www.mycamelbak.ch\/wp-content\/uploads\/2020\/06\/logo.svg\",\"contentUrl\":\"https:\/\/www.mycamelbak.ch\/wp-content\/uploads\/2020\/06\/logo.svg\",\"width\":300,\"height\":82,\"caption\":\"Vetrieb CamelBak Schweiz\"},\"image\":{\"@id\":\"https:\/\/www.mycamelbak.ch\/fr\/#\/schema\/logo\/image\/\"},\"sameAs\":[\"https:\/\/www.facebook.com\/CamelBak-CH-105592114526163\/\",\"https:\/\/www.instagram.com\/camelbakch\/\",\"https:\/\/www.linkedin.com\/company\/camelbak-ch\/\"]}]}<\/script>\n<!-- \/ Yoast SEO plugin. -->","yoast_head_json":{"title":"CamelBak Thrive Chug 0.6l - MyCamelBak","robots":{"index":"index","follow":"follow","max-snippet":"max-snippet:-1","max-image-preview":"max-image-preview:large","max-video-preview":"max-video-preview:-1"},"canonical":"https:\/\/www.mycamelbak.ch\/fr\/bouteille\/camelbak-thrive-chug-600ml\/","og_locale":"fr_FR","og_type":"article","og_title":"CamelBak Thrive Chug 0.6l - MyCamelBak","og_description":"Hydratez-vous durablement au quotidien et sans effort. La gourde Thrive Chug est d\u00e9sormais fabriqu\u00e9e en Tritan\u2122 Renew, un plastique l\u00e9ger et ultra-r\u00e9sistant compos\u00e9 \u00e0 50 % de mat\u00e9riaux recycl\u00e9s. \u00c9tanche lorsqu'elle est ferm\u00e9e et anti-d\u00e9bordement lorsqu'elle est ouverte, son embout souple offre un d\u00e9bit optimal. Le Tritan Renew est produit gr\u00e2ce \u00e0 la technologie Polyester Renewal, un proc\u00e9d\u00e9 de recyclage plus efficace que le recyclage m\u00e9canique standard, permettant de cr\u00e9er un nouveau mat\u00e9riau tout en pr\u00e9servant les ressources. R\u00e9sistante aux odeurs et aux taches, compatible lave-vaisselle et garantie sans BPA, BPS et BPF.   Tritan\u00ae Renew  Bouchon \u00e9tanche, sans BPS, BPA, BPF  Facile \u00e0 nettoyer  Facile \u00e0 transporter","og_url":"https:\/\/www.mycamelbak.ch\/fr\/bouteille\/camelbak-thrive-chug-600ml\/","og_site_name":"MyCamelBak","article_publisher":"https:\/\/www.facebook.com\/CamelBak-CH-105592114526163\/","article_modified_time":"2026-02-02T10:15:57+00:00","og_image":[{"width":1024,"height":1024,"url":"https:\/\/www.mycamelbak.ch\/wp-content\/uploads\/2025\/01\/407-143-2511-004_01-1024x1024.png","type":"image\/png"}],"twitter_card":"summary_large_image","schema":{"@context":"https:\/\/schema.org","@graph":[{"@type":"WebPage","@id":"https:\/\/www.mycamelbak.ch\/fr\/bouteille\/camelbak-thrive-chug-600ml\/","url":"https:\/\/www.mycamelbak.ch\/fr\/bouteille\/camelbak-thrive-chug-600ml\/","name":"CamelBak Thrive Chug 0.6l - MyCamelBak","isPartOf":{"@id":"https:\/\/www.mycamelbak.ch\/fr\/#website"},"datePublished":"2025-01-24T09:29:03+00:00","dateModified":"2026-02-02T10:15:57+00:00","breadcrumb":{"@id":"https:\/\/www.mycamelbak.ch\/fr\/bouteille\/camelbak-thrive-chug-600ml\/#breadcrumb"},"inLanguage":"fr-FR","potentialAction":[{"@type":"ReadAction","target":["https:\/\/www.mycamelbak.ch\/fr\/bouteille\/camelbak-thrive-chug-600ml\/"]}]},{"@type":"BreadcrumbList","@id":"https:\/\/www.mycamelbak.ch\/fr\/bouteille\/camelbak-thrive-chug-600ml\/#breadcrumb","itemListElement":[{"@type":"ListItem","position":1,"name":"Home","item":"https:\/\/www.mycamelbak.ch\/fr\/"},{"@type":"ListItem","position":2,"name":"Boutique","item":"https:\/\/www.mycamelbak.ch\/fr\/boutique\/"},{"@type":"ListItem","position":3,"name":"CamelBak Thrive Chug 0.6l"}]},{"@type":"WebSite","@id":"https:\/\/www.mycamelbak.ch\/fr\/#website","url":"https:\/\/www.mycamelbak.ch\/fr\/","name":"MyCamelBak","description":"","publisher":{"@id":"https:\/\/www.mycamelbak.ch\/fr\/#organization"},"potentialAction":[{"@type":"SearchAction","target":{"@type":"EntryPoint","urlTemplate":"https:\/\/www.mycamelbak.ch\/fr\/?s={search_term_string}"},"query-input":"required name=search_term_string"}],"inLanguage":"fr-FR"},{"@type":"Organization","@id":"https:\/\/www.mycamelbak.ch\/fr\/#organization","name":"Vetrieb CamelBak Schweiz","url":"https:\/\/www.mycamelbak.ch\/fr\/","logo":{"@type":"ImageObject","inLanguage":"fr-FR","@id":"https:\/\/www.mycamelbak.ch\/fr\/#\/schema\/logo\/image\/","url":"https:\/\/www.mycamelbak.ch\/wp-content\/uploads\/2020\/06\/logo.svg","contentUrl":"https:\/\/www.mycamelbak.ch\/wp-content\/uploads\/2020\/06\/logo.svg","width":300,"height":82,"caption":"Vetrieb CamelBak Schweiz"},"image":{"@id":"https:\/\/www.mycamelbak.ch\/fr\/#\/schema\/logo\/image\/"},"sameAs":["https:\/\/www.facebook.com\/CamelBak-CH-105592114526163\/","https:\/\/www.instagram.com\/camelbakch\/","https:\/\/www.linkedin.com\/company\/camelbak-ch\/"]}]}},"_links":{"self":[{"href":"https:\/\/www.mycamelbak.ch\/fr\/wp-json\/wp\/v2\/product\/20799"}],"collection":[{"href":"https:\/\/www.mycamelbak.ch\/fr\/wp-json\/wp\/v2\/product"}],"about":[{"href":"https:\/\/www.mycamelbak.ch\/fr\/wp-json\/wp\/v2\/types\/product"}],"replies":[{"embeddable":true,"href":"https:\/\/www.mycamelbak.ch\/fr\/wp-json\/wp\/v2\/comments?post=20799"}],"wp:featuredmedia":[{"embeddable":true,"href":"https:\/\/www.mycamelbak.ch\/fr\/wp-json\/wp\/v2\/media\/26931"}],"wp:attachment":[{"href":"https:\/\/www.mycamelbak.ch\/fr\/wp-json\/wp\/v2\/media?parent=20799"}],"wp:term":[{"taxonomy":"product_cat","embeddable":true,"href":"https:\/\/www.mycamelbak.ch\/fr\/wp-json\/wp\/v2\/product_cat?post=20799"},{"taxonomy":"product_tag","embeddable":true,"href":"https:\/\/www.mycamelbak.ch\/fr\/wp-json\/wp\/v2\/product_tag?post=20799"}],"curies":[{"name":"wp","href":"https:\/\/api.w.org\/{rel}","templated":true}]}}