{"id":20952,"date":"2025-01-24T15:31:03","date_gmt":"2025-01-24T14:31:05","guid":{"rendered":"https:\/\/www.mycamelbak.ch\/?post_type=product&#038;p=20952"},"modified":"2026-02-02T11:16:47","modified_gmt":"2026-02-02T10:16:47","slug":"camelbak-podium-v-i-0-65l","status":"publish","type":"product","link":"https:\/\/www.mycamelbak.ch\/fr\/bouteille\/camelbak-podium-v-i-0-65l\/","title":{"rendered":"CamelBak Podium V.I. 0.65l"},"content":{"rendered":"","protected":false},"excerpt":{"rendered":"<p>Quand tu vas au bout de tes limites, il te faut une bouteille aussi solide que l&#8217;acier. Robuste, fiable, \u00e9l\u00e9gante et innovante : c&#8217;est le design High-Flow. Il garantit ainsi une hydratation id\u00e9ale \u00e0 tout moment.<\/p>\n<p>Caract\u00e9ristiques :<\/p>\n<ul>\n<li>Isolation sous vide \u00e0 double paroi : garde toujours la fra\u00eecheur.<\/li>\n<li>Design l\u00e9ger : si l\u00e9ger que tu pourrais oublier qu&#8217;il est l\u00e0.<\/li>\n<li>Dur\u00e9e de la garantie contre le froid : 14 heures<\/li>\n<li>Pas besoin de le compresser : il suffit de le saisir, de le soulever et de le boire<\/li>\n<li>Acier inoxydable 18\/8 : robuste comme un clou, mais n&#8217;a pas le m\u00eame go\u00fbt<\/li>\n<li>Quand tu repousses tes limites, tu as besoin d&#8217;une bouteille aussi solide que l&#8217;acier. Robuste, fiable, \u00e9l\u00e9gante et innovante : c&#8217;est le design High-Flow. Il garantit ainsi une hydratation id\u00e9ale \u00e0 tout moment.<\/li>\n<li>Fermeture High-Flow : boire facilement<\/li>\n<li>Fermeture anti-fuite : pas de renversement pendant les sensations fortes<\/li>\n<li>Forme optimis\u00e9e du porte-bouteille : s&#8217;adapte \u00e0 la plupart des porte-bouteilles<\/li>\n<li>Sans BPA : salis-toi, ta boisson reste propre<br \/>\nFacile \u00e0 nettoyer : confortable m\u00eame apr\u00e8s la randonn\u00e9e<br \/>\nCompatibilit\u00e9 : syst\u00e8me de fermeture universel.<\/li>\n<\/ul>\n","protected":false},"featured_media":26928,"comment_status":"closed","ping_status":"closed","template":"","meta":{"_mi_skip_tracking":false,"_monsterinsights_sitenote_active":false,"_monsterinsights_sitenote_note":"","_monsterinsights_sitenote_category":0},"product_cat":[48,47],"product_tag":[61],"tiered_pricing_type":"fixed","tiered_pricing_fixed_rules":{"10":"55.10","25":"53.90"},"yoast_head":"<!-- This site is optimized with the Yoast SEO plugin v21.5 - https:\/\/yoast.com\/wordpress\/plugins\/seo\/ -->\n<title>CamelBak Podium V.I. 0.65l - MyCamelBak<\/title>\n<meta name=\"robots\" content=\"index, follow, max-snippet:-1, max-image-preview:large, max-video-preview:-1\" \/>\n<link rel=\"canonical\" href=\"https:\/\/www.mycamelbak.ch\/fr\/bouteille\/camelbak-podium-v-i-0-65l\/\" \/>\n<meta property=\"og:locale\" content=\"fr_FR\" \/>\n<meta property=\"og:type\" content=\"article\" \/>\n<meta property=\"og:title\" content=\"CamelBak Podium V.I. 0.65l - MyCamelBak\" \/>\n<meta property=\"og:description\" content=\"Quand tu vas au bout de tes limites, il te faut une bouteille aussi solide que l&#039;acier. Robuste, fiable, \u00e9l\u00e9gante et innovante : c&#039;est le design High-Flow. Il garantit ainsi une hydratation id\u00e9ale \u00e0 tout moment.  Caract\u00e9ristiques :   Isolation sous vide \u00e0 double paroi : garde toujours la fra\u00eecheur.  Design l\u00e9ger : si l\u00e9ger que tu pourrais oublier qu&#039;il est l\u00e0.  Dur\u00e9e de la garantie contre le froid : 14 heures  Pas besoin de le compresser : il suffit de le saisir, de le soulever et de le boire  Acier inoxydable 18\/8 : robuste comme un clou, mais n&#039;a pas le m\u00eame go\u00fbt  Quand tu repousses tes limites, tu as besoin d&#039;une bouteille aussi solide que l&#039;acier. Robuste, fiable, \u00e9l\u00e9gante et innovante : c&#039;est le design High-Flow. Il garantit ainsi une hydratation id\u00e9ale \u00e0 tout moment.  Fermeture High-Flow : boire facilement  Fermeture anti-fuite : pas de renversement pendant les sensations fortes  Forme optimis\u00e9e du porte-bouteille : s&#039;adapte \u00e0 la plupart des porte-bouteilles  Sans BPA : salis-toi, ta boisson reste propre Facile \u00e0 nettoyer : confortable m\u00eame apr\u00e8s la randonn\u00e9e Compatibilit\u00e9 : syst\u00e8me de fermeture universel.\" \/>\n<meta property=\"og:url\" content=\"https:\/\/www.mycamelbak.ch\/fr\/bouteille\/camelbak-podium-v-i-0-65l\/\" \/>\n<meta property=\"og:site_name\" content=\"MyCamelBak\" \/>\n<meta property=\"article:publisher\" content=\"https:\/\/www.facebook.com\/CamelBak-CH-105592114526163\/\" \/>\n<meta property=\"article:modified_time\" content=\"2026-02-02T10:16:47+00:00\" \/>\n<meta property=\"og:image\" content=\"https:\/\/www.mycamelbak.ch\/wp-content\/uploads\/2025\/01\/2965102065.jpg\" \/>\n\t<meta property=\"og:image:width\" content=\"2400\" \/>\n\t<meta property=\"og:image:height\" content=\"2400\" \/>\n\t<meta property=\"og:image:type\" content=\"image\/jpeg\" \/>\n<meta name=\"twitter:card\" content=\"summary_large_image\" \/>\n<script type=\"application\/ld+json\" class=\"yoast-schema-graph\">{\"@context\":\"https:\/\/schema.org\",\"@graph\":[{\"@type\":\"WebPage\",\"@id\":\"https:\/\/www.mycamelbak.ch\/fr\/bouteille\/camelbak-podium-v-i-0-65l\/\",\"url\":\"https:\/\/www.mycamelbak.ch\/fr\/bouteille\/camelbak-podium-v-i-0-65l\/\",\"name\":\"CamelBak Podium V.I. 0.65l - MyCamelBak\",\"isPartOf\":{\"@id\":\"https:\/\/www.mycamelbak.ch\/fr\/#website\"},\"datePublished\":\"2025-01-24T14:31:05+00:00\",\"dateModified\":\"2026-02-02T10:16:47+00:00\",\"breadcrumb\":{\"@id\":\"https:\/\/www.mycamelbak.ch\/fr\/bouteille\/camelbak-podium-v-i-0-65l\/#breadcrumb\"},\"inLanguage\":\"fr-FR\",\"potentialAction\":[{\"@type\":\"ReadAction\",\"target\":[\"https:\/\/www.mycamelbak.ch\/fr\/bouteille\/camelbak-podium-v-i-0-65l\/\"]}]},{\"@type\":\"BreadcrumbList\",\"@id\":\"https:\/\/www.mycamelbak.ch\/fr\/bouteille\/camelbak-podium-v-i-0-65l\/#breadcrumb\",\"itemListElement\":[{\"@type\":\"ListItem\",\"position\":1,\"name\":\"Home\",\"item\":\"https:\/\/www.mycamelbak.ch\/fr\/\"},{\"@type\":\"ListItem\",\"position\":2,\"name\":\"Boutique\",\"item\":\"https:\/\/www.mycamelbak.ch\/fr\/boutique\/\"},{\"@type\":\"ListItem\",\"position\":3,\"name\":\"CamelBak Podium V.I. 0.65l\"}]},{\"@type\":\"WebSite\",\"@id\":\"https:\/\/www.mycamelbak.ch\/fr\/#website\",\"url\":\"https:\/\/www.mycamelbak.ch\/fr\/\",\"name\":\"MyCamelBak\",\"description\":\"\",\"publisher\":{\"@id\":\"https:\/\/www.mycamelbak.ch\/fr\/#organization\"},\"potentialAction\":[{\"@type\":\"SearchAction\",\"target\":{\"@type\":\"EntryPoint\",\"urlTemplate\":\"https:\/\/www.mycamelbak.ch\/fr\/?s={search_term_string}\"},\"query-input\":\"required name=search_term_string\"}],\"inLanguage\":\"fr-FR\"},{\"@type\":\"Organization\",\"@id\":\"https:\/\/www.mycamelbak.ch\/fr\/#organization\",\"name\":\"Vetrieb CamelBak Schweiz\",\"url\":\"https:\/\/www.mycamelbak.ch\/fr\/\",\"logo\":{\"@type\":\"ImageObject\",\"inLanguage\":\"fr-FR\",\"@id\":\"https:\/\/www.mycamelbak.ch\/fr\/#\/schema\/logo\/image\/\",\"url\":\"https:\/\/www.mycamelbak.ch\/wp-content\/uploads\/2020\/06\/logo.svg\",\"contentUrl\":\"https:\/\/www.mycamelbak.ch\/wp-content\/uploads\/2020\/06\/logo.svg\",\"width\":300,\"height\":82,\"caption\":\"Vetrieb CamelBak Schweiz\"},\"image\":{\"@id\":\"https:\/\/www.mycamelbak.ch\/fr\/#\/schema\/logo\/image\/\"},\"sameAs\":[\"https:\/\/www.facebook.com\/CamelBak-CH-105592114526163\/\",\"https:\/\/www.instagram.com\/camelbakch\/\",\"https:\/\/www.linkedin.com\/company\/camelbak-ch\/\"]}]}<\/script>\n<!-- \/ Yoast SEO plugin. -->","yoast_head_json":{"title":"CamelBak Podium V.I. 0.65l - MyCamelBak","robots":{"index":"index","follow":"follow","max-snippet":"max-snippet:-1","max-image-preview":"max-image-preview:large","max-video-preview":"max-video-preview:-1"},"canonical":"https:\/\/www.mycamelbak.ch\/fr\/bouteille\/camelbak-podium-v-i-0-65l\/","og_locale":"fr_FR","og_type":"article","og_title":"CamelBak Podium V.I. 0.65l - MyCamelBak","og_description":"Quand tu vas au bout de tes limites, il te faut une bouteille aussi solide que l'acier. Robuste, fiable, \u00e9l\u00e9gante et innovante : c'est le design High-Flow. Il garantit ainsi une hydratation id\u00e9ale \u00e0 tout moment.  Caract\u00e9ristiques :   Isolation sous vide \u00e0 double paroi : garde toujours la fra\u00eecheur.  Design l\u00e9ger : si l\u00e9ger que tu pourrais oublier qu'il est l\u00e0.  Dur\u00e9e de la garantie contre le froid : 14 heures  Pas besoin de le compresser : il suffit de le saisir, de le soulever et de le boire  Acier inoxydable 18\/8 : robuste comme un clou, mais n'a pas le m\u00eame go\u00fbt  Quand tu repousses tes limites, tu as besoin d'une bouteille aussi solide que l'acier. Robuste, fiable, \u00e9l\u00e9gante et innovante : c'est le design High-Flow. Il garantit ainsi une hydratation id\u00e9ale \u00e0 tout moment.  Fermeture High-Flow : boire facilement  Fermeture anti-fuite : pas de renversement pendant les sensations fortes  Forme optimis\u00e9e du porte-bouteille : s'adapte \u00e0 la plupart des porte-bouteilles  Sans BPA : salis-toi, ta boisson reste propre Facile \u00e0 nettoyer : confortable m\u00eame apr\u00e8s la randonn\u00e9e Compatibilit\u00e9 : syst\u00e8me de fermeture universel.","og_url":"https:\/\/www.mycamelbak.ch\/fr\/bouteille\/camelbak-podium-v-i-0-65l\/","og_site_name":"MyCamelBak","article_publisher":"https:\/\/www.facebook.com\/CamelBak-CH-105592114526163\/","article_modified_time":"2026-02-02T10:16:47+00:00","og_image":[{"width":2400,"height":2400,"url":"https:\/\/www.mycamelbak.ch\/wp-content\/uploads\/2025\/01\/2965102065.jpg","type":"image\/jpeg"}],"twitter_card":"summary_large_image","schema":{"@context":"https:\/\/schema.org","@graph":[{"@type":"WebPage","@id":"https:\/\/www.mycamelbak.ch\/fr\/bouteille\/camelbak-podium-v-i-0-65l\/","url":"https:\/\/www.mycamelbak.ch\/fr\/bouteille\/camelbak-podium-v-i-0-65l\/","name":"CamelBak Podium V.I. 0.65l - MyCamelBak","isPartOf":{"@id":"https:\/\/www.mycamelbak.ch\/fr\/#website"},"datePublished":"2025-01-24T14:31:05+00:00","dateModified":"2026-02-02T10:16:47+00:00","breadcrumb":{"@id":"https:\/\/www.mycamelbak.ch\/fr\/bouteille\/camelbak-podium-v-i-0-65l\/#breadcrumb"},"inLanguage":"fr-FR","potentialAction":[{"@type":"ReadAction","target":["https:\/\/www.mycamelbak.ch\/fr\/bouteille\/camelbak-podium-v-i-0-65l\/"]}]},{"@type":"BreadcrumbList","@id":"https:\/\/www.mycamelbak.ch\/fr\/bouteille\/camelbak-podium-v-i-0-65l\/#breadcrumb","itemListElement":[{"@type":"ListItem","position":1,"name":"Home","item":"https:\/\/www.mycamelbak.ch\/fr\/"},{"@type":"ListItem","position":2,"name":"Boutique","item":"https:\/\/www.mycamelbak.ch\/fr\/boutique\/"},{"@type":"ListItem","position":3,"name":"CamelBak Podium V.I. 0.65l"}]},{"@type":"WebSite","@id":"https:\/\/www.mycamelbak.ch\/fr\/#website","url":"https:\/\/www.mycamelbak.ch\/fr\/","name":"MyCamelBak","description":"","publisher":{"@id":"https:\/\/www.mycamelbak.ch\/fr\/#organization"},"potentialAction":[{"@type":"SearchAction","target":{"@type":"EntryPoint","urlTemplate":"https:\/\/www.mycamelbak.ch\/fr\/?s={search_term_string}"},"query-input":"required name=search_term_string"}],"inLanguage":"fr-FR"},{"@type":"Organization","@id":"https:\/\/www.mycamelbak.ch\/fr\/#organization","name":"Vetrieb CamelBak Schweiz","url":"https:\/\/www.mycamelbak.ch\/fr\/","logo":{"@type":"ImageObject","inLanguage":"fr-FR","@id":"https:\/\/www.mycamelbak.ch\/fr\/#\/schema\/logo\/image\/","url":"https:\/\/www.mycamelbak.ch\/wp-content\/uploads\/2020\/06\/logo.svg","contentUrl":"https:\/\/www.mycamelbak.ch\/wp-content\/uploads\/2020\/06\/logo.svg","width":300,"height":82,"caption":"Vetrieb CamelBak Schweiz"},"image":{"@id":"https:\/\/www.mycamelbak.ch\/fr\/#\/schema\/logo\/image\/"},"sameAs":["https:\/\/www.facebook.com\/CamelBak-CH-105592114526163\/","https:\/\/www.instagram.com\/camelbakch\/","https:\/\/www.linkedin.com\/company\/camelbak-ch\/"]}]}},"_links":{"self":[{"href":"https:\/\/www.mycamelbak.ch\/fr\/wp-json\/wp\/v2\/product\/20952"}],"collection":[{"href":"https:\/\/www.mycamelbak.ch\/fr\/wp-json\/wp\/v2\/product"}],"about":[{"href":"https:\/\/www.mycamelbak.ch\/fr\/wp-json\/wp\/v2\/types\/product"}],"replies":[{"embeddable":true,"href":"https:\/\/www.mycamelbak.ch\/fr\/wp-json\/wp\/v2\/comments?post=20952"}],"wp:featuredmedia":[{"embeddable":true,"href":"https:\/\/www.mycamelbak.ch\/fr\/wp-json\/wp\/v2\/media\/26928"}],"wp:attachment":[{"href":"https:\/\/www.mycamelbak.ch\/fr\/wp-json\/wp\/v2\/media?parent=20952"}],"wp:term":[{"taxonomy":"product_cat","embeddable":true,"href":"https:\/\/www.mycamelbak.ch\/fr\/wp-json\/wp\/v2\/product_cat?post=20952"},{"taxonomy":"product_tag","embeddable":true,"href":"https:\/\/www.mycamelbak.ch\/fr\/wp-json\/wp\/v2\/product_tag?post=20952"}],"curies":[{"name":"wp","href":"https:\/\/api.w.org\/{rel}","templated":true}]}}