{"id":21003,"date":"2025-01-24T15:49:57","date_gmt":"2025-01-24T14:49:59","guid":{"rendered":"https:\/\/www.mycamelbak.ch\/?post_type=product&#038;p=21003"},"modified":"2026-02-02T11:16:51","modified_gmt":"2026-02-02T10:16:51","slug":"camelbak-podium-440ml","status":"publish","type":"product","link":"https:\/\/www.mycamelbak.ch\/fr\/bouteille\/camelbak-podium-440ml\/","title":{"rendered":"CamelBak Podium 440ml"},"content":{"rendered":"","protected":false},"excerpt":{"rendered":"<p>Quelle que soit la distance, rester hydrat\u00e9 \u00e0 v\u00e9lo est essentiel. Ce nouveau format de 450 ml est con\u00e7u pour s&#8217;adapter \u00e0 une grande vari\u00e9t\u00e9 de porte-bidons du march\u00e9. Sa conception souple permet de boire davantage avec moins d\u2019effort, tandis que le bouchon auto-\u00e9tanche r\u00e9duit les risques de d\u00e9versements et d\u2019\u00e9claboussures. Le syst\u00e8me On\/Off garantit un verrouillage complet pour un transport parfaitement \u00e9tanche. Toutes les pi\u00e8ces sont garanties sans BPA, BPS et BPF. Le bidon Podium offre une hydratation de premier ordre pour que vous puissiez rester concentr\u00e9 sur la route.<\/p>\n<ul>\n<li>Polypropyl\u00e8ne TruTaste\u2122 sans BPA<\/li>\n<li>Bouchon \u00e9tanche, sans BPS, BPA, BPF<\/li>\n<li>Facile \u00e0 nettoyer<\/li>\n<li>Con\u00e7u pour s&#8217;adapter \u00e0 tous les porte-bidons<\/li>\n<li>Verrouillage complet pour un transport facile<\/li>\n<\/ul>\n","protected":false},"featured_media":26910,"comment_status":"closed","ping_status":"closed","template":"","meta":{"_mi_skip_tracking":false,"_monsterinsights_sitenote_active":false,"_monsterinsights_sitenote_note":"","_monsterinsights_sitenote_category":0},"product_cat":[48,47],"product_tag":[61],"tiered_pricing_type":"fixed","tiered_pricing_fixed_rules":{"10":"33.90","25":"33.20"},"yoast_head":"<!-- This site is optimized with the Yoast SEO plugin v21.5 - https:\/\/yoast.com\/wordpress\/plugins\/seo\/ -->\n<title>CamelBak Podium 440ml - MyCamelBak<\/title>\n<meta name=\"robots\" content=\"index, follow, max-snippet:-1, max-image-preview:large, max-video-preview:-1\" \/>\n<link rel=\"canonical\" href=\"https:\/\/www.mycamelbak.ch\/fr\/bouteille\/camelbak-podium-440ml\/\" \/>\n<meta property=\"og:locale\" content=\"fr_FR\" \/>\n<meta property=\"og:type\" content=\"article\" \/>\n<meta property=\"og:title\" content=\"CamelBak Podium 440ml - MyCamelBak\" \/>\n<meta property=\"og:description\" content=\"Quelle que soit la distance, rester hydrat\u00e9 \u00e0 v\u00e9lo est essentiel. Ce nouveau format de 450 ml est con\u00e7u pour s&#039;adapter \u00e0 une grande vari\u00e9t\u00e9 de porte-bidons du march\u00e9. Sa conception souple permet de boire davantage avec moins d\u2019effort, tandis que le bouchon auto-\u00e9tanche r\u00e9duit les risques de d\u00e9versements et d\u2019\u00e9claboussures. Le syst\u00e8me On\/Off garantit un verrouillage complet pour un transport parfaitement \u00e9tanche. Toutes les pi\u00e8ces sont garanties sans BPA, BPS et BPF. Le bidon Podium offre une hydratation de premier ordre pour que vous puissiez rester concentr\u00e9 sur la route.   Polypropyl\u00e8ne TruTaste\u2122 sans BPA  Bouchon \u00e9tanche, sans BPS, BPA, BPF  Facile \u00e0 nettoyer  Con\u00e7u pour s&#039;adapter \u00e0 tous les porte-bidons  Verrouillage complet pour un transport facile\" \/>\n<meta property=\"og:url\" content=\"https:\/\/www.mycamelbak.ch\/fr\/bouteille\/camelbak-podium-440ml\/\" \/>\n<meta property=\"og:site_name\" content=\"MyCamelBak\" \/>\n<meta property=\"article:publisher\" content=\"https:\/\/www.facebook.com\/CamelBak-CH-105592114526163\/\" \/>\n<meta property=\"article:modified_time\" content=\"2026-02-02T10:16:51+00:00\" \/>\n<meta property=\"og:image\" content=\"https:\/\/www.mycamelbak.ch\/wp-content\/uploads\/2025\/01\/3091005000.jpg\" \/>\n\t<meta property=\"og:image:width\" content=\"2100\" \/>\n\t<meta property=\"og:image:height\" content=\"2100\" \/>\n\t<meta property=\"og:image:type\" content=\"image\/jpeg\" \/>\n<meta name=\"twitter:card\" content=\"summary_large_image\" \/>\n<script type=\"application\/ld+json\" class=\"yoast-schema-graph\">{\"@context\":\"https:\/\/schema.org\",\"@graph\":[{\"@type\":\"WebPage\",\"@id\":\"https:\/\/www.mycamelbak.ch\/fr\/bouteille\/camelbak-podium-440ml\/\",\"url\":\"https:\/\/www.mycamelbak.ch\/fr\/bouteille\/camelbak-podium-440ml\/\",\"name\":\"CamelBak Podium 440ml - MyCamelBak\",\"isPartOf\":{\"@id\":\"https:\/\/www.mycamelbak.ch\/fr\/#website\"},\"datePublished\":\"2025-01-24T14:49:59+00:00\",\"dateModified\":\"2026-02-02T10:16:51+00:00\",\"breadcrumb\":{\"@id\":\"https:\/\/www.mycamelbak.ch\/fr\/bouteille\/camelbak-podium-440ml\/#breadcrumb\"},\"inLanguage\":\"fr-FR\",\"potentialAction\":[{\"@type\":\"ReadAction\",\"target\":[\"https:\/\/www.mycamelbak.ch\/fr\/bouteille\/camelbak-podium-440ml\/\"]}]},{\"@type\":\"BreadcrumbList\",\"@id\":\"https:\/\/www.mycamelbak.ch\/fr\/bouteille\/camelbak-podium-440ml\/#breadcrumb\",\"itemListElement\":[{\"@type\":\"ListItem\",\"position\":1,\"name\":\"Home\",\"item\":\"https:\/\/www.mycamelbak.ch\/fr\/\"},{\"@type\":\"ListItem\",\"position\":2,\"name\":\"Boutique\",\"item\":\"https:\/\/www.mycamelbak.ch\/fr\/boutique\/\"},{\"@type\":\"ListItem\",\"position\":3,\"name\":\"CamelBak Podium 440ml\"}]},{\"@type\":\"WebSite\",\"@id\":\"https:\/\/www.mycamelbak.ch\/fr\/#website\",\"url\":\"https:\/\/www.mycamelbak.ch\/fr\/\",\"name\":\"MyCamelBak\",\"description\":\"\",\"publisher\":{\"@id\":\"https:\/\/www.mycamelbak.ch\/fr\/#organization\"},\"potentialAction\":[{\"@type\":\"SearchAction\",\"target\":{\"@type\":\"EntryPoint\",\"urlTemplate\":\"https:\/\/www.mycamelbak.ch\/fr\/?s={search_term_string}\"},\"query-input\":\"required name=search_term_string\"}],\"inLanguage\":\"fr-FR\"},{\"@type\":\"Organization\",\"@id\":\"https:\/\/www.mycamelbak.ch\/fr\/#organization\",\"name\":\"Vetrieb CamelBak Schweiz\",\"url\":\"https:\/\/www.mycamelbak.ch\/fr\/\",\"logo\":{\"@type\":\"ImageObject\",\"inLanguage\":\"fr-FR\",\"@id\":\"https:\/\/www.mycamelbak.ch\/fr\/#\/schema\/logo\/image\/\",\"url\":\"https:\/\/www.mycamelbak.ch\/wp-content\/uploads\/2020\/06\/logo.svg\",\"contentUrl\":\"https:\/\/www.mycamelbak.ch\/wp-content\/uploads\/2020\/06\/logo.svg\",\"width\":300,\"height\":82,\"caption\":\"Vetrieb CamelBak Schweiz\"},\"image\":{\"@id\":\"https:\/\/www.mycamelbak.ch\/fr\/#\/schema\/logo\/image\/\"},\"sameAs\":[\"https:\/\/www.facebook.com\/CamelBak-CH-105592114526163\/\",\"https:\/\/www.instagram.com\/camelbakch\/\",\"https:\/\/www.linkedin.com\/company\/camelbak-ch\/\"]}]}<\/script>\n<!-- \/ Yoast SEO plugin. -->","yoast_head_json":{"title":"CamelBak Podium 440ml - MyCamelBak","robots":{"index":"index","follow":"follow","max-snippet":"max-snippet:-1","max-image-preview":"max-image-preview:large","max-video-preview":"max-video-preview:-1"},"canonical":"https:\/\/www.mycamelbak.ch\/fr\/bouteille\/camelbak-podium-440ml\/","og_locale":"fr_FR","og_type":"article","og_title":"CamelBak Podium 440ml - MyCamelBak","og_description":"Quelle que soit la distance, rester hydrat\u00e9 \u00e0 v\u00e9lo est essentiel. Ce nouveau format de 450 ml est con\u00e7u pour s'adapter \u00e0 une grande vari\u00e9t\u00e9 de porte-bidons du march\u00e9. Sa conception souple permet de boire davantage avec moins d\u2019effort, tandis que le bouchon auto-\u00e9tanche r\u00e9duit les risques de d\u00e9versements et d\u2019\u00e9claboussures. Le syst\u00e8me On\/Off garantit un verrouillage complet pour un transport parfaitement \u00e9tanche. Toutes les pi\u00e8ces sont garanties sans BPA, BPS et BPF. Le bidon Podium offre une hydratation de premier ordre pour que vous puissiez rester concentr\u00e9 sur la route.   Polypropyl\u00e8ne TruTaste\u2122 sans BPA  Bouchon \u00e9tanche, sans BPS, BPA, BPF  Facile \u00e0 nettoyer  Con\u00e7u pour s'adapter \u00e0 tous les porte-bidons  Verrouillage complet pour un transport facile","og_url":"https:\/\/www.mycamelbak.ch\/fr\/bouteille\/camelbak-podium-440ml\/","og_site_name":"MyCamelBak","article_publisher":"https:\/\/www.facebook.com\/CamelBak-CH-105592114526163\/","article_modified_time":"2026-02-02T10:16:51+00:00","og_image":[{"width":2100,"height":2100,"url":"https:\/\/www.mycamelbak.ch\/wp-content\/uploads\/2025\/01\/3091005000.jpg","type":"image\/jpeg"}],"twitter_card":"summary_large_image","schema":{"@context":"https:\/\/schema.org","@graph":[{"@type":"WebPage","@id":"https:\/\/www.mycamelbak.ch\/fr\/bouteille\/camelbak-podium-440ml\/","url":"https:\/\/www.mycamelbak.ch\/fr\/bouteille\/camelbak-podium-440ml\/","name":"CamelBak Podium 440ml - MyCamelBak","isPartOf":{"@id":"https:\/\/www.mycamelbak.ch\/fr\/#website"},"datePublished":"2025-01-24T14:49:59+00:00","dateModified":"2026-02-02T10:16:51+00:00","breadcrumb":{"@id":"https:\/\/www.mycamelbak.ch\/fr\/bouteille\/camelbak-podium-440ml\/#breadcrumb"},"inLanguage":"fr-FR","potentialAction":[{"@type":"ReadAction","target":["https:\/\/www.mycamelbak.ch\/fr\/bouteille\/camelbak-podium-440ml\/"]}]},{"@type":"BreadcrumbList","@id":"https:\/\/www.mycamelbak.ch\/fr\/bouteille\/camelbak-podium-440ml\/#breadcrumb","itemListElement":[{"@type":"ListItem","position":1,"name":"Home","item":"https:\/\/www.mycamelbak.ch\/fr\/"},{"@type":"ListItem","position":2,"name":"Boutique","item":"https:\/\/www.mycamelbak.ch\/fr\/boutique\/"},{"@type":"ListItem","position":3,"name":"CamelBak Podium 440ml"}]},{"@type":"WebSite","@id":"https:\/\/www.mycamelbak.ch\/fr\/#website","url":"https:\/\/www.mycamelbak.ch\/fr\/","name":"MyCamelBak","description":"","publisher":{"@id":"https:\/\/www.mycamelbak.ch\/fr\/#organization"},"potentialAction":[{"@type":"SearchAction","target":{"@type":"EntryPoint","urlTemplate":"https:\/\/www.mycamelbak.ch\/fr\/?s={search_term_string}"},"query-input":"required name=search_term_string"}],"inLanguage":"fr-FR"},{"@type":"Organization","@id":"https:\/\/www.mycamelbak.ch\/fr\/#organization","name":"Vetrieb CamelBak Schweiz","url":"https:\/\/www.mycamelbak.ch\/fr\/","logo":{"@type":"ImageObject","inLanguage":"fr-FR","@id":"https:\/\/www.mycamelbak.ch\/fr\/#\/schema\/logo\/image\/","url":"https:\/\/www.mycamelbak.ch\/wp-content\/uploads\/2020\/06\/logo.svg","contentUrl":"https:\/\/www.mycamelbak.ch\/wp-content\/uploads\/2020\/06\/logo.svg","width":300,"height":82,"caption":"Vetrieb CamelBak Schweiz"},"image":{"@id":"https:\/\/www.mycamelbak.ch\/fr\/#\/schema\/logo\/image\/"},"sameAs":["https:\/\/www.facebook.com\/CamelBak-CH-105592114526163\/","https:\/\/www.instagram.com\/camelbakch\/","https:\/\/www.linkedin.com\/company\/camelbak-ch\/"]}]}},"_links":{"self":[{"href":"https:\/\/www.mycamelbak.ch\/fr\/wp-json\/wp\/v2\/product\/21003"}],"collection":[{"href":"https:\/\/www.mycamelbak.ch\/fr\/wp-json\/wp\/v2\/product"}],"about":[{"href":"https:\/\/www.mycamelbak.ch\/fr\/wp-json\/wp\/v2\/types\/product"}],"replies":[{"embeddable":true,"href":"https:\/\/www.mycamelbak.ch\/fr\/wp-json\/wp\/v2\/comments?post=21003"}],"wp:featuredmedia":[{"embeddable":true,"href":"https:\/\/www.mycamelbak.ch\/fr\/wp-json\/wp\/v2\/media\/26910"}],"wp:attachment":[{"href":"https:\/\/www.mycamelbak.ch\/fr\/wp-json\/wp\/v2\/media?parent=21003"}],"wp:term":[{"taxonomy":"product_cat","embeddable":true,"href":"https:\/\/www.mycamelbak.ch\/fr\/wp-json\/wp\/v2\/product_cat?post=21003"},{"taxonomy":"product_tag","embeddable":true,"href":"https:\/\/www.mycamelbak.ch\/fr\/wp-json\/wp\/v2\/product_tag?post=21003"}],"curies":[{"name":"wp","href":"https:\/\/api.w.org\/{rel}","templated":true}]}}