{"id":818,"date":"2020-06-17T22:58:05","date_gmt":"2020-06-17T20:58:05","guid":{"rendered":"https:\/\/www.mycamelbak.ch\/flasche\/camelbak-podium-bottle-0-71l\/"},"modified":"2023-11-03T15:33:38","modified_gmt":"2023-11-03T14:33:38","slug":"camelbak-podium-bottle-0-71l","status":"publish","type":"product","link":"https:\/\/www.mycamelbak.ch\/fr\/bouteille\/camelbak-podium-bottle-0-71l\/","title":{"rendered":"CamelBak Podium Bottle 0.71l"},"content":{"rendered":"<p><br data-mce-bogus=\"1\"><\/p>\n","protected":false},"excerpt":{"rendered":"<p>Le bidon Podium de CamelBak est la meilleure option pour s&#8217;hydrater en permanence pendant que vous roulez. Sa forme a \u00e9t\u00e9 optimis\u00e9e pour les porte-bidons et son tout nouveau bouchon auto-obturant \u00e0 haut d\u00e9bit est facile \u00e0 nettoyer. Ce mod\u00e8le reste tr\u00e8s appr\u00e9ci\u00e9 autant par les professionnels que les sportifs amateurs. De plus il est exempt de BPA, de BPS et de BPF \u00e0 100%.<\/p>\n<p>Sp\u00e9cifications:<\/p>\n<ul>\n<li>Optimisation de la forme pour les porte-bidons. Con\u00e7u pour \u00eatre mis dans la plupart des mod\u00e8les du march\u00e9.<\/li>\n<li>Une simple pression sans effort suffit pour un d\u00e9bit g\u00e9n\u00e9reux.<\/li>\n<li>Valve antifuite avec grand d\u00e9bit qui offre un d\u00e9bit maximal et emp\u00eache les fuites et les \u00e9claboussures.<\/li>\n<li>Exempt de BPA, de BPS et de BPF \u00e0 100%. Conduite et hydratation propre.<\/li>\n<li>Capuchon facile \u00e0 nettoyer: Se d\u00e9monte facilement pour un lavage optimal de chaque pi\u00e8ce.<\/li>\n<\/ul>\n","protected":false},"featured_media":26916,"comment_status":"closed","ping_status":"closed","template":"","meta":{"_mi_skip_tracking":false,"_monsterinsights_sitenote_active":false,"_monsterinsights_sitenote_note":"","_monsterinsights_sitenote_category":0},"product_cat":[48,47],"product_tag":[67],"tiered_pricing_type":"fixed","tiered_pricing_fixed_rules":{"10":"36.90","25":"33.90"},"yoast_head":"<!-- This site is optimized with the Yoast SEO plugin v21.5 - https:\/\/yoast.com\/wordpress\/plugins\/seo\/ -->\n<title>CamelBak Podium Bottle 0.71l - MyCamelBak<\/title>\n<meta name=\"robots\" content=\"index, follow, max-snippet:-1, max-image-preview:large, max-video-preview:-1\" \/>\n<link rel=\"canonical\" href=\"https:\/\/www.mycamelbak.ch\/fr\/bouteille\/camelbak-podium-bottle-0-71l\/\" \/>\n<meta property=\"og:locale\" content=\"fr_FR\" \/>\n<meta property=\"og:type\" content=\"article\" \/>\n<meta property=\"og:title\" content=\"CamelBak Podium Bottle 0.71l - MyCamelBak\" \/>\n<meta property=\"og:description\" content=\"Le bidon Podium de CamelBak est la meilleure option pour s&#039;hydrater en permanence pendant que vous roulez. Sa forme a \u00e9t\u00e9 optimis\u00e9e pour les porte-bidons et son tout nouveau bouchon auto-obturant \u00e0 haut d\u00e9bit est facile \u00e0 nettoyer. Ce mod\u00e8le reste tr\u00e8s appr\u00e9ci\u00e9 autant par les professionnels que les sportifs amateurs. De plus il est exempt de BPA, de BPS et de BPF \u00e0 100%.Sp\u00e9cifications:Optimisation de la forme pour les porte-bidons. Con\u00e7u pour \u00eatre mis dans la plupart des mod\u00e8les du march\u00e9.Une simple pression sans effort suffit pour un d\u00e9bit g\u00e9n\u00e9reux.Valve antifuite avec grand d\u00e9bit qui offre un d\u00e9bit maximal et emp\u00eache les fuites et les \u00e9claboussures.Exempt de BPA, de BPS et de BPF \u00e0 100%. Conduite et hydratation propre.Capuchon facile \u00e0 nettoyer: Se d\u00e9monte facilement pour un lavage optimal de chaque pi\u00e8ce.\" \/>\n<meta property=\"og:url\" content=\"https:\/\/www.mycamelbak.ch\/fr\/bouteille\/camelbak-podium-bottle-0-71l\/\" \/>\n<meta property=\"og:site_name\" content=\"MyCamelBak\" \/>\n<meta property=\"article:publisher\" content=\"https:\/\/www.facebook.com\/CamelBak-CH-105592114526163\/\" \/>\n<meta property=\"article:modified_time\" content=\"2023-11-03T14:33:38+00:00\" \/>\n<meta property=\"og:image\" content=\"https:\/\/www.mycamelbak.ch\/wp-content\/uploads\/2020\/06\/podium_071_smokejpg.jpg\" \/>\n\t<meta property=\"og:image:width\" content=\"1080\" \/>\n\t<meta property=\"og:image:height\" content=\"1080\" \/>\n\t<meta property=\"og:image:type\" content=\"image\/jpeg\" \/>\n<meta name=\"twitter:card\" content=\"summary_large_image\" \/>\n<script type=\"application\/ld+json\" class=\"yoast-schema-graph\">{\"@context\":\"https:\/\/schema.org\",\"@graph\":[{\"@type\":\"WebPage\",\"@id\":\"https:\/\/www.mycamelbak.ch\/fr\/bouteille\/camelbak-podium-bottle-0-71l\/\",\"url\":\"https:\/\/www.mycamelbak.ch\/fr\/bouteille\/camelbak-podium-bottle-0-71l\/\",\"name\":\"CamelBak Podium Bottle 0.71l - MyCamelBak\",\"isPartOf\":{\"@id\":\"https:\/\/www.mycamelbak.ch\/fr\/#website\"},\"datePublished\":\"2020-06-17T20:58:05+00:00\",\"dateModified\":\"2023-11-03T14:33:38+00:00\",\"breadcrumb\":{\"@id\":\"https:\/\/www.mycamelbak.ch\/fr\/bouteille\/camelbak-podium-bottle-0-71l\/#breadcrumb\"},\"inLanguage\":\"fr-FR\",\"potentialAction\":[{\"@type\":\"ReadAction\",\"target\":[\"https:\/\/www.mycamelbak.ch\/fr\/bouteille\/camelbak-podium-bottle-0-71l\/\"]}]},{\"@type\":\"BreadcrumbList\",\"@id\":\"https:\/\/www.mycamelbak.ch\/fr\/bouteille\/camelbak-podium-bottle-0-71l\/#breadcrumb\",\"itemListElement\":[{\"@type\":\"ListItem\",\"position\":1,\"name\":\"Home\",\"item\":\"https:\/\/www.mycamelbak.ch\/fr\/\"},{\"@type\":\"ListItem\",\"position\":2,\"name\":\"Boutique\",\"item\":\"https:\/\/www.mycamelbak.ch\/fr\/boutique\/\"},{\"@type\":\"ListItem\",\"position\":3,\"name\":\"CamelBak Podium Bottle 0.71l\"}]},{\"@type\":\"WebSite\",\"@id\":\"https:\/\/www.mycamelbak.ch\/fr\/#website\",\"url\":\"https:\/\/www.mycamelbak.ch\/fr\/\",\"name\":\"MyCamelBak\",\"description\":\"\",\"publisher\":{\"@id\":\"https:\/\/www.mycamelbak.ch\/fr\/#organization\"},\"potentialAction\":[{\"@type\":\"SearchAction\",\"target\":{\"@type\":\"EntryPoint\",\"urlTemplate\":\"https:\/\/www.mycamelbak.ch\/fr\/?s={search_term_string}\"},\"query-input\":\"required name=search_term_string\"}],\"inLanguage\":\"fr-FR\"},{\"@type\":\"Organization\",\"@id\":\"https:\/\/www.mycamelbak.ch\/fr\/#organization\",\"name\":\"Vetrieb CamelBak Schweiz\",\"url\":\"https:\/\/www.mycamelbak.ch\/fr\/\",\"logo\":{\"@type\":\"ImageObject\",\"inLanguage\":\"fr-FR\",\"@id\":\"https:\/\/www.mycamelbak.ch\/fr\/#\/schema\/logo\/image\/\",\"url\":\"https:\/\/www.mycamelbak.ch\/wp-content\/uploads\/2020\/06\/logo.svg\",\"contentUrl\":\"https:\/\/www.mycamelbak.ch\/wp-content\/uploads\/2020\/06\/logo.svg\",\"width\":300,\"height\":82,\"caption\":\"Vetrieb CamelBak Schweiz\"},\"image\":{\"@id\":\"https:\/\/www.mycamelbak.ch\/fr\/#\/schema\/logo\/image\/\"},\"sameAs\":[\"https:\/\/www.facebook.com\/CamelBak-CH-105592114526163\/\",\"https:\/\/www.instagram.com\/camelbakch\/\",\"https:\/\/www.linkedin.com\/company\/camelbak-ch\/\"]}]}<\/script>\n<!-- \/ Yoast SEO plugin. -->","yoast_head_json":{"title":"CamelBak Podium Bottle 0.71l - MyCamelBak","robots":{"index":"index","follow":"follow","max-snippet":"max-snippet:-1","max-image-preview":"max-image-preview:large","max-video-preview":"max-video-preview:-1"},"canonical":"https:\/\/www.mycamelbak.ch\/fr\/bouteille\/camelbak-podium-bottle-0-71l\/","og_locale":"fr_FR","og_type":"article","og_title":"CamelBak Podium Bottle 0.71l - MyCamelBak","og_description":"Le bidon Podium de CamelBak est la meilleure option pour s'hydrater en permanence pendant que vous roulez. Sa forme a \u00e9t\u00e9 optimis\u00e9e pour les porte-bidons et son tout nouveau bouchon auto-obturant \u00e0 haut d\u00e9bit est facile \u00e0 nettoyer. Ce mod\u00e8le reste tr\u00e8s appr\u00e9ci\u00e9 autant par les professionnels que les sportifs amateurs. De plus il est exempt de BPA, de BPS et de BPF \u00e0 100%.Sp\u00e9cifications:Optimisation de la forme pour les porte-bidons. Con\u00e7u pour \u00eatre mis dans la plupart des mod\u00e8les du march\u00e9.Une simple pression sans effort suffit pour un d\u00e9bit g\u00e9n\u00e9reux.Valve antifuite avec grand d\u00e9bit qui offre un d\u00e9bit maximal et emp\u00eache les fuites et les \u00e9claboussures.Exempt de BPA, de BPS et de BPF \u00e0 100%. Conduite et hydratation propre.Capuchon facile \u00e0 nettoyer: Se d\u00e9monte facilement pour un lavage optimal de chaque pi\u00e8ce.","og_url":"https:\/\/www.mycamelbak.ch\/fr\/bouteille\/camelbak-podium-bottle-0-71l\/","og_site_name":"MyCamelBak","article_publisher":"https:\/\/www.facebook.com\/CamelBak-CH-105592114526163\/","article_modified_time":"2023-11-03T14:33:38+00:00","og_image":[{"width":1080,"height":1080,"url":"https:\/\/www.mycamelbak.ch\/wp-content\/uploads\/2020\/06\/podium_071_smokejpg.jpg","type":"image\/jpeg"}],"twitter_card":"summary_large_image","schema":{"@context":"https:\/\/schema.org","@graph":[{"@type":"WebPage","@id":"https:\/\/www.mycamelbak.ch\/fr\/bouteille\/camelbak-podium-bottle-0-71l\/","url":"https:\/\/www.mycamelbak.ch\/fr\/bouteille\/camelbak-podium-bottle-0-71l\/","name":"CamelBak Podium Bottle 0.71l - MyCamelBak","isPartOf":{"@id":"https:\/\/www.mycamelbak.ch\/fr\/#website"},"datePublished":"2020-06-17T20:58:05+00:00","dateModified":"2023-11-03T14:33:38+00:00","breadcrumb":{"@id":"https:\/\/www.mycamelbak.ch\/fr\/bouteille\/camelbak-podium-bottle-0-71l\/#breadcrumb"},"inLanguage":"fr-FR","potentialAction":[{"@type":"ReadAction","target":["https:\/\/www.mycamelbak.ch\/fr\/bouteille\/camelbak-podium-bottle-0-71l\/"]}]},{"@type":"BreadcrumbList","@id":"https:\/\/www.mycamelbak.ch\/fr\/bouteille\/camelbak-podium-bottle-0-71l\/#breadcrumb","itemListElement":[{"@type":"ListItem","position":1,"name":"Home","item":"https:\/\/www.mycamelbak.ch\/fr\/"},{"@type":"ListItem","position":2,"name":"Boutique","item":"https:\/\/www.mycamelbak.ch\/fr\/boutique\/"},{"@type":"ListItem","position":3,"name":"CamelBak Podium Bottle 0.71l"}]},{"@type":"WebSite","@id":"https:\/\/www.mycamelbak.ch\/fr\/#website","url":"https:\/\/www.mycamelbak.ch\/fr\/","name":"MyCamelBak","description":"","publisher":{"@id":"https:\/\/www.mycamelbak.ch\/fr\/#organization"},"potentialAction":[{"@type":"SearchAction","target":{"@type":"EntryPoint","urlTemplate":"https:\/\/www.mycamelbak.ch\/fr\/?s={search_term_string}"},"query-input":"required name=search_term_string"}],"inLanguage":"fr-FR"},{"@type":"Organization","@id":"https:\/\/www.mycamelbak.ch\/fr\/#organization","name":"Vetrieb CamelBak Schweiz","url":"https:\/\/www.mycamelbak.ch\/fr\/","logo":{"@type":"ImageObject","inLanguage":"fr-FR","@id":"https:\/\/www.mycamelbak.ch\/fr\/#\/schema\/logo\/image\/","url":"https:\/\/www.mycamelbak.ch\/wp-content\/uploads\/2020\/06\/logo.svg","contentUrl":"https:\/\/www.mycamelbak.ch\/wp-content\/uploads\/2020\/06\/logo.svg","width":300,"height":82,"caption":"Vetrieb CamelBak Schweiz"},"image":{"@id":"https:\/\/www.mycamelbak.ch\/fr\/#\/schema\/logo\/image\/"},"sameAs":["https:\/\/www.facebook.com\/CamelBak-CH-105592114526163\/","https:\/\/www.instagram.com\/camelbakch\/","https:\/\/www.linkedin.com\/company\/camelbak-ch\/"]}]}},"_links":{"self":[{"href":"https:\/\/www.mycamelbak.ch\/fr\/wp-json\/wp\/v2\/product\/818"}],"collection":[{"href":"https:\/\/www.mycamelbak.ch\/fr\/wp-json\/wp\/v2\/product"}],"about":[{"href":"https:\/\/www.mycamelbak.ch\/fr\/wp-json\/wp\/v2\/types\/product"}],"replies":[{"embeddable":true,"href":"https:\/\/www.mycamelbak.ch\/fr\/wp-json\/wp\/v2\/comments?post=818"}],"wp:featuredmedia":[{"embeddable":true,"href":"https:\/\/www.mycamelbak.ch\/fr\/wp-json\/wp\/v2\/media\/26916"}],"wp:attachment":[{"href":"https:\/\/www.mycamelbak.ch\/fr\/wp-json\/wp\/v2\/media?parent=818"}],"wp:term":[{"taxonomy":"product_cat","embeddable":true,"href":"https:\/\/www.mycamelbak.ch\/fr\/wp-json\/wp\/v2\/product_cat?post=818"},{"taxonomy":"product_tag","embeddable":true,"href":"https:\/\/www.mycamelbak.ch\/fr\/wp-json\/wp\/v2\/product_tag?post=818"}],"curies":[{"name":"wp","href":"https:\/\/api.w.org\/{rel}","templated":true}]}}