{"id":827,"date":"2020-06-20T23:12:44","date_gmt":"2020-06-20T21:12:45","guid":{"rendered":"https:\/\/www.mycamelbak.ch\/?post_type=product&#038;p=827"},"modified":"2020-07-15T15:09:47","modified_gmt":"2020-07-15T13:09:47","slug":"camelbak-hot-cap-v-i-stainless-bottle-0-6l-gravure","status":"publish","type":"product","link":"https:\/\/www.mycamelbak.ch\/fr\/bouteille\/camelbak-hot-cap-v-i-stainless-bottle-0-6l-gravure\/","title":{"rendered":"CamelBak Hot Cap V.I. Stainless Bottle 0.6l gravure"},"content":{"rendered":"","protected":false},"excerpt":{"rendered":"<p>Gardez le caf\u00e9 ou le th\u00e9 bien chaud avec Hot Cap. Il est dot\u00e9 d&#8217;une valve rotative \u00e9tanche qui se tourne pour s&#8217;ouvrir ou se fermer, permet de boire de n&#8217;importe quel c\u00f4t\u00e9 et se d\u00e9monte pour faciliter le nettoyage. La conception universelle du bouchon est compatible avec les r\u00e9cipients en acier inoxydable Chute\u00ae Mag, Eddy\u00ae + et Hot Cap. Recommand\u00e9 pour les boissons chaudes jusqu&#8217;\u00e0 195\u2070F, 90\u2070C<\/p>\n<ul>\n<li>Capsule Universelle : Compatible avec les r\u00e9cipients en acier inoxydable Eddy\u00ae , Chute\u00ae Mag et Hot Cap<\/li>\n<li>360\u00b0 Cap : Boire de n&#8217;importe quel c\u00f4t\u00e9<\/li>\n<li>La vanne \u00e9tanche se tourne pour s&#8217;ouvrir ou se fermer<\/li>\n<li>Toutes les pi\u00e8ces doivent \u00eatre lav\u00e9es \u00e0 la main<\/li>\n<\/ul>\n","protected":false},"featured_media":550,"comment_status":"closed","ping_status":"closed","template":"","meta":{"_mi_skip_tracking":false,"_monsterinsights_sitenote_active":false,"_monsterinsights_sitenote_note":"","_monsterinsights_sitenote_category":0},"product_cat":[49],"product_tag":[],"tiered_pricing_type":"fixed","tiered_pricing_fixed_rules":{"50":"34.55","100":"30.35","200":"28.95","300":"28.05","500":"26.65"},"yoast_head":"<!-- This site is optimized with the Yoast SEO plugin v21.5 - https:\/\/yoast.com\/wordpress\/plugins\/seo\/ -->\n<title>CamelBak Hot Cap V.I. Stainless Bottle 0.6l gravure - MyCamelBak<\/title>\n<meta name=\"robots\" content=\"index, follow, max-snippet:-1, max-image-preview:large, max-video-preview:-1\" \/>\n<link rel=\"canonical\" href=\"https:\/\/www.mycamelbak.ch\/fr\/bouteille\/camelbak-hot-cap-v-i-stainless-bottle-0-6l-gravure\/\" \/>\n<meta property=\"og:locale\" content=\"fr_FR\" \/>\n<meta property=\"og:type\" content=\"article\" \/>\n<meta property=\"og:title\" content=\"CamelBak Hot Cap V.I. Stainless Bottle 0.6l gravure - MyCamelBak\" \/>\n<meta property=\"og:description\" content=\"Gardez le caf\u00e9 ou le th\u00e9 bien chaud avec Hot Cap. Il est dot\u00e9 d&#039;une valve rotative \u00e9tanche qui se tourne pour s&#039;ouvrir ou se fermer, permet de boire de n&#039;importe quel c\u00f4t\u00e9 et se d\u00e9monte pour faciliter le nettoyage. La conception universelle du bouchon est compatible avec les r\u00e9cipients en acier inoxydable Chute\u00ae Mag, Eddy\u00ae + et Hot Cap. Recommand\u00e9 pour les boissons chaudes jusqu&#039;\u00e0 195\u2070F, 90\u2070C   Capsule Universelle : Compatible avec les r\u00e9cipients en acier inoxydable Eddy\u00ae , Chute\u00ae Mag et Hot Cap  360\u00b0 Cap : Boire de n&#039;importe quel c\u00f4t\u00e9  La vanne \u00e9tanche se tourne pour s&#039;ouvrir ou se fermer  Toutes les pi\u00e8ces doivent \u00eatre lav\u00e9es \u00e0 la main\" \/>\n<meta property=\"og:url\" content=\"https:\/\/www.mycamelbak.ch\/fr\/bouteille\/camelbak-hot-cap-v-i-stainless-bottle-0-6l-gravure\/\" \/>\n<meta property=\"og:site_name\" content=\"MyCamelBak\" \/>\n<meta property=\"article:publisher\" content=\"https:\/\/www.facebook.com\/CamelBak-CH-105592114526163\/\" \/>\n<meta property=\"article:modified_time\" content=\"2020-07-15T13:09:47+00:00\" \/>\n<meta property=\"og:image\" content=\"https:\/\/www.mycamelbak.ch\/app\/uploads\/2020\/06\/CamelBak_Hot_Cap_V.I.StainlessBottle0.6l_black.jpg\" \/>\n\t<meta property=\"og:image:width\" content=\"1080\" \/>\n\t<meta property=\"og:image:height\" content=\"1080\" \/>\n\t<meta property=\"og:image:type\" content=\"image\/jpeg\" \/>\n<meta name=\"twitter:card\" content=\"summary_large_image\" \/>\n<script type=\"application\/ld+json\" class=\"yoast-schema-graph\">{\"@context\":\"https:\/\/schema.org\",\"@graph\":[{\"@type\":\"WebPage\",\"@id\":\"https:\/\/www.mycamelbak.ch\/fr\/bouteille\/camelbak-hot-cap-v-i-stainless-bottle-0-6l-gravure\/\",\"url\":\"https:\/\/www.mycamelbak.ch\/fr\/bouteille\/camelbak-hot-cap-v-i-stainless-bottle-0-6l-gravure\/\",\"name\":\"CamelBak Hot Cap V.I. Stainless Bottle 0.6l gravure - MyCamelBak\",\"isPartOf\":{\"@id\":\"https:\/\/www.mycamelbak.ch\/fr\/#website\"},\"datePublished\":\"2020-06-20T21:12:45+00:00\",\"dateModified\":\"2020-07-15T13:09:47+00:00\",\"breadcrumb\":{\"@id\":\"https:\/\/www.mycamelbak.ch\/fr\/bouteille\/camelbak-hot-cap-v-i-stainless-bottle-0-6l-gravure\/#breadcrumb\"},\"inLanguage\":\"fr-FR\",\"potentialAction\":[{\"@type\":\"ReadAction\",\"target\":[\"https:\/\/www.mycamelbak.ch\/fr\/bouteille\/camelbak-hot-cap-v-i-stainless-bottle-0-6l-gravure\/\"]}]},{\"@type\":\"BreadcrumbList\",\"@id\":\"https:\/\/www.mycamelbak.ch\/fr\/bouteille\/camelbak-hot-cap-v-i-stainless-bottle-0-6l-gravure\/#breadcrumb\",\"itemListElement\":[{\"@type\":\"ListItem\",\"position\":1,\"name\":\"Home\",\"item\":\"https:\/\/www.mycamelbak.ch\/fr\/\"},{\"@type\":\"ListItem\",\"position\":2,\"name\":\"Boutique\",\"item\":\"https:\/\/www.mycamelbak.ch\/fr\/boutique\/\"},{\"@type\":\"ListItem\",\"position\":3,\"name\":\"CamelBak Hot Cap V.I. Stainless Bottle 0.6l gravure\"}]},{\"@type\":\"WebSite\",\"@id\":\"https:\/\/www.mycamelbak.ch\/fr\/#website\",\"url\":\"https:\/\/www.mycamelbak.ch\/fr\/\",\"name\":\"MyCamelBak\",\"description\":\"\",\"publisher\":{\"@id\":\"https:\/\/www.mycamelbak.ch\/fr\/#organization\"},\"potentialAction\":[{\"@type\":\"SearchAction\",\"target\":{\"@type\":\"EntryPoint\",\"urlTemplate\":\"https:\/\/www.mycamelbak.ch\/fr\/?s={search_term_string}\"},\"query-input\":\"required name=search_term_string\"}],\"inLanguage\":\"fr-FR\"},{\"@type\":\"Organization\",\"@id\":\"https:\/\/www.mycamelbak.ch\/fr\/#organization\",\"name\":\"Vetrieb CamelBak Schweiz\",\"url\":\"https:\/\/www.mycamelbak.ch\/fr\/\",\"logo\":{\"@type\":\"ImageObject\",\"inLanguage\":\"fr-FR\",\"@id\":\"https:\/\/www.mycamelbak.ch\/fr\/#\/schema\/logo\/image\/\",\"url\":\"https:\/\/www.mycamelbak.ch\/wp-content\/uploads\/2020\/06\/logo.svg\",\"contentUrl\":\"https:\/\/www.mycamelbak.ch\/wp-content\/uploads\/2020\/06\/logo.svg\",\"width\":300,\"height\":82,\"caption\":\"Vetrieb CamelBak Schweiz\"},\"image\":{\"@id\":\"https:\/\/www.mycamelbak.ch\/fr\/#\/schema\/logo\/image\/\"},\"sameAs\":[\"https:\/\/www.facebook.com\/CamelBak-CH-105592114526163\/\",\"https:\/\/www.instagram.com\/camelbakch\/\",\"https:\/\/www.linkedin.com\/company\/camelbak-ch\/\"]}]}<\/script>\n<!-- \/ Yoast SEO plugin. -->","yoast_head_json":{"title":"CamelBak Hot Cap V.I. Stainless Bottle 0.6l gravure - MyCamelBak","robots":{"index":"index","follow":"follow","max-snippet":"max-snippet:-1","max-image-preview":"max-image-preview:large","max-video-preview":"max-video-preview:-1"},"canonical":"https:\/\/www.mycamelbak.ch\/fr\/bouteille\/camelbak-hot-cap-v-i-stainless-bottle-0-6l-gravure\/","og_locale":"fr_FR","og_type":"article","og_title":"CamelBak Hot Cap V.I. Stainless Bottle 0.6l gravure - MyCamelBak","og_description":"Gardez le caf\u00e9 ou le th\u00e9 bien chaud avec Hot Cap. Il est dot\u00e9 d'une valve rotative \u00e9tanche qui se tourne pour s'ouvrir ou se fermer, permet de boire de n'importe quel c\u00f4t\u00e9 et se d\u00e9monte pour faciliter le nettoyage. La conception universelle du bouchon est compatible avec les r\u00e9cipients en acier inoxydable Chute\u00ae Mag, Eddy\u00ae + et Hot Cap. Recommand\u00e9 pour les boissons chaudes jusqu'\u00e0 195\u2070F, 90\u2070C   Capsule Universelle : Compatible avec les r\u00e9cipients en acier inoxydable Eddy\u00ae , Chute\u00ae Mag et Hot Cap  360\u00b0 Cap : Boire de n'importe quel c\u00f4t\u00e9  La vanne \u00e9tanche se tourne pour s'ouvrir ou se fermer  Toutes les pi\u00e8ces doivent \u00eatre lav\u00e9es \u00e0 la main","og_url":"https:\/\/www.mycamelbak.ch\/fr\/bouteille\/camelbak-hot-cap-v-i-stainless-bottle-0-6l-gravure\/","og_site_name":"MyCamelBak","article_publisher":"https:\/\/www.facebook.com\/CamelBak-CH-105592114526163\/","article_modified_time":"2020-07-15T13:09:47+00:00","og_image":[{"width":1080,"height":1080,"url":"https:\/\/www.mycamelbak.ch\/app\/uploads\/2020\/06\/CamelBak_Hot_Cap_V.I.StainlessBottle0.6l_black.jpg","type":"image\/jpeg"}],"twitter_card":"summary_large_image","schema":{"@context":"https:\/\/schema.org","@graph":[{"@type":"WebPage","@id":"https:\/\/www.mycamelbak.ch\/fr\/bouteille\/camelbak-hot-cap-v-i-stainless-bottle-0-6l-gravure\/","url":"https:\/\/www.mycamelbak.ch\/fr\/bouteille\/camelbak-hot-cap-v-i-stainless-bottle-0-6l-gravure\/","name":"CamelBak Hot Cap V.I. Stainless Bottle 0.6l gravure - MyCamelBak","isPartOf":{"@id":"https:\/\/www.mycamelbak.ch\/fr\/#website"},"datePublished":"2020-06-20T21:12:45+00:00","dateModified":"2020-07-15T13:09:47+00:00","breadcrumb":{"@id":"https:\/\/www.mycamelbak.ch\/fr\/bouteille\/camelbak-hot-cap-v-i-stainless-bottle-0-6l-gravure\/#breadcrumb"},"inLanguage":"fr-FR","potentialAction":[{"@type":"ReadAction","target":["https:\/\/www.mycamelbak.ch\/fr\/bouteille\/camelbak-hot-cap-v-i-stainless-bottle-0-6l-gravure\/"]}]},{"@type":"BreadcrumbList","@id":"https:\/\/www.mycamelbak.ch\/fr\/bouteille\/camelbak-hot-cap-v-i-stainless-bottle-0-6l-gravure\/#breadcrumb","itemListElement":[{"@type":"ListItem","position":1,"name":"Home","item":"https:\/\/www.mycamelbak.ch\/fr\/"},{"@type":"ListItem","position":2,"name":"Boutique","item":"https:\/\/www.mycamelbak.ch\/fr\/boutique\/"},{"@type":"ListItem","position":3,"name":"CamelBak Hot Cap V.I. Stainless Bottle 0.6l gravure"}]},{"@type":"WebSite","@id":"https:\/\/www.mycamelbak.ch\/fr\/#website","url":"https:\/\/www.mycamelbak.ch\/fr\/","name":"MyCamelBak","description":"","publisher":{"@id":"https:\/\/www.mycamelbak.ch\/fr\/#organization"},"potentialAction":[{"@type":"SearchAction","target":{"@type":"EntryPoint","urlTemplate":"https:\/\/www.mycamelbak.ch\/fr\/?s={search_term_string}"},"query-input":"required name=search_term_string"}],"inLanguage":"fr-FR"},{"@type":"Organization","@id":"https:\/\/www.mycamelbak.ch\/fr\/#organization","name":"Vetrieb CamelBak Schweiz","url":"https:\/\/www.mycamelbak.ch\/fr\/","logo":{"@type":"ImageObject","inLanguage":"fr-FR","@id":"https:\/\/www.mycamelbak.ch\/fr\/#\/schema\/logo\/image\/","url":"https:\/\/www.mycamelbak.ch\/wp-content\/uploads\/2020\/06\/logo.svg","contentUrl":"https:\/\/www.mycamelbak.ch\/wp-content\/uploads\/2020\/06\/logo.svg","width":300,"height":82,"caption":"Vetrieb CamelBak Schweiz"},"image":{"@id":"https:\/\/www.mycamelbak.ch\/fr\/#\/schema\/logo\/image\/"},"sameAs":["https:\/\/www.facebook.com\/CamelBak-CH-105592114526163\/","https:\/\/www.instagram.com\/camelbakch\/","https:\/\/www.linkedin.com\/company\/camelbak-ch\/"]}]}},"_links":{"self":[{"href":"https:\/\/www.mycamelbak.ch\/fr\/wp-json\/wp\/v2\/product\/827"}],"collection":[{"href":"https:\/\/www.mycamelbak.ch\/fr\/wp-json\/wp\/v2\/product"}],"about":[{"href":"https:\/\/www.mycamelbak.ch\/fr\/wp-json\/wp\/v2\/types\/product"}],"replies":[{"embeddable":true,"href":"https:\/\/www.mycamelbak.ch\/fr\/wp-json\/wp\/v2\/comments?post=827"}],"wp:featuredmedia":[{"embeddable":true,"href":"https:\/\/www.mycamelbak.ch\/fr\/wp-json\/wp\/v2\/media\/550"}],"wp:attachment":[{"href":"https:\/\/www.mycamelbak.ch\/fr\/wp-json\/wp\/v2\/media?parent=827"}],"wp:term":[{"taxonomy":"product_cat","embeddable":true,"href":"https:\/\/www.mycamelbak.ch\/fr\/wp-json\/wp\/v2\/product_cat?post=827"},{"taxonomy":"product_tag","embeddable":true,"href":"https:\/\/www.mycamelbak.ch\/fr\/wp-json\/wp\/v2\/product_tag?post=827"}],"curies":[{"name":"wp","href":"https:\/\/api.w.org\/{rel}","templated":true}]}}