{"id":856,"date":"2020-06-21T21:39:57","date_gmt":"2020-06-21T19:39:58","guid":{"rendered":"https:\/\/www.mycamelbak.ch\/?post_type=product&#038;p=856"},"modified":"2020-07-14T14:03:31","modified_gmt":"2020-07-14T12:03:31","slug":"camelbak-podium-chill-bottle-0-62l-serigraphie-unicolore","status":"publish","type":"product","link":"https:\/\/www.mycamelbak.ch\/fr\/bouteille\/camelbak-podium-chill-bottle-0-62l-serigraphie-unicolore\/","title":{"rendered":"CamelBak Podium Chill Bottle 0.62l s\u00e9rigraphie unicolore"},"content":{"rendered":"","protected":false},"excerpt":{"rendered":"<p>Le flacon cycliste ultime pour une hydratation rapide et fiable. Un nouveau design et une nettoyabilit\u00e9 am\u00e9lior\u00e9e maintiennent la position de la bouteille Podium comme la meilleure de l&#8217;industrie du cyclisme. Ce biberon de qualit\u00e9 sup\u00e9rieure privil\u00e9gie avant tout la performance et l&#8217;excellent ajustement de la cage pour les utilisateurs professionnels et r\u00e9cr\u00e9atifs.<\/p>\n<ul>\n<li>Optimisation de l&#8217;ajustement de la cage : Con\u00e7u pour s&#8217;adapter en toute s\u00e9curit\u00e9 \u00e0 une vari\u00e9t\u00e9 de porte-bidons<\/li>\n<li>Fasy Squeeze : Plus de fluidit\u00e9 avec moins d&#8217;efforts<\/li>\n<li>High Flow, Capuchon auto-scellant : Maximise le d\u00e9bit tout en \u00e9liminant les \u00e9claboussures et les d\u00e9versements<\/li>\n<li>Interface facile \u00e0 nettoyer : Toutes les parties peuvent se s\u00e9parer pour un nettoyage approfondi<\/li>\n<li>Verrouillage positif : Pour un transport \u00e9tanche<\/li>\n<\/ul>\n","protected":false},"featured_media":989,"comment_status":"closed","ping_status":"closed","template":"","meta":{"_mi_skip_tracking":false,"_monsterinsights_sitenote_active":false,"_monsterinsights_sitenote_note":"","_monsterinsights_sitenote_category":0},"product_cat":[50],"product_tag":[],"tiered_pricing_type":"fixed","tiered_pricing_fixed_rules":{"50":"18.50","100":"15.60","200":"14.95","300":"14.50","500":"13.85"},"yoast_head":"<!-- This site is optimized with the Yoast SEO plugin v21.5 - https:\/\/yoast.com\/wordpress\/plugins\/seo\/ -->\n<title>CamelBak Podium Chill Bottle 0.62l s\u00e9rigraphie unicolore - MyCamelBak<\/title>\n<meta name=\"robots\" content=\"index, follow, max-snippet:-1, max-image-preview:large, max-video-preview:-1\" \/>\n<link rel=\"canonical\" href=\"https:\/\/www.mycamelbak.ch\/fr\/bouteille\/camelbak-podium-chill-bottle-0-62l-serigraphie-unicolore\/\" \/>\n<meta property=\"og:locale\" content=\"fr_FR\" \/>\n<meta property=\"og:type\" content=\"article\" \/>\n<meta property=\"og:title\" content=\"CamelBak Podium Chill Bottle 0.62l s\u00e9rigraphie unicolore - MyCamelBak\" \/>\n<meta property=\"og:description\" content=\"Le flacon cycliste ultime pour une hydratation rapide et fiable. Un nouveau design et une nettoyabilit\u00e9 am\u00e9lior\u00e9e maintiennent la position de la bouteille Podium comme la meilleure de l&#039;industrie du cyclisme. Ce biberon de qualit\u00e9 sup\u00e9rieure privil\u00e9gie avant tout la performance et l&#039;excellent ajustement de la cage pour les utilisateurs professionnels et r\u00e9cr\u00e9atifs.   Optimisation de l&#039;ajustement de la cage : Con\u00e7u pour s&#039;adapter en toute s\u00e9curit\u00e9 \u00e0 une vari\u00e9t\u00e9 de porte-bidons  Fasy Squeeze : Plus de fluidit\u00e9 avec moins d&#039;efforts  High Flow, Capuchon auto-scellant : Maximise le d\u00e9bit tout en \u00e9liminant les \u00e9claboussures et les d\u00e9versements  Interface facile \u00e0 nettoyer : Toutes les parties peuvent se s\u00e9parer pour un nettoyage approfondi  Verrouillage positif : Pour un transport \u00e9tanche\" \/>\n<meta property=\"og:url\" content=\"https:\/\/www.mycamelbak.ch\/fr\/bouteille\/camelbak-podium-chill-bottle-0-62l-serigraphie-unicolore\/\" \/>\n<meta property=\"og:site_name\" content=\"MyCamelBak\" \/>\n<meta property=\"article:publisher\" content=\"https:\/\/www.facebook.com\/CamelBak-CH-105592114526163\/\" \/>\n<meta property=\"article:modified_time\" content=\"2020-07-14T12:03:31+00:00\" \/>\n<meta property=\"og:image\" content=\"https:\/\/www.mycamelbak.ch\/app\/uploads\/2020\/06\/podium_chill_062_black.jpg\" \/>\n\t<meta property=\"og:image:width\" content=\"1080\" \/>\n\t<meta property=\"og:image:height\" content=\"1080\" \/>\n\t<meta property=\"og:image:type\" content=\"image\/jpeg\" \/>\n<meta name=\"twitter:card\" content=\"summary_large_image\" \/>\n<script type=\"application\/ld+json\" class=\"yoast-schema-graph\">{\"@context\":\"https:\/\/schema.org\",\"@graph\":[{\"@type\":\"WebPage\",\"@id\":\"https:\/\/www.mycamelbak.ch\/fr\/bouteille\/camelbak-podium-chill-bottle-0-62l-serigraphie-unicolore\/\",\"url\":\"https:\/\/www.mycamelbak.ch\/fr\/bouteille\/camelbak-podium-chill-bottle-0-62l-serigraphie-unicolore\/\",\"name\":\"CamelBak Podium Chill Bottle 0.62l s\u00e9rigraphie unicolore - MyCamelBak\",\"isPartOf\":{\"@id\":\"https:\/\/www.mycamelbak.ch\/fr\/#website\"},\"datePublished\":\"2020-06-21T19:39:58+00:00\",\"dateModified\":\"2020-07-14T12:03:31+00:00\",\"breadcrumb\":{\"@id\":\"https:\/\/www.mycamelbak.ch\/fr\/bouteille\/camelbak-podium-chill-bottle-0-62l-serigraphie-unicolore\/#breadcrumb\"},\"inLanguage\":\"fr-FR\",\"potentialAction\":[{\"@type\":\"ReadAction\",\"target\":[\"https:\/\/www.mycamelbak.ch\/fr\/bouteille\/camelbak-podium-chill-bottle-0-62l-serigraphie-unicolore\/\"]}]},{\"@type\":\"BreadcrumbList\",\"@id\":\"https:\/\/www.mycamelbak.ch\/fr\/bouteille\/camelbak-podium-chill-bottle-0-62l-serigraphie-unicolore\/#breadcrumb\",\"itemListElement\":[{\"@type\":\"ListItem\",\"position\":1,\"name\":\"Home\",\"item\":\"https:\/\/www.mycamelbak.ch\/fr\/\"},{\"@type\":\"ListItem\",\"position\":2,\"name\":\"Boutique\",\"item\":\"https:\/\/www.mycamelbak.ch\/fr\/boutique\/\"},{\"@type\":\"ListItem\",\"position\":3,\"name\":\"CamelBak Podium Chill Bottle 0.62l s\u00e9rigraphie unicolore\"}]},{\"@type\":\"WebSite\",\"@id\":\"https:\/\/www.mycamelbak.ch\/fr\/#website\",\"url\":\"https:\/\/www.mycamelbak.ch\/fr\/\",\"name\":\"MyCamelBak\",\"description\":\"\",\"publisher\":{\"@id\":\"https:\/\/www.mycamelbak.ch\/fr\/#organization\"},\"potentialAction\":[{\"@type\":\"SearchAction\",\"target\":{\"@type\":\"EntryPoint\",\"urlTemplate\":\"https:\/\/www.mycamelbak.ch\/fr\/?s={search_term_string}\"},\"query-input\":\"required name=search_term_string\"}],\"inLanguage\":\"fr-FR\"},{\"@type\":\"Organization\",\"@id\":\"https:\/\/www.mycamelbak.ch\/fr\/#organization\",\"name\":\"Vetrieb CamelBak Schweiz\",\"url\":\"https:\/\/www.mycamelbak.ch\/fr\/\",\"logo\":{\"@type\":\"ImageObject\",\"inLanguage\":\"fr-FR\",\"@id\":\"https:\/\/www.mycamelbak.ch\/fr\/#\/schema\/logo\/image\/\",\"url\":\"https:\/\/www.mycamelbak.ch\/wp-content\/uploads\/2020\/06\/logo.svg\",\"contentUrl\":\"https:\/\/www.mycamelbak.ch\/wp-content\/uploads\/2020\/06\/logo.svg\",\"width\":300,\"height\":82,\"caption\":\"Vetrieb CamelBak Schweiz\"},\"image\":{\"@id\":\"https:\/\/www.mycamelbak.ch\/fr\/#\/schema\/logo\/image\/\"},\"sameAs\":[\"https:\/\/www.facebook.com\/CamelBak-CH-105592114526163\/\",\"https:\/\/www.instagram.com\/camelbakch\/\",\"https:\/\/www.linkedin.com\/company\/camelbak-ch\/\"]}]}<\/script>\n<!-- \/ Yoast SEO plugin. -->","yoast_head_json":{"title":"CamelBak Podium Chill Bottle 0.62l s\u00e9rigraphie unicolore - MyCamelBak","robots":{"index":"index","follow":"follow","max-snippet":"max-snippet:-1","max-image-preview":"max-image-preview:large","max-video-preview":"max-video-preview:-1"},"canonical":"https:\/\/www.mycamelbak.ch\/fr\/bouteille\/camelbak-podium-chill-bottle-0-62l-serigraphie-unicolore\/","og_locale":"fr_FR","og_type":"article","og_title":"CamelBak Podium Chill Bottle 0.62l s\u00e9rigraphie unicolore - MyCamelBak","og_description":"Le flacon cycliste ultime pour une hydratation rapide et fiable. Un nouveau design et une nettoyabilit\u00e9 am\u00e9lior\u00e9e maintiennent la position de la bouteille Podium comme la meilleure de l'industrie du cyclisme. Ce biberon de qualit\u00e9 sup\u00e9rieure privil\u00e9gie avant tout la performance et l'excellent ajustement de la cage pour les utilisateurs professionnels et r\u00e9cr\u00e9atifs.   Optimisation de l'ajustement de la cage : Con\u00e7u pour s'adapter en toute s\u00e9curit\u00e9 \u00e0 une vari\u00e9t\u00e9 de porte-bidons  Fasy Squeeze : Plus de fluidit\u00e9 avec moins d'efforts  High Flow, Capuchon auto-scellant : Maximise le d\u00e9bit tout en \u00e9liminant les \u00e9claboussures et les d\u00e9versements  Interface facile \u00e0 nettoyer : Toutes les parties peuvent se s\u00e9parer pour un nettoyage approfondi  Verrouillage positif : Pour un transport \u00e9tanche","og_url":"https:\/\/www.mycamelbak.ch\/fr\/bouteille\/camelbak-podium-chill-bottle-0-62l-serigraphie-unicolore\/","og_site_name":"MyCamelBak","article_publisher":"https:\/\/www.facebook.com\/CamelBak-CH-105592114526163\/","article_modified_time":"2020-07-14T12:03:31+00:00","og_image":[{"width":1080,"height":1080,"url":"https:\/\/www.mycamelbak.ch\/app\/uploads\/2020\/06\/podium_chill_062_black.jpg","type":"image\/jpeg"}],"twitter_card":"summary_large_image","schema":{"@context":"https:\/\/schema.org","@graph":[{"@type":"WebPage","@id":"https:\/\/www.mycamelbak.ch\/fr\/bouteille\/camelbak-podium-chill-bottle-0-62l-serigraphie-unicolore\/","url":"https:\/\/www.mycamelbak.ch\/fr\/bouteille\/camelbak-podium-chill-bottle-0-62l-serigraphie-unicolore\/","name":"CamelBak Podium Chill Bottle 0.62l s\u00e9rigraphie unicolore - MyCamelBak","isPartOf":{"@id":"https:\/\/www.mycamelbak.ch\/fr\/#website"},"datePublished":"2020-06-21T19:39:58+00:00","dateModified":"2020-07-14T12:03:31+00:00","breadcrumb":{"@id":"https:\/\/www.mycamelbak.ch\/fr\/bouteille\/camelbak-podium-chill-bottle-0-62l-serigraphie-unicolore\/#breadcrumb"},"inLanguage":"fr-FR","potentialAction":[{"@type":"ReadAction","target":["https:\/\/www.mycamelbak.ch\/fr\/bouteille\/camelbak-podium-chill-bottle-0-62l-serigraphie-unicolore\/"]}]},{"@type":"BreadcrumbList","@id":"https:\/\/www.mycamelbak.ch\/fr\/bouteille\/camelbak-podium-chill-bottle-0-62l-serigraphie-unicolore\/#breadcrumb","itemListElement":[{"@type":"ListItem","position":1,"name":"Home","item":"https:\/\/www.mycamelbak.ch\/fr\/"},{"@type":"ListItem","position":2,"name":"Boutique","item":"https:\/\/www.mycamelbak.ch\/fr\/boutique\/"},{"@type":"ListItem","position":3,"name":"CamelBak Podium Chill Bottle 0.62l s\u00e9rigraphie unicolore"}]},{"@type":"WebSite","@id":"https:\/\/www.mycamelbak.ch\/fr\/#website","url":"https:\/\/www.mycamelbak.ch\/fr\/","name":"MyCamelBak","description":"","publisher":{"@id":"https:\/\/www.mycamelbak.ch\/fr\/#organization"},"potentialAction":[{"@type":"SearchAction","target":{"@type":"EntryPoint","urlTemplate":"https:\/\/www.mycamelbak.ch\/fr\/?s={search_term_string}"},"query-input":"required name=search_term_string"}],"inLanguage":"fr-FR"},{"@type":"Organization","@id":"https:\/\/www.mycamelbak.ch\/fr\/#organization","name":"Vetrieb CamelBak Schweiz","url":"https:\/\/www.mycamelbak.ch\/fr\/","logo":{"@type":"ImageObject","inLanguage":"fr-FR","@id":"https:\/\/www.mycamelbak.ch\/fr\/#\/schema\/logo\/image\/","url":"https:\/\/www.mycamelbak.ch\/wp-content\/uploads\/2020\/06\/logo.svg","contentUrl":"https:\/\/www.mycamelbak.ch\/wp-content\/uploads\/2020\/06\/logo.svg","width":300,"height":82,"caption":"Vetrieb CamelBak Schweiz"},"image":{"@id":"https:\/\/www.mycamelbak.ch\/fr\/#\/schema\/logo\/image\/"},"sameAs":["https:\/\/www.facebook.com\/CamelBak-CH-105592114526163\/","https:\/\/www.instagram.com\/camelbakch\/","https:\/\/www.linkedin.com\/company\/camelbak-ch\/"]}]}},"_links":{"self":[{"href":"https:\/\/www.mycamelbak.ch\/fr\/wp-json\/wp\/v2\/product\/856"}],"collection":[{"href":"https:\/\/www.mycamelbak.ch\/fr\/wp-json\/wp\/v2\/product"}],"about":[{"href":"https:\/\/www.mycamelbak.ch\/fr\/wp-json\/wp\/v2\/types\/product"}],"replies":[{"embeddable":true,"href":"https:\/\/www.mycamelbak.ch\/fr\/wp-json\/wp\/v2\/comments?post=856"}],"wp:featuredmedia":[{"embeddable":true,"href":"https:\/\/www.mycamelbak.ch\/fr\/wp-json\/wp\/v2\/media\/989"}],"wp:attachment":[{"href":"https:\/\/www.mycamelbak.ch\/fr\/wp-json\/wp\/v2\/media?parent=856"}],"wp:term":[{"taxonomy":"product_cat","embeddable":true,"href":"https:\/\/www.mycamelbak.ch\/fr\/wp-json\/wp\/v2\/product_cat?post=856"},{"taxonomy":"product_tag","embeddable":true,"href":"https:\/\/www.mycamelbak.ch\/fr\/wp-json\/wp\/v2\/product_tag?post=856"}],"curies":[{"name":"wp","href":"https:\/\/api.w.org\/{rel}","templated":true}]}}