{"id":885,"date":"2020-06-21T23:08:58","date_gmt":"2020-06-21T21:08:59","guid":{"rendered":"https:\/\/www.mycamelbak.ch\/?post_type=product&#038;p=885"},"modified":"2020-07-14T15:05:59","modified_gmt":"2020-07-14T13:05:59","slug":"camelbak-eddy-kids-bottle-0-4l-tampographie-bicolore","status":"publish","type":"product","link":"https:\/\/www.mycamelbak.ch\/fr\/bouteille\/camelbak-eddy-kids-bottle-0-4l-tampographie-bicolore\/","title":{"rendered":"CamelBak Eddy+ Kids Bottle 0.4l tampographie bicolore"},"content":{"rendered":"","protected":false},"excerpt":{"rendered":"<p>Gardez-les heureux et hydrat\u00e9s. La bouteille d&#8217;eau Eddy\u00ae+ Kids est fabriqu\u00e9e avec Echo\u2122, un mat\u00e9riau v\u00e9g\u00e9tal renouvelable \u00e0 10 %. L\u00e9g\u00e8re et durable, elle est \u00e9tanche aux liquides lorsqu&#8217;elle est ouverte et aux fuites lorsqu&#8217;elle est ferm\u00e9e. Pas de renversement, il suffit de la retourner, de la mordre et de la boire. Facile \u00e0 nettoyer et sans BPA, BPS et BPF. Recommand\u00e9 pour les enfants de 3 ans et plus.<\/p>\n<ul>\n<li>Retournez, mordez et buvez : Boire \u00e0 travers une paille<\/li>\n<li>Preuve de fuite : \u00c9tanche \u00e0 la fermeture, \u00e9tanche aux d\u00e9versements \u00e0 l&#8217;ouverture<\/li>\n<li>Facile \u00e0 transporter : Poign\u00e9e de transport confortable<br \/>\nL\u00e9g\u00e8ret\u00e9 et durabilit\u00e9<\/li>\n<li>R\u00e9sistant aux odeurs et aux taches<\/li>\n<li>Facile \u00e0 nettoyer : Le bouchon et la cuve passent au lave-vaisselle<\/li>\n<\/ul>\n","protected":false},"featured_media":494,"comment_status":"closed","ping_status":"closed","template":"","meta":{"_mi_skip_tracking":false,"_monsterinsights_sitenote_active":false,"_monsterinsights_sitenote_note":"","_monsterinsights_sitenote_category":0},"product_cat":[51],"product_tag":[],"tiered_pricing_type":"fixed","tiered_pricing_fixed_rules":{"50":"17.15","100":"14.60","200":"13.95","300":"13.50","500":"12.85"},"yoast_head":"<!-- This site is optimized with the Yoast SEO plugin v21.5 - https:\/\/yoast.com\/wordpress\/plugins\/seo\/ -->\n<title>CamelBak Eddy+ Kids Bottle 0.4l tampographie bicolore - MyCamelBak<\/title>\n<meta name=\"robots\" content=\"index, follow, max-snippet:-1, max-image-preview:large, max-video-preview:-1\" \/>\n<link rel=\"canonical\" href=\"https:\/\/www.mycamelbak.ch\/fr\/bouteille\/camelbak-eddy-kids-bottle-0-4l-tampographie-bicolore\/\" \/>\n<meta property=\"og:locale\" content=\"fr_FR\" \/>\n<meta property=\"og:type\" content=\"article\" \/>\n<meta property=\"og:title\" content=\"CamelBak Eddy+ Kids Bottle 0.4l tampographie bicolore - MyCamelBak\" \/>\n<meta property=\"og:description\" content=\"Gardez-les heureux et hydrat\u00e9s. La bouteille d&#039;eau Eddy\u00ae+ Kids est fabriqu\u00e9e avec Echo\u2122, un mat\u00e9riau v\u00e9g\u00e9tal renouvelable \u00e0 10 %. L\u00e9g\u00e8re et durable, elle est \u00e9tanche aux liquides lorsqu&#039;elle est ouverte et aux fuites lorsqu&#039;elle est ferm\u00e9e. Pas de renversement, il suffit de la retourner, de la mordre et de la boire. Facile \u00e0 nettoyer et sans BPA, BPS et BPF. Recommand\u00e9 pour les enfants de 3 ans et plus.   Retournez, mordez et buvez : Boire \u00e0 travers une paille  Preuve de fuite : \u00c9tanche \u00e0 la fermeture, \u00e9tanche aux d\u00e9versements \u00e0 l&#039;ouverture  Facile \u00e0 transporter : Poign\u00e9e de transport confortable L\u00e9g\u00e8ret\u00e9 et durabilit\u00e9  R\u00e9sistant aux odeurs et aux taches  Facile \u00e0 nettoyer : Le bouchon et la cuve passent au lave-vaisselle\" \/>\n<meta property=\"og:url\" content=\"https:\/\/www.mycamelbak.ch\/fr\/bouteille\/camelbak-eddy-kids-bottle-0-4l-tampographie-bicolore\/\" \/>\n<meta property=\"og:site_name\" content=\"MyCamelBak\" \/>\n<meta property=\"article:publisher\" content=\"https:\/\/www.facebook.com\/CamelBak-CH-105592114526163\/\" \/>\n<meta property=\"article:modified_time\" content=\"2020-07-14T13:05:59+00:00\" \/>\n<meta property=\"og:image\" content=\"https:\/\/www.mycamelbak.ch\/app\/uploads\/2020\/05\/CamelBak_eddy_Kids_0.4l_grapefruit.jpg\" \/>\n\t<meta property=\"og:image:width\" content=\"1080\" \/>\n\t<meta property=\"og:image:height\" content=\"1080\" \/>\n\t<meta property=\"og:image:type\" content=\"image\/jpeg\" \/>\n<meta name=\"twitter:card\" content=\"summary_large_image\" \/>\n<script type=\"application\/ld+json\" class=\"yoast-schema-graph\">{\"@context\":\"https:\/\/schema.org\",\"@graph\":[{\"@type\":\"WebPage\",\"@id\":\"https:\/\/www.mycamelbak.ch\/fr\/bouteille\/camelbak-eddy-kids-bottle-0-4l-tampographie-bicolore\/\",\"url\":\"https:\/\/www.mycamelbak.ch\/fr\/bouteille\/camelbak-eddy-kids-bottle-0-4l-tampographie-bicolore\/\",\"name\":\"CamelBak Eddy+ Kids Bottle 0.4l tampographie bicolore - MyCamelBak\",\"isPartOf\":{\"@id\":\"https:\/\/www.mycamelbak.ch\/fr\/#website\"},\"datePublished\":\"2020-06-21T21:08:59+00:00\",\"dateModified\":\"2020-07-14T13:05:59+00:00\",\"breadcrumb\":{\"@id\":\"https:\/\/www.mycamelbak.ch\/fr\/bouteille\/camelbak-eddy-kids-bottle-0-4l-tampographie-bicolore\/#breadcrumb\"},\"inLanguage\":\"fr-FR\",\"potentialAction\":[{\"@type\":\"ReadAction\",\"target\":[\"https:\/\/www.mycamelbak.ch\/fr\/bouteille\/camelbak-eddy-kids-bottle-0-4l-tampographie-bicolore\/\"]}]},{\"@type\":\"BreadcrumbList\",\"@id\":\"https:\/\/www.mycamelbak.ch\/fr\/bouteille\/camelbak-eddy-kids-bottle-0-4l-tampographie-bicolore\/#breadcrumb\",\"itemListElement\":[{\"@type\":\"ListItem\",\"position\":1,\"name\":\"Home\",\"item\":\"https:\/\/www.mycamelbak.ch\/fr\/\"},{\"@type\":\"ListItem\",\"position\":2,\"name\":\"Boutique\",\"item\":\"https:\/\/www.mycamelbak.ch\/fr\/boutique\/\"},{\"@type\":\"ListItem\",\"position\":3,\"name\":\"CamelBak Eddy+ Kids Bottle 0.4l tampographie bicolore\"}]},{\"@type\":\"WebSite\",\"@id\":\"https:\/\/www.mycamelbak.ch\/fr\/#website\",\"url\":\"https:\/\/www.mycamelbak.ch\/fr\/\",\"name\":\"MyCamelBak\",\"description\":\"\",\"publisher\":{\"@id\":\"https:\/\/www.mycamelbak.ch\/fr\/#organization\"},\"potentialAction\":[{\"@type\":\"SearchAction\",\"target\":{\"@type\":\"EntryPoint\",\"urlTemplate\":\"https:\/\/www.mycamelbak.ch\/fr\/?s={search_term_string}\"},\"query-input\":\"required name=search_term_string\"}],\"inLanguage\":\"fr-FR\"},{\"@type\":\"Organization\",\"@id\":\"https:\/\/www.mycamelbak.ch\/fr\/#organization\",\"name\":\"Vetrieb CamelBak Schweiz\",\"url\":\"https:\/\/www.mycamelbak.ch\/fr\/\",\"logo\":{\"@type\":\"ImageObject\",\"inLanguage\":\"fr-FR\",\"@id\":\"https:\/\/www.mycamelbak.ch\/fr\/#\/schema\/logo\/image\/\",\"url\":\"https:\/\/www.mycamelbak.ch\/wp-content\/uploads\/2020\/06\/logo.svg\",\"contentUrl\":\"https:\/\/www.mycamelbak.ch\/wp-content\/uploads\/2020\/06\/logo.svg\",\"width\":300,\"height\":82,\"caption\":\"Vetrieb CamelBak Schweiz\"},\"image\":{\"@id\":\"https:\/\/www.mycamelbak.ch\/fr\/#\/schema\/logo\/image\/\"},\"sameAs\":[\"https:\/\/www.facebook.com\/CamelBak-CH-105592114526163\/\",\"https:\/\/www.instagram.com\/camelbakch\/\",\"https:\/\/www.linkedin.com\/company\/camelbak-ch\/\"]}]}<\/script>\n<!-- \/ Yoast SEO plugin. -->","yoast_head_json":{"title":"CamelBak Eddy+ Kids Bottle 0.4l tampographie bicolore - MyCamelBak","robots":{"index":"index","follow":"follow","max-snippet":"max-snippet:-1","max-image-preview":"max-image-preview:large","max-video-preview":"max-video-preview:-1"},"canonical":"https:\/\/www.mycamelbak.ch\/fr\/bouteille\/camelbak-eddy-kids-bottle-0-4l-tampographie-bicolore\/","og_locale":"fr_FR","og_type":"article","og_title":"CamelBak Eddy+ Kids Bottle 0.4l tampographie bicolore - MyCamelBak","og_description":"Gardez-les heureux et hydrat\u00e9s. La bouteille d'eau Eddy\u00ae+ Kids est fabriqu\u00e9e avec Echo\u2122, un mat\u00e9riau v\u00e9g\u00e9tal renouvelable \u00e0 10 %. L\u00e9g\u00e8re et durable, elle est \u00e9tanche aux liquides lorsqu'elle est ouverte et aux fuites lorsqu'elle est ferm\u00e9e. Pas de renversement, il suffit de la retourner, de la mordre et de la boire. Facile \u00e0 nettoyer et sans BPA, BPS et BPF. Recommand\u00e9 pour les enfants de 3 ans et plus.   Retournez, mordez et buvez : Boire \u00e0 travers une paille  Preuve de fuite : \u00c9tanche \u00e0 la fermeture, \u00e9tanche aux d\u00e9versements \u00e0 l'ouverture  Facile \u00e0 transporter : Poign\u00e9e de transport confortable L\u00e9g\u00e8ret\u00e9 et durabilit\u00e9  R\u00e9sistant aux odeurs et aux taches  Facile \u00e0 nettoyer : Le bouchon et la cuve passent au lave-vaisselle","og_url":"https:\/\/www.mycamelbak.ch\/fr\/bouteille\/camelbak-eddy-kids-bottle-0-4l-tampographie-bicolore\/","og_site_name":"MyCamelBak","article_publisher":"https:\/\/www.facebook.com\/CamelBak-CH-105592114526163\/","article_modified_time":"2020-07-14T13:05:59+00:00","og_image":[{"width":1080,"height":1080,"url":"https:\/\/www.mycamelbak.ch\/app\/uploads\/2020\/05\/CamelBak_eddy_Kids_0.4l_grapefruit.jpg","type":"image\/jpeg"}],"twitter_card":"summary_large_image","schema":{"@context":"https:\/\/schema.org","@graph":[{"@type":"WebPage","@id":"https:\/\/www.mycamelbak.ch\/fr\/bouteille\/camelbak-eddy-kids-bottle-0-4l-tampographie-bicolore\/","url":"https:\/\/www.mycamelbak.ch\/fr\/bouteille\/camelbak-eddy-kids-bottle-0-4l-tampographie-bicolore\/","name":"CamelBak Eddy+ Kids Bottle 0.4l tampographie bicolore - MyCamelBak","isPartOf":{"@id":"https:\/\/www.mycamelbak.ch\/fr\/#website"},"datePublished":"2020-06-21T21:08:59+00:00","dateModified":"2020-07-14T13:05:59+00:00","breadcrumb":{"@id":"https:\/\/www.mycamelbak.ch\/fr\/bouteille\/camelbak-eddy-kids-bottle-0-4l-tampographie-bicolore\/#breadcrumb"},"inLanguage":"fr-FR","potentialAction":[{"@type":"ReadAction","target":["https:\/\/www.mycamelbak.ch\/fr\/bouteille\/camelbak-eddy-kids-bottle-0-4l-tampographie-bicolore\/"]}]},{"@type":"BreadcrumbList","@id":"https:\/\/www.mycamelbak.ch\/fr\/bouteille\/camelbak-eddy-kids-bottle-0-4l-tampographie-bicolore\/#breadcrumb","itemListElement":[{"@type":"ListItem","position":1,"name":"Home","item":"https:\/\/www.mycamelbak.ch\/fr\/"},{"@type":"ListItem","position":2,"name":"Boutique","item":"https:\/\/www.mycamelbak.ch\/fr\/boutique\/"},{"@type":"ListItem","position":3,"name":"CamelBak Eddy+ Kids Bottle 0.4l tampographie bicolore"}]},{"@type":"WebSite","@id":"https:\/\/www.mycamelbak.ch\/fr\/#website","url":"https:\/\/www.mycamelbak.ch\/fr\/","name":"MyCamelBak","description":"","publisher":{"@id":"https:\/\/www.mycamelbak.ch\/fr\/#organization"},"potentialAction":[{"@type":"SearchAction","target":{"@type":"EntryPoint","urlTemplate":"https:\/\/www.mycamelbak.ch\/fr\/?s={search_term_string}"},"query-input":"required name=search_term_string"}],"inLanguage":"fr-FR"},{"@type":"Organization","@id":"https:\/\/www.mycamelbak.ch\/fr\/#organization","name":"Vetrieb CamelBak Schweiz","url":"https:\/\/www.mycamelbak.ch\/fr\/","logo":{"@type":"ImageObject","inLanguage":"fr-FR","@id":"https:\/\/www.mycamelbak.ch\/fr\/#\/schema\/logo\/image\/","url":"https:\/\/www.mycamelbak.ch\/wp-content\/uploads\/2020\/06\/logo.svg","contentUrl":"https:\/\/www.mycamelbak.ch\/wp-content\/uploads\/2020\/06\/logo.svg","width":300,"height":82,"caption":"Vetrieb CamelBak Schweiz"},"image":{"@id":"https:\/\/www.mycamelbak.ch\/fr\/#\/schema\/logo\/image\/"},"sameAs":["https:\/\/www.facebook.com\/CamelBak-CH-105592114526163\/","https:\/\/www.instagram.com\/camelbakch\/","https:\/\/www.linkedin.com\/company\/camelbak-ch\/"]}]}},"_links":{"self":[{"href":"https:\/\/www.mycamelbak.ch\/fr\/wp-json\/wp\/v2\/product\/885"}],"collection":[{"href":"https:\/\/www.mycamelbak.ch\/fr\/wp-json\/wp\/v2\/product"}],"about":[{"href":"https:\/\/www.mycamelbak.ch\/fr\/wp-json\/wp\/v2\/types\/product"}],"replies":[{"embeddable":true,"href":"https:\/\/www.mycamelbak.ch\/fr\/wp-json\/wp\/v2\/comments?post=885"}],"wp:featuredmedia":[{"embeddable":true,"href":"https:\/\/www.mycamelbak.ch\/fr\/wp-json\/wp\/v2\/media\/494"}],"wp:attachment":[{"href":"https:\/\/www.mycamelbak.ch\/fr\/wp-json\/wp\/v2\/media?parent=885"}],"wp:term":[{"taxonomy":"product_cat","embeddable":true,"href":"https:\/\/www.mycamelbak.ch\/fr\/wp-json\/wp\/v2\/product_cat?post=885"},{"taxonomy":"product_tag","embeddable":true,"href":"https:\/\/www.mycamelbak.ch\/fr\/wp-json\/wp\/v2\/product_tag?post=885"}],"curies":[{"name":"wp","href":"https:\/\/api.w.org\/{rel}","templated":true}]}}